{"id":4631,"date":"2025-08-31T14:09:51","date_gmt":"2025-08-31T06:09:51","guid":{"rendered":"https:\/\/www.purecook.com\/?post_type=product&#038;p=4631"},"modified":"2025-08-31T14:38:44","modified_gmt":"2025-08-31T06:38:44","slug":"wholesale-tri-ply-stainless-steel-cookware-set","status":"publish","type":"product","link":"https:\/\/www.purecook.com\/es\/product\/wholesale-tri-ply-stainless-steel-cookware-set\/","title":{"rendered":"Mayorista Tri-Ply Stainless Steel Cookware Set - Juego de Cocina de 3 Piezas"},"content":{"rendered":"<div class=\"wp-block-columns is-layout-flex wp-container-core-columns-is-layout-9d6595d7 wp-block-columns-is-layout-flex\">\n<div class=\"wp-block-column is-layout-flow wp-block-column-is-layout-flow\">\n<h3 class=\"wp-block-heading\">Par\u00e1metros de la bater\u00eda de cocina de acero inoxidable Tri-Ply<\/h3>\n\n\n\n<p><strong>Material: <\/strong>Acero inoxidable tricapa<br><strong>Grosor normal:<\/strong> 2\/1,2 mm<br><strong>Logotipo: <\/strong>Serigraf\u00eda\/grabado l\u00e1ser\/sello en relieve<br><strong>Asa y pomo de la tapa: <\/strong>Acero inoxidable<br><strong>Tama\u00f1o:<\/strong> 16\/18\/20\/24 cm<\/p>\n<\/div>\n\n\n\n<div class=\"wp-block-column is-layout-flow wp-block-column-is-layout-flow\">\n<h3 class=\"wp-block-heading\">Opciones de bater\u00eda de cocina a medida<\/h3>\n\n\n\n<p><strong>Logotipo:<\/strong> Personalizable con el logotipo de su marca<br><strong>Asa: <\/strong>Mango a su medida<br><strong>Embalaje:<\/strong>\u00a0Caja de color\/Cart\u00f3n, etc<\/p>\n<\/div>\n<\/div>\n\n\n\n<div class=\"wp-block-columns is-layout-flex wp-container-core-columns-is-layout-9d6595d7 wp-block-columns-is-layout-flex\">\n<div class=\"wp-block-column is-layout-flow wp-block-column-is-layout-flow\">\n<figure class=\"wp-block-image size-full\"><img decoding=\"async\" width=\"800\" height=\"800\" src=\"https:\/\/www.purecook.com\/wp-content\/uploads\/2025\/08\/wholesale-3-piece-tri-ply-stainless-steel-cookware-set-6.webp\" alt=\"mayorista bater\u00eda de cocina de acero inoxidable tricapa de 3 piezas (6)\" class=\"wp-image-4637\" srcset=\"https:\/\/www.purecook.com\/wp-content\/uploads\/2025\/08\/wholesale-3-piece-tri-ply-stainless-steel-cookware-set-6.webp 800w, https:\/\/www.purecook.com\/wp-content\/uploads\/2025\/08\/wholesale-3-piece-tri-ply-stainless-steel-cookware-set-6-300x300.webp 300w, https:\/\/www.purecook.com\/wp-content\/uploads\/2025\/08\/wholesale-3-piece-tri-ply-stainless-steel-cookware-set-6-150x150.webp 150w, https:\/\/www.purecook.com\/wp-content\/uploads\/2025\/08\/wholesale-3-piece-tri-ply-stainless-steel-cookware-set-6-768x768.webp 768w, https:\/\/www.purecook.com\/wp-content\/uploads\/2025\/08\/wholesale-3-piece-tri-ply-stainless-steel-cookware-set-6-12x12.webp 12w, https:\/\/www.purecook.com\/wp-content\/uploads\/2025\/08\/wholesale-3-piece-tri-ply-stainless-steel-cookware-set-6-600x600.webp 600w, https:\/\/www.purecook.com\/wp-content\/uploads\/2025\/08\/wholesale-3-piece-tri-ply-stainless-steel-cookware-set-6-100x100.webp 100w\" sizes=\"(max-width: 800px) 100vw, 800px\" \/><\/figure>\n<\/div>\n\n\n\n<div class=\"wp-block-column is-layout-flow wp-block-column-is-layout-flow\">\n<figure class=\"wp-block-image size-full\"><img decoding=\"async\" width=\"800\" height=\"800\" src=\"https:\/\/www.purecook.com\/wp-content\/uploads\/2025\/08\/wholesale-3-piece-tri-ply-stainless-steel-cookware-set-7.webp\" alt=\"mayorista bater\u00eda de cocina de acero inoxidable tricapa de 3 piezas (7)\" class=\"wp-image-4638\" srcset=\"https:\/\/www.purecook.com\/wp-content\/uploads\/2025\/08\/wholesale-3-piece-tri-ply-stainless-steel-cookware-set-7.webp 800w, https:\/\/www.purecook.com\/wp-content\/uploads\/2025\/08\/wholesale-3-piece-tri-ply-stainless-steel-cookware-set-7-300x300.webp 300w, https:\/\/www.purecook.com\/wp-content\/uploads\/2025\/08\/wholesale-3-piece-tri-ply-stainless-steel-cookware-set-7-150x150.webp 150w, https:\/\/www.purecook.com\/wp-content\/uploads\/2025\/08\/wholesale-3-piece-tri-ply-stainless-steel-cookware-set-7-768x768.webp 768w, https:\/\/www.purecook.com\/wp-content\/uploads\/2025\/08\/wholesale-3-piece-tri-ply-stainless-steel-cookware-set-7-12x12.webp 12w, https:\/\/www.purecook.com\/wp-content\/uploads\/2025\/08\/wholesale-3-piece-tri-ply-stainless-steel-cookware-set-7-600x600.webp 600w, https:\/\/www.purecook.com\/wp-content\/uploads\/2025\/08\/wholesale-3-piece-tri-ply-stainless-steel-cookware-set-7-100x100.webp 100w\" sizes=\"(max-width: 800px) 100vw, 800px\" \/><\/figure>\n<\/div>\n<\/div>\n\n\n\n<div class=\"wp-block-columns is-layout-flex wp-container-core-columns-is-layout-9d6595d7 wp-block-columns-is-layout-flex\">\n<div class=\"wp-block-column is-layout-flow wp-block-column-is-layout-flow\"><\/div>\n\n\n\n<div class=\"wp-block-column is-layout-flow wp-block-column-is-layout-flow\"><\/div>\n<\/div>","protected":false},"excerpt":{"rendered":"<p>Le damos la bienvenida a la compra al por mayor de bater\u00edas de cocina tricapa de acero inoxidable al por mayor. Este juego ofrece una excelente distribuci\u00f3n del calor y durabilidad. Es compatible con una gran variedad de placas de cocina, incluidas las de inducci\u00f3n, gas y el\u00e9ctricas. Es adecuado para la venta en supermercados y tiendas de utensilios de cocina. Ofrecemos precios de f\u00e1brica, p\u00f3ngase en contacto con nosotros.<\/p>\n<h2>Caracter\u00edsticas de la bater\u00eda de cocina de acero inoxidable Tri-Ply<\/h2>\n<p><strong>Excelente distribuci\u00f3n del calor:<\/strong> Nuestra bater\u00eda de cocina al por mayor tiene una estructura de tres capas. La estructura de tres capas presenta un n\u00facleo de aluminio intercalado entre dos capas de acero inoxidable. Este dise\u00f1o garantiza que el calor se distribuya r\u00e1pida y uniformemente por toda la superficie, por lo que es m\u00e1s adecuado para cocinar que los utensilios de acero inoxidable est\u00e1ndar.<\/p>\n<p><strong>Compatibilidad Multi-Stovetop:<\/strong> La capa exterior de nuestra bater\u00eda de cocina al por mayor est\u00e1 fabricada en acero inoxidable magn\u00e9tico 430, lo que la hace compatible con una amplia gama de cocinas, incluidas las de gas, el\u00e9ctricas, de horno y de inducci\u00f3n.<\/p>\n<p><strong>F\u00e1cil de limpiar:<\/strong> La bater\u00eda de cocina se puede lavar en el lavavajillas, lo que facilita su limpieza y le deja m\u00e1s tiempo para disfrutar de sus comidas.<\/p>\n<p><strong>Precios competitivos:<\/strong> Al abastecernos directamente de la f\u00e1brica de utensilios de cocina, ofrecemos precios competitivos para nuestros productos de utensilios de cocina, ideales para compradores al por mayor.<\/p>","protected":false},"featured_media":4632,"comment_status":"closed","ping_status":"closed","template":"","meta":{"_acf_changed":false},"product_brand":[],"product_cat":[24,69],"product_tag":[],"class_list":{"0":"post-4631","1":"product","2":"type-product","3":"status-publish","4":"has-post-thumbnail","6":"product_cat-cookware","7":"product_cat-cookware-sets","9":"first","10":"instock","11":"shipping-taxable","12":"product-type-simple"},"acf":[],"_links":{"self":[{"href":"https:\/\/www.purecook.com\/es\/wp-json\/wp\/v2\/product\/4631","targetHints":{"allow":["GET"]}}],"collection":[{"href":"https:\/\/www.purecook.com\/es\/wp-json\/wp\/v2\/product"}],"about":[{"href":"https:\/\/www.purecook.com\/es\/wp-json\/wp\/v2\/types\/product"}],"replies":[{"embeddable":true,"href":"https:\/\/www.purecook.com\/es\/wp-json\/wp\/v2\/comments?post=4631"}],"wp:featuredmedia":[{"embeddable":true,"href":"https:\/\/www.purecook.com\/es\/wp-json\/wp\/v2\/media\/4632"}],"wp:attachment":[{"href":"https:\/\/www.purecook.com\/es\/wp-json\/wp\/v2\/media?parent=4631"}],"wp:term":[{"taxonomy":"product_brand","embeddable":true,"href":"https:\/\/www.purecook.com\/es\/wp-json\/wp\/v2\/product_brand?post=4631"},{"taxonomy":"product_cat","embeddable":true,"href":"https:\/\/www.purecook.com\/es\/wp-json\/wp\/v2\/product_cat?post=4631"},{"taxonomy":"product_tag","embeddable":true,"href":"https:\/\/www.purecook.com\/es\/wp-json\/wp\/v2\/product_tag?post=4631"}],"curies":[{"name":"wp","href":"https:\/\/api.w.org\/{rel}","templated":true}]}}