{"id":4639,"date":"2025-08-31T14:39:23","date_gmt":"2025-08-31T06:39:23","guid":{"rendered":"https:\/\/www.purecook.com\/?post_type=product&#038;p=4639"},"modified":"2025-08-31T15:11:39","modified_gmt":"2025-08-31T07:11:39","slug":"wholesale-stylish-thermos-jugs","status":"publish","type":"product","link":"https:\/\/www.purecook.com\/es\/product\/wholesale-stylish-thermos-jugs\/","title":{"rendered":"Mayorista Tazas T\u00e9rmicas - Dise\u00f1o Elegante Disponible en 6 Colores"},"content":{"rendered":"<div class=\"wp-block-columns is-layout-flex wp-container-core-columns-is-layout-9d6595d7 wp-block-columns-is-layout-flex\">\n<div class=\"wp-block-column is-layout-flow wp-block-column-is-layout-flow\">\n<h3 class=\"wp-block-heading\">Par\u00e1metros de los termos<\/h3>\n\n\n\n<p><strong>Material: <\/strong>Acero inoxidable 304<br><strong>Color: <\/strong>Negro, blanco, verde, gris, polvo de caucho y rojo brillante<br><strong>Logotipo: <\/strong>Serigraf\u00eda\/grabado l\u00e1ser\/sello en relieve<br><strong>Capacidad:<\/strong> 1.2L<\/p>\n<\/div>\n\n\n\n<div class=\"wp-block-column is-layout-flow wp-block-column-is-layout-flow\">\n<h3 class=\"wp-block-heading\">Opciones de termos personalizados<\/h3>\n\n\n\n<p><strong>Logotipo:<\/strong> Personalizable con el logotipo de su marca<br><strong>Embalaje:<\/strong>\u00a0Caja de color\/Cart\u00f3n, etc<\/p>\n<\/div>\n<\/div>\n\n\n\n<div class=\"wp-block-columns is-layout-flex wp-container-core-columns-is-layout-9d6595d7 wp-block-columns-is-layout-flex\">\n<div class=\"wp-block-column is-layout-flow wp-block-column-is-layout-flow\">\n<figure class=\"wp-block-image size-full\"><img decoding=\"async\" width=\"800\" height=\"800\" src=\"https:\/\/www.purecook.com\/wp-content\/uploads\/2025\/08\/wholesale-thermos-jugs-4-1.webp\" alt=\"venta al por mayor de termos (4)\" class=\"wp-image-4653\" srcset=\"https:\/\/www.purecook.com\/wp-content\/uploads\/2025\/08\/wholesale-thermos-jugs-4-1.webp 800w, https:\/\/www.purecook.com\/wp-content\/uploads\/2025\/08\/wholesale-thermos-jugs-4-1-300x300.webp 300w, https:\/\/www.purecook.com\/wp-content\/uploads\/2025\/08\/wholesale-thermos-jugs-4-1-150x150.webp 150w, https:\/\/www.purecook.com\/wp-content\/uploads\/2025\/08\/wholesale-thermos-jugs-4-1-768x768.webp 768w, https:\/\/www.purecook.com\/wp-content\/uploads\/2025\/08\/wholesale-thermos-jugs-4-1-12x12.webp 12w, https:\/\/www.purecook.com\/wp-content\/uploads\/2025\/08\/wholesale-thermos-jugs-4-1-600x600.webp 600w, https:\/\/www.purecook.com\/wp-content\/uploads\/2025\/08\/wholesale-thermos-jugs-4-1-100x100.webp 100w\" sizes=\"(max-width: 800px) 100vw, 800px\" \/><\/figure>\n<\/div>\n\n\n\n<div class=\"wp-block-column is-layout-flow wp-block-column-is-layout-flow\">\n<figure class=\"wp-block-image size-full\"><img decoding=\"async\" width=\"800\" height=\"800\" src=\"https:\/\/www.purecook.com\/wp-content\/uploads\/2025\/08\/wholesale-thermos-jugs-5-1.webp\" alt=\"venta al por mayor de termos (5)\" class=\"wp-image-4654\" srcset=\"https:\/\/www.purecook.com\/wp-content\/uploads\/2025\/08\/wholesale-thermos-jugs-5-1.webp 800w, https:\/\/www.purecook.com\/wp-content\/uploads\/2025\/08\/wholesale-thermos-jugs-5-1-300x300.webp 300w, https:\/\/www.purecook.com\/wp-content\/uploads\/2025\/08\/wholesale-thermos-jugs-5-1-150x150.webp 150w, https:\/\/www.purecook.com\/wp-content\/uploads\/2025\/08\/wholesale-thermos-jugs-5-1-768x768.webp 768w, https:\/\/www.purecook.com\/wp-content\/uploads\/2025\/08\/wholesale-thermos-jugs-5-1-12x12.webp 12w, https:\/\/www.purecook.com\/wp-content\/uploads\/2025\/08\/wholesale-thermos-jugs-5-1-600x600.webp 600w, https:\/\/www.purecook.com\/wp-content\/uploads\/2025\/08\/wholesale-thermos-jugs-5-1-100x100.webp 100w\" sizes=\"(max-width: 800px) 100vw, 800px\" \/><\/figure>\n<\/div>\n<\/div>\n\n\n\n<div class=\"wp-block-columns is-layout-flex wp-container-core-columns-is-layout-9d6595d7 wp-block-columns-is-layout-flex\">\n<div class=\"wp-block-column is-layout-flow wp-block-column-is-layout-flow\"><\/div>\n\n\n\n<div class=\"wp-block-column is-layout-flow wp-block-column-is-layout-flow\"><\/div>\n<\/div>","protected":false},"excerpt":{"rendered":"<p>Invitamos a los compradores al por mayor a adquirir jarras t\u00e9rmicas al por mayor. Esta jarra termo de 1,2 litros presenta un dise\u00f1o elegante y un asa de madera natural. Cuenta con un revestimiento de acero inoxidable y un dise\u00f1o aislado al vac\u00edo, proporcionando un excelente aislamiento, manteniendo su bebida caliente o fr\u00eda durante horas.<\/p>\n<p>Purecook ofrece cantidades a granel a precios de f\u00e1brica y admite la personalizaci\u00f3n de marcas. Mayoristas, minoristas y distribuidores pueden ponerse en contacto con nosotros.<\/p>\n<h2>Caracter\u00edsticas de los termos<\/h2>\n<p><strong>Excelente retenci\u00f3n del calor:<\/strong> Las jarras termo presentan un interior de acero inoxidable. El aislamiento al vac\u00edo mantiene las bebidas a su temperatura ideal durante horas, incluido el caf\u00e9 caliente y el agua helada fr\u00eda.<\/p>\n<p><strong>Dise\u00f1o elegante y moderno:<\/strong> Nuestras jarras t\u00e9rmicas al por mayor destacan por su est\u00e9tica limpia y minimalista y sus l\u00edneas elegantes. Son m\u00e1s que simples contenedores de agua; tambi\u00e9n son un complemento elegante para cualquier cocina moderna o espacio de oficina.<\/p>\n<p><strong>Adecuado para hoteles y restaurantes:<\/strong> Como jarra termo, est\u00e1 dise\u00f1ada para mantener las bebidas calientes o fr\u00edas durante periodos prolongados. Su elegante dise\u00f1o la hace adecuada para servir caf\u00e9, t\u00e9 o bebidas fr\u00edas en establecimientos comerciales.<\/p>\n<p><strong>Varias opciones de color:<\/strong> Las jarras termo est\u00e1n disponibles en varios colores, como los cl\u00e1sicos negro, blanco, verde y gris, as\u00ed como rosa suave y rojo brillante.<\/p>\n<p><strong>Gran capacidad:<\/strong> Con una capacidad de 1,2 litros, la jarra termo es lo suficientemente grande como para servir a varias personas o contener grandes cantidades de l\u00edquido, lo que reduce la necesidad de rellenarla con frecuencia.<\/p>","protected":false},"featured_media":4650,"comment_status":"closed","ping_status":"closed","template":"","meta":{"_acf_changed":false},"product_brand":[],"product_cat":[104],"product_tag":[],"class_list":{"0":"post-4639","1":"product","2":"type-product","3":"status-publish","4":"has-post-thumbnail","6":"product_cat-thermos-jugs","8":"first","9":"instock","10":"shipping-taxable","11":"product-type-simple"},"acf":[],"_links":{"self":[{"href":"https:\/\/www.purecook.com\/es\/wp-json\/wp\/v2\/product\/4639","targetHints":{"allow":["GET"]}}],"collection":[{"href":"https:\/\/www.purecook.com\/es\/wp-json\/wp\/v2\/product"}],"about":[{"href":"https:\/\/www.purecook.com\/es\/wp-json\/wp\/v2\/types\/product"}],"replies":[{"embeddable":true,"href":"https:\/\/www.purecook.com\/es\/wp-json\/wp\/v2\/comments?post=4639"}],"wp:featuredmedia":[{"embeddable":true,"href":"https:\/\/www.purecook.com\/es\/wp-json\/wp\/v2\/media\/4650"}],"wp:attachment":[{"href":"https:\/\/www.purecook.com\/es\/wp-json\/wp\/v2\/media?parent=4639"}],"wp:term":[{"taxonomy":"product_brand","embeddable":true,"href":"https:\/\/www.purecook.com\/es\/wp-json\/wp\/v2\/product_brand?post=4639"},{"taxonomy":"product_cat","embeddable":true,"href":"https:\/\/www.purecook.com\/es\/wp-json\/wp\/v2\/product_cat?post=4639"},{"taxonomy":"product_tag","embeddable":true,"href":"https:\/\/www.purecook.com\/es\/wp-json\/wp\/v2\/product_tag?post=4639"}],"curies":[{"name":"wp","href":"https:\/\/api.w.org\/{rel}","templated":true}]}}