{"id":4655,"date":"2025-08-31T15:23:59","date_gmt":"2025-08-31T07:23:59","guid":{"rendered":"https:\/\/www.purecook.com\/?post_type=product&#038;p=4655"},"modified":"2025-08-31T15:52:45","modified_gmt":"2025-08-31T07:52:45","slug":"wholesale-3-tier-steamer-pots","status":"publish","type":"product","link":"https:\/\/www.purecook.com\/es\/product\/wholesale-3-tier-steamer-pots\/","title":{"rendered":"Mayorista Ollas de vapor de 3 pisos - Bater\u00eda de cocina de gran capacidad para una cocina sana"},"content":{"rendered":"<div class=\"wp-block-columns is-layout-flex wp-container-core-columns-is-layout-9d6595d7 wp-block-columns-is-layout-flex\">\n<div class=\"wp-block-column is-layout-flow wp-block-column-is-layout-flow\">\n<h3 class=\"wp-block-heading\">Par\u00e1metros de las ollas de vapor de 3 niveles<\/h3>\n\n\n\n<p><strong>Material:<\/strong> Acero inoxidable 304<br><strong>Grosor normal<\/strong>: Cuerpo:0,45 mm, Rejilla:0,4 mm<br><strong>Logotipo: <\/strong>Serigraf\u00eda \/ Grabado l\u00e1ser \/ Estampado en relieve<br><strong>Asa y pomo de la tapa:<\/strong> Acero inoxidable<br><strong>Logotipo: <\/strong>Serigraf\u00eda\/grabado l\u00e1ser\/sello en relieve<br><strong>Tama\u00f1o:<\/strong> 26\/28 cm<\/p>\n<\/div>\n\n\n\n<div class=\"wp-block-column is-layout-flow wp-block-column-is-layout-flow\">\n<h3 class=\"wp-block-heading\">Opciones de termos personalizados<\/h3>\n\n\n\n<p><strong>Logotipo:<\/strong> Personalizable con el logotipo de su marca<br><strong>Embalaje:<\/strong>\u00a0Caja de color\/Cart\u00f3n, etc<\/p>\n<\/div>\n<\/div>\n\n\n\n<div class=\"wp-block-columns is-layout-flex wp-container-core-columns-is-layout-9d6595d7 wp-block-columns-is-layout-flex\">\n<div class=\"wp-block-column is-layout-flow wp-block-column-is-layout-flow\">\n<figure class=\"wp-block-image size-full\"><img decoding=\"async\" width=\"800\" height=\"800\" src=\"https:\/\/www.purecook.com\/wp-content\/uploads\/2025\/08\/wholesale-3-tier-steamer-pot-2.webp\" alt=\"mayorista olla de vapor de 3 pisos (2)\" class=\"wp-image-4657\" srcset=\"https:\/\/www.purecook.com\/wp-content\/uploads\/2025\/08\/wholesale-3-tier-steamer-pot-2.webp 800w, https:\/\/www.purecook.com\/wp-content\/uploads\/2025\/08\/wholesale-3-tier-steamer-pot-2-300x300.webp 300w, https:\/\/www.purecook.com\/wp-content\/uploads\/2025\/08\/wholesale-3-tier-steamer-pot-2-150x150.webp 150w, https:\/\/www.purecook.com\/wp-content\/uploads\/2025\/08\/wholesale-3-tier-steamer-pot-2-768x768.webp 768w, https:\/\/www.purecook.com\/wp-content\/uploads\/2025\/08\/wholesale-3-tier-steamer-pot-2-12x12.webp 12w, https:\/\/www.purecook.com\/wp-content\/uploads\/2025\/08\/wholesale-3-tier-steamer-pot-2-600x600.webp 600w, https:\/\/www.purecook.com\/wp-content\/uploads\/2025\/08\/wholesale-3-tier-steamer-pot-2-100x100.webp 100w\" sizes=\"(max-width: 800px) 100vw, 800px\" \/><\/figure>\n<\/div>\n\n\n\n<div class=\"wp-block-column is-layout-flow wp-block-column-is-layout-flow\">\n<figure class=\"wp-block-image size-full\"><img decoding=\"async\" width=\"800\" height=\"800\" src=\"https:\/\/www.purecook.com\/wp-content\/uploads\/2025\/08\/wholesale-3-tier-steamer-pot-6.webp\" alt=\"mayorista olla de vapor de 3 pisos (6)\" class=\"wp-image-4661\" srcset=\"https:\/\/www.purecook.com\/wp-content\/uploads\/2025\/08\/wholesale-3-tier-steamer-pot-6.webp 800w, https:\/\/www.purecook.com\/wp-content\/uploads\/2025\/08\/wholesale-3-tier-steamer-pot-6-300x300.webp 300w, https:\/\/www.purecook.com\/wp-content\/uploads\/2025\/08\/wholesale-3-tier-steamer-pot-6-150x150.webp 150w, https:\/\/www.purecook.com\/wp-content\/uploads\/2025\/08\/wholesale-3-tier-steamer-pot-6-768x768.webp 768w, https:\/\/www.purecook.com\/wp-content\/uploads\/2025\/08\/wholesale-3-tier-steamer-pot-6-12x12.webp 12w, https:\/\/www.purecook.com\/wp-content\/uploads\/2025\/08\/wholesale-3-tier-steamer-pot-6-600x600.webp 600w, https:\/\/www.purecook.com\/wp-content\/uploads\/2025\/08\/wholesale-3-tier-steamer-pot-6-100x100.webp 100w\" sizes=\"(max-width: 800px) 100vw, 800px\" \/><\/figure>\n<\/div>\n<\/div>\n\n\n\n<div class=\"wp-block-columns is-layout-flex wp-container-core-columns-is-layout-9d6595d7 wp-block-columns-is-layout-flex\">\n<div class=\"wp-block-column is-layout-flow wp-block-column-is-layout-flow\"><\/div>\n\n\n\n<div class=\"wp-block-column is-layout-flow wp-block-column-is-layout-flow\"><\/div>\n<\/div>","protected":false},"excerpt":{"rendered":"<p>Invitamos a los compradores B2B a comprar nuestras ollas de vapor al por mayor al por mayor. Nuestras ollas de vapor de 3 niveles son ideales tanto para cocinas comerciales como dom\u00e9sticas. Se pueden utilizar para cocinar varios platos a la vez, lo que aumenta la eficacia del usuario. Ofrecemos precios directos de f\u00e1brica; p\u00f3ngase en contacto con nosotros hoy mismo.<\/p>\n<h2>Caracter\u00edsticas de las ollas de vapor de 3 niveles<\/h2>\n<p><strong>Dise\u00f1o de 3 niveles:<\/strong> La olla de vapor cuenta con tres niveles, lo que permite a los usuarios cocinar al vapor diferentes alimentos simult\u00e1neamente, mejorando significativamente la eficiencia de la cocci\u00f3n.<\/p>\n<p><strong>2 Tama\u00f1os:<\/strong> La olla de vapor est\u00e1 disponible en dos tama\u00f1os, 26 cm y 28 cm, lo que permite a los consumidores elegir el tama\u00f1o que mejor se adapte al tama\u00f1o de su familia y a sus necesidades culinarias.<\/p>\n<p><strong>Versatilidad:<\/strong> Los usuarios pueden apilar los niveles para utilizarla como una vaporera tradicional, o utilizar la olla inferior sola para hervir, guisar o cocer a fuego lento.<\/p>\n<p><strong>Alta calidad:<\/strong> Nuestras ollas de vapor al por mayor est\u00e1n hechas de acero inoxidable de alta calidad y cuentan con una construcci\u00f3n robusta, ofreciendo una durabilidad superior en comparaci\u00f3n con los utensilios de cocina est\u00e1ndar.<\/p>\n<p><strong>Precio de f\u00e1brica:<\/strong> Como fabricante de utensilios de cocina, podemos ofrecerle cotizaciones directas de f\u00e1brica para utensilios de cocina al por mayor y garantizar la calidad del producto. Por favor, no dude en contactar con nosotros para compras al por mayor.<\/p>","protected":false},"featured_media":4656,"comment_status":"closed","ping_status":"closed","template":"","meta":{"_acf_changed":false},"product_brand":[],"product_cat":[24,79],"product_tag":[],"class_list":{"0":"post-4655","1":"product","2":"type-product","3":"status-publish","4":"has-post-thumbnail","6":"product_cat-cookware","7":"product_cat-steamer-pot","9":"first","10":"instock","11":"shipping-taxable","12":"product-type-simple"},"acf":[],"_links":{"self":[{"href":"https:\/\/www.purecook.com\/es\/wp-json\/wp\/v2\/product\/4655","targetHints":{"allow":["GET"]}}],"collection":[{"href":"https:\/\/www.purecook.com\/es\/wp-json\/wp\/v2\/product"}],"about":[{"href":"https:\/\/www.purecook.com\/es\/wp-json\/wp\/v2\/types\/product"}],"replies":[{"embeddable":true,"href":"https:\/\/www.purecook.com\/es\/wp-json\/wp\/v2\/comments?post=4655"}],"wp:featuredmedia":[{"embeddable":true,"href":"https:\/\/www.purecook.com\/es\/wp-json\/wp\/v2\/media\/4656"}],"wp:attachment":[{"href":"https:\/\/www.purecook.com\/es\/wp-json\/wp\/v2\/media?parent=4655"}],"wp:term":[{"taxonomy":"product_brand","embeddable":true,"href":"https:\/\/www.purecook.com\/es\/wp-json\/wp\/v2\/product_brand?post=4655"},{"taxonomy":"product_cat","embeddable":true,"href":"https:\/\/www.purecook.com\/es\/wp-json\/wp\/v2\/product_cat?post=4655"},{"taxonomy":"product_tag","embeddable":true,"href":"https:\/\/www.purecook.com\/es\/wp-json\/wp\/v2\/product_tag?post=4655"}],"curies":[{"name":"wp","href":"https:\/\/api.w.org\/{rel}","templated":true}]}}