{"id":4728,"date":"2025-09-07T14:55:21","date_gmt":"2025-09-07T06:55:21","guid":{"rendered":"https:\/\/www.purecook.com\/?post_type=product&#038;p=4728"},"modified":"2025-09-07T15:33:14","modified_gmt":"2025-09-07T07:33:14","slug":"wholesale-stainless-steel-2-piece-cookware-set","status":"publish","type":"product","link":"https:\/\/www.purecook.com\/es\/product\/wholesale-stainless-steel-2-piece-cookware-set\/","title":{"rendered":"Mayorista Bater\u00eda de Cocina de Acero Inoxidable de 2 Piezas"},"content":{"rendered":"<div class=\"wp-block-columns is-layout-flex wp-container-core-columns-is-layout-9d6595d7 wp-block-columns-is-layout-flex\">\n<div class=\"wp-block-column is-layout-flow wp-block-column-is-layout-flow\">\n<h3 class=\"wp-block-heading\">Par\u00e1metros de la bater\u00eda de cocina de acero inoxidable de 2 piezas <\/h3>\n\n\n\n<p><strong>Material:<\/strong> Acero inoxidable<br><strong>Opciones de logotipo:<\/strong> Serigraf\u00eda \/ Grabado l\u00e1ser \/ Estampado en relieve<br><strong>Asa y pomo de la tapa:<\/strong> Acero inoxidable<\/p>\n\n\n\n<p><strong>Cacerola de 18 cm<\/strong><\/p>\n\n\n\n<ul class=\"wp-block-list\">\n<li><strong>Material:<\/strong> Acero inoxidable<\/li>\n\n\n\n<li><strong>Grosor:<\/strong> 0,5 mm<\/li>\n\n\n\n<li><strong>Abajo:<\/strong> Fondo s\u00e1ndwich de inducci\u00f3n (SUS + 1 mm de aluminio + 1 mm de hierro)<\/li>\n<\/ul>\n\n\n\n<p><strong>Olla sopera de 22 cm<\/strong><\/p>\n\n\n\n<ul class=\"wp-block-list\">\n<li><strong>Material:<\/strong> Acero inoxidable tricapa<\/li>\n\n\n\n<li><strong>Grosor:<\/strong> 2 mm<\/li>\n<\/ul>\n<\/div>\n\n\n\n<div class=\"wp-block-column is-layout-flow wp-block-column-is-layout-flow\">\n<h3 class=\"wp-block-heading\">Opciones de macetas personalizadas<\/h3>\n\n\n\n<p><strong>Logotipo:<\/strong> Personalizable con el logotipo de su marca<br><strong>Color:<\/strong> Personalizable<br><strong>Embalaje:<\/strong>\u00a0Caja de color\/Cart\u00f3n, etc<\/p>\n<\/div>\n<\/div>\n\n\n\n<div class=\"wp-block-columns is-layout-flex wp-container-core-columns-is-layout-9d6595d7 wp-block-columns-is-layout-flex\">\n<div class=\"wp-block-column is-layout-flow wp-block-column-is-layout-flow\">\n<figure class=\"wp-block-image size-full\"><img decoding=\"async\" width=\"3070\" height=\"2998\" src=\"https:\/\/www.purecook.com\/wp-content\/uploads\/2025\/09\/wholesale-2-piece-cookware-set-4.webp\" alt=\"venta al por mayor juego de ollas de 2 piezas (4)\" class=\"wp-image-4732\" srcset=\"https:\/\/www.purecook.com\/wp-content\/uploads\/2025\/09\/wholesale-2-piece-cookware-set-4.webp 3070w, https:\/\/www.purecook.com\/wp-content\/uploads\/2025\/09\/wholesale-2-piece-cookware-set-4-300x293.webp 300w, https:\/\/www.purecook.com\/wp-content\/uploads\/2025\/09\/wholesale-2-piece-cookware-set-4-768x750.webp 768w, https:\/\/www.purecook.com\/wp-content\/uploads\/2025\/09\/wholesale-2-piece-cookware-set-4-12x12.webp 12w, https:\/\/www.purecook.com\/wp-content\/uploads\/2025\/09\/wholesale-2-piece-cookware-set-4-600x586.webp 600w\" sizes=\"(max-width: 3070px) 100vw, 3070px\" \/><\/figure>\n<\/div>\n\n\n\n<div class=\"wp-block-column is-layout-flow wp-block-column-is-layout-flow\">\n<figure class=\"wp-block-image size-full\"><img decoding=\"async\" width=\"3070\" height=\"2998\" src=\"https:\/\/www.purecook.com\/wp-content\/uploads\/2025\/09\/wholesale-2-piece-cookware-set-5.webp\" alt=\"mayorista juego de cocina de 2 piezas (5)\" class=\"wp-image-4733\" srcset=\"https:\/\/www.purecook.com\/wp-content\/uploads\/2025\/09\/wholesale-2-piece-cookware-set-5.webp 3070w, https:\/\/www.purecook.com\/wp-content\/uploads\/2025\/09\/wholesale-2-piece-cookware-set-5-300x293.webp 300w, https:\/\/www.purecook.com\/wp-content\/uploads\/2025\/09\/wholesale-2-piece-cookware-set-5-768x750.webp 768w, https:\/\/www.purecook.com\/wp-content\/uploads\/2025\/09\/wholesale-2-piece-cookware-set-5-12x12.webp 12w, https:\/\/www.purecook.com\/wp-content\/uploads\/2025\/09\/wholesale-2-piece-cookware-set-5-600x586.webp 600w\" sizes=\"(max-width: 3070px) 100vw, 3070px\" \/><\/figure>\n<\/div>\n<\/div>\n\n\n\n<div class=\"wp-block-columns is-layout-flex wp-container-core-columns-is-layout-9d6595d7 wp-block-columns-is-layout-flex\">\n<div class=\"wp-block-column is-layout-flow wp-block-column-is-layout-flow\"><\/div>\n\n\n\n<div class=\"wp-block-column is-layout-flow wp-block-column-is-layout-flow\"><\/div>\n<\/div>\n\n\n\n<div class=\"wp-block-columns is-layout-flex wp-container-core-columns-is-layout-9d6595d7 wp-block-columns-is-layout-flex\">\n<div class=\"wp-block-column is-layout-flow wp-block-column-is-layout-flow\"><\/div>\n\n\n\n<div class=\"wp-block-column is-layout-flow wp-block-column-is-layout-flow\"><\/div>\n<\/div>","protected":false},"excerpt":{"rendered":"<p>Bater\u00eda de cocina de 2 piezas al por mayor. Esta bater\u00eda de cocina de acero inoxidable de dos piezas combina durabilidad con un rendimiento superior y un calentamiento uniforme. Compatible con placas de inducci\u00f3n, gas y el\u00e9ctricas, proporciona una experiencia culinaria fiable tanto a los chefs dom\u00e9sticos como a los profesionales. Se pueden a\u00f1adir logotipos personalizados para crear su propia bater\u00eda de cocina. Este producto cumple estrictamente las normas ISO, FDA y LFGB. Se aceptan compras al por mayor.<\/p>\n<p>Purecook <a href=\"https:\/\/www.purecook.com\/es\/categoria-de-productos\/cookware\/\" target=\"_blank\" rel=\"noopener\"><strong>fabricante de utensilios de cocina<\/strong> <\/a>ofrece precios de f\u00e1brica y servicios de personalizaci\u00f3n OEM. P\u00f3ngase en contacto con nosotros para obtener el mejor presupuesto del fabricante de utensilios de cocina de confianza.<\/p>\n<h2>Caracter\u00edsticas y ventajas de la bater\u00eda de cocina de acero inoxidable<\/h2>\n<p><strong>Construcci\u00f3n duradera de acero inoxidable:<\/strong> Ambas cacerolas est\u00e1n fabricadas en acero inoxidable de alta calidad para ofrecer un rendimiento superior, lo que convierte a esta bater\u00eda de cocina en una elecci\u00f3n fiable tanto para los chefs dom\u00e9sticos como para los profesionales.<\/p>\n<p><strong>Distribuci\u00f3n eficiente y uniforme del calor:<\/strong> El fondo de cada bater\u00eda de cocina est\u00e1 fabricado en triple acero inoxidable, lo que garantiza una distribuci\u00f3n r\u00e1pida y uniforme del calor, evita los puntos calientes y proporciona excelentes resultados de cocci\u00f3n.<\/p>\n<p><strong>Personalizaci\u00f3n del logotipo:<\/strong> Las empresas, marcas u organizaciones culinarias pueden personalizar este conjunto seg\u00fan su personalidad \u00fanica.<\/p>\n<p><strong>Compatible con varias placas de cocci\u00f3n:<\/strong> Esta bater\u00eda de cocina de dos piezas es vers\u00e1til y compatible con varias fuentes de calor, incluidas las placas de inducci\u00f3n, gas y el\u00e9ctricas.<\/p>\n<p><strong>Altos niveles de calidad:<\/strong> Como fabricante l\u00edder de utensilios de cocina de China, cumplimos estrictamente las normas ISO 9001, FDA, LFGB y otras certificaciones internacionales de calidad, lo que garantiza la venta de nuestros productos en todo el mundo.<\/p>","protected":false},"featured_media":4729,"comment_status":"closed","ping_status":"closed","template":"","meta":{"_acf_changed":false},"product_brand":[],"product_cat":[24,69],"product_tag":[],"class_list":{"0":"post-4728","1":"product","2":"type-product","3":"status-publish","4":"has-post-thumbnail","6":"product_cat-cookware","7":"product_cat-cookware-sets","9":"first","10":"instock","11":"shipping-taxable","12":"product-type-simple"},"acf":[],"_links":{"self":[{"href":"https:\/\/www.purecook.com\/es\/wp-json\/wp\/v2\/product\/4728","targetHints":{"allow":["GET"]}}],"collection":[{"href":"https:\/\/www.purecook.com\/es\/wp-json\/wp\/v2\/product"}],"about":[{"href":"https:\/\/www.purecook.com\/es\/wp-json\/wp\/v2\/types\/product"}],"replies":[{"embeddable":true,"href":"https:\/\/www.purecook.com\/es\/wp-json\/wp\/v2\/comments?post=4728"}],"wp:featuredmedia":[{"embeddable":true,"href":"https:\/\/www.purecook.com\/es\/wp-json\/wp\/v2\/media\/4729"}],"wp:attachment":[{"href":"https:\/\/www.purecook.com\/es\/wp-json\/wp\/v2\/media?parent=4728"}],"wp:term":[{"taxonomy":"product_brand","embeddable":true,"href":"https:\/\/www.purecook.com\/es\/wp-json\/wp\/v2\/product_brand?post=4728"},{"taxonomy":"product_cat","embeddable":true,"href":"https:\/\/www.purecook.com\/es\/wp-json\/wp\/v2\/product_cat?post=4728"},{"taxonomy":"product_tag","embeddable":true,"href":"https:\/\/www.purecook.com\/es\/wp-json\/wp\/v2\/product_tag?post=4728"}],"curies":[{"name":"wp","href":"https:\/\/api.w.org\/{rel}","templated":true}]}}