{"id":4734,"date":"2025-09-07T15:36:45","date_gmt":"2025-09-07T07:36:45","guid":{"rendered":"https:\/\/www.purecook.com\/?post_type=product&#038;p=4734"},"modified":"2025-09-07T16:05:45","modified_gmt":"2025-09-07T08:05:45","slug":"wholesale-stainless-steel-oil-filter-pots","status":"publish","type":"product","link":"https:\/\/www.purecook.com\/es\/product\/wholesale-stainless-steel-oil-filter-pots\/","title":{"rendered":"Mayorista Ollas con Filtro de Aceite de Acero Inoxidable - Para Freir Alimentos y Filtrar Residuos de Aceite"},"content":{"rendered":"<div class=\"wp-block-columns is-layout-flex wp-container-core-columns-is-layout-9d6595d7 wp-block-columns-is-layout-flex\">\n<div class=\"wp-block-column is-layout-flow wp-block-column-is-layout-flow\">\n<h3 class=\"wp-block-heading\">Par\u00e1metros del recipiente de acero inoxidable para filtro de aceite<\/h3>\n\n\n\n<p><strong>Material:<\/strong> Acero inoxidable 304<br>Logotipo: Serigraf\u00eda \/ Grabado l\u00e1ser \/ Sello en relieve<br><strong>Olla de aceite:<\/strong><\/p>\n\n\n\n<ul class=\"wp-block-list\">\n<li><strong>Di\u00e1metro (arriba): <\/strong>14,8 cm<\/li>\n\n\n\n<li><strong>Di\u00e1metro (abajo):<\/strong> 16 cm<\/li>\n\n\n\n<li><strong>Altura: <\/strong>18,5 cm<\/li>\n<\/ul>\n\n\n\n<p><strong>Malla del filtro de aceite:<\/strong><\/p>\n\n\n\n<ul class=\"wp-block-list\">\n<li><strong>Di\u00e1metro superior: <\/strong>14,5 cm<\/li>\n\n\n\n<li><strong>Di\u00e1metro medio:<\/strong> 7 cm<\/li>\n\n\n\n<li><strong>Di\u00e1metro inferior: <\/strong>8,5 cm<\/li>\n<\/ul>\n\n\n\n<p><strong>Cesta de fre\u00edr:<\/strong><\/p>\n\n\n\n<ul class=\"wp-block-list\">\n<li><strong>Longitud total incluida la empu\u00f1adura: <\/strong>17 cm<\/li>\n\n\n\n<li><strong>Di\u00e1metro: <\/strong>13,5 cm<\/li>\n\n\n\n<li><strong>Altura: <\/strong>16,5 cm<\/li>\n<\/ul>\n<\/div>\n\n\n\n<div class=\"wp-block-column is-layout-flow wp-block-column-is-layout-flow\">\n<h3 class=\"wp-block-heading\">Opciones de bater\u00eda de cocina a medida<\/h3>\n\n\n\n<p><strong>Logotipo:<\/strong> Personalizable con el logotipo de su marca<br><strong>Color:<\/strong> Personalizable<br><strong>Embalaje:<\/strong>\u00a0Caja de color\/Cart\u00f3n, etc<\/p>\n\n\n\n<figure class=\"wp-block-image size-full\"><img decoding=\"async\" width=\"800\" height=\"800\" src=\"https:\/\/www.purecook.com\/wp-content\/uploads\/2025\/09\/stainless-steel-oil-filter-pot.webp\" alt=\"filtro de aceite de acero inoxidable\" class=\"wp-image-4739\" srcset=\"https:\/\/www.purecook.com\/wp-content\/uploads\/2025\/09\/stainless-steel-oil-filter-pot.webp 800w, https:\/\/www.purecook.com\/wp-content\/uploads\/2025\/09\/stainless-steel-oil-filter-pot-300x300.webp 300w, https:\/\/www.purecook.com\/wp-content\/uploads\/2025\/09\/stainless-steel-oil-filter-pot-150x150.webp 150w, https:\/\/www.purecook.com\/wp-content\/uploads\/2025\/09\/stainless-steel-oil-filter-pot-768x768.webp 768w, https:\/\/www.purecook.com\/wp-content\/uploads\/2025\/09\/stainless-steel-oil-filter-pot-12x12.webp 12w, https:\/\/www.purecook.com\/wp-content\/uploads\/2025\/09\/stainless-steel-oil-filter-pot-600x600.webp 600w, https:\/\/www.purecook.com\/wp-content\/uploads\/2025\/09\/stainless-steel-oil-filter-pot-100x100.webp 100w\" sizes=\"(max-width: 800px) 100vw, 800px\" \/><\/figure>\n<\/div>\n<\/div>","protected":false},"excerpt":{"rendered":"<p>Este filtro de aceite est\u00e1 fabricado en acero inoxidable 304 de alta calidad. Cuenta con un filtro de malla fina que elimina eficazmente las impurezas, reduciendo las sustancias nocivas y cancer\u00edgenas en el aceite de cocina reutilizado. Tambi\u00e9n incluye una cesta para fre\u00edr tempura y otros alimentos. Nuestros productos cumplen las normas LFGB y FDA. Las marcas de utensilios de cocina y los mayoristas pueden comprar al por mayor.<\/p>\n<p>Purecook <a href=\"https:\/\/www.purecook.com\/es\/categoria-de-productos\/cookware\/\" target=\"_blank\" rel=\"noopener\"><strong>fabricante de utensilios de cocina<\/strong> <\/a>ofrece precios de f\u00e1brica y servicios de personalizaci\u00f3n OEM. P\u00f3ngase en contacto con nosotros para obtener el mejor presupuesto.<\/p>\n<h2>Caracter\u00edsticas y ventajas de los recipientes de acero inoxidable para filtros de aceite<\/h2>\n<p><strong>Durabilidad y longevidad:<\/strong> Fabricado en acero inoxidable 304 de alta calidad, el recipiente del filtro de aceite de acero inoxidable est\u00e1 dise\u00f1ado para soportar altas temperaturas, lo que garantiza un uso prolongado.<br \/>Salud y seguridad: Equipado con un filtro de malla fina, reduce las sustancias nocivas y cancer\u00edgenas del aceite de cocina reutilizado.<\/p>\n<p><strong>Rentabilidad:<\/strong> La olla filtrante de aceite de acero inoxidable puede filtrar y reutilizar el aceite de cocina, reduciendo la necesidad de comprar aceite nuevo con frecuencia y alargando la vida \u00fatil de su aceite de cocina para ahorrar a largo plazo.<\/p>\n<p><strong>Versatilidad:<\/strong> La olla filtrante de aceite de acero inoxidable se puede utilizar para filtrar residuos de aceite y tambi\u00e9n se puede utilizar para fre\u00edr, por lo que es adecuada para cocinas dom\u00e9sticas.<\/p>\n<p><strong>Conforme a las normas internacionales:<\/strong> Como fabricante profesional de utensilios de cocina, damos prioridad a la seguridad y la salud de los productos. Nuestras ollas con filtro de aceite de acero inoxidable al por mayor cumplen las normas LFGB y FDA.<\/p>","protected":false},"featured_media":4735,"comment_status":"closed","ping_status":"closed","template":"","meta":{"_acf_changed":false},"product_brand":[],"product_cat":[52,64],"product_tag":[],"class_list":{"0":"post-4734","1":"product","2":"type-product","3":"status-publish","4":"has-post-thumbnail","6":"product_cat-kitchen-utensils","7":"product_cat-oil-pot","9":"first","10":"instock","11":"shipping-taxable","12":"product-type-simple"},"acf":[],"_links":{"self":[{"href":"https:\/\/www.purecook.com\/es\/wp-json\/wp\/v2\/product\/4734","targetHints":{"allow":["GET"]}}],"collection":[{"href":"https:\/\/www.purecook.com\/es\/wp-json\/wp\/v2\/product"}],"about":[{"href":"https:\/\/www.purecook.com\/es\/wp-json\/wp\/v2\/types\/product"}],"replies":[{"embeddable":true,"href":"https:\/\/www.purecook.com\/es\/wp-json\/wp\/v2\/comments?post=4734"}],"wp:featuredmedia":[{"embeddable":true,"href":"https:\/\/www.purecook.com\/es\/wp-json\/wp\/v2\/media\/4735"}],"wp:attachment":[{"href":"https:\/\/www.purecook.com\/es\/wp-json\/wp\/v2\/media?parent=4734"}],"wp:term":[{"taxonomy":"product_brand","embeddable":true,"href":"https:\/\/www.purecook.com\/es\/wp-json\/wp\/v2\/product_brand?post=4734"},{"taxonomy":"product_cat","embeddable":true,"href":"https:\/\/www.purecook.com\/es\/wp-json\/wp\/v2\/product_cat?post=4734"},{"taxonomy":"product_tag","embeddable":true,"href":"https:\/\/www.purecook.com\/es\/wp-json\/wp\/v2\/product_tag?post=4734"}],"curies":[{"name":"wp","href":"https:\/\/api.w.org\/{rel}","templated":true}]}}