{"id":4740,"date":"2025-09-07T16:10:43","date_gmt":"2025-09-07T08:10:43","guid":{"rendered":"https:\/\/www.purecook.com\/?post_type=product&#038;p=4740"},"modified":"2025-09-07T16:55:28","modified_gmt":"2025-09-07T08:55:28","slug":"wholesale-5-piece-cookware-set","status":"publish","type":"product","link":"https:\/\/www.purecook.com\/es\/product\/wholesale-5-piece-cookware-set\/","title":{"rendered":"Mayorista Bater\u00eda de Cocina de 5 Piezas - Satisface Diversas Necesidades Culinarias"},"content":{"rendered":"<div class=\"wp-block-columns is-layout-flex wp-container-core-columns-is-layout-9d6595d7 wp-block-columns-is-layout-flex\">\n<div class=\"wp-block-column is-layout-flow wp-block-column-is-layout-flow\">\n<h3 class=\"wp-block-heading\">Par\u00e1metros de la bater\u00eda de cocina de 5 piezas<\/h3>\n\n\n\n<p><strong>Material:<\/strong> Acero inoxidable 304<br><strong>Grosor normal:<\/strong> 0,4 mm<br><strong>Tapa: <\/strong>Tapa de acero inoxidable<br>Logotipo: Serigraf\u00eda \/ Grabado l\u00e1ser \/ Sello en relieve<br><strong>Asa y pomo de la tapa: <\/strong>Acero inoxidable<br><strong>Tama\u00f1o: <\/strong>16\u00d79cm, 18\u00d710cm, 20\u00d711cm, 24\u00d78cm, 24\u00d713,5cm<\/p>\n<\/div>\n\n\n\n<div class=\"wp-block-column is-layout-flow wp-block-column-is-layout-flow\">\n<h3 class=\"wp-block-heading\">Opciones de macetas personalizadas<\/h3>\n\n\n\n<p><strong>Logotipo:<\/strong> Personalizable con el logotipo de su marca<br><strong>Color:<\/strong> Personalizable<br><strong>Embalaje:<\/strong>\u00a0Caja de color\/Cart\u00f3n, etc<\/p>\n<\/div>\n<\/div>\n\n\n\n<div class=\"wp-block-columns is-layout-flex wp-container-core-columns-is-layout-9d6595d7 wp-block-columns-is-layout-flex\">\n<div class=\"wp-block-column is-layout-flow wp-block-column-is-layout-flow\">\n<figure class=\"wp-block-image size-full\"><img decoding=\"async\" width=\"800\" height=\"800\" src=\"https:\/\/www.purecook.com\/wp-content\/uploads\/2025\/09\/specifications-of-5-piece-cookware-set-1.webp\" alt=\"especificaciones de la bater\u00eda de cocina de 5 piezas (1)\" class=\"wp-image-4747\" srcset=\"https:\/\/www.purecook.com\/wp-content\/uploads\/2025\/09\/specifications-of-5-piece-cookware-set-1.webp 800w, https:\/\/www.purecook.com\/wp-content\/uploads\/2025\/09\/specifications-of-5-piece-cookware-set-1-300x300.webp 300w, https:\/\/www.purecook.com\/wp-content\/uploads\/2025\/09\/specifications-of-5-piece-cookware-set-1-150x150.webp 150w, https:\/\/www.purecook.com\/wp-content\/uploads\/2025\/09\/specifications-of-5-piece-cookware-set-1-768x768.webp 768w, https:\/\/www.purecook.com\/wp-content\/uploads\/2025\/09\/specifications-of-5-piece-cookware-set-1-12x12.webp 12w, https:\/\/www.purecook.com\/wp-content\/uploads\/2025\/09\/specifications-of-5-piece-cookware-set-1-600x600.webp 600w, https:\/\/www.purecook.com\/wp-content\/uploads\/2025\/09\/specifications-of-5-piece-cookware-set-1-100x100.webp 100w\" sizes=\"(max-width: 800px) 100vw, 800px\" \/><\/figure>\n<\/div>\n\n\n\n<div class=\"wp-block-column is-layout-flow wp-block-column-is-layout-flow\">\n<figure class=\"wp-block-image size-full\"><img decoding=\"async\" width=\"800\" height=\"800\" src=\"https:\/\/www.purecook.com\/wp-content\/uploads\/2025\/09\/specifications-of-5-piece-cookware-set-2.webp\" alt=\"especificaciones de la bater\u00eda de cocina de 5 piezas (2)\" class=\"wp-image-4748\" srcset=\"https:\/\/www.purecook.com\/wp-content\/uploads\/2025\/09\/specifications-of-5-piece-cookware-set-2.webp 800w, https:\/\/www.purecook.com\/wp-content\/uploads\/2025\/09\/specifications-of-5-piece-cookware-set-2-300x300.webp 300w, https:\/\/www.purecook.com\/wp-content\/uploads\/2025\/09\/specifications-of-5-piece-cookware-set-2-150x150.webp 150w, https:\/\/www.purecook.com\/wp-content\/uploads\/2025\/09\/specifications-of-5-piece-cookware-set-2-768x768.webp 768w, https:\/\/www.purecook.com\/wp-content\/uploads\/2025\/09\/specifications-of-5-piece-cookware-set-2-12x12.webp 12w, https:\/\/www.purecook.com\/wp-content\/uploads\/2025\/09\/specifications-of-5-piece-cookware-set-2-600x600.webp 600w, https:\/\/www.purecook.com\/wp-content\/uploads\/2025\/09\/specifications-of-5-piece-cookware-set-2-100x100.webp 100w\" sizes=\"(max-width: 800px) 100vw, 800px\" \/><\/figure>\n<\/div>\n<\/div>\n\n\n\n<div class=\"wp-block-columns is-layout-flex wp-container-core-columns-is-layout-9d6595d7 wp-block-columns-is-layout-flex\">\n<div class=\"wp-block-column is-layout-flow wp-block-column-is-layout-flow\">\n<figure class=\"wp-block-image size-full\"><img decoding=\"async\" width=\"800\" height=\"800\" src=\"https:\/\/www.purecook.com\/wp-content\/uploads\/2025\/09\/specifications-of-5-piece-cookware-set-3.webp\" alt=\"especificaciones de la bater\u00eda de cocina de 5 piezas (3)\" class=\"wp-image-4749\" srcset=\"https:\/\/www.purecook.com\/wp-content\/uploads\/2025\/09\/specifications-of-5-piece-cookware-set-3.webp 800w, https:\/\/www.purecook.com\/wp-content\/uploads\/2025\/09\/specifications-of-5-piece-cookware-set-3-300x300.webp 300w, https:\/\/www.purecook.com\/wp-content\/uploads\/2025\/09\/specifications-of-5-piece-cookware-set-3-150x150.webp 150w, https:\/\/www.purecook.com\/wp-content\/uploads\/2025\/09\/specifications-of-5-piece-cookware-set-3-768x768.webp 768w, https:\/\/www.purecook.com\/wp-content\/uploads\/2025\/09\/specifications-of-5-piece-cookware-set-3-12x12.webp 12w, https:\/\/www.purecook.com\/wp-content\/uploads\/2025\/09\/specifications-of-5-piece-cookware-set-3-600x600.webp 600w, https:\/\/www.purecook.com\/wp-content\/uploads\/2025\/09\/specifications-of-5-piece-cookware-set-3-100x100.webp 100w\" sizes=\"(max-width: 800px) 100vw, 800px\" \/><\/figure>\n<\/div>\n\n\n\n<div class=\"wp-block-column is-layout-flow wp-block-column-is-layout-flow\">\n<figure class=\"wp-block-image size-full\"><img decoding=\"async\" width=\"800\" height=\"800\" src=\"https:\/\/www.purecook.com\/wp-content\/uploads\/2025\/09\/specifications-of-5-piece-cookware-set-4.webp\" alt=\"especificaciones de la bater\u00eda de cocina de 5 piezas (4)\" class=\"wp-image-4750\" srcset=\"https:\/\/www.purecook.com\/wp-content\/uploads\/2025\/09\/specifications-of-5-piece-cookware-set-4.webp 800w, https:\/\/www.purecook.com\/wp-content\/uploads\/2025\/09\/specifications-of-5-piece-cookware-set-4-300x300.webp 300w, https:\/\/www.purecook.com\/wp-content\/uploads\/2025\/09\/specifications-of-5-piece-cookware-set-4-150x150.webp 150w, https:\/\/www.purecook.com\/wp-content\/uploads\/2025\/09\/specifications-of-5-piece-cookware-set-4-768x768.webp 768w, https:\/\/www.purecook.com\/wp-content\/uploads\/2025\/09\/specifications-of-5-piece-cookware-set-4-12x12.webp 12w, https:\/\/www.purecook.com\/wp-content\/uploads\/2025\/09\/specifications-of-5-piece-cookware-set-4-600x600.webp 600w, https:\/\/www.purecook.com\/wp-content\/uploads\/2025\/09\/specifications-of-5-piece-cookware-set-4-100x100.webp 100w\" sizes=\"(max-width: 800px) 100vw, 800px\" \/><\/figure>\n<\/div>\n<\/div>\n\n\n\n<div class=\"wp-block-columns is-layout-flex wp-container-core-columns-is-layout-9d6595d7 wp-block-columns-is-layout-flex\">\n<div class=\"wp-block-column is-layout-flow wp-block-column-is-layout-flow\">\n<figure class=\"wp-block-image size-full\"><img decoding=\"async\" width=\"800\" height=\"800\" src=\"https:\/\/www.purecook.com\/wp-content\/uploads\/2025\/09\/specifications-of-5-piece-cookware-set-5.webp\" alt=\"especificaciones de la bater\u00eda de cocina de 5 piezas (5)\" class=\"wp-image-4751\" srcset=\"https:\/\/www.purecook.com\/wp-content\/uploads\/2025\/09\/specifications-of-5-piece-cookware-set-5.webp 800w, https:\/\/www.purecook.com\/wp-content\/uploads\/2025\/09\/specifications-of-5-piece-cookware-set-5-300x300.webp 300w, https:\/\/www.purecook.com\/wp-content\/uploads\/2025\/09\/specifications-of-5-piece-cookware-set-5-150x150.webp 150w, https:\/\/www.purecook.com\/wp-content\/uploads\/2025\/09\/specifications-of-5-piece-cookware-set-5-768x768.webp 768w, https:\/\/www.purecook.com\/wp-content\/uploads\/2025\/09\/specifications-of-5-piece-cookware-set-5-12x12.webp 12w, https:\/\/www.purecook.com\/wp-content\/uploads\/2025\/09\/specifications-of-5-piece-cookware-set-5-600x600.webp 600w, https:\/\/www.purecook.com\/wp-content\/uploads\/2025\/09\/specifications-of-5-piece-cookware-set-5-100x100.webp 100w\" sizes=\"(max-width: 800px) 100vw, 800px\" \/><\/figure>\n<\/div>\n\n\n\n<div class=\"wp-block-column is-layout-flow wp-block-column-is-layout-flow\"><\/div>\n<\/div>","protected":false},"excerpt":{"rendered":"<p>Esta resistente bater\u00eda de cocina de acero inoxidable de cinco piezas es perfecta tanto para cocinas dom\u00e9sticas como comerciales. La superficie est\u00e1 electropulida para un acabado met\u00e1lico profesional. Es f\u00e1cil de limpiar y apta para el lavavajillas. Admitimos la personalizaci\u00f3n de marcas y ofrecemos grandes cantidades. Invitamos a comerciantes, mayoristas y marcas de utensilios de cocina de todo el mundo a ponerse en contacto con nosotros.<\/p>\n<p>Purecook <a href=\"https:\/\/www.purecook.com\/es\/categoria-de-productos\/cookware\/\" target=\"_blank\" rel=\"noopener\"><strong>fabricante de utensilios de cocina<\/strong> <\/a>ofrece precios de f\u00e1brica y servicios de personalizaci\u00f3n OEM. P\u00f3ngase en contacto con nosotros para obtener el mejor presupuesto.<\/p>\n<h2>Caracter\u00edsticas y ventajas de la bater\u00eda de cocina de 5 piezas<\/h2>\n<p><strong>Durabilidad:<\/strong> Las bater\u00edas de cocina de acero inoxidable ofrecen una excelente resistencia a la corrosi\u00f3n y durabilidad. A diferencia del aluminio y otros metales, las bater\u00edas de cocina de acero inoxidable no se abollan, deforman ni agrietan a altas temperaturas o con un uso frecuente, lo que garantiza una larga vida \u00fatil.<\/p>\n<p><strong>Superficie no reactiva:<\/strong> Los utensilios de cocina de acero inoxidable no reaccionan con los alimentos \u00e1cidos o alcalinos. El sabor natural de los ingredientes se conserva sin sabor met\u00e1lico.<\/p>\n<p><strong>Soluci\u00f3n completa para cocinar:<\/strong> El juego de utensilios de cocina de 5 piezas incluye ollas y soperas de varios tama\u00f1os para una gran variedad de tareas culinarias.<\/p>\n<p><strong>F\u00e1cil de mantener:<\/strong> La bater\u00eda de cocina de 5 piezas se puede lavar en el lavavajillas, y los residuos resistentes suelen eliminarse con s\u00f3lo remojarla o fregarla suavemente. Incluso con un uso frecuente, conserva su aspecto lustroso y profesional.<\/p>\n<p><strong>Tecnolog\u00eda y procesos de producci\u00f3n avanzados:<\/strong> Como fabricante l\u00edder de utensilios de cocina, utilizamos l\u00edneas de producci\u00f3n eficientes y profesionales, que incorporan t\u00e9cnicas avanzadas de pulido, para garantizar que nuestros productos sean bonitos y f\u00e1ciles de usar. Ofrecemos el suministro de productos en grandes cantidades.<\/p>","protected":false},"featured_media":4741,"comment_status":"closed","ping_status":"closed","template":"","meta":{"_acf_changed":false},"product_brand":[],"product_cat":[24,69,70],"product_tag":[],"class_list":{"0":"post-4740","1":"product","2":"type-product","3":"status-publish","4":"has-post-thumbnail","6":"product_cat-cookware","7":"product_cat-cookware-sets","8":"product_cat-soup-and-stock-pots","10":"first","11":"instock","12":"shipping-taxable","13":"product-type-simple"},"acf":[],"_links":{"self":[{"href":"https:\/\/www.purecook.com\/es\/wp-json\/wp\/v2\/product\/4740","targetHints":{"allow":["GET"]}}],"collection":[{"href":"https:\/\/www.purecook.com\/es\/wp-json\/wp\/v2\/product"}],"about":[{"href":"https:\/\/www.purecook.com\/es\/wp-json\/wp\/v2\/types\/product"}],"replies":[{"embeddable":true,"href":"https:\/\/www.purecook.com\/es\/wp-json\/wp\/v2\/comments?post=4740"}],"wp:featuredmedia":[{"embeddable":true,"href":"https:\/\/www.purecook.com\/es\/wp-json\/wp\/v2\/media\/4741"}],"wp:attachment":[{"href":"https:\/\/www.purecook.com\/es\/wp-json\/wp\/v2\/media?parent=4740"}],"wp:term":[{"taxonomy":"product_brand","embeddable":true,"href":"https:\/\/www.purecook.com\/es\/wp-json\/wp\/v2\/product_brand?post=4740"},{"taxonomy":"product_cat","embeddable":true,"href":"https:\/\/www.purecook.com\/es\/wp-json\/wp\/v2\/product_cat?post=4740"},{"taxonomy":"product_tag","embeddable":true,"href":"https:\/\/www.purecook.com\/es\/wp-json\/wp\/v2\/product_tag?post=4740"}],"curies":[{"name":"wp","href":"https:\/\/api.w.org\/{rel}","templated":true}]}}