{"id":4752,"date":"2025-09-07T16:59:10","date_gmt":"2025-09-07T08:59:10","guid":{"rendered":"https:\/\/www.purecook.com\/?post_type=product&#038;p=4752"},"modified":"2025-09-08T11:29:04","modified_gmt":"2025-09-08T03:29:04","slug":"wholesale-stainless-steel-steak-clips","status":"publish","type":"product","link":"https:\/\/www.purecook.com\/es\/product\/wholesale-stainless-steel-steak-clips\/","title":{"rendered":"Mayorista Pinzas para filetes, Pinzas para filetes, Pinzas para barbacoa, Pinzas para barbacoa"},"content":{"rendered":"<div class=\"wp-block-columns is-layout-flex wp-container-core-columns-is-layout-9d6595d7 wp-block-columns-is-layout-flex\">\n<div class=\"wp-block-column is-layout-flow wp-block-column-is-layout-flow\">\n<h3 class=\"wp-block-heading\">Par\u00e1metros de la pinza para filetes<\/h3>\n\n\n\n<p><strong>Material:<\/strong> Acero inoxidable 304<br><strong>Grosor:<\/strong> 0,5 mm<br><strong>Tama\u00f1o: <\/strong>26\u00d77,2 cm<br><strong>Peso bruto: <\/strong>Menos de 200 g por pieza<br>Logotipo: Serigraf\u00eda \/ Grabado l\u00e1ser \/ Sello en relieve<\/p>\n<\/div>\n\n\n\n<div class=\"wp-block-column is-layout-flow wp-block-column-is-layout-flow\">\n<h3 class=\"wp-block-heading\">Opciones de utensilios de cocina personalizados<\/h3>\n\n\n\n<p><strong>Logotipo:<\/strong> Personalizable con el logotipo de su marca<br><strong>Embalaje:<\/strong>\u00a0Caja de color\/Cart\u00f3n, etc<\/p>\n<\/div>\n<\/div>\n\n\n\n<div class=\"wp-block-columns is-layout-flex wp-container-core-columns-is-layout-9d6595d7 wp-block-columns-is-layout-flex\">\n<div class=\"wp-block-column is-layout-flow wp-block-column-is-layout-flow\">\n<figure class=\"wp-block-image size-full\"><img decoding=\"async\" width=\"800\" height=\"800\" src=\"https:\/\/www.purecook.com\/wp-content\/uploads\/2025\/09\/wholesale-steak-clips-4.webp\" alt=\"venta al por mayor de pinzas para filetes (4)\" class=\"wp-image-4756\" srcset=\"https:\/\/www.purecook.com\/wp-content\/uploads\/2025\/09\/wholesale-steak-clips-4.webp 800w, https:\/\/www.purecook.com\/wp-content\/uploads\/2025\/09\/wholesale-steak-clips-4-300x300.webp 300w, https:\/\/www.purecook.com\/wp-content\/uploads\/2025\/09\/wholesale-steak-clips-4-150x150.webp 150w, https:\/\/www.purecook.com\/wp-content\/uploads\/2025\/09\/wholesale-steak-clips-4-768x768.webp 768w, https:\/\/www.purecook.com\/wp-content\/uploads\/2025\/09\/wholesale-steak-clips-4-12x12.webp 12w, https:\/\/www.purecook.com\/wp-content\/uploads\/2025\/09\/wholesale-steak-clips-4-600x600.webp 600w, https:\/\/www.purecook.com\/wp-content\/uploads\/2025\/09\/wholesale-steak-clips-4-100x100.webp 100w\" sizes=\"(max-width: 800px) 100vw, 800px\" \/><\/figure>\n<\/div>\n\n\n\n<div class=\"wp-block-column is-layout-flow wp-block-column-is-layout-flow\">\n<figure class=\"wp-block-image size-full\"><img decoding=\"async\" width=\"800\" height=\"800\" src=\"https:\/\/www.purecook.com\/wp-content\/uploads\/2025\/09\/wholesale-steak-clips-5.webp\" alt=\"venta al por mayor de pinzas para filetes (5)\" class=\"wp-image-4757\" srcset=\"https:\/\/www.purecook.com\/wp-content\/uploads\/2025\/09\/wholesale-steak-clips-5.webp 800w, https:\/\/www.purecook.com\/wp-content\/uploads\/2025\/09\/wholesale-steak-clips-5-300x300.webp 300w, https:\/\/www.purecook.com\/wp-content\/uploads\/2025\/09\/wholesale-steak-clips-5-150x150.webp 150w, https:\/\/www.purecook.com\/wp-content\/uploads\/2025\/09\/wholesale-steak-clips-5-768x768.webp 768w, https:\/\/www.purecook.com\/wp-content\/uploads\/2025\/09\/wholesale-steak-clips-5-12x12.webp 12w, https:\/\/www.purecook.com\/wp-content\/uploads\/2025\/09\/wholesale-steak-clips-5-600x600.webp 600w, https:\/\/www.purecook.com\/wp-content\/uploads\/2025\/09\/wholesale-steak-clips-5-100x100.webp 100w\" sizes=\"(max-width: 800px) 100vw, 800px\" \/><\/figure>\n<\/div>\n<\/div>\n\n\n\n<div class=\"wp-block-columns is-layout-flex wp-container-core-columns-is-layout-9d6595d7 wp-block-columns-is-layout-flex\">\n<div class=\"wp-block-column is-layout-flow wp-block-column-is-layout-flow\"><\/div>\n\n\n\n<div class=\"wp-block-column is-layout-flow wp-block-column-is-layout-flow\"><\/div>\n<\/div>","protected":false},"excerpt":{"rendered":"<p>Esta pinza multifuncional para filetes cuenta con un mango ergon\u00f3mico y un dise\u00f1o de esp\u00e1tula ancha y plana para un agarre c\u00f3modo. Perfecta para dar la vuelta a filetes, salm\u00f3n, tortitas, hamburguesas, queso a la plancha e incluso verduras. Suministro a granel a precio de f\u00e1brica, ideal para cocinas profesionales y grandes pedidos.<\/p>\n<h2>Caracter\u00edsticas y ventajas de las pinzas para filetes<\/h2>\n<p><strong>Vers\u00e1til:<\/strong> El dise\u00f1o exclusivo de Steak Clip permite manipular una gran variedad de alimentos. Puede utilizarse para dar la vuelta a filetes y salm\u00f3n, as\u00ed como para levantar s\u00e1ndwiches de queso a la plancha. Tambi\u00e9n se puede utilizar para tortitas, hamburguesas e incluso verduras.<\/p>\n<p><strong>Mejor agarre:<\/strong> A diferencia de las pinzas tradicionales, el dise\u00f1o en forma de esp\u00e1tula proporciona una superficie amplia y plana para apoyar los alimentos, evitando que resbalen o se rompan. Esto es especialmente \u00fatil para alimentos delicados como el pescado o fr\u00e1giles como los s\u00e1ndwiches de queso a la plancha.<\/p>\n<p><strong>Ergon\u00f3mico:<\/strong> El mango est\u00e1 dise\u00f1ado ergon\u00f3micamente para un excelente control y un agarre c\u00f3modo, reduciendo eficazmente la fatiga de la mano, especialmente durante largas sesiones de cocci\u00f3n.<\/p>\n<p><strong>Suministro a granel:<\/strong> Como fabricante profesional de utensilios de cocina con una l\u00ednea de producci\u00f3n a gran escala, ofrecemos el suministro de productos a granel a precios de f\u00e1brica, lo que permite el cumplimiento eficiente de grandes pedidos.<\/p>","protected":false},"featured_media":4753,"comment_status":"closed","ping_status":"closed","template":"","meta":{"_acf_changed":false},"product_brand":[],"product_cat":[66,52],"product_tag":[],"class_list":{"0":"post-4752","1":"product","2":"type-product","3":"status-publish","4":"has-post-thumbnail","6":"product_cat-food-tongs","7":"product_cat-kitchen-utensils","9":"first","10":"instock","11":"shipping-taxable","12":"product-type-simple"},"acf":[],"_links":{"self":[{"href":"https:\/\/www.purecook.com\/es\/wp-json\/wp\/v2\/product\/4752","targetHints":{"allow":["GET"]}}],"collection":[{"href":"https:\/\/www.purecook.com\/es\/wp-json\/wp\/v2\/product"}],"about":[{"href":"https:\/\/www.purecook.com\/es\/wp-json\/wp\/v2\/types\/product"}],"replies":[{"embeddable":true,"href":"https:\/\/www.purecook.com\/es\/wp-json\/wp\/v2\/comments?post=4752"}],"wp:featuredmedia":[{"embeddable":true,"href":"https:\/\/www.purecook.com\/es\/wp-json\/wp\/v2\/media\/4753"}],"wp:attachment":[{"href":"https:\/\/www.purecook.com\/es\/wp-json\/wp\/v2\/media?parent=4752"}],"wp:term":[{"taxonomy":"product_brand","embeddable":true,"href":"https:\/\/www.purecook.com\/es\/wp-json\/wp\/v2\/product_brand?post=4752"},{"taxonomy":"product_cat","embeddable":true,"href":"https:\/\/www.purecook.com\/es\/wp-json\/wp\/v2\/product_cat?post=4752"},{"taxonomy":"product_tag","embeddable":true,"href":"https:\/\/www.purecook.com\/es\/wp-json\/wp\/v2\/product_tag?post=4752"}],"curies":[{"name":"wp","href":"https:\/\/api.w.org\/{rel}","templated":true}]}}