{"id":4770,"date":"2025-09-15T09:36:40","date_gmt":"2025-09-15T01:36:40","guid":{"rendered":"https:\/\/www.purecook.com\/?post_type=product&#038;p=4770"},"modified":"2025-09-15T10:01:28","modified_gmt":"2025-09-15T02:01:28","slug":"wholesale-dual-purpose-fry-pot-and-food-container","status":"publish","type":"product","link":"https:\/\/www.purecook.com\/es\/product\/wholesale-dual-purpose-fry-pot-and-food-container\/","title":{"rendered":"Mayorista Recipiente doble para fre\u00edr y alimentos"},"content":{"rendered":"<div class=\"wp-block-columns is-layout-flex wp-container-core-columns-is-layout-9d6595d7 wp-block-columns-is-layout-flex\">\n<div class=\"wp-block-column is-layout-flow wp-block-column-is-layout-flow\">\n<h3 class=\"wp-block-heading\">Par\u00e1metros del juego de escurridores de acero inoxidable<\/h3>\n\n\n\n<p><strong>Material:<\/strong> Acero inoxidable<br><strong>Tapa:<\/strong> PP \/ ABS<br><strong>Logotipo:<\/strong> serigraf\u00eda\/grabado l\u00e1ser\/sello en relieve<br><strong>Contenedor:<\/strong> 18,5\u00d718,5\u00d79 cm<br><strong>Cesta para fre\u00edr:<\/strong> 15,5\u00d715,5\u00d77 cm<br><strong>Vaporizador: <\/strong>15\u00d715\u00d73 cm<\/p>\n<\/div>\n\n\n\n<div class=\"wp-block-column is-layout-flow wp-block-column-is-layout-flow\">\n<h3 class=\"wp-block-heading\">Opciones de macetas personalizadas<\/h3>\n\n\n\n<p><strong>Logotipo:<\/strong> Personalizable con el logotipo de su marca<br><strong>Color:<\/strong> Personalizable<br><strong>Embalaje:<\/strong>\u00a0Caja de color \/ Cart\u00f3n, etc<\/p>\n<\/div>\n<\/div>\n\n\n\n<div class=\"wp-block-columns is-layout-flex wp-container-core-columns-is-layout-9d6595d7 wp-block-columns-is-layout-flex\">\n<div class=\"wp-block-column is-layout-flow wp-block-column-is-layout-flow\">\n<figure class=\"wp-block-image size-full\"><img decoding=\"async\" width=\"800\" height=\"800\" src=\"https:\/\/www.purecook.com\/wp-content\/uploads\/2025\/09\/dual-purpose-fry-pot-and-food-container-4.webp\" alt=\"olla doble y contenedor de alimentos (4)\" class=\"wp-image-4774\" srcset=\"https:\/\/www.purecook.com\/wp-content\/uploads\/2025\/09\/dual-purpose-fry-pot-and-food-container-4.webp 800w, https:\/\/www.purecook.com\/wp-content\/uploads\/2025\/09\/dual-purpose-fry-pot-and-food-container-4-300x300.webp 300w, https:\/\/www.purecook.com\/wp-content\/uploads\/2025\/09\/dual-purpose-fry-pot-and-food-container-4-150x150.webp 150w, https:\/\/www.purecook.com\/wp-content\/uploads\/2025\/09\/dual-purpose-fry-pot-and-food-container-4-768x768.webp 768w, https:\/\/www.purecook.com\/wp-content\/uploads\/2025\/09\/dual-purpose-fry-pot-and-food-container-4-12x12.webp 12w, https:\/\/www.purecook.com\/wp-content\/uploads\/2025\/09\/dual-purpose-fry-pot-and-food-container-4-600x600.webp 600w, https:\/\/www.purecook.com\/wp-content\/uploads\/2025\/09\/dual-purpose-fry-pot-and-food-container-4-100x100.webp 100w\" sizes=\"(max-width: 800px) 100vw, 800px\" \/><\/figure>\n<\/div>\n\n\n\n<div class=\"wp-block-column is-layout-flow wp-block-column-is-layout-flow\">\n<figure class=\"wp-block-image size-full\"><img decoding=\"async\" width=\"800\" height=\"800\" src=\"https:\/\/www.purecook.com\/wp-content\/uploads\/2025\/09\/dual-purpose-fry-pot-and-food-container-5.webp\" alt=\"olla doble y contenedor de alimentos (5)\" class=\"wp-image-4775\" srcset=\"https:\/\/www.purecook.com\/wp-content\/uploads\/2025\/09\/dual-purpose-fry-pot-and-food-container-5.webp 800w, https:\/\/www.purecook.com\/wp-content\/uploads\/2025\/09\/dual-purpose-fry-pot-and-food-container-5-300x300.webp 300w, https:\/\/www.purecook.com\/wp-content\/uploads\/2025\/09\/dual-purpose-fry-pot-and-food-container-5-150x150.webp 150w, https:\/\/www.purecook.com\/wp-content\/uploads\/2025\/09\/dual-purpose-fry-pot-and-food-container-5-768x768.webp 768w, https:\/\/www.purecook.com\/wp-content\/uploads\/2025\/09\/dual-purpose-fry-pot-and-food-container-5-12x12.webp 12w, https:\/\/www.purecook.com\/wp-content\/uploads\/2025\/09\/dual-purpose-fry-pot-and-food-container-5-600x600.webp 600w, https:\/\/www.purecook.com\/wp-content\/uploads\/2025\/09\/dual-purpose-fry-pot-and-food-container-5-100x100.webp 100w\" sizes=\"(max-width: 800px) 100vw, 800px\" \/><\/figure>\n<\/div>\n<\/div>\n\n\n\n<div class=\"wp-block-columns is-layout-flex wp-container-core-columns-is-layout-9d6595d7 wp-block-columns-is-layout-flex\">\n<div class=\"wp-block-column is-layout-flow wp-block-column-is-layout-flow\"><\/div>\n\n\n\n<div class=\"wp-block-column is-layout-flow wp-block-column-is-layout-flow\"><\/div>\n<\/div>","protected":false},"excerpt":{"rendered":"<p>Olla para fre\u00edr y recipiente para alimentos al por mayor de doble uso. Est\u00e1 equipada con una cesta para fre\u00edr, una rejilla para cocer al vapor y una tapa de seguridad, lo que le permite fre\u00edr, cocer al vapor o almacenar alimentos f\u00e1cilmente. Est\u00e1 fabricada con material de acero inoxidable no t\u00f3xico y apto para uso alimentario para garantizar una cocina segura y saludable. Este utensilio de cocina es compatible con placas de inducci\u00f3n y cocinas de gas, por lo que es una opci\u00f3n ideal para hogares ocupados, preparaci\u00f3n de comidas o cenas al aire libre. P\u00f3ngase en contacto con nosotros para solicitar un presupuesto.<\/p>\n<h2>Caracter\u00edsticas de la olla doble y el recipiente para alimentos<\/h2>\n<p><strong>Menaje de cocina multifuncional:<\/strong> Este producto ofrece m\u00faltiples funciones. Equipado con una cesta para fre\u00edr, una rejilla para cocinar al vapor y una tapa, puede utilizarse como freidora, vaporera o recipiente para alimentos con tapa.<\/p>\n<p><strong>Almacenamiento compacto:<\/strong> La cesta para fre\u00edr y la rejilla para cocinar al vapor se guardan f\u00e1cilmente dentro de la olla, ahorrando espacio cuando no se utilizan.<\/p>\n<p><strong>Port\u00e1til:<\/strong> El asa y la tapa con cierre facilitan el transporte, lo que permite llevar la comida directamente desde casa despu\u00e9s de cocinarla, eliminando la necesidad de un bento o fiambrera aparte.<\/p>\n<p><strong>Seguro y saludable:<\/strong>\u00a0Los materiales no t\u00f3xicos y aptos para uso alimentario garantizan la seguridad de sus comidas, sin filtraciones qu\u00edmicas durante la cocci\u00f3n o el almacenamiento.<\/p>\n<p><strong>Compatible con cocinas de inducci\u00f3n:<\/strong> Esta bater\u00eda de cocina multifuncional est\u00e1 dise\u00f1ada con materiales magn\u00e9ticos de alta calidad y es compatible con placas de inducci\u00f3n, lo que hace que cocinar en casa sea a\u00fan m\u00e1s c\u00f3modo.<\/p>","protected":false},"featured_media":4771,"comment_status":"closed","ping_status":"closed","template":"","meta":{"_acf_changed":false},"product_brand":[],"product_cat":[24,51,25,72],"product_tag":[],"class_list":{"0":"post-4770","1":"product","2":"type-product","3":"status-publish","4":"has-post-thumbnail","6":"product_cat-cookware","7":"product_cat-dinnerware","8":"product_cat-food-storage","9":"product_cat-fryer-pots","11":"first","12":"instock","13":"shipping-taxable","14":"product-type-simple"},"acf":[],"_links":{"self":[{"href":"https:\/\/www.purecook.com\/es\/wp-json\/wp\/v2\/product\/4770","targetHints":{"allow":["GET"]}}],"collection":[{"href":"https:\/\/www.purecook.com\/es\/wp-json\/wp\/v2\/product"}],"about":[{"href":"https:\/\/www.purecook.com\/es\/wp-json\/wp\/v2\/types\/product"}],"replies":[{"embeddable":true,"href":"https:\/\/www.purecook.com\/es\/wp-json\/wp\/v2\/comments?post=4770"}],"wp:featuredmedia":[{"embeddable":true,"href":"https:\/\/www.purecook.com\/es\/wp-json\/wp\/v2\/media\/4771"}],"wp:attachment":[{"href":"https:\/\/www.purecook.com\/es\/wp-json\/wp\/v2\/media?parent=4770"}],"wp:term":[{"taxonomy":"product_brand","embeddable":true,"href":"https:\/\/www.purecook.com\/es\/wp-json\/wp\/v2\/product_brand?post=4770"},{"taxonomy":"product_cat","embeddable":true,"href":"https:\/\/www.purecook.com\/es\/wp-json\/wp\/v2\/product_cat?post=4770"},{"taxonomy":"product_tag","embeddable":true,"href":"https:\/\/www.purecook.com\/es\/wp-json\/wp\/v2\/product_tag?post=4770"}],"curies":[{"name":"wp","href":"https:\/\/api.w.org\/{rel}","templated":true}]}}