{"id":4785,"date":"2025-09-26T15:29:45","date_gmt":"2025-09-26T07:29:45","guid":{"rendered":"https:\/\/www.purecook.com\/?post_type=product&#038;p=4785"},"modified":"2025-09-26T16:13:38","modified_gmt":"2025-09-26T08:13:38","slug":"wholesale-three-layer-strainer-basket-set","status":"publish","type":"product","link":"https:\/\/www.purecook.com\/es\/product\/wholesale-three-layer-strainer-basket-set\/","title":{"rendered":"Mayorista Cesto Colador de Tres Capas, Colador Cuadrado con Bol"},"content":{"rendered":"<div class=\"wp-block-columns is-layout-flex wp-container-core-columns-is-layout-9d6595d7 wp-block-columns-is-layout-flex\">\n<div class=\"wp-block-column is-layout-flow wp-block-column-is-layout-flow\">\n<h3 class=\"wp-block-heading\">Par\u00e1metros de la cesta del colador<\/h3>\n\n\n\n<p><strong>Material:<\/strong> Acero inoxidable 304<br><strong>Grosor:<\/strong> 0,5 mm<br><strong>Logotipo:<\/strong> Serigraf\u00eda \/ Grabado l\u00e1ser \/ Estampado en relieve<br><strong>Tama\u00f1o:<\/strong> 18\/22\/26\/30 cm<br><strong>Peso bruto:<\/strong> 1 kg por pieza<\/p>\n<\/div>\n\n\n\n<div class=\"wp-block-column is-layout-flow wp-block-column-is-layout-flow\">\n<h3 class=\"wp-block-heading\">Opciones de menaje personalizadas<\/h3>\n\n\n\n<p><strong>Logotipo:<\/strong> Personalizable con el logotipo de su marca<br><strong>Color:<\/strong> Personalizable<br><strong>Embalaje:<\/strong>\u00a0Caja de color \/ Cart\u00f3n, etc<\/p>\n<\/div>\n<\/div>\n\n\n\n<div class=\"wp-block-columns is-layout-flex wp-container-core-columns-is-layout-9d6595d7 wp-block-columns-is-layout-flex\">\n<div class=\"wp-block-column is-layout-flow wp-block-column-is-layout-flow\">\n<figure class=\"wp-block-image size-full\"><img decoding=\"async\" width=\"800\" height=\"800\" src=\"https:\/\/www.purecook.com\/wp-content\/uploads\/2025\/09\/three-layer-strainer-basket-set-3.webp\" alt=\"juego de cestas coladoras de tres capas (3)\" class=\"wp-image-4791\" srcset=\"https:\/\/www.purecook.com\/wp-content\/uploads\/2025\/09\/three-layer-strainer-basket-set-3.webp 800w, https:\/\/www.purecook.com\/wp-content\/uploads\/2025\/09\/three-layer-strainer-basket-set-3-300x300.webp 300w, https:\/\/www.purecook.com\/wp-content\/uploads\/2025\/09\/three-layer-strainer-basket-set-3-150x150.webp 150w, https:\/\/www.purecook.com\/wp-content\/uploads\/2025\/09\/three-layer-strainer-basket-set-3-768x768.webp 768w, https:\/\/www.purecook.com\/wp-content\/uploads\/2025\/09\/three-layer-strainer-basket-set-3-12x12.webp 12w, https:\/\/www.purecook.com\/wp-content\/uploads\/2025\/09\/three-layer-strainer-basket-set-3-600x600.webp 600w, https:\/\/www.purecook.com\/wp-content\/uploads\/2025\/09\/three-layer-strainer-basket-set-3-100x100.webp 100w\" sizes=\"(max-width: 800px) 100vw, 800px\" \/><\/figure>\n<\/div>\n\n\n\n<div class=\"wp-block-column is-layout-flow wp-block-column-is-layout-flow\">\n<figure class=\"wp-block-image size-full\"><img decoding=\"async\" width=\"800\" height=\"800\" src=\"https:\/\/www.purecook.com\/wp-content\/uploads\/2025\/09\/three-layer-strainer-basket-set-4.webp\" alt=\"juego de cestas coladoras de tres capas (4)\" class=\"wp-image-4792\" srcset=\"https:\/\/www.purecook.com\/wp-content\/uploads\/2025\/09\/three-layer-strainer-basket-set-4.webp 800w, https:\/\/www.purecook.com\/wp-content\/uploads\/2025\/09\/three-layer-strainer-basket-set-4-300x300.webp 300w, https:\/\/www.purecook.com\/wp-content\/uploads\/2025\/09\/three-layer-strainer-basket-set-4-150x150.webp 150w, https:\/\/www.purecook.com\/wp-content\/uploads\/2025\/09\/three-layer-strainer-basket-set-4-768x768.webp 768w, https:\/\/www.purecook.com\/wp-content\/uploads\/2025\/09\/three-layer-strainer-basket-set-4-12x12.webp 12w, https:\/\/www.purecook.com\/wp-content\/uploads\/2025\/09\/three-layer-strainer-basket-set-4-600x600.webp 600w, https:\/\/www.purecook.com\/wp-content\/uploads\/2025\/09\/three-layer-strainer-basket-set-4-100x100.webp 100w\" sizes=\"(max-width: 800px) 100vw, 800px\" \/><\/figure>\n<\/div>\n<\/div>\n\n\n\n<div class=\"wp-block-columns is-layout-flex wp-container-core-columns-is-layout-9d6595d7 wp-block-columns-is-layout-flex\">\n<div class=\"wp-block-column is-layout-flow wp-block-column-is-layout-flow\"><\/div>\n\n\n\n<div class=\"wp-block-column is-layout-flow wp-block-column-is-layout-flow\"><\/div>\n<\/div>","protected":false},"excerpt":{"rendered":"<p>Los juegos de cestas coladoras de tres capas al por mayor, dise\u00f1ados para ofrecer versatilidad y comodidad, incluyen un colador para lavar y escurrir verduras, una caja de almacenamiento para conservar la frescura y una cubierta para la tabla de cortar para preparar c\u00f3modamente los alimentos. Es perfecto para cocinas dom\u00e9sticas y uso en exteriores.<\/p>\n<h2>Caracter\u00edsticas y ventajas del cesto colador de acero inoxidable<\/h2>\n<p><strong>Vers\u00e1til:<\/strong> Este set combina varios utensilios de cocina esenciales en uno, como un escurridor para lavar y escurrir verduras, un recipiente de almacenamiento y una tabla de cortar, por lo que es perfecto tanto para uso dom\u00e9stico como al aire libre.<\/p>\n<p><strong>Transporte port\u00e1til y seguro:<\/strong> La correa de transporte con hebilla es una gran ventaja, ya que asegura los componentes durante el transporte, evita que la tapa se deslice y tambi\u00e9n funciona como asa para facilitar el transporte.<\/p>\n<p><strong>Dise\u00f1o que ahorra espacio:<\/strong> Los componentes est\u00e1n dise\u00f1ados para anidarse o apilarse de forma eficiente, por lo que resulta ideal para espacios reducidos como caravanas, bolsas de material de acampada o cocinas minimalistas.<\/p>\n<p><strong>Material duradero y seguro:<\/strong> Fabricados en acero inoxidable, los componentes principales son muy duraderos, resistentes al \u00f3xido y la corrosi\u00f3n, f\u00e1ciles de limpiar y aptos para el lavavajillas.<\/p>","protected":false},"featured_media":4789,"comment_status":"closed","ping_status":"closed","template":"","meta":{"_acf_changed":false},"product_brand":[],"product_cat":[52,65],"product_tag":[],"class_list":{"0":"post-4785","1":"product","2":"type-product","3":"status-publish","4":"has-post-thumbnail","6":"product_cat-kitchen-utensils","7":"product_cat-kitchen-strainer-and-colander","9":"first","10":"instock","11":"shipping-taxable","12":"product-type-simple"},"acf":[],"_links":{"self":[{"href":"https:\/\/www.purecook.com\/es\/wp-json\/wp\/v2\/product\/4785","targetHints":{"allow":["GET"]}}],"collection":[{"href":"https:\/\/www.purecook.com\/es\/wp-json\/wp\/v2\/product"}],"about":[{"href":"https:\/\/www.purecook.com\/es\/wp-json\/wp\/v2\/types\/product"}],"replies":[{"embeddable":true,"href":"https:\/\/www.purecook.com\/es\/wp-json\/wp\/v2\/comments?post=4785"}],"wp:featuredmedia":[{"embeddable":true,"href":"https:\/\/www.purecook.com\/es\/wp-json\/wp\/v2\/media\/4789"}],"wp:attachment":[{"href":"https:\/\/www.purecook.com\/es\/wp-json\/wp\/v2\/media?parent=4785"}],"wp:term":[{"taxonomy":"product_brand","embeddable":true,"href":"https:\/\/www.purecook.com\/es\/wp-json\/wp\/v2\/product_brand?post=4785"},{"taxonomy":"product_cat","embeddable":true,"href":"https:\/\/www.purecook.com\/es\/wp-json\/wp\/v2\/product_cat?post=4785"},{"taxonomy":"product_tag","embeddable":true,"href":"https:\/\/www.purecook.com\/es\/wp-json\/wp\/v2\/product_tag?post=4785"}],"curies":[{"name":"wp","href":"https:\/\/api.w.org\/{rel}","templated":true}]}}