{"id":4795,"date":"2025-09-26T16:14:26","date_gmt":"2025-09-26T08:14:26","guid":{"rendered":"https:\/\/www.purecook.com\/?post_type=product&#038;p=4795"},"modified":"2025-11-24T11:38:18","modified_gmt":"2025-11-24T03:38:18","slug":"wholesale-outdoor-stainless-steel-frying-pans","status":"publish","type":"product","link":"https:\/\/www.purecook.com\/es\/product\/wholesale-outdoor-stainless-steel-frying-pans\/","title":{"rendered":"Mayorista Sartenes de Acero Inoxidable para Exterior"},"content":{"rendered":"<div class=\"wp-block-columns is-layout-flex wp-container-core-columns-is-layout-9d6595d7 wp-block-columns-is-layout-flex\">\n<div class=\"wp-block-column is-layout-flow wp-block-column-is-layout-flow\">\n<h3 class=\"wp-block-heading\">Par\u00e1metros de la sart\u00e9n de acero inoxidable para exteriores<\/h3>\n\n\n\n<p><strong>Material:<\/strong> SS304<br><strong>Logotipo:<\/strong> Serigraf\u00eda \/ Grabado l\u00e1ser \/ Estampado en relieve<br><strong>Tama\u00f1o:<\/strong> 20\/22\/24 cm<br><br><\/p>\n<\/div>\n\n\n\n<div class=\"wp-block-column is-layout-flow wp-block-column-is-layout-flow\">\n<h3 class=\"wp-block-heading\">Opciones de bater\u00eda de cocina a medida<\/h3>\n\n\n\n<p><strong>Logotipo:<\/strong> Personalizable con el logotipo de su marca<br><strong>Embalaje:<\/strong>\u00a0Caja de color\/Cart\u00f3n, etc<\/p>\n<\/div>\n<\/div>\n\n\n\n<div class=\"wp-block-columns is-layout-flex wp-container-core-columns-is-layout-9d6595d7 wp-block-columns-is-layout-flex\">\n<div class=\"wp-block-column is-layout-flow wp-block-column-is-layout-flow\">\n<figure class=\"wp-block-image size-full\"><img decoding=\"async\" width=\"800\" height=\"800\" src=\"https:\/\/www.purecook.com\/wp-content\/uploads\/2025\/09\/wholesale-outcoor-frying-pan-2.webp\" alt=\"mayorista sartenes outcoor (2)\" class=\"wp-image-4797\" srcset=\"https:\/\/www.purecook.com\/wp-content\/uploads\/2025\/09\/wholesale-outcoor-frying-pan-2.webp 800w, https:\/\/www.purecook.com\/wp-content\/uploads\/2025\/09\/wholesale-outcoor-frying-pan-2-300x300.webp 300w, https:\/\/www.purecook.com\/wp-content\/uploads\/2025\/09\/wholesale-outcoor-frying-pan-2-150x150.webp 150w, https:\/\/www.purecook.com\/wp-content\/uploads\/2025\/09\/wholesale-outcoor-frying-pan-2-768x768.webp 768w, https:\/\/www.purecook.com\/wp-content\/uploads\/2025\/09\/wholesale-outcoor-frying-pan-2-12x12.webp 12w, https:\/\/www.purecook.com\/wp-content\/uploads\/2025\/09\/wholesale-outcoor-frying-pan-2-600x600.webp 600w, https:\/\/www.purecook.com\/wp-content\/uploads\/2025\/09\/wholesale-outcoor-frying-pan-2-100x100.webp 100w\" sizes=\"(max-width: 800px) 100vw, 800px\" \/><\/figure>\n<\/div>\n\n\n\n<div class=\"wp-block-column is-layout-flow wp-block-column-is-layout-flow\">\n<figure class=\"wp-block-image size-full\"><img decoding=\"async\" width=\"800\" height=\"800\" src=\"https:\/\/www.purecook.com\/wp-content\/uploads\/2025\/09\/wholesale-outcoor-frying-pan-3.webp\" alt=\"mayorista sartenes outcoor (3)\" class=\"wp-image-4798\" srcset=\"https:\/\/www.purecook.com\/wp-content\/uploads\/2025\/09\/wholesale-outcoor-frying-pan-3.webp 800w, https:\/\/www.purecook.com\/wp-content\/uploads\/2025\/09\/wholesale-outcoor-frying-pan-3-300x300.webp 300w, https:\/\/www.purecook.com\/wp-content\/uploads\/2025\/09\/wholesale-outcoor-frying-pan-3-150x150.webp 150w, https:\/\/www.purecook.com\/wp-content\/uploads\/2025\/09\/wholesale-outcoor-frying-pan-3-768x768.webp 768w, https:\/\/www.purecook.com\/wp-content\/uploads\/2025\/09\/wholesale-outcoor-frying-pan-3-12x12.webp 12w, https:\/\/www.purecook.com\/wp-content\/uploads\/2025\/09\/wholesale-outcoor-frying-pan-3-600x600.webp 600w, https:\/\/www.purecook.com\/wp-content\/uploads\/2025\/09\/wholesale-outcoor-frying-pan-3-100x100.webp 100w\" sizes=\"(max-width: 800px) 100vw, 800px\" \/><\/figure>\n<\/div>\n<\/div>\n\n\n\n<div class=\"wp-block-columns is-layout-flex wp-container-core-columns-is-layout-9d6595d7 wp-block-columns-is-layout-flex\">\n<div class=\"wp-block-column is-layout-flow wp-block-column-is-layout-flow\"><\/div>\n\n\n\n<div class=\"wp-block-column is-layout-flow wp-block-column-is-layout-flow\"><\/div>\n<\/div>","protected":false},"excerpt":{"rendered":"<p>Sartenes de exterior al por mayor, perfectas para cocinar con un hornillo de gas. El mango extra\u00edble de la sart\u00e9n integra inteligentemente un cuchillo y un tenedor, a\u00f1adiendo comodidad para acampar, picnics o senderismo. P\u00f3ngase en contacto con nosotros para solicitar un presupuesto al por mayor.<\/p>\n<h2>Caracter\u00edsticas de las sartenes de acero inoxidable para exteriores<\/h2>\n<p><strong>Cocina vers\u00e1til:<\/strong> Fabricadas en acero inoxidable 304, estas sartenes son adecuadas para una gran variedad de tareas, como fre\u00edr, hervir o sofre\u00edr.<\/p>\n<p><strong>Asa innovadora y pr\u00e1ctica:<\/strong> La sart\u00e9n al por mayor incluye un mango extra\u00edble con cuchillo y tenedor incluidos, lo que la hace pr\u00e1ctica para usar al aire libre sin tener que llevar utensilios aparte.<\/p>\n<p><strong>Compatibilidad para cocinar al aire libre:<\/strong> Dise\u00f1adas para su uso en hornillos de gas port\u00e1tiles, estas sartenes son perfectas para acampadas, picnics u otras aventuras al aire libre.<\/p>\n<p><strong>M\u00e1s f\u00e1cil de limpiar:<\/strong> Construidas en acero inoxidable, son resistentes a la corrosi\u00f3n y al \u00f3xido, y su superficie lisa resiste las manchas de comida y permite una limpieza r\u00e1pida en un fregadero peque\u00f1o o en un barre\u00f1o de camping.<\/p>","protected":false},"featured_media":4796,"comment_status":"closed","ping_status":"closed","template":"","meta":{"_acf_changed":false},"product_brand":[],"product_cat":[24,71],"product_tag":[96],"class_list":{"0":"post-4795","1":"product","2":"type-product","3":"status-publish","4":"has-post-thumbnail","6":"product_cat-cookware","7":"product_cat-frying-pan","8":"product_tag-wholesale-outdoor-cookware","10":"first","11":"instock","12":"shipping-taxable","13":"product-type-simple"},"acf":[],"_links":{"self":[{"href":"https:\/\/www.purecook.com\/es\/wp-json\/wp\/v2\/product\/4795","targetHints":{"allow":["GET"]}}],"collection":[{"href":"https:\/\/www.purecook.com\/es\/wp-json\/wp\/v2\/product"}],"about":[{"href":"https:\/\/www.purecook.com\/es\/wp-json\/wp\/v2\/types\/product"}],"replies":[{"embeddable":true,"href":"https:\/\/www.purecook.com\/es\/wp-json\/wp\/v2\/comments?post=4795"}],"wp:featuredmedia":[{"embeddable":true,"href":"https:\/\/www.purecook.com\/es\/wp-json\/wp\/v2\/media\/4796"}],"wp:attachment":[{"href":"https:\/\/www.purecook.com\/es\/wp-json\/wp\/v2\/media?parent=4795"}],"wp:term":[{"taxonomy":"product_brand","embeddable":true,"href":"https:\/\/www.purecook.com\/es\/wp-json\/wp\/v2\/product_brand?post=4795"},{"taxonomy":"product_cat","embeddable":true,"href":"https:\/\/www.purecook.com\/es\/wp-json\/wp\/v2\/product_cat?post=4795"},{"taxonomy":"product_tag","embeddable":true,"href":"https:\/\/www.purecook.com\/es\/wp-json\/wp\/v2\/product_tag?post=4795"}],"curies":[{"name":"wp","href":"https:\/\/api.w.org\/{rel}","templated":true}]}}