{"id":4881,"date":"2025-11-01T10:36:16","date_gmt":"2025-11-01T02:36:16","guid":{"rendered":"https:\/\/www.purecook.com\/?post_type=product&#038;p=4881"},"modified":"2025-11-01T11:14:03","modified_gmt":"2025-11-01T03:14:03","slug":"wholesale-stainless-steel-pasta-pot","status":"publish","type":"product","link":"https:\/\/www.purecook.com\/es\/product\/wholesale-stainless-steel-pasta-pot\/","title":{"rendered":"Mayorista Olla para Pasta de Acero Inoxidable - Calidad Comercial, Gran Capacidad, Apta para Lavavajillas"},"content":{"rendered":"<div class=\"wp-block-columns is-layout-flex wp-container-core-columns-is-layout-9d6595d7 wp-block-columns-is-layout-flex\">\n<div class=\"wp-block-column is-layout-flow wp-block-column-is-layout-flow\">\n<h3 class=\"wp-block-heading\">Par\u00e1metros de la sart\u00e9n de acero inoxidable para exteriores<\/h3>\n\n\n\n<p><strong>Material:<\/strong> SUS#201<br><strong>Grosor normal:<\/strong> 0,5 mm<br><strong>Tapa:<\/strong> Tapas de acero inoxidable<br><strong>Abajo: <\/strong>Inducci\u00f3n Fondo s\u00e1ndwich (SUS201+2mm Alu.+SUS)<br><strong>Logotipo: <\/strong>Logotipo l\u00e1ser<br><strong>Tama\u00f1o:<\/strong> Maceta de 20\u00d714,5 cm <br>        Vaporizador 20\u00d7 15,5cm<br><strong>Di\u00e1metro exterior<\/strong> 22 cm<\/p>\n<\/div>\n\n\n\n<div class=\"wp-block-column is-layout-flow wp-block-column-is-layout-flow\">\n<h3 class=\"wp-block-heading\">Opciones de bater\u00eda de cocina a medida<\/h3>\n\n\n\n<p><strong>Logotipo:<\/strong> Personalizable con el logotipo de su marca<br><strong>Embalaje:<\/strong>\u00a0Caja de color\/Cart\u00f3n, etc<br><strong>Asa: <\/strong>Mango a su medida<\/p>\n<\/div>\n<\/div>\n\n\n\n<div class=\"wp-block-columns is-layout-flex wp-container-core-columns-is-layout-9d6595d7 wp-block-columns-is-layout-flex\">\n<div class=\"wp-block-column is-layout-flow wp-block-column-is-layout-flow\">\n<figure class=\"wp-block-image size-full\"><img decoding=\"async\" width=\"800\" height=\"800\" src=\"https:\/\/www.purecook.com\/wp-content\/uploads\/2025\/11\/wholesale-pasta-pot-3.webp\" alt=\"mayorista pasta olla (3)\" class=\"wp-image-4884\" srcset=\"https:\/\/www.purecook.com\/wp-content\/uploads\/2025\/11\/wholesale-pasta-pot-3.webp 800w, https:\/\/www.purecook.com\/wp-content\/uploads\/2025\/11\/wholesale-pasta-pot-3-300x300.webp 300w, https:\/\/www.purecook.com\/wp-content\/uploads\/2025\/11\/wholesale-pasta-pot-3-150x150.webp 150w, https:\/\/www.purecook.com\/wp-content\/uploads\/2025\/11\/wholesale-pasta-pot-3-768x768.webp 768w, https:\/\/www.purecook.com\/wp-content\/uploads\/2025\/11\/wholesale-pasta-pot-3-12x12.webp 12w, https:\/\/www.purecook.com\/wp-content\/uploads\/2025\/11\/wholesale-pasta-pot-3-600x600.webp 600w, https:\/\/www.purecook.com\/wp-content\/uploads\/2025\/11\/wholesale-pasta-pot-3-100x100.webp 100w\" sizes=\"(max-width: 800px) 100vw, 800px\" \/><\/figure>\n<\/div>\n\n\n\n<div class=\"wp-block-column is-layout-flow wp-block-column-is-layout-flow\">\n<figure class=\"wp-block-image size-full\"><img decoding=\"async\" width=\"800\" height=\"800\" src=\"https:\/\/www.purecook.com\/wp-content\/uploads\/2025\/11\/wholesale-pasta-pot-dimensions.webp\" alt=\"venta al por mayor pasta dimensiones olla\" class=\"wp-image-4887\" srcset=\"https:\/\/www.purecook.com\/wp-content\/uploads\/2025\/11\/wholesale-pasta-pot-dimensions.webp 800w, https:\/\/www.purecook.com\/wp-content\/uploads\/2025\/11\/wholesale-pasta-pot-dimensions-300x300.webp 300w, https:\/\/www.purecook.com\/wp-content\/uploads\/2025\/11\/wholesale-pasta-pot-dimensions-150x150.webp 150w, https:\/\/www.purecook.com\/wp-content\/uploads\/2025\/11\/wholesale-pasta-pot-dimensions-768x768.webp 768w, https:\/\/www.purecook.com\/wp-content\/uploads\/2025\/11\/wholesale-pasta-pot-dimensions-12x12.webp 12w, https:\/\/www.purecook.com\/wp-content\/uploads\/2025\/11\/wholesale-pasta-pot-dimensions-600x600.webp 600w, https:\/\/www.purecook.com\/wp-content\/uploads\/2025\/11\/wholesale-pasta-pot-dimensions-100x100.webp 100w\" sizes=\"(max-width: 800px) 100vw, 800px\" \/><\/figure>\n<\/div>\n<\/div>\n\n\n\n<div class=\"wp-block-columns is-layout-flex wp-container-core-columns-is-layout-9d6595d7 wp-block-columns-is-layout-flex\">\n<div class=\"wp-block-column is-layout-flow wp-block-column-is-layout-flow\"><\/div>\n\n\n\n<div class=\"wp-block-column is-layout-flow wp-block-column-is-layout-flow\"><\/div>\n<\/div>","protected":false},"excerpt":{"rendered":"<p>Le invitamos a realizar pedidos al por mayor de nuestras ollas para pasta. Funciona como olla sopera de gran capacidad y como eficaz olla para pasta, maximizando el espacio de la cocina. Su gran capacidad es perfecta para cocinar una gran olla de pasta o preparar varias sopas calientes para restaurantes o peque\u00f1os comedores, satisfaciendo las necesidades tanto de familias numerosas como de peque\u00f1os restaurantes. P\u00f3ngase en contacto con nosotros para solicitar un presupuesto.<\/p>\n<h2>Caracter\u00edsticas de la olla para pasta de acero inoxidable<\/h2>\n<p><strong>Excelente olla para pasta:<\/strong> Viene con un colador extra\u00edble, que permite escurrir f\u00e1cilmente los fideos cocidos directamente en el fregadero sin necesidad de un colador aparte.<\/p>\n<p><strong>F\u00e1cil de limpiar y mantener:<\/strong> Nuestra olla para pasta al por mayor est\u00e1 fabricada en acero inoxidable duradero y es apta para el lavavajillas, lo que le ahorrar\u00e1 tiempo de limpieza.<\/p>\n<p><strong>Dise\u00f1o pr\u00e1ctico:<\/strong> Tanto la olla principal como la interior disponen de robustas asas laterales que permiten levantarlas con facilidad y seguridad incluso cuando est\u00e1n llenas.<\/p>\n<p><strong>Gran capacidad:<\/strong> Con un di\u00e1metro de 22 cm, la olla puede cocinar m\u00e1s alimentos a la vez, adecuada para restaurantes comerciales o familias numerosas.<\/p>\n<p><strong>Soporte OEM:<\/strong> Ofrecemos servicios integrales de personalizaci\u00f3n, como el grabado del logotipo de la marca, la selecci\u00f3n de distintos materiales o acabados superficiales, ajustes de capacidad, etc., ideales para cadenas de restaurantes, hoteles y mayoristas.<\/p>","protected":false},"featured_media":4882,"comment_status":"closed","ping_status":"closed","template":"","meta":{"_acf_changed":false},"product_brand":[],"product_cat":[70,24],"product_tag":[97],"class_list":{"0":"post-4881","1":"product","2":"type-product","3":"status-publish","4":"has-post-thumbnail","6":"product_cat-soup-and-stock-pots","7":"product_cat-cookware","8":"product_tag-wholesale-commercial-cookware","10":"first","11":"instock","12":"shipping-taxable","13":"product-type-simple"},"acf":[],"_links":{"self":[{"href":"https:\/\/www.purecook.com\/es\/wp-json\/wp\/v2\/product\/4881","targetHints":{"allow":["GET"]}}],"collection":[{"href":"https:\/\/www.purecook.com\/es\/wp-json\/wp\/v2\/product"}],"about":[{"href":"https:\/\/www.purecook.com\/es\/wp-json\/wp\/v2\/types\/product"}],"replies":[{"embeddable":true,"href":"https:\/\/www.purecook.com\/es\/wp-json\/wp\/v2\/comments?post=4881"}],"wp:featuredmedia":[{"embeddable":true,"href":"https:\/\/www.purecook.com\/es\/wp-json\/wp\/v2\/media\/4882"}],"wp:attachment":[{"href":"https:\/\/www.purecook.com\/es\/wp-json\/wp\/v2\/media?parent=4881"}],"wp:term":[{"taxonomy":"product_brand","embeddable":true,"href":"https:\/\/www.purecook.com\/es\/wp-json\/wp\/v2\/product_brand?post=4881"},{"taxonomy":"product_cat","embeddable":true,"href":"https:\/\/www.purecook.com\/es\/wp-json\/wp\/v2\/product_cat?post=4881"},{"taxonomy":"product_tag","embeddable":true,"href":"https:\/\/www.purecook.com\/es\/wp-json\/wp\/v2\/product_tag?post=4881"}],"curies":[{"name":"wp","href":"https:\/\/api.w.org\/{rel}","templated":true}]}}