{"id":4891,"date":"2025-11-01T11:14:16","date_gmt":"2025-11-01T03:14:16","guid":{"rendered":"https:\/\/www.purecook.com\/?post_type=product&#038;p=4891"},"modified":"2025-11-01T11:39:10","modified_gmt":"2025-11-01T03:39:10","slug":"wholesale-3-piece-stainless-steel-mixing-bowl-set","status":"publish","type":"product","link":"https:\/\/www.purecook.com\/es\/product\/wholesale-3-piece-stainless-steel-mixing-bowl-set\/","title":{"rendered":"Mayorista Boles para Mezclar de Acero Inoxidable, Juego Apilable de 3 Piezas"},"content":{"rendered":"<div class=\"wp-block-columns is-layout-flex wp-container-core-columns-is-layout-9d6595d7 wp-block-columns-is-layout-flex\">\n<div class=\"wp-block-column is-layout-flow wp-block-column-is-layout-flow\">\n<h3 class=\"wp-block-heading\">Par\u00e1metros del juego de vaso mezclador<\/h3>\n\n\n\n<p><strong>Material:<\/strong> SUS#201<br><strong>Grosor normal:<\/strong> 0,5 mm<br><strong>Color: <\/strong>Beige<br><strong>Proceso:<\/strong> pintura cer\u00e1mica exterior y lijado interior<br><strong>Especificaciones: <\/strong>20\u00d79,7 cm; 24\u00d710,8 cm; 28\u00d712 cm;<br><strong>Di\u00e1metro 1:<\/strong>  20,4 cm; 24,9 cm; 28,9 cm (di\u00e1metro exterior)<br><strong>Di\u00e1metro 2: <\/strong>21,2; 25,2 cm; 29,4 cm (con di\u00e1metro exterior de desviaci\u00f3n)<br><strong>Altura:<\/strong> 9,7 cm; 10,8 cm; 12 cm<br>Peso: 235 g; 330 g; 405 g<br><strong>Tama\u00f1o de la caja de color: <\/strong>29,6 \u00d7 12,5 \u00d7 29,4 cm<br><strong>Tama\u00f1o de la caja exterior: <\/strong>64,5 \u00d7 31,5 \u00d7 62 cm<br><strong>Peso neto\/Peso bruto:<\/strong> 12,2kg\/14,2kg<br><strong>Cantidad de embalaje: <\/strong>10 juegos\/caja<\/p>\n<\/div>\n\n\n\n<div class=\"wp-block-column is-layout-flow wp-block-column-is-layout-flow\">\n<h3 class=\"wp-block-heading\">Opciones de cuencos mezcladores personalizados<\/h3>\n\n\n\n<p><strong>Logotipo:<\/strong> Personalizable con el logotipo de su marca<br><strong>Embalaje:<\/strong>\u00a0Caja de color\/Cart\u00f3n, etc<\/p>\n<\/div>\n<\/div>\n\n\n\n<div class=\"wp-block-columns is-layout-flex wp-container-core-columns-is-layout-9d6595d7 wp-block-columns-is-layout-flex\">\n<div class=\"wp-block-column is-layout-flow wp-block-column-is-layout-flow\">\n<figure class=\"wp-block-image size-full\"><img decoding=\"async\" width=\"800\" height=\"800\" src=\"https:\/\/www.purecook.com\/wp-content\/uploads\/2025\/11\/wholesale-stainless-steel-mixing-bowl-5.webp\" alt=\"venta al por mayor taz\u00f3n de acero inoxidable (5)\" class=\"wp-image-4896\" srcset=\"https:\/\/www.purecook.com\/wp-content\/uploads\/2025\/11\/wholesale-stainless-steel-mixing-bowl-5.webp 800w, https:\/\/www.purecook.com\/wp-content\/uploads\/2025\/11\/wholesale-stainless-steel-mixing-bowl-5-300x300.webp 300w, https:\/\/www.purecook.com\/wp-content\/uploads\/2025\/11\/wholesale-stainless-steel-mixing-bowl-5-150x150.webp 150w, https:\/\/www.purecook.com\/wp-content\/uploads\/2025\/11\/wholesale-stainless-steel-mixing-bowl-5-768x768.webp 768w, https:\/\/www.purecook.com\/wp-content\/uploads\/2025\/11\/wholesale-stainless-steel-mixing-bowl-5-12x12.webp 12w, https:\/\/www.purecook.com\/wp-content\/uploads\/2025\/11\/wholesale-stainless-steel-mixing-bowl-5-600x600.webp 600w, https:\/\/www.purecook.com\/wp-content\/uploads\/2025\/11\/wholesale-stainless-steel-mixing-bowl-5-100x100.webp 100w\" sizes=\"(max-width: 800px) 100vw, 800px\" \/><\/figure>\n<\/div>\n\n\n\n<div class=\"wp-block-column is-layout-flow wp-block-column-is-layout-flow\">\n<figure class=\"wp-block-image size-full\"><img decoding=\"async\" width=\"800\" height=\"800\" src=\"https:\/\/www.purecook.com\/wp-content\/uploads\/2025\/11\/wholesale-stainless-steel-mixing-bowl-6.webp\" alt=\"venta al por mayor taz\u00f3n de acero inoxidable (6)\" class=\"wp-image-4897\" srcset=\"https:\/\/www.purecook.com\/wp-content\/uploads\/2025\/11\/wholesale-stainless-steel-mixing-bowl-6.webp 800w, https:\/\/www.purecook.com\/wp-content\/uploads\/2025\/11\/wholesale-stainless-steel-mixing-bowl-6-300x300.webp 300w, https:\/\/www.purecook.com\/wp-content\/uploads\/2025\/11\/wholesale-stainless-steel-mixing-bowl-6-150x150.webp 150w, https:\/\/www.purecook.com\/wp-content\/uploads\/2025\/11\/wholesale-stainless-steel-mixing-bowl-6-768x768.webp 768w, https:\/\/www.purecook.com\/wp-content\/uploads\/2025\/11\/wholesale-stainless-steel-mixing-bowl-6-12x12.webp 12w, https:\/\/www.purecook.com\/wp-content\/uploads\/2025\/11\/wholesale-stainless-steel-mixing-bowl-6-600x600.webp 600w, https:\/\/www.purecook.com\/wp-content\/uploads\/2025\/11\/wholesale-stainless-steel-mixing-bowl-6-100x100.webp 100w\" sizes=\"(max-width: 800px) 100vw, 800px\" \/><\/figure>\n<\/div>\n<\/div>\n\n\n\n<div class=\"wp-block-columns is-layout-flex wp-container-core-columns-is-layout-9d6595d7 wp-block-columns-is-layout-flex\">\n<div class=\"wp-block-column is-layout-flow wp-block-column-is-layout-flow\"><\/div>\n\n\n\n<div class=\"wp-block-column is-layout-flow wp-block-column-is-layout-flow\"><\/div>\n<\/div>","protected":false},"excerpt":{"rendered":"<p>Le invitamos a adquirir nuestros boles mezcladores al por mayor. Sus principales caracter\u00edsticas incluyen graduaciones internas para medir con precisi\u00f3n los ingredientes y una c\u00f3moda boquilla vertedora para dispensar f\u00e1cilmente l\u00edquidos y masas. Esta serie est\u00e1 disponible en tres tama\u00f1os para un apilamiento perfecto y un dise\u00f1o que ahorra espacio. P\u00f3ngase en contacto con nosotros para obtener precios al por mayor.<\/p>\n<h2>Caracter\u00edsticas del bol mezclador de acero inoxidable<\/h2>\n<p><strong>Dise\u00f1o elegante y pr\u00e1ctico:<\/strong> Nuestros boles mezcladores al por mayor presentan un dise\u00f1o elegante y moderno con un revestimiento de color cer\u00e1mico, que los hace atractivos tanto para preparar como para servir alimentos.<\/p>\n<p><strong>Materiales duraderos y seguros para los alimentos:<\/strong> El revestimiento interior de nuestros boles para mezclas al por mayor es de acero inoxidable, resistente a la oxidaci\u00f3n y no reactivo, lo que los hace seguros para mezclar una gran variedad de alimentos.<\/p>\n<p><strong>Vertedor f\u00e1cil:<\/strong> Cada bol tiene un pico vertedor en el borde para verter de forma controlada masas, salsas o l\u00edquidos sin ensuciar.<\/p>\n<p><strong>Pr\u00e1cticas graduaciones incorporadas:<\/strong> Los cuencos tienen marcas graduadas en el interior, lo que elimina la necesidad de utilizar tazas medidoras separadas para a\u00f1adir l\u00edquidos, ahorrando tiempo y simplificando la tarea de cocinar y hornear.<\/p>\n<p><strong>Dise\u00f1o nido que ahorra espacio:<\/strong> Este juego incluye varios tama\u00f1os y presenta un dise\u00f1o perfectamente encajable, que ahorra un valioso espacio en el armario.<\/p>\n<p><strong>Versatilidad:<\/strong> Estos cuencos son adecuados para diversas tareas de cocina, como mezclar masas para hornear, batir huevos, mezclar ensaladas, marinar carnes o simplemente servir comida.<\/p>","protected":false},"featured_media":4892,"comment_status":"closed","ping_status":"closed","template":"","meta":{"_acf_changed":false},"product_brand":[],"product_cat":[52,90],"product_tag":[],"class_list":{"0":"post-4891","1":"product","2":"type-product","3":"status-publish","4":"has-post-thumbnail","6":"product_cat-kitchen-utensils","7":"product_cat-mixing-bowl","9":"first","10":"instock","11":"shipping-taxable","12":"product-type-simple"},"acf":[],"_links":{"self":[{"href":"https:\/\/www.purecook.com\/es\/wp-json\/wp\/v2\/product\/4891","targetHints":{"allow":["GET"]}}],"collection":[{"href":"https:\/\/www.purecook.com\/es\/wp-json\/wp\/v2\/product"}],"about":[{"href":"https:\/\/www.purecook.com\/es\/wp-json\/wp\/v2\/types\/product"}],"replies":[{"embeddable":true,"href":"https:\/\/www.purecook.com\/es\/wp-json\/wp\/v2\/comments?post=4891"}],"wp:featuredmedia":[{"embeddable":true,"href":"https:\/\/www.purecook.com\/es\/wp-json\/wp\/v2\/media\/4892"}],"wp:attachment":[{"href":"https:\/\/www.purecook.com\/es\/wp-json\/wp\/v2\/media?parent=4891"}],"wp:term":[{"taxonomy":"product_brand","embeddable":true,"href":"https:\/\/www.purecook.com\/es\/wp-json\/wp\/v2\/product_brand?post=4891"},{"taxonomy":"product_cat","embeddable":true,"href":"https:\/\/www.purecook.com\/es\/wp-json\/wp\/v2\/product_cat?post=4891"},{"taxonomy":"product_tag","embeddable":true,"href":"https:\/\/www.purecook.com\/es\/wp-json\/wp\/v2\/product_tag?post=4891"}],"curies":[{"name":"wp","href":"https:\/\/api.w.org\/{rel}","templated":true}]}}