{"id":4899,"date":"2025-11-01T11:43:11","date_gmt":"2025-11-01T03:43:11","guid":{"rendered":"https:\/\/www.purecook.com\/?post_type=product&#038;p=4899"},"modified":"2025-11-01T12:06:24","modified_gmt":"2025-11-01T04:06:24","slug":"wholesale-stainless-steel-outdoor-camping-hanging-pot","status":"publish","type":"product","link":"https:\/\/www.purecook.com\/es\/product\/wholesale-stainless-steel-outdoor-camping-hanging-pot\/","title":{"rendered":"Mayorista Olla Colgante de Acero Inoxidable para Camping al Aire Libre, Eficiente para Cocinar Arroz y Sopa"},"content":{"rendered":"<div class=\"wp-block-columns is-layout-flex wp-container-core-columns-is-layout-9d6595d7 wp-block-columns-is-layout-flex\">\n<div class=\"wp-block-column is-layout-flow wp-block-column-is-layout-flow\">\n<h3 class=\"wp-block-heading\">Par\u00e1metros de la maceta colgante de camping<\/h3>\n\n\n\n<p><strong>Material:<\/strong> SUS#304<br><strong>Abajo: <\/strong>Inducci\u00f3n Fondo s\u00e1ndwich (SUS201+Alu.+SUS)<br><strong>Logotipo: <\/strong>Logotipo l\u00e1ser<br><strong>Tama\u00f1o:<\/strong> 20 cm<\/p>\n<\/div>\n\n\n\n<div class=\"wp-block-column is-layout-flow wp-block-column-is-layout-flow\">\n<h3 class=\"wp-block-heading\">Opciones de bater\u00eda de cocina a medida<\/h3>\n\n\n\n<p><strong>Logotipo:<\/strong> Personalizable con el logotipo de su marca<br><strong>Embalaje:<\/strong>\u00a0Caja de color\/Cart\u00f3n, etc<\/p>\n<\/div>\n<\/div>\n\n\n\n<div class=\"wp-block-columns is-layout-flex wp-container-core-columns-is-layout-9d6595d7 wp-block-columns-is-layout-flex\">\n<div class=\"wp-block-column is-layout-flow wp-block-column-is-layout-flow\">\n<figure class=\"wp-block-image size-full\"><img decoding=\"async\" width=\"800\" height=\"800\" src=\"https:\/\/www.purecook.com\/wp-content\/uploads\/2025\/11\/camping-pot-for-cooking-rice-and-soup-5.webp\" alt=\"olla de camping para cocinar arroz y sopa (5)\" class=\"wp-image-4904\" srcset=\"https:\/\/www.purecook.com\/wp-content\/uploads\/2025\/11\/camping-pot-for-cooking-rice-and-soup-5.webp 800w, https:\/\/www.purecook.com\/wp-content\/uploads\/2025\/11\/camping-pot-for-cooking-rice-and-soup-5-300x300.webp 300w, https:\/\/www.purecook.com\/wp-content\/uploads\/2025\/11\/camping-pot-for-cooking-rice-and-soup-5-150x150.webp 150w, https:\/\/www.purecook.com\/wp-content\/uploads\/2025\/11\/camping-pot-for-cooking-rice-and-soup-5-768x768.webp 768w, https:\/\/www.purecook.com\/wp-content\/uploads\/2025\/11\/camping-pot-for-cooking-rice-and-soup-5-12x12.webp 12w, https:\/\/www.purecook.com\/wp-content\/uploads\/2025\/11\/camping-pot-for-cooking-rice-and-soup-5-600x600.webp 600w, https:\/\/www.purecook.com\/wp-content\/uploads\/2025\/11\/camping-pot-for-cooking-rice-and-soup-5-100x100.webp 100w\" sizes=\"(max-width: 800px) 100vw, 800px\" \/><\/figure>\n<\/div>\n\n\n\n<div class=\"wp-block-column is-layout-flow wp-block-column-is-layout-flow\">\n<figure class=\"wp-block-image size-full\"><img decoding=\"async\" width=\"800\" height=\"800\" src=\"https:\/\/www.purecook.com\/wp-content\/uploads\/2025\/11\/camping-pot-for-cooking-rice-and-soup-6.webp\" alt=\"olla de camping para cocinar arroz y sopa (6)\" class=\"wp-image-4905\" srcset=\"https:\/\/www.purecook.com\/wp-content\/uploads\/2025\/11\/camping-pot-for-cooking-rice-and-soup-6.webp 800w, https:\/\/www.purecook.com\/wp-content\/uploads\/2025\/11\/camping-pot-for-cooking-rice-and-soup-6-300x300.webp 300w, https:\/\/www.purecook.com\/wp-content\/uploads\/2025\/11\/camping-pot-for-cooking-rice-and-soup-6-150x150.webp 150w, https:\/\/www.purecook.com\/wp-content\/uploads\/2025\/11\/camping-pot-for-cooking-rice-and-soup-6-768x768.webp 768w, https:\/\/www.purecook.com\/wp-content\/uploads\/2025\/11\/camping-pot-for-cooking-rice-and-soup-6-12x12.webp 12w, https:\/\/www.purecook.com\/wp-content\/uploads\/2025\/11\/camping-pot-for-cooking-rice-and-soup-6-600x600.webp 600w, https:\/\/www.purecook.com\/wp-content\/uploads\/2025\/11\/camping-pot-for-cooking-rice-and-soup-6-100x100.webp 100w\" sizes=\"(max-width: 800px) 100vw, 800px\" \/><\/figure>\n<\/div>\n<\/div>\n\n\n\n<div class=\"wp-block-columns is-layout-flex wp-container-core-columns-is-layout-9d6595d7 wp-block-columns-is-layout-flex\">\n<div class=\"wp-block-column is-layout-flow wp-block-column-is-layout-flow\"><\/div>\n\n\n\n<div class=\"wp-block-column is-layout-flow wp-block-column-is-layout-flow\"><\/div>\n<\/div>","protected":false},"excerpt":{"rendered":"<p>Bienvenido a comprar nuestra olla de camping al por mayor. Fabricada en acero inoxidable de grado alimentario de alta resistencia, esta olla es a prueba de \u00f3xido, resistente a la corrosi\u00f3n y puede soportar temperaturas extremas, por lo que es ideal para ambientes al aire libre. La base es de acero inoxidable tricapa, lo que permite cocinar eficazmente al aire libre. Mayoristas y minoristas pueden ponerse en contacto con nosotros para solicitar un presupuesto.<\/p>\n<h2>Caracter\u00edsticas de la olla colgante de acero inoxidable para camping<\/h2>\n<p><strong>Cocina vers\u00e1til al aire libre:<\/strong> La olla de camping cuenta con un robusto asa para colgar, ideal para cocinar sobre una llama abierta o utilizando un tr\u00edpode.<\/p>\n<p><strong>Materiales duraderos y aptos para acampar:<\/strong> Fabricada en acero inoxidable duradero y resistente al \u00f3xido y la corrosi\u00f3n, la olla puede soportar las duras condiciones del camping al aire libre.<\/p>\n<p><strong>Conductividad t\u00e9rmica superior:<\/strong> El fondo de la olla de camping Wholesale es de acero inoxidable tricapa, que ofrece una excelente conductividad t\u00e9rmica para un calentamiento m\u00e1s r\u00e1pido.<\/p>\n<p><strong>F\u00e1cil de manejar y port\u00e1til:<\/strong> Su gran asa met\u00e1lica facilita colgarla, alejarla de fuentes de calor y transportarla, lo que aumenta su utilidad en entornos exteriores.<\/p>","protected":false},"featured_media":4900,"comment_status":"closed","ping_status":"closed","template":"","meta":{"_acf_changed":false},"product_brand":[],"product_cat":[24],"product_tag":[96],"class_list":{"0":"post-4899","1":"product","2":"type-product","3":"status-publish","4":"has-post-thumbnail","6":"product_cat-cookware","7":"product_tag-wholesale-outdoor-cookware","9":"first","10":"instock","11":"shipping-taxable","12":"product-type-simple"},"acf":[],"_links":{"self":[{"href":"https:\/\/www.purecook.com\/es\/wp-json\/wp\/v2\/product\/4899","targetHints":{"allow":["GET"]}}],"collection":[{"href":"https:\/\/www.purecook.com\/es\/wp-json\/wp\/v2\/product"}],"about":[{"href":"https:\/\/www.purecook.com\/es\/wp-json\/wp\/v2\/types\/product"}],"replies":[{"embeddable":true,"href":"https:\/\/www.purecook.com\/es\/wp-json\/wp\/v2\/comments?post=4899"}],"wp:featuredmedia":[{"embeddable":true,"href":"https:\/\/www.purecook.com\/es\/wp-json\/wp\/v2\/media\/4900"}],"wp:attachment":[{"href":"https:\/\/www.purecook.com\/es\/wp-json\/wp\/v2\/media?parent=4899"}],"wp:term":[{"taxonomy":"product_brand","embeddable":true,"href":"https:\/\/www.purecook.com\/es\/wp-json\/wp\/v2\/product_brand?post=4899"},{"taxonomy":"product_cat","embeddable":true,"href":"https:\/\/www.purecook.com\/es\/wp-json\/wp\/v2\/product_cat?post=4899"},{"taxonomy":"product_tag","embeddable":true,"href":"https:\/\/www.purecook.com\/es\/wp-json\/wp\/v2\/product_tag?post=4899"}],"curies":[{"name":"wp","href":"https:\/\/api.w.org\/{rel}","templated":true}]}}