{"id":4907,"date":"2025-11-01T14:20:28","date_gmt":"2025-11-01T06:20:28","guid":{"rendered":"https:\/\/www.purecook.com\/?post_type=product&#038;p=4907"},"modified":"2025-11-01T14:34:57","modified_gmt":"2025-11-01T06:34:57","slug":"wholesale-stainless-steel-steamed-meat-cookware","status":"publish","type":"product","link":"https:\/\/www.purecook.com\/es\/product\/wholesale-stainless-steel-steamed-meat-cookware\/","title":{"rendered":"Mayorista Bater\u00eda de Cocina al Vapor de Acero Inoxidable sin Humo, Olla para Carne al Vapor"},"content":{"rendered":"<div class=\"wp-block-columns is-layout-flex wp-container-core-columns-is-layout-9d6595d7 wp-block-columns-is-layout-flex\">\n<div class=\"wp-block-column is-layout-flow wp-block-column-is-layout-flow\">\n<h3 class=\"wp-block-heading\">Par\u00e1metros de la cocina de vapor sin humo<\/h3>\n\n\n\n<p><strong>Material:<\/strong> Acero inoxidable 201<br><strong>Grosor normal: <\/strong>rejilla de vapor 0,6 mm; bandeja 0,5 mm<br><strong>Logotipo: <\/strong>Logotipo l\u00e1ser<\/p>\n<\/div>\n\n\n\n<div class=\"wp-block-column is-layout-flow wp-block-column-is-layout-flow\">\n<h3 class=\"wp-block-heading\">Opciones de bater\u00eda de cocina a medida<\/h3>\n\n\n\n<p><strong>Logotipo:<\/strong> Personalizable con el logotipo de su marca<br><strong>Embalaje:<\/strong>&nbsp;Caja de color\/Cart\u00f3n, etc<br><strong>Asa: <\/strong>Mango a su medida<\/p>\n<\/div>\n<\/div>\n\n\n\n<div class=\"wp-block-columns is-layout-flex wp-container-core-columns-is-layout-9d6595d7 wp-block-columns-is-layout-flex\">\n<div class=\"wp-block-column is-layout-flow wp-block-column-is-layout-flow\"><\/div>\n\n\n\n<div class=\"wp-block-column is-layout-flow wp-block-column-is-layout-flow\"><\/div>\n<\/div>\n\n\n\n<div class=\"wp-block-columns is-layout-flex wp-container-core-columns-is-layout-9d6595d7 wp-block-columns-is-layout-flex\">\n<div class=\"wp-block-column is-layout-flow wp-block-column-is-layout-flow\">\n<figure class=\"wp-block-image size-full\"><img decoding=\"async\" width=\"800\" height=\"800\" src=\"https:\/\/www.purecook.com\/wp-content\/uploads\/2025\/11\/smokeless-steam-cookware-6.webp\" alt=\"ollas de vapor sin humo (6)\" class=\"wp-image-4920\" srcset=\"https:\/\/www.purecook.com\/wp-content\/uploads\/2025\/11\/smokeless-steam-cookware-6.webp 800w, https:\/\/www.purecook.com\/wp-content\/uploads\/2025\/11\/smokeless-steam-cookware-6-300x300.webp 300w, https:\/\/www.purecook.com\/wp-content\/uploads\/2025\/11\/smokeless-steam-cookware-6-150x150.webp 150w, https:\/\/www.purecook.com\/wp-content\/uploads\/2025\/11\/smokeless-steam-cookware-6-768x768.webp 768w, https:\/\/www.purecook.com\/wp-content\/uploads\/2025\/11\/smokeless-steam-cookware-6-12x12.webp 12w, https:\/\/www.purecook.com\/wp-content\/uploads\/2025\/11\/smokeless-steam-cookware-6-600x600.webp 600w, https:\/\/www.purecook.com\/wp-content\/uploads\/2025\/11\/smokeless-steam-cookware-6-100x100.webp 100w\" sizes=\"(max-width: 800px) 100vw, 800px\" \/><\/figure>\n<\/div>\n\n\n\n<div class=\"wp-block-column is-layout-flow wp-block-column-is-layout-flow\">\n<figure class=\"wp-block-image size-full\"><img decoding=\"async\" width=\"800\" height=\"800\" src=\"https:\/\/www.purecook.com\/wp-content\/uploads\/2025\/11\/smokeless-steam-cookware-7.webp\" alt=\"ollas de vapor sin humo (7)\" class=\"wp-image-4921\" srcset=\"https:\/\/www.purecook.com\/wp-content\/uploads\/2025\/11\/smokeless-steam-cookware-7.webp 800w, https:\/\/www.purecook.com\/wp-content\/uploads\/2025\/11\/smokeless-steam-cookware-7-300x300.webp 300w, https:\/\/www.purecook.com\/wp-content\/uploads\/2025\/11\/smokeless-steam-cookware-7-150x150.webp 150w, https:\/\/www.purecook.com\/wp-content\/uploads\/2025\/11\/smokeless-steam-cookware-7-768x768.webp 768w, https:\/\/www.purecook.com\/wp-content\/uploads\/2025\/11\/smokeless-steam-cookware-7-12x12.webp 12w, https:\/\/www.purecook.com\/wp-content\/uploads\/2025\/11\/smokeless-steam-cookware-7-600x600.webp 600w, https:\/\/www.purecook.com\/wp-content\/uploads\/2025\/11\/smokeless-steam-cookware-7-100x100.webp 100w\" sizes=\"(max-width: 800px) 100vw, 800px\" \/><\/figure>\n<\/div>\n<\/div>","protected":false},"excerpt":{"rendered":"<p>Olla de acero inoxidable para asar\/vaporear sin humo para cocinar sobremesa. Perfecta para asar al vapor de forma saludable, ollas calientes y alb\u00f3ndigas en quemadores de inducci\u00f3n\/gas.<\/p>\n<h2>Caracter\u00edsticas de la bater\u00eda de cocina a vapor sin humo de acero inoxidable<\/h2>\n<p><strong>M\u00e9todos de cocci\u00f3n vers\u00e1tiles:<\/strong> Este producto es perfecto para asar a la parrilla con vapor o sin humo. La bandeja perforada permite que la grasa gotee en la bandeja de abajo, mientras que el vapor mantiene la carne \/ comida h\u00fameda.<\/p>\n<p><strong>Cocina sana:<\/strong> Facilita la cocci\u00f3n al vapor, un m\u00e9todo de cocci\u00f3n saludable que retiene los nutrientes y el sabor sin exceso de aceite.<\/p>\n<p><strong>Uso port\u00e1til:<\/strong> Esta olla tiene el tama\u00f1o perfecto para el gas port\u00e1til, ideal para la cocina social de sobremesa, como la olla caliente o las fiestas de barbacoa.<\/p>\n<p><strong>Duradero y f\u00e1cil de mantener:<\/strong> Todo el producto es de acero inoxidable, lo que lo hace resistente y duradero. Y lo que es m\u00e1s importante, es apto para el lavavajillas, lo que garantiza una limpieza r\u00e1pida y sencilla.<\/p>","protected":false},"featured_media":4915,"comment_status":"closed","ping_status":"closed","template":"","meta":{"_acf_changed":false},"product_brand":[],"product_cat":[24],"product_tag":[],"class_list":{"0":"post-4907","1":"product","2":"type-product","3":"status-publish","4":"has-post-thumbnail","6":"product_cat-cookware","8":"first","9":"instock","10":"shipping-taxable","11":"product-type-simple"},"acf":[],"_links":{"self":[{"href":"https:\/\/www.purecook.com\/es\/wp-json\/wp\/v2\/product\/4907","targetHints":{"allow":["GET"]}}],"collection":[{"href":"https:\/\/www.purecook.com\/es\/wp-json\/wp\/v2\/product"}],"about":[{"href":"https:\/\/www.purecook.com\/es\/wp-json\/wp\/v2\/types\/product"}],"replies":[{"embeddable":true,"href":"https:\/\/www.purecook.com\/es\/wp-json\/wp\/v2\/comments?post=4907"}],"wp:featuredmedia":[{"embeddable":true,"href":"https:\/\/www.purecook.com\/es\/wp-json\/wp\/v2\/media\/4915"}],"wp:attachment":[{"href":"https:\/\/www.purecook.com\/es\/wp-json\/wp\/v2\/media?parent=4907"}],"wp:term":[{"taxonomy":"product_brand","embeddable":true,"href":"https:\/\/www.purecook.com\/es\/wp-json\/wp\/v2\/product_brand?post=4907"},{"taxonomy":"product_cat","embeddable":true,"href":"https:\/\/www.purecook.com\/es\/wp-json\/wp\/v2\/product_cat?post=4907"},{"taxonomy":"product_tag","embeddable":true,"href":"https:\/\/www.purecook.com\/es\/wp-json\/wp\/v2\/product_tag?post=4907"}],"curies":[{"name":"wp","href":"https:\/\/api.w.org\/{rel}","templated":true}]}}