{"id":4924,"date":"2025-11-13T14:12:00","date_gmt":"2025-11-13T06:12:00","guid":{"rendered":"https:\/\/www.purecook.com\/?post_type=product&#038;p=4924"},"modified":"2025-11-13T15:09:15","modified_gmt":"2025-11-13T07:09:15","slug":"wholesale-electric-lunch-boxes-with-led-temperature-display","status":"publish","type":"product","link":"https:\/\/www.purecook.com\/es\/product\/wholesale-electric-lunch-boxes-with-led-temperature-display\/","title":{"rendered":"Mayorista Fiambreras el\u00e9ctricas con indicador LED de temperatura"},"content":{"rendered":"<div class=\"wp-block-columns is-layout-flex wp-container-core-columns-is-layout-9d6595d7 wp-block-columns-is-layout-flex\">\n<div class=\"wp-block-column is-layout-flow wp-block-column-is-layout-flow\">\n<h3 class=\"wp-block-heading\">Par\u00e1metros de la fiambrera con indicador LED de temperatura<\/h3>\n\n\n\n<p><strong>Material:<\/strong> Acero inoxidable \uff0bPP<br><strong>Caracter\u00edsticas:<\/strong> Calefacci\u00f3n el\u00e9ctrica + LED indicador de temperatura<\/p>\n<\/div>\n\n\n\n<div class=\"wp-block-column is-layout-flow wp-block-column-is-layout-flow\">\n<h3 class=\"wp-block-heading\">Opciones de fiambreras personalizadas<\/h3>\n\n\n\n<p><strong>Logotipo:<\/strong> Personalizable con el logotipo de su marca<br><strong>Embalaje:<\/strong>&nbsp;Caja de color\/Cart\u00f3n, etc<\/p>\n<\/div>\n<\/div>\n\n\n\n<div class=\"wp-block-columns is-layout-flex wp-container-core-columns-is-layout-9d6595d7 wp-block-columns-is-layout-flex\">\n<div class=\"wp-block-column is-layout-flow wp-block-column-is-layout-flow\">\n<figure class=\"wp-block-image size-full\"><img decoding=\"async\" width=\"800\" height=\"800\" src=\"https:\/\/www.purecook.com\/wp-content\/uploads\/2025\/11\/electric-lunch-boxes-with-led-temperature-display-1.webp\" alt=\"fiambreras el\u00e9ctricas con indicador led de temperatura (1)\" class=\"wp-image-4925\" srcset=\"https:\/\/www.purecook.com\/wp-content\/uploads\/2025\/11\/electric-lunch-boxes-with-led-temperature-display-1.webp 800w, https:\/\/www.purecook.com\/wp-content\/uploads\/2025\/11\/electric-lunch-boxes-with-led-temperature-display-1-300x300.webp 300w, https:\/\/www.purecook.com\/wp-content\/uploads\/2025\/11\/electric-lunch-boxes-with-led-temperature-display-1-150x150.webp 150w, https:\/\/www.purecook.com\/wp-content\/uploads\/2025\/11\/electric-lunch-boxes-with-led-temperature-display-1-768x768.webp 768w, https:\/\/www.purecook.com\/wp-content\/uploads\/2025\/11\/electric-lunch-boxes-with-led-temperature-display-1-12x12.webp 12w, https:\/\/www.purecook.com\/wp-content\/uploads\/2025\/11\/electric-lunch-boxes-with-led-temperature-display-1-600x600.webp 600w, https:\/\/www.purecook.com\/wp-content\/uploads\/2025\/11\/electric-lunch-boxes-with-led-temperature-display-1-100x100.webp 100w\" sizes=\"(max-width: 800px) 100vw, 800px\" \/><\/figure>\n<\/div>\n\n\n\n<div class=\"wp-block-column is-layout-flow wp-block-column-is-layout-flow\">\n<figure class=\"wp-block-image size-full\"><img decoding=\"async\" width=\"800\" height=\"800\" src=\"https:\/\/www.purecook.com\/wp-content\/uploads\/2025\/11\/electric-lunch-boxes-with-led-temperature-display-3.webp\" alt=\"fiambreras el\u00e9ctricas con indicador led de temperatura (3)\" class=\"wp-image-4927\" srcset=\"https:\/\/www.purecook.com\/wp-content\/uploads\/2025\/11\/electric-lunch-boxes-with-led-temperature-display-3.webp 800w, https:\/\/www.purecook.com\/wp-content\/uploads\/2025\/11\/electric-lunch-boxes-with-led-temperature-display-3-300x300.webp 300w, https:\/\/www.purecook.com\/wp-content\/uploads\/2025\/11\/electric-lunch-boxes-with-led-temperature-display-3-150x150.webp 150w, https:\/\/www.purecook.com\/wp-content\/uploads\/2025\/11\/electric-lunch-boxes-with-led-temperature-display-3-768x768.webp 768w, https:\/\/www.purecook.com\/wp-content\/uploads\/2025\/11\/electric-lunch-boxes-with-led-temperature-display-3-12x12.webp 12w, https:\/\/www.purecook.com\/wp-content\/uploads\/2025\/11\/electric-lunch-boxes-with-led-temperature-display-3-600x600.webp 600w, https:\/\/www.purecook.com\/wp-content\/uploads\/2025\/11\/electric-lunch-boxes-with-led-temperature-display-3-100x100.webp 100w\" sizes=\"(max-width: 800px) 100vw, 800px\" \/><\/figure>\n<\/div>\n<\/div>\n\n\n\n<div class=\"wp-block-columns is-layout-flex wp-container-core-columns-is-layout-9d6595d7 wp-block-columns-is-layout-flex\">\n<div class=\"wp-block-column is-layout-flow wp-block-column-is-layout-flow\"><\/div>\n\n\n\n<div class=\"wp-block-column is-layout-flow wp-block-column-is-layout-flow\"><\/div>\n<\/div>","protected":false},"excerpt":{"rendered":"<p>Las fiambreras el\u00e9ctricas al por mayor cuentan con una bandeja multicompartimento de acero inoxidable de alta calidad y un intuitivo indicador LED de temperatura para que los usuarios puedan disfrutar de forma c\u00f3moda, port\u00e1til e higi\u00e9nica de comidas perfectamente calentadas en la oficina, el colegio o mientras viajan.<\/p>\n<p>Como <a href=\"https:\/\/www.purecook.com\/es\/categoria-de-productos\/dinnerware\/lunch-boxes\/\" target=\"_blank\" rel=\"noopener\"><strong>fabricante profesional de fiambreras<\/strong><\/a>, Purecook ofrece una gran variedad de fiambreras al por mayor. Contacte con nosotros para un presupuesto.<\/p>\n<h2>Caracter\u00edsticas de las fiambreras el\u00e9ctricas con indicador LED de temperatura<\/h2>\n<p><strong>Capacidad de calefacci\u00f3n:<\/strong> Esta fiambrera el\u00e9ctrica cuenta con un sistema de calentamiento que permite a los usuarios calentar la comida directamente en su interior. Elimina la necesidad de un microondas, garantizando una comida caliente en cualquier momento y lugar.<\/p>\n<p><strong>Indicador LED de temperatura:<\/strong> La pantalla LED integrada muestra claramente la temperatura, lo que permite a los usuarios supervisarla y controlarla con precisi\u00f3n para garantizar que los alimentos se calientan a la temperatura ideal.<\/p>\n<p><strong>Comodidad y portabilidad:<\/strong> Dise\u00f1ada para el ajetreado estilo de vida actual, esta fiambrera el\u00e9ctrica es plug-and-play y compatible con tomas de corriente est\u00e1ndar. Solo tienes que conectarla a una toma de corriente en tu escritorio, dormitorio o coche para disfrutar de una comida reci\u00e9n calentada en cuesti\u00f3n de minutos.<\/p>\n<p><strong>Compartimentos:<\/strong> La bandeja interior de acero inoxidable est\u00e1 inteligentemente dividida en cuatro compartimentos, lo que permite organizar las porciones de comida y presentarla mejor.<\/p>","protected":false},"featured_media":4925,"comment_status":"closed","ping_status":"closed","template":"","meta":{"_acf_changed":false},"product_brand":[],"product_cat":[25,51],"product_tag":[],"class_list":{"0":"post-4924","1":"product","2":"type-product","3":"status-publish","4":"has-post-thumbnail","6":"product_cat-food-storage","7":"product_cat-dinnerware","9":"first","10":"instock","11":"shipping-taxable","12":"product-type-simple"},"acf":[],"_links":{"self":[{"href":"https:\/\/www.purecook.com\/es\/wp-json\/wp\/v2\/product\/4924","targetHints":{"allow":["GET"]}}],"collection":[{"href":"https:\/\/www.purecook.com\/es\/wp-json\/wp\/v2\/product"}],"about":[{"href":"https:\/\/www.purecook.com\/es\/wp-json\/wp\/v2\/types\/product"}],"replies":[{"embeddable":true,"href":"https:\/\/www.purecook.com\/es\/wp-json\/wp\/v2\/comments?post=4924"}],"wp:featuredmedia":[{"embeddable":true,"href":"https:\/\/www.purecook.com\/es\/wp-json\/wp\/v2\/media\/4925"}],"wp:attachment":[{"href":"https:\/\/www.purecook.com\/es\/wp-json\/wp\/v2\/media?parent=4924"}],"wp:term":[{"taxonomy":"product_brand","embeddable":true,"href":"https:\/\/www.purecook.com\/es\/wp-json\/wp\/v2\/product_brand?post=4924"},{"taxonomy":"product_cat","embeddable":true,"href":"https:\/\/www.purecook.com\/es\/wp-json\/wp\/v2\/product_cat?post=4924"},{"taxonomy":"product_tag","embeddable":true,"href":"https:\/\/www.purecook.com\/es\/wp-json\/wp\/v2\/product_tag?post=4924"}],"curies":[{"name":"wp","href":"https:\/\/api.w.org\/{rel}","templated":true}]}}