{"id":4932,"date":"2025-11-13T15:07:03","date_gmt":"2025-11-13T07:07:03","guid":{"rendered":"https:\/\/www.purecook.com\/?post_type=product&#038;p=4932"},"modified":"2025-11-13T16:16:00","modified_gmt":"2025-11-13T08:16:00","slug":"wholesale-stainless-steel-nested-strainer-and-mixing-bowl-set","status":"publish","type":"product","link":"https:\/\/www.purecook.com\/es\/product\/wholesale-stainless-steel-nested-strainer-and-mixing-bowl-set\/","title":{"rendered":"Mayorista Juego de colador y bol mezclador de 3 piezas de acero inoxidable de calidad profesional - para lavar, escurrir y preparar alimentos"},"content":{"rendered":"<div class=\"wp-block-columns is-layout-flex wp-container-core-columns-is-layout-9d6595d7 wp-block-columns-is-layout-flex\">\n<div class=\"wp-block-column is-layout-flow wp-block-column-is-layout-flow\">\n<h3 class=\"wp-block-heading\">Par\u00e1metros del juego de colador y bol mezclador de 3 piezas<\/h3>\n\n\n\n<p><strong>Material:<\/strong> Acero inoxidable 201\/304<br><strong>Logotipo: <\/strong>Serigraf\u00eda\/grabado l\u00e1ser\/sello en relieve<\/p>\n<\/div>\n\n\n\n<div class=\"wp-block-column is-layout-flow wp-block-column-is-layout-flow\">\n<h3 class=\"wp-block-heading\">Opciones personalizadas<\/h3>\n\n\n\n<p><strong>Logotipo:<\/strong> Personalizable con el logotipo de su marca<br><strong>Embalaje:<\/strong>\u00a0Caja de color \/ Cart\u00f3n, etc<\/p>\n<\/div>\n<\/div>\n\n\n\n<div class=\"wp-block-columns is-layout-flex wp-container-core-columns-is-layout-9d6595d7 wp-block-columns-is-layout-flex\">\n<div class=\"wp-block-column is-layout-flow wp-block-column-is-layout-flow\">\n<figure class=\"wp-block-image size-full\"><img decoding=\"async\" width=\"800\" height=\"800\" src=\"https:\/\/www.purecook.com\/wp-content\/uploads\/2025\/11\/stainless-steel-nested-strainer-and-mixing-bowl-set-5.webp\" alt=\"juego de colador y bol mezclador de acero inoxidable (5)\" class=\"wp-image-4937\" srcset=\"https:\/\/www.purecook.com\/wp-content\/uploads\/2025\/11\/stainless-steel-nested-strainer-and-mixing-bowl-set-5.webp 800w, https:\/\/www.purecook.com\/wp-content\/uploads\/2025\/11\/stainless-steel-nested-strainer-and-mixing-bowl-set-5-300x300.webp 300w, https:\/\/www.purecook.com\/wp-content\/uploads\/2025\/11\/stainless-steel-nested-strainer-and-mixing-bowl-set-5-150x150.webp 150w, https:\/\/www.purecook.com\/wp-content\/uploads\/2025\/11\/stainless-steel-nested-strainer-and-mixing-bowl-set-5-768x768.webp 768w, https:\/\/www.purecook.com\/wp-content\/uploads\/2025\/11\/stainless-steel-nested-strainer-and-mixing-bowl-set-5-12x12.webp 12w, https:\/\/www.purecook.com\/wp-content\/uploads\/2025\/11\/stainless-steel-nested-strainer-and-mixing-bowl-set-5-600x600.webp 600w, https:\/\/www.purecook.com\/wp-content\/uploads\/2025\/11\/stainless-steel-nested-strainer-and-mixing-bowl-set-5-100x100.webp 100w\" sizes=\"(max-width: 800px) 100vw, 800px\" \/><\/figure>\n<\/div>\n\n\n\n<div class=\"wp-block-column is-layout-flow wp-block-column-is-layout-flow\">\n<figure class=\"wp-block-image size-full\"><img decoding=\"async\" width=\"800\" height=\"800\" src=\"https:\/\/www.purecook.com\/wp-content\/uploads\/2025\/11\/stainless-steel-nested-strainer-and-mixing-bowl-set-6.webp\" alt=\"juego de colador y bol mezclador de acero inoxidable (6)\" class=\"wp-image-4938\" srcset=\"https:\/\/www.purecook.com\/wp-content\/uploads\/2025\/11\/stainless-steel-nested-strainer-and-mixing-bowl-set-6.webp 800w, https:\/\/www.purecook.com\/wp-content\/uploads\/2025\/11\/stainless-steel-nested-strainer-and-mixing-bowl-set-6-300x300.webp 300w, https:\/\/www.purecook.com\/wp-content\/uploads\/2025\/11\/stainless-steel-nested-strainer-and-mixing-bowl-set-6-150x150.webp 150w, https:\/\/www.purecook.com\/wp-content\/uploads\/2025\/11\/stainless-steel-nested-strainer-and-mixing-bowl-set-6-768x768.webp 768w, https:\/\/www.purecook.com\/wp-content\/uploads\/2025\/11\/stainless-steel-nested-strainer-and-mixing-bowl-set-6-12x12.webp 12w, https:\/\/www.purecook.com\/wp-content\/uploads\/2025\/11\/stainless-steel-nested-strainer-and-mixing-bowl-set-6-600x600.webp 600w, https:\/\/www.purecook.com\/wp-content\/uploads\/2025\/11\/stainless-steel-nested-strainer-and-mixing-bowl-set-6-100x100.webp 100w\" sizes=\"(max-width: 800px) 100vw, 800px\" \/><\/figure>\n<\/div>\n<\/div>","protected":false},"excerpt":{"rendered":"<p>Este juego de cocina apilable 3 en 1 de acero inoxidable de primera calidad combina las funciones de lavado, escurrido y mezclado en una unidad compacta, lo que lo convierte en una soluci\u00f3n ideal para la cocina. Su dise\u00f1o anidado ahorra espacio y minimiza los costes de almacenamiento y env\u00edo para los minoristas.<\/p>\n<p>Como <a href=\"https:\/\/www.purecook.com\/es\/categoria-de-productos\/kitchen-utensils\/\" target=\"_blank\" rel=\"noopener\"><strong>fabricante de utensilios de cocina<\/strong><\/a>, Estamos comprometidos a proporcionar productos de cocina de alta calidad, pr\u00e1cticos e innovadores a clientes de todo el mundo. Le invitamos a ponerse en contacto con nosotros.<\/p>\n<h2>Caracter\u00edsticas del juego de colador y bol mezclador de acero inoxidable<\/h2>\n<p><strong>Versatilidad:<\/strong> Este innovador set de preparaci\u00f3n de alimentos 3 en 1 est\u00e1 dise\u00f1ado para simplificar m\u00faltiples tareas en la cocina, integrando las funciones de lavado, escurrido y preparaci\u00f3n de alimentos en un dise\u00f1o que ahorra espacio.<\/p>\n<p><strong>Ahorro de espacio:<\/strong> Dise\u00f1ado para las cocinas modernas y compactas, este set de preparaci\u00f3n de alimentos presenta una estructura apilable y encajable para una m\u00e1xima eficiencia de almacenamiento.<\/p>\n<p><strong>Materiales superiores:<\/strong> Este set est\u00e1 fabricado en acero inoxidable de primera calidad para una mayor durabilidad y calidad profesional.<\/p>\n<p><strong>Seguridad alimentaria y no reactiva:<\/strong> Apto para todo tipo de alimentos, incluidos los ingredientes \u00e1cidos o aceitosos, sin afectar al sabor ni a la seguridad.<\/p>","protected":false},"featured_media":4934,"comment_status":"closed","ping_status":"closed","template":"","meta":{"_acf_changed":false},"product_brand":[],"product_cat":[52,65],"product_tag":[],"class_list":{"0":"post-4932","1":"product","2":"type-product","3":"status-publish","4":"has-post-thumbnail","6":"product_cat-kitchen-utensils","7":"product_cat-kitchen-strainer-and-colander","9":"first","10":"instock","11":"shipping-taxable","12":"product-type-simple"},"acf":[],"_links":{"self":[{"href":"https:\/\/www.purecook.com\/es\/wp-json\/wp\/v2\/product\/4932","targetHints":{"allow":["GET"]}}],"collection":[{"href":"https:\/\/www.purecook.com\/es\/wp-json\/wp\/v2\/product"}],"about":[{"href":"https:\/\/www.purecook.com\/es\/wp-json\/wp\/v2\/types\/product"}],"replies":[{"embeddable":true,"href":"https:\/\/www.purecook.com\/es\/wp-json\/wp\/v2\/comments?post=4932"}],"wp:featuredmedia":[{"embeddable":true,"href":"https:\/\/www.purecook.com\/es\/wp-json\/wp\/v2\/media\/4934"}],"wp:attachment":[{"href":"https:\/\/www.purecook.com\/es\/wp-json\/wp\/v2\/media?parent=4932"}],"wp:term":[{"taxonomy":"product_brand","embeddable":true,"href":"https:\/\/www.purecook.com\/es\/wp-json\/wp\/v2\/product_brand?post=4932"},{"taxonomy":"product_cat","embeddable":true,"href":"https:\/\/www.purecook.com\/es\/wp-json\/wp\/v2\/product_cat?post=4932"},{"taxonomy":"product_tag","embeddable":true,"href":"https:\/\/www.purecook.com\/es\/wp-json\/wp\/v2\/product_tag?post=4932"}],"curies":[{"name":"wp","href":"https:\/\/api.w.org\/{rel}","templated":true}]}}