{"id":5036,"date":"2024-05-01T08:40:00","date_gmt":"2024-05-01T00:40:00","guid":{"rendered":"https:\/\/www.purecook.com\/?post_type=product&#038;p=5036"},"modified":"2025-11-26T09:02:56","modified_gmt":"2025-11-26T01:02:56","slug":"wholesale-food-grade-plastic-tableware-set","status":"publish","type":"product","link":"https:\/\/www.purecook.com\/es\/product\/wholesale-food-grade-plastic-tableware-set\/","title":{"rendered":"Mayorista Vajilla de Pl\u00e1stico Alimentaria"},"content":{"rendered":"<div class=\"wp-block-columns is-layout-flex wp-container-core-columns-is-layout-9d6595d7 wp-block-columns-is-layout-flex\">\n<div class=\"wp-block-column is-layout-flow wp-block-column-is-layout-flow\">\n<h3 class=\"wp-block-heading\">Par\u00e1metros de la vajilla de pl\u00e1stico alimentaria<\/h3>\n\n\n\n<p><strong>Material:<\/strong> PP<br><strong>Color:<\/strong> Cer\u00e1mica blanca<br><strong>incluyendo: <\/strong>Cuenco, plato redondo, palillos, cuchara<\/p>\n<\/div>\n\n\n\n<div class=\"wp-block-column is-layout-flow wp-block-column-is-layout-flow\">\n<h3 class=\"wp-block-heading\">Opciones personalizadas<\/h3>\n\n\n\n<p><strong>Logotipo:<\/strong>\u00a0Personalizable con el logotipo de su marca<br><strong>Embalaje:<\/strong>\u00a0Caja de color\/Cart\u00f3n, etc<\/p>\n<\/div>\n<\/div>\n\n\n\n<div class=\"wp-block-columns is-layout-flex wp-container-core-columns-is-layout-9d6595d7 wp-block-columns-is-layout-flex\">\n<div class=\"wp-block-column is-layout-flow wp-block-column-is-layout-flow\">\n<figure class=\"wp-block-image size-full\"><img decoding=\"async\" width=\"800\" height=\"800\" src=\"https:\/\/www.purecook.com\/wp-content\/uploads\/2025\/11\/wholesale-food-grade-plastic-tableware-set-5.webp\" alt=\"mayorista vajilla de plastico alimentaria (5)\" class=\"wp-image-5041\" srcset=\"https:\/\/www.purecook.com\/wp-content\/uploads\/2025\/11\/wholesale-food-grade-plastic-tableware-set-5.webp 800w, https:\/\/www.purecook.com\/wp-content\/uploads\/2025\/11\/wholesale-food-grade-plastic-tableware-set-5-300x300.webp 300w, https:\/\/www.purecook.com\/wp-content\/uploads\/2025\/11\/wholesale-food-grade-plastic-tableware-set-5-150x150.webp 150w, https:\/\/www.purecook.com\/wp-content\/uploads\/2025\/11\/wholesale-food-grade-plastic-tableware-set-5-768x768.webp 768w, https:\/\/www.purecook.com\/wp-content\/uploads\/2025\/11\/wholesale-food-grade-plastic-tableware-set-5-12x12.webp 12w, https:\/\/www.purecook.com\/wp-content\/uploads\/2025\/11\/wholesale-food-grade-plastic-tableware-set-5-600x600.webp 600w, https:\/\/www.purecook.com\/wp-content\/uploads\/2025\/11\/wholesale-food-grade-plastic-tableware-set-5-100x100.webp 100w\" sizes=\"(max-width: 800px) 100vw, 800px\" \/><\/figure>\n<\/div>\n\n\n\n<div class=\"wp-block-column is-layout-flow wp-block-column-is-layout-flow\">\n<figure class=\"wp-block-image size-full\"><img decoding=\"async\" width=\"800\" height=\"800\" src=\"https:\/\/www.purecook.com\/wp-content\/uploads\/2025\/11\/wholesale-food-grade-plastic-tableware-set-6.webp\" alt=\"mayorista vajilla de plastico alimentaria (6)\" class=\"wp-image-5042\" srcset=\"https:\/\/www.purecook.com\/wp-content\/uploads\/2025\/11\/wholesale-food-grade-plastic-tableware-set-6.webp 800w, https:\/\/www.purecook.com\/wp-content\/uploads\/2025\/11\/wholesale-food-grade-plastic-tableware-set-6-300x300.webp 300w, https:\/\/www.purecook.com\/wp-content\/uploads\/2025\/11\/wholesale-food-grade-plastic-tableware-set-6-150x150.webp 150w, https:\/\/www.purecook.com\/wp-content\/uploads\/2025\/11\/wholesale-food-grade-plastic-tableware-set-6-768x768.webp 768w, https:\/\/www.purecook.com\/wp-content\/uploads\/2025\/11\/wholesale-food-grade-plastic-tableware-set-6-12x12.webp 12w, https:\/\/www.purecook.com\/wp-content\/uploads\/2025\/11\/wholesale-food-grade-plastic-tableware-set-6-600x600.webp 600w, https:\/\/www.purecook.com\/wp-content\/uploads\/2025\/11\/wholesale-food-grade-plastic-tableware-set-6-100x100.webp 100w\" sizes=\"(max-width: 800px) 100vw, 800px\" \/><\/figure>\n<\/div>\n<\/div>\n\n\n\n<div class=\"wp-block-columns is-layout-flex wp-container-core-columns-is-layout-9d6595d7 wp-block-columns-is-layout-flex\">\n<div class=\"wp-block-column is-layout-flow wp-block-column-is-layout-flow\"><\/div>\n\n\n\n<div class=\"wp-block-column is-layout-flow wp-block-column-is-layout-flow\"><\/div>\n<\/div>","protected":false},"excerpt":{"rendered":"<p>Vajillas de pl\u00e1stico de calidad alimentaria al por mayor, que proporcionan todos los componentes necesarios para una comida completa de varios platos para una o dos personas. Su forma lisa y sencilla indica que son f\u00e1ciles de lavar a mano o en el lavavajillas. Ideales para supermercados y minoristas de vajillas. P\u00f3ngase en contacto con nosotros hoy mismo para solicitar un presupuesto.<\/p>\n<h2>Caracter\u00edsticas de la vajilla de pl\u00e1stico para uso alimentario<\/h2>\n<p><strong>Estilo minimalista moderno:<\/strong> Esta vajilla al por mayor presenta un aspecto limpio, moderno y atractivo con un sencillo acabado en blanco cer\u00e1mico y elegantes l\u00edneas curvas.<\/p>\n<p><strong>M\u00faltiples tama\u00f1os:<\/strong> Este juego incluye vajilla de varios tama\u00f1os para adaptarse a distintos tipos y clases de comida.<\/p>\n<p><strong>Durabilidad y resistencia:<\/strong> Fabricada en pl\u00e1stico PP muy resistente e inastillable, no se romper\u00e1 aunque se caiga, por lo que es ideal para familias con ni\u00f1os, cenas al aire libre o el uso diario.<\/p>\n<p><strong>Seguridad:<\/strong> Fabricado con materiales aptos para uso alimentario, no es t\u00f3xico ni contiene sustancias qu\u00edmicas nocivas como el BPA, por lo que es seguro para el contacto repetido con recipientes aptos para uso alimentario.<\/p>","protected":false},"featured_media":5037,"comment_status":"closed","ping_status":"closed","template":"","meta":{"_acf_changed":false},"product_brand":[],"product_cat":[51],"product_tag":[],"class_list":{"0":"post-5036","1":"product","2":"type-product","3":"status-publish","4":"has-post-thumbnail","6":"product_cat-dinnerware","8":"first","9":"instock","10":"shipping-taxable","11":"product-type-simple"},"acf":[],"_links":{"self":[{"href":"https:\/\/www.purecook.com\/es\/wp-json\/wp\/v2\/product\/5036","targetHints":{"allow":["GET"]}}],"collection":[{"href":"https:\/\/www.purecook.com\/es\/wp-json\/wp\/v2\/product"}],"about":[{"href":"https:\/\/www.purecook.com\/es\/wp-json\/wp\/v2\/types\/product"}],"replies":[{"embeddable":true,"href":"https:\/\/www.purecook.com\/es\/wp-json\/wp\/v2\/comments?post=5036"}],"wp:featuredmedia":[{"embeddable":true,"href":"https:\/\/www.purecook.com\/es\/wp-json\/wp\/v2\/media\/5037"}],"wp:attachment":[{"href":"https:\/\/www.purecook.com\/es\/wp-json\/wp\/v2\/media?parent=5036"}],"wp:term":[{"taxonomy":"product_brand","embeddable":true,"href":"https:\/\/www.purecook.com\/es\/wp-json\/wp\/v2\/product_brand?post=5036"},{"taxonomy":"product_cat","embeddable":true,"href":"https:\/\/www.purecook.com\/es\/wp-json\/wp\/v2\/product_cat?post=5036"},{"taxonomy":"product_tag","embeddable":true,"href":"https:\/\/www.purecook.com\/es\/wp-json\/wp\/v2\/product_tag?post=5036"}],"curies":[{"name":"wp","href":"https:\/\/api.w.org\/{rel}","templated":true}]}}