{"id":5043,"date":"2025-11-26T09:04:08","date_gmt":"2025-11-26T01:04:08","guid":{"rendered":"https:\/\/www.purecook.com\/?post_type=product&#038;p=5043"},"modified":"2025-11-26T09:33:54","modified_gmt":"2025-11-26T01:33:54","slug":"wholesale-multi-function-stainless-steel-colander-and-grater-set","status":"publish","type":"product","link":"https:\/\/www.purecook.com\/es\/product\/wholesale-multi-function-stainless-steel-colander-and-grater-set\/","title":{"rendered":"Mayorista Juego de escurridor multifunci\u00f3n de acero inoxidable con rallador"},"content":{"rendered":"<div class=\"wp-block-columns is-layout-flex wp-container-core-columns-is-layout-9d6595d7 wp-block-columns-is-layout-flex\">\n<div class=\"wp-block-column is-layout-flow wp-block-column-is-layout-flow\">\n<h3 class=\"wp-block-heading\">Par\u00e1metros del juego de escurridor y colador de acero inoxidable<\/h3>\n\n\n\n<p><strong>Material:<\/strong> Acero inoxidable 201\/304<br><strong>Color:<\/strong> Plata<br><strong>Tama\u00f1o:<\/strong> 24 cm<br><strong>Funciones:<\/strong> Filtrar\/Almacenar\/Rebanar\/Rallar<\/p>\n<\/div>\n\n\n\n<div class=\"wp-block-column is-layout-flow wp-block-column-is-layout-flow\">\n<h3 class=\"wp-block-heading\">Opciones personalizadas<\/h3>\n\n\n\n<p><strong>Logotipo:<\/strong> Personalizable con el logotipo de su marca<br><strong>Embalaje:<\/strong>\u00a0Caja de color\/Cart\u00f3n, etc<\/p>\n<\/div>\n<\/div>\n\n\n\n<div class=\"wp-block-columns is-layout-flex wp-container-core-columns-is-layout-9d6595d7 wp-block-columns-is-layout-flex\">\n<div class=\"wp-block-column is-layout-flow wp-block-column-is-layout-flow\">\n<figure class=\"wp-block-image size-full\"><img decoding=\"async\" width=\"800\" height=\"800\" src=\"https:\/\/www.purecook.com\/wp-content\/uploads\/2025\/11\/wholesale-stainless-steel-colander-and-grater-lid-set2.webp\" alt=\"venta al por mayor de acero inoxidable colador y rallador tapa set(2)\" class=\"wp-image-5045\" srcset=\"https:\/\/www.purecook.com\/wp-content\/uploads\/2025\/11\/wholesale-stainless-steel-colander-and-grater-lid-set2.webp 800w, https:\/\/www.purecook.com\/wp-content\/uploads\/2025\/11\/wholesale-stainless-steel-colander-and-grater-lid-set2-300x300.webp 300w, https:\/\/www.purecook.com\/wp-content\/uploads\/2025\/11\/wholesale-stainless-steel-colander-and-grater-lid-set2-150x150.webp 150w, https:\/\/www.purecook.com\/wp-content\/uploads\/2025\/11\/wholesale-stainless-steel-colander-and-grater-lid-set2-768x768.webp 768w, https:\/\/www.purecook.com\/wp-content\/uploads\/2025\/11\/wholesale-stainless-steel-colander-and-grater-lid-set2-12x12.webp 12w, https:\/\/www.purecook.com\/wp-content\/uploads\/2025\/11\/wholesale-stainless-steel-colander-and-grater-lid-set2-600x600.webp 600w, https:\/\/www.purecook.com\/wp-content\/uploads\/2025\/11\/wholesale-stainless-steel-colander-and-grater-lid-set2-100x100.webp 100w\" sizes=\"(max-width: 800px) 100vw, 800px\" \/><\/figure>\n<\/div>\n\n\n\n<div class=\"wp-block-column is-layout-flow wp-block-column-is-layout-flow\">\n<figure class=\"wp-block-image size-full\"><img decoding=\"async\" width=\"800\" height=\"800\" src=\"https:\/\/www.purecook.com\/wp-content\/uploads\/2025\/11\/wholesale-stainless-steel-colander-and-grater-lid-set5.webp\" alt=\"venta al por mayor de acero inoxidable colador y rallador tapa set(5)\" class=\"wp-image-5048\" srcset=\"https:\/\/www.purecook.com\/wp-content\/uploads\/2025\/11\/wholesale-stainless-steel-colander-and-grater-lid-set5.webp 800w, https:\/\/www.purecook.com\/wp-content\/uploads\/2025\/11\/wholesale-stainless-steel-colander-and-grater-lid-set5-300x300.webp 300w, https:\/\/www.purecook.com\/wp-content\/uploads\/2025\/11\/wholesale-stainless-steel-colander-and-grater-lid-set5-150x150.webp 150w, https:\/\/www.purecook.com\/wp-content\/uploads\/2025\/11\/wholesale-stainless-steel-colander-and-grater-lid-set5-768x768.webp 768w, https:\/\/www.purecook.com\/wp-content\/uploads\/2025\/11\/wholesale-stainless-steel-colander-and-grater-lid-set5-12x12.webp 12w, https:\/\/www.purecook.com\/wp-content\/uploads\/2025\/11\/wholesale-stainless-steel-colander-and-grater-lid-set5-600x600.webp 600w, https:\/\/www.purecook.com\/wp-content\/uploads\/2025\/11\/wholesale-stainless-steel-colander-and-grater-lid-set5-100x100.webp 100w\" sizes=\"(max-width: 800px) 100vw, 800px\" \/><\/figure>\n<\/div>\n<\/div>","protected":false},"excerpt":{"rendered":"<p>Juego de escurridores de acero inoxidable al por mayor. Este set duradero y multifuncional simplifica la preparaci\u00f3n de alimentos. Lave, enjuague, escurra, ralle y corte r\u00e1pidamente verduras, frutas y mucho m\u00e1s en un sistema integrado. Este producto satisface la creciente demanda del mercado de utensilios de cocina multifuncionales que ahorren espacio. P\u00f3ngase en contacto con nosotros hoy mismo para solicitar un presupuesto al por mayor.<\/p>\n<h2>Caracter\u00edsticas del juego de escurridor y rallador de acero inoxidable<\/h2>\n<p><strong>Dise\u00f1o multifuncional:<\/strong> La tapa de este escurridor de acero inoxidable funciona a la vez como rallador y cortador, permitiendo a los usuarios preparar r\u00e1pidamente verduras para ensaladas y salteados.<\/p>\n<p><strong>Dise\u00f1o todo en uno:<\/strong> Combinando las funciones de rallador, colador y recipiente para mezclar, este dise\u00f1o ahorra espacio en la encimera de la cocina y reduce el n\u00famero de utensilios necesarios para preparar los alimentos.<\/p>\n<p><strong>Construcci\u00f3n duradera:<\/strong> Nuestros escurridores al por mayor est\u00e1n fabricados con acero inoxidable duradero, que ofrece ventajas como resistencia a la oxidaci\u00f3n, higiene, facilidad de limpieza y larga duraci\u00f3n.<\/p>\n<p><strong>F\u00e1cil de limpiar:<\/strong> Este juego de escurridores tiene una superficie lisa de acero inoxidable que resiste las manchas y los olores, por lo que es muy f\u00e1cil de limpiar y apto para el lavavajillas, ideal para preparar alimentos con frecuencia.<\/p>","protected":false},"featured_media":5044,"comment_status":"closed","ping_status":"closed","template":"","meta":{"_acf_changed":false},"product_brand":[],"product_cat":[52,65],"product_tag":[],"class_list":{"0":"post-5043","1":"product","2":"type-product","3":"status-publish","4":"has-post-thumbnail","6":"product_cat-kitchen-utensils","7":"product_cat-kitchen-strainer-and-colander","9":"first","10":"instock","11":"shipping-taxable","12":"product-type-simple"},"acf":[],"_links":{"self":[{"href":"https:\/\/www.purecook.com\/es\/wp-json\/wp\/v2\/product\/5043","targetHints":{"allow":["GET"]}}],"collection":[{"href":"https:\/\/www.purecook.com\/es\/wp-json\/wp\/v2\/product"}],"about":[{"href":"https:\/\/www.purecook.com\/es\/wp-json\/wp\/v2\/types\/product"}],"replies":[{"embeddable":true,"href":"https:\/\/www.purecook.com\/es\/wp-json\/wp\/v2\/comments?post=5043"}],"wp:featuredmedia":[{"embeddable":true,"href":"https:\/\/www.purecook.com\/es\/wp-json\/wp\/v2\/media\/5044"}],"wp:attachment":[{"href":"https:\/\/www.purecook.com\/es\/wp-json\/wp\/v2\/media?parent=5043"}],"wp:term":[{"taxonomy":"product_brand","embeddable":true,"href":"https:\/\/www.purecook.com\/es\/wp-json\/wp\/v2\/product_brand?post=5043"},{"taxonomy":"product_cat","embeddable":true,"href":"https:\/\/www.purecook.com\/es\/wp-json\/wp\/v2\/product_cat?post=5043"},{"taxonomy":"product_tag","embeddable":true,"href":"https:\/\/www.purecook.com\/es\/wp-json\/wp\/v2\/product_tag?post=5043"}],"curies":[{"name":"wp","href":"https:\/\/api.w.org\/{rel}","templated":true}]}}