{"id":5055,"date":"2025-11-26T10:00:24","date_gmt":"2025-11-26T02:00:24","guid":{"rendered":"https:\/\/www.purecook.com\/?post_type=product&#038;p=5055"},"modified":"2025-11-26T10:23:55","modified_gmt":"2025-11-26T02:23:55","slug":"wholesale-premium-stainless-steel-trash-cans","status":"publish","type":"product","link":"https:\/\/www.purecook.com\/es\/product\/wholesale-premium-stainless-steel-trash-cans\/","title":{"rendered":"Mayorista Cubos de Basura de Acero Inoxidable - Duraderos, F\u00e1ciles de Limpiar"},"content":{"rendered":"<div class=\"wp-block-columns is-layout-flex wp-container-core-columns-is-layout-9d6595d7 wp-block-columns-is-layout-flex\">\n<div class=\"wp-block-column is-layout-flow wp-block-column-is-layout-flow\">\n<h3 class=\"wp-block-heading\">Par\u00e1metros del cubo de basura de acero inoxidable<\/h3>\n\n\n\n<p><strong>Material:<\/strong> Acero inoxidable 201\/304<br><strong>Capacidad: <\/strong>3L<br><strong>Grosor normal:<\/strong> 0,5 mm<br><strong>Logotipo:<\/strong> Serigraf\u00eda\/grabado l\u00e1ser\/sello en relieve<br><strong>Asa y tapa:<\/strong> Acero inoxidable<\/p>\n<\/div>\n\n\n\n<div class=\"wp-block-column is-layout-flow wp-block-column-is-layout-flow\">\n<h3 class=\"wp-block-heading\">Opciones de bater\u00eda de cocina a medida<\/h3>\n\n\n\n<p><strong>Logotipo:<\/strong> Personalizable con el logotipo de su marca<br><strong>Embalaje:<\/strong>\u00a0Caja de color\/Cart\u00f3n, etc<\/p>\n<\/div>\n<\/div>\n\n\n\n<div class=\"wp-block-columns is-layout-flex wp-container-core-columns-is-layout-9d6595d7 wp-block-columns-is-layout-flex\">\n<div class=\"wp-block-column is-layout-flow wp-block-column-is-layout-flow\">\n<figure class=\"wp-block-image size-full\"><img decoding=\"async\" width=\"800\" height=\"800\" src=\"https:\/\/www.purecook.com\/wp-content\/uploads\/2025\/11\/wholesale-stainless-steel-trash-can-2.webp\" alt=\"mayorista cubo de basura de acero inoxidable (2)\" class=\"wp-image-5057\" srcset=\"https:\/\/www.purecook.com\/wp-content\/uploads\/2025\/11\/wholesale-stainless-steel-trash-can-2.webp 800w, https:\/\/www.purecook.com\/wp-content\/uploads\/2025\/11\/wholesale-stainless-steel-trash-can-2-300x300.webp 300w, https:\/\/www.purecook.com\/wp-content\/uploads\/2025\/11\/wholesale-stainless-steel-trash-can-2-150x150.webp 150w, https:\/\/www.purecook.com\/wp-content\/uploads\/2025\/11\/wholesale-stainless-steel-trash-can-2-768x768.webp 768w, https:\/\/www.purecook.com\/wp-content\/uploads\/2025\/11\/wholesale-stainless-steel-trash-can-2-12x12.webp 12w, https:\/\/www.purecook.com\/wp-content\/uploads\/2025\/11\/wholesale-stainless-steel-trash-can-2-600x600.webp 600w, https:\/\/www.purecook.com\/wp-content\/uploads\/2025\/11\/wholesale-stainless-steel-trash-can-2-100x100.webp 100w\" sizes=\"(max-width: 800px) 100vw, 800px\" \/><\/figure>\n<\/div>\n\n\n\n<div class=\"wp-block-column is-layout-flow wp-block-column-is-layout-flow\">\n<figure class=\"wp-block-image size-full\"><img decoding=\"async\" width=\"800\" height=\"800\" src=\"https:\/\/www.purecook.com\/wp-content\/uploads\/2025\/11\/wholesale-stainless-steel-trash-can-3.webp\" alt=\"mayorista cubo de basura de acero inoxidable (3)\" class=\"wp-image-5058\" srcset=\"https:\/\/www.purecook.com\/wp-content\/uploads\/2025\/11\/wholesale-stainless-steel-trash-can-3.webp 800w, https:\/\/www.purecook.com\/wp-content\/uploads\/2025\/11\/wholesale-stainless-steel-trash-can-3-300x300.webp 300w, https:\/\/www.purecook.com\/wp-content\/uploads\/2025\/11\/wholesale-stainless-steel-trash-can-3-150x150.webp 150w, https:\/\/www.purecook.com\/wp-content\/uploads\/2025\/11\/wholesale-stainless-steel-trash-can-3-768x768.webp 768w, https:\/\/www.purecook.com\/wp-content\/uploads\/2025\/11\/wholesale-stainless-steel-trash-can-3-12x12.webp 12w, https:\/\/www.purecook.com\/wp-content\/uploads\/2025\/11\/wholesale-stainless-steel-trash-can-3-600x600.webp 600w, https:\/\/www.purecook.com\/wp-content\/uploads\/2025\/11\/wholesale-stainless-steel-trash-can-3-100x100.webp 100w\" sizes=\"(max-width: 800px) 100vw, 800px\" \/><\/figure>\n<\/div>\n<\/div>","protected":false},"excerpt":{"rendered":"<p>Este cubo de basura de acero inoxidable, con su dise\u00f1o elegante y resistente a las huellas dactilares y su tapa herm\u00e9tica para controlar los olores, est\u00e1 dise\u00f1ado para la eliminaci\u00f3n inmediata de c\u00e1scaras de fruta, posos de caf\u00e9 y restos de comida. Es una herramienta esencial para el funcionamiento eficiente de la cocina. P\u00f3ngase en contacto con nosotros para solicitar un presupuesto al por mayor.<\/p>\n<p>Como l\u00edder <a href=\"https:\/\/www.purecook.com\/es\/categoria-de-productos\/kitchen-utensils\/\" target=\"_blank\" rel=\"noopener\"><strong>fabricante de utensilios de cocina<\/strong><\/a> en China, ofrecemos una amplia variedad de utensilios de cocina de acero inoxidable al por mayor para satisfacer las diversas necesidades de las cocinas dom\u00e9sticas y del sector de la restauraci\u00f3n. P\u00f3ngase en contacto con nosotros para solicitar un cat\u00e1logo y un presupuesto.<\/p>\n<h2>Caracter\u00edsticas del cubo de basura de acero inoxidable<\/h2>\n<p><strong>Alta durabilidad:<\/strong> Estos cubos de basura de acero inoxidable est\u00e1n fabricados con acero grueso de alta calidad, lo que los hace mucho m\u00e1s duraderos que los cubos de basura de pl\u00e1stico. Son menos propensos a abolladuras y dobleces y pueden soportar los impactos cotidianos.<\/p>\n<p><strong>Acero inoxidable Material:<\/strong> Los cubos de basura de acero inoxidable son higi\u00e9nicos, resistentes al \u00f3xido y no porosos. A diferencia del pl\u00e1stico, el acero inoxidable no absorbe f\u00e1cilmente los olores ni se mancha con los restos de comida.<\/p>\n<p><strong>Dise\u00f1o compacto:<\/strong> Nuestros cubos de basura de acero inoxidable al por mayor tienen un tama\u00f1o compacto, perfecto para colocar directamente en las encimeras de cocina y eliminar f\u00e1cilmente las c\u00e1scaras, restos y migas mientras cocina.<\/p>\n<p><strong>Est\u00e9tica:<\/strong> Los cubos de basura presentan un aspecto elegante y moderno con acero inoxidable cepillado, que complementa a la perfecci\u00f3n la est\u00e9tica de las cocinas contempor\u00e1neas.<\/p>","protected":false},"featured_media":5056,"comment_status":"closed","ping_status":"closed","template":"","meta":{"_acf_changed":false},"product_brand":[],"product_cat":[52,110],"product_tag":[],"class_list":{"0":"post-5055","1":"product","2":"type-product","3":"status-publish","4":"has-post-thumbnail","6":"product_cat-kitchen-utensils","7":"product_cat-stainless-steel-trash-can","9":"first","10":"instock","11":"shipping-taxable","12":"product-type-simple"},"acf":[],"_links":{"self":[{"href":"https:\/\/www.purecook.com\/es\/wp-json\/wp\/v2\/product\/5055","targetHints":{"allow":["GET"]}}],"collection":[{"href":"https:\/\/www.purecook.com\/es\/wp-json\/wp\/v2\/product"}],"about":[{"href":"https:\/\/www.purecook.com\/es\/wp-json\/wp\/v2\/types\/product"}],"replies":[{"embeddable":true,"href":"https:\/\/www.purecook.com\/es\/wp-json\/wp\/v2\/comments?post=5055"}],"wp:featuredmedia":[{"embeddable":true,"href":"https:\/\/www.purecook.com\/es\/wp-json\/wp\/v2\/media\/5056"}],"wp:attachment":[{"href":"https:\/\/www.purecook.com\/es\/wp-json\/wp\/v2\/media?parent=5055"}],"wp:term":[{"taxonomy":"product_brand","embeddable":true,"href":"https:\/\/www.purecook.com\/es\/wp-json\/wp\/v2\/product_brand?post=5055"},{"taxonomy":"product_cat","embeddable":true,"href":"https:\/\/www.purecook.com\/es\/wp-json\/wp\/v2\/product_cat?post=5055"},{"taxonomy":"product_tag","embeddable":true,"href":"https:\/\/www.purecook.com\/es\/wp-json\/wp\/v2\/product_tag?post=5055"}],"curies":[{"name":"wp","href":"https:\/\/api.w.org\/{rel}","templated":true}]}}