{"id":5086,"date":"2025-12-06T11:19:39","date_gmt":"2025-12-06T03:19:39","guid":{"rendered":"https:\/\/www.purecook.com\/?post_type=product&#038;p=5086"},"modified":"2025-12-06T17:02:38","modified_gmt":"2025-12-06T09:02:38","slug":"wholesale-stainless-steel-deep-frying-pot","status":"publish","type":"product","link":"https:\/\/www.purecook.com\/es\/product\/wholesale-stainless-steel-deep-frying-pot\/","title":{"rendered":"Wholesale Olla de Acero Inoxidable - Cocinar y Freir"},"content":{"rendered":"<div class=\"wp-block-columns is-layout-flex wp-container-core-columns-is-layout-9d6595d7 wp-block-columns-is-layout-flex\">\n<div class=\"wp-block-column is-layout-flow wp-block-column-is-layout-flow\">\n<h3 class=\"wp-block-heading\">Par\u00e1metros de la olla para fre\u00edr de acero inoxidable<\/h3>\n\n\n\n<p><strong>Material:<\/strong> Acero inoxidable<br><strong>Grosor normal:<\/strong> 0,65 mm<br><strong>Espesor de la tapa: <\/strong>0,5 mm<br><strong>Capacidad:<\/strong> 4,3 l <br><strong>Tama\u00f1o:<\/strong> 16 \u00d7 22 cm<br><strong>Logotipo:<\/strong> Serigraf\u00eda\/grabado l\u00e1ser\/sello en relieve<br><strong>Asa y pomo de la tapa: <\/strong>Acero inoxidable<\/p>\n<\/div>\n\n\n\n<div class=\"wp-block-column is-layout-flow wp-block-column-is-layout-flow\">\n<h3 class=\"wp-block-heading\">Opciones de bater\u00eda de cocina a medida<\/h3>\n\n\n\n<p><strong>Material: <\/strong>SUS#201\/304<br><strong>Logotipo:<\/strong> Personalizable con el logotipo de su marca<br><strong>Embalaje:<\/strong>&nbsp;Caja de color\/Cart\u00f3n, etc<br><strong>Mango a su medida<\/strong><\/p>\n<\/div>\n<\/div>\n\n\n\n<div class=\"wp-block-columns is-layout-flex wp-container-core-columns-is-layout-9d6595d7 wp-block-columns-is-layout-flex\">\n<div class=\"wp-block-column is-layout-flow wp-block-column-is-layout-flow\">\n<figure class=\"wp-block-image size-full\"><img decoding=\"async\" width=\"800\" height=\"800\" src=\"https:\/\/www.purecook.com\/wp-content\/uploads\/2025\/12\/wholesale-stainless-steel-deep-frying-pot-3.webp\" alt=\"olla para fre\u00edr de acero inoxidable al por mayor (3)\" class=\"wp-image-5089\" srcset=\"https:\/\/www.purecook.com\/wp-content\/uploads\/2025\/12\/wholesale-stainless-steel-deep-frying-pot-3.webp 800w, https:\/\/www.purecook.com\/wp-content\/uploads\/2025\/12\/wholesale-stainless-steel-deep-frying-pot-3-300x300.webp 300w, https:\/\/www.purecook.com\/wp-content\/uploads\/2025\/12\/wholesale-stainless-steel-deep-frying-pot-3-150x150.webp 150w, https:\/\/www.purecook.com\/wp-content\/uploads\/2025\/12\/wholesale-stainless-steel-deep-frying-pot-3-768x768.webp 768w, https:\/\/www.purecook.com\/wp-content\/uploads\/2025\/12\/wholesale-stainless-steel-deep-frying-pot-3-12x12.webp 12w, https:\/\/www.purecook.com\/wp-content\/uploads\/2025\/12\/wholesale-stainless-steel-deep-frying-pot-3-600x600.webp 600w, https:\/\/www.purecook.com\/wp-content\/uploads\/2025\/12\/wholesale-stainless-steel-deep-frying-pot-3-100x100.webp 100w\" sizes=\"(max-width: 800px) 100vw, 800px\" \/><\/figure>\n<\/div>\n\n\n\n<div class=\"wp-block-column is-layout-flow wp-block-column-is-layout-flow\">\n<figure class=\"wp-block-image size-full\"><img decoding=\"async\" width=\"800\" height=\"800\" src=\"https:\/\/www.purecook.com\/wp-content\/uploads\/2025\/12\/wholesale-stainless-steel-deep-frying-pot-4.webp\" alt=\"olla para fre\u00edr de acero inoxidable al por mayor (4)\" class=\"wp-image-5090\" srcset=\"https:\/\/www.purecook.com\/wp-content\/uploads\/2025\/12\/wholesale-stainless-steel-deep-frying-pot-4.webp 800w, https:\/\/www.purecook.com\/wp-content\/uploads\/2025\/12\/wholesale-stainless-steel-deep-frying-pot-4-300x300.webp 300w, https:\/\/www.purecook.com\/wp-content\/uploads\/2025\/12\/wholesale-stainless-steel-deep-frying-pot-4-150x150.webp 150w, https:\/\/www.purecook.com\/wp-content\/uploads\/2025\/12\/wholesale-stainless-steel-deep-frying-pot-4-768x768.webp 768w, https:\/\/www.purecook.com\/wp-content\/uploads\/2025\/12\/wholesale-stainless-steel-deep-frying-pot-4-12x12.webp 12w, https:\/\/www.purecook.com\/wp-content\/uploads\/2025\/12\/wholesale-stainless-steel-deep-frying-pot-4-600x600.webp 600w, https:\/\/www.purecook.com\/wp-content\/uploads\/2025\/12\/wholesale-stainless-steel-deep-frying-pot-4-100x100.webp 100w\" sizes=\"(max-width: 800px) 100vw, 800px\" \/><\/figure>\n<\/div>\n<\/div>\n\n\n\n<div class=\"wp-block-columns is-layout-flex wp-container-core-columns-is-layout-9d6595d7 wp-block-columns-is-layout-flex\">\n<div class=\"wp-block-column is-layout-flow wp-block-column-is-layout-flow\"><\/div>\n\n\n\n<div class=\"wp-block-column is-layout-flow wp-block-column-is-layout-flow\"><\/div>\n<\/div>","protected":false},"excerpt":{"rendered":"<p>Olla para fre\u00edr de acero inoxidable al por mayor con una cesta perforada duradera para facilitar el drenaje del aceite. Este vers\u00e1til producto se puede utilizar para fre\u00edr o como olla para sopa. Su dise\u00f1o f\u00e1cil de usar permite a los usuarios dom\u00e9sticos fre\u00edr y cocinar como profesionales.<\/p>\n<p>Purecook es un l\u00edder <a href=\"https:\/\/www.purecook.com\/es\/categoria-de-productos\/cookware\/\" target=\"_blank\" rel=\"noopener\"><strong>fabricante de utensilios de cocina en China<\/strong><\/a>, que ofrece una amplia gama de productos de menaje de cocina al por mayor. P\u00f3ngase en contacto con nosotros para solicitar un cat\u00e1logo y un presupuesto.<\/p>\n<h2>Caracter\u00edsticas de la sart\u00e9n honda de acero inoxidable<\/h2>\n<p><strong>Versatilidad:<\/strong><\/p>\n<ul>\n<li>\n<p>Freidora espec\u00edfica: con la cesta insertable, se convierte en una olla espec\u00edfica para fre\u00edr pollo, donuts, aros de cebolla, etc., lo que permite sacar f\u00e1cilmente los alimentos del aceite caliente.<\/p>\n<\/li>\n<li>\n<p>Una olla, muchas funciones: tambi\u00e9n se puede utilizar como olla est\u00e1ndar para cocinar grandes cantidades de sopa, guisos o pasta\/mazorcas de ma\u00edz.<\/p>\n<\/li>\n<\/ul>\n<p><strong>Construcci\u00f3n duradera:<\/strong> La estructura de acero inoxidable ofrece una excelente retenci\u00f3n y conductividad del calor, lo cual es fundamental para mantener una temperatura estable del aceite durante la fritura.<\/p>\n<p><strong>Funcionamiento seguro:<\/strong> Tanto la olla como la cesta cuentan con asas laterales remachadas y resistentes, lo que permite levantarlas y moverlas de forma segura y c\u00f3moda, incluso cuando est\u00e1n llenas.<\/p>\n<p><strong>Drenaje eficiente del aceite:<\/strong> La cesta perforada de acero inoxidable se extrae con suavidad y drena r\u00e1pidamente el exceso de aceite, lo que mantiene los alimentos fritos crujientes y menos grasientos.<\/p>\n<p><strong>Apto para uso dom\u00e9stico y comercial:<\/strong> Perfecto para fre\u00edr pollo, pescado, patatas fritas, tempura y mucho m\u00e1s. Ideal para restaurantes, puestos de comida y cocinas dom\u00e9sticas.<\/p>","protected":false},"featured_media":5091,"comment_status":"closed","ping_status":"closed","template":"","meta":{"_acf_changed":false},"product_brand":[],"product_cat":[24,72],"product_tag":[98],"class_list":{"0":"post-5086","1":"product","2":"type-product","3":"status-publish","4":"has-post-thumbnail","6":"product_cat-cookware","7":"product_cat-fryer-pots","8":"product_tag-wholesale-home-cookware","10":"first","11":"instock","12":"shipping-taxable","13":"product-type-simple"},"acf":[],"_links":{"self":[{"href":"https:\/\/www.purecook.com\/es\/wp-json\/wp\/v2\/product\/5086","targetHints":{"allow":["GET"]}}],"collection":[{"href":"https:\/\/www.purecook.com\/es\/wp-json\/wp\/v2\/product"}],"about":[{"href":"https:\/\/www.purecook.com\/es\/wp-json\/wp\/v2\/types\/product"}],"replies":[{"embeddable":true,"href":"https:\/\/www.purecook.com\/es\/wp-json\/wp\/v2\/comments?post=5086"}],"wp:featuredmedia":[{"embeddable":true,"href":"https:\/\/www.purecook.com\/es\/wp-json\/wp\/v2\/media\/5091"}],"wp:attachment":[{"href":"https:\/\/www.purecook.com\/es\/wp-json\/wp\/v2\/media?parent=5086"}],"wp:term":[{"taxonomy":"product_brand","embeddable":true,"href":"https:\/\/www.purecook.com\/es\/wp-json\/wp\/v2\/product_brand?post=5086"},{"taxonomy":"product_cat","embeddable":true,"href":"https:\/\/www.purecook.com\/es\/wp-json\/wp\/v2\/product_cat?post=5086"},{"taxonomy":"product_tag","embeddable":true,"href":"https:\/\/www.purecook.com\/es\/wp-json\/wp\/v2\/product_tag?post=5086"}],"curies":[{"name":"wp","href":"https:\/\/api.w.org\/{rel}","templated":true}]}}