{"id":5094,"date":"2025-12-06T14:42:27","date_gmt":"2025-12-06T06:15:38","guid":{"rendered":"https:\/\/www.purecook.com\/?post_type=product&#038;p=5094"},"modified":"2025-12-06T14:53:06","modified_gmt":"2025-12-06T06:53:06","slug":"wholesale-stainless-steel-ice-packs","status":"publish","type":"product","link":"https:\/\/www.purecook.com\/es\/product\/wholesale-stainless-steel-ice-packs\/","title":{"rendered":"Mayorista Bolsas de hielo de acero inoxidable para fiambreras - Mantienen el fr\u00edo hasta 6 horas"},"content":{"rendered":"<div class=\"wp-block-columns is-layout-flex wp-container-core-columns-is-layout-9d6595d7 wp-block-columns-is-layout-flex\">\n<div class=\"wp-block-column is-layout-flow wp-block-column-is-layout-flow\">\n<h3 class=\"wp-block-heading\">Par\u00e1metros de la bolsa de hielo de acero inoxidable<\/h3>\n\n\n\n<p><strong>Material:<\/strong> Acero inoxidable 304<br><strong>Tama\u00f1o: <\/strong>17,5\u00d711,5\u00d71,2 cm<br><strong>Logotipo: <\/strong>Serigraf\u00eda\/Grabado l\u00e1ser<\/p>\n<\/div>\n\n\n\n<div class=\"wp-block-column is-layout-flow wp-block-column-is-layout-flow\">\n<h3 class=\"wp-block-heading\">Opciones de bater\u00eda de cocina a medida<\/h3>\n\n\n\n<p><strong>Logotipo:<\/strong> Personalizable con el logotipo de su marca<br><strong>Embalaje:<\/strong>&nbsp;Caja de color\/Cart\u00f3n, etc<\/p>\n<\/div>\n<\/div>\n\n\n\n<div class=\"wp-block-columns is-layout-flex wp-container-core-columns-is-layout-9d6595d7 wp-block-columns-is-layout-flex\">\n<div class=\"wp-block-column is-layout-flow wp-block-column-is-layout-flow\">\n<figure class=\"wp-block-image size-full\"><img decoding=\"async\" width=\"800\" height=\"800\" src=\"https:\/\/www.purecook.com\/wp-content\/uploads\/2025\/12\/wholesale-stainless-steel-ice-packs-2.webp\" alt=\"venta al por mayor bolsas de hielo de acero inoxidable (2)\" class=\"wp-image-5097\" srcset=\"https:\/\/www.purecook.com\/wp-content\/uploads\/2025\/12\/wholesale-stainless-steel-ice-packs-2.webp 800w, https:\/\/www.purecook.com\/wp-content\/uploads\/2025\/12\/wholesale-stainless-steel-ice-packs-2-300x300.webp 300w, https:\/\/www.purecook.com\/wp-content\/uploads\/2025\/12\/wholesale-stainless-steel-ice-packs-2-150x150.webp 150w, https:\/\/www.purecook.com\/wp-content\/uploads\/2025\/12\/wholesale-stainless-steel-ice-packs-2-768x768.webp 768w, https:\/\/www.purecook.com\/wp-content\/uploads\/2025\/12\/wholesale-stainless-steel-ice-packs-2-12x12.webp 12w, https:\/\/www.purecook.com\/wp-content\/uploads\/2025\/12\/wholesale-stainless-steel-ice-packs-2-600x600.webp 600w, https:\/\/www.purecook.com\/wp-content\/uploads\/2025\/12\/wholesale-stainless-steel-ice-packs-2-100x100.webp 100w\" sizes=\"(max-width: 800px) 100vw, 800px\" \/><\/figure>\n<\/div>\n\n\n\n<div class=\"wp-block-column is-layout-flow wp-block-column-is-layout-flow\">\n<figure class=\"wp-block-image size-full\"><img decoding=\"async\" width=\"800\" height=\"800\" src=\"https:\/\/www.purecook.com\/wp-content\/uploads\/2025\/12\/wholesale-stainless-steel-ice-packs-4-2.webp\" alt=\"venta al por mayor bolsas de hielo de acero inoxidable (4)\" class=\"wp-image-5105\" srcset=\"https:\/\/www.purecook.com\/wp-content\/uploads\/2025\/12\/wholesale-stainless-steel-ice-packs-4-2.webp 800w, https:\/\/www.purecook.com\/wp-content\/uploads\/2025\/12\/wholesale-stainless-steel-ice-packs-4-2-300x300.webp 300w, https:\/\/www.purecook.com\/wp-content\/uploads\/2025\/12\/wholesale-stainless-steel-ice-packs-4-2-150x150.webp 150w, https:\/\/www.purecook.com\/wp-content\/uploads\/2025\/12\/wholesale-stainless-steel-ice-packs-4-2-768x768.webp 768w, https:\/\/www.purecook.com\/wp-content\/uploads\/2025\/12\/wholesale-stainless-steel-ice-packs-4-2-12x12.webp 12w, https:\/\/www.purecook.com\/wp-content\/uploads\/2025\/12\/wholesale-stainless-steel-ice-packs-4-2-600x600.webp 600w, https:\/\/www.purecook.com\/wp-content\/uploads\/2025\/12\/wholesale-stainless-steel-ice-packs-4-2-100x100.webp 100w\" sizes=\"(max-width: 800px) 100vw, 800px\" \/><\/figure>\n<\/div>\n<\/div>\n\n\n\n<div class=\"wp-block-columns is-layout-flex wp-container-core-columns-is-layout-9d6595d7 wp-block-columns-is-layout-flex\">\n<div class=\"wp-block-column is-layout-flow wp-block-column-is-layout-flow\"><\/div>\n\n\n\n<div class=\"wp-block-column is-layout-flow wp-block-column-is-layout-flow\"><\/div>\n<\/div>","protected":false},"excerpt":{"rendered":"<p>Bolsas de hielo de acero inoxidable al por mayor. Mantienen sus comidas frescas y bebidas heladas, perfectas para almuerzos diarios, aventuras al aire libre y todo tipo de viajes. Estas bolsas de hielo de acero inoxidable son f\u00e1ciles de limpiar, duraderas, resistentes a las abolladuras, a prueba de olores y de fugas, lo que garantiza un rendimiento fiable d\u00eda tras d\u00eda. P\u00f3ngase en contacto con nosotros para precios al por mayor.<\/p>\n<h2>Caracter\u00edsticas de las bolsas de hielo de acero inoxidable<\/h2>\n<p><strong>Extremadamente duradero:<\/strong> Las bolsas de hielo de acero inoxidable ofrecen una excepcional resistencia a impactos, pinchazos y deformaciones, lo que las hace adecuadas para una amplia gama de aplicaciones en exteriores.<\/p>\n<p><strong>Rendimiento de refrigeraci\u00f3n superior:<\/strong> Estas bolsas de hielo de acero inoxidable ofrecen un rendimiento de refrigeraci\u00f3n superior, manteniendo el contenido a baja temperatura hasta 6 horas.<\/p>\n<p><strong>Acero inoxidable de calidad alimentaria:<\/strong> Fabricadas \u00edntegramente en acero inoxidable de calidad alimentaria, estas bolsas de hielo son duraderas, seguras y fiables para el contacto directo con alimentos y bebidas.<\/p>","protected":false},"featured_media":5096,"comment_status":"closed","ping_status":"closed","template":"","meta":{"_acf_changed":false},"product_brand":[],"product_cat":[52],"product_tag":[],"class_list":{"0":"post-5094","1":"product","2":"type-product","3":"status-publish","4":"has-post-thumbnail","6":"product_cat-kitchen-utensils","8":"first","9":"instock","10":"shipping-taxable","11":"product-type-simple"},"acf":[],"_links":{"self":[{"href":"https:\/\/www.purecook.com\/es\/wp-json\/wp\/v2\/product\/5094","targetHints":{"allow":["GET"]}}],"collection":[{"href":"https:\/\/www.purecook.com\/es\/wp-json\/wp\/v2\/product"}],"about":[{"href":"https:\/\/www.purecook.com\/es\/wp-json\/wp\/v2\/types\/product"}],"replies":[{"embeddable":true,"href":"https:\/\/www.purecook.com\/es\/wp-json\/wp\/v2\/comments?post=5094"}],"wp:featuredmedia":[{"embeddable":true,"href":"https:\/\/www.purecook.com\/es\/wp-json\/wp\/v2\/media\/5096"}],"wp:attachment":[{"href":"https:\/\/www.purecook.com\/es\/wp-json\/wp\/v2\/media?parent=5094"}],"wp:term":[{"taxonomy":"product_brand","embeddable":true,"href":"https:\/\/www.purecook.com\/es\/wp-json\/wp\/v2\/product_brand?post=5094"},{"taxonomy":"product_cat","embeddable":true,"href":"https:\/\/www.purecook.com\/es\/wp-json\/wp\/v2\/product_cat?post=5094"},{"taxonomy":"product_tag","embeddable":true,"href":"https:\/\/www.purecook.com\/es\/wp-json\/wp\/v2\/product_tag?post=5094"}],"curies":[{"name":"wp","href":"https:\/\/api.w.org\/{rel}","templated":true}]}}