{"id":5106,"date":"2025-12-06T15:01:53","date_gmt":"2025-12-06T07:01:53","guid":{"rendered":"https:\/\/www.purecook.com\/?post_type=product&#038;p=5106"},"modified":"2025-12-06T16:59:57","modified_gmt":"2025-12-06T08:59:57","slug":"wholesale-stainless-steel-insulated-water-bottles","status":"publish","type":"product","link":"https:\/\/www.purecook.com\/es\/product\/wholesale-stainless-steel-insulated-water-bottles\/","title":{"rendered":"Venta al por mayor Botellas de agua isot\u00e9rmicas, Jarras de agua t\u00e9rmicas"},"content":{"rendered":"<div class=\"wp-block-columns is-layout-flex wp-container-core-columns-is-layout-9d6595d7 wp-block-columns-is-layout-flex\">\n<div class=\"wp-block-column is-layout-flow wp-block-column-is-layout-flow\">\n<h3 class=\"wp-block-heading\">Par\u00e1metros de la botella de agua isot\u00e9rmica<\/h3>\n\n\n\n<p><strong>Material:<\/strong> Acero inoxidable 304, silicona<br><strong>Capacidad: <\/strong>1000ML<br><strong>Logotipo: <\/strong>Serigraf\u00eda\/grabado l\u00e1ser<\/p>\n<\/div>\n\n\n\n<div class=\"wp-block-column is-layout-flow wp-block-column-is-layout-flow\">\n<h3 class=\"wp-block-heading\">Opciones de bater\u00eda de cocina a medida<\/h3>\n\n\n\n<p><strong>Logotipo:<\/strong> Personalizable con el logotipo de su marca<br><strong>Embalaje:<\/strong>&nbsp;Caja de color\/Cart\u00f3n, etc<br><strong>Asa: <\/strong>Mango a su medida<\/p>\n<\/div>\n<\/div>\n\n\n\n<div class=\"wp-block-columns is-layout-flex wp-container-core-columns-is-layout-9d6595d7 wp-block-columns-is-layout-flex\">\n<div class=\"wp-block-column is-layout-flow wp-block-column-is-layout-flow\">\n<figure class=\"wp-block-image size-full\"><img decoding=\"async\" width=\"800\" height=\"800\" src=\"https:\/\/www.purecook.com\/wp-content\/uploads\/2025\/12\/wholesale-insulated-water-bottles-2.webp\" alt=\"venta al por mayor de botellas de agua isot\u00e9rmicas (2)\" class=\"wp-image-5108\" srcset=\"https:\/\/www.purecook.com\/wp-content\/uploads\/2025\/12\/wholesale-insulated-water-bottles-2.webp 800w, https:\/\/www.purecook.com\/wp-content\/uploads\/2025\/12\/wholesale-insulated-water-bottles-2-300x300.webp 300w, https:\/\/www.purecook.com\/wp-content\/uploads\/2025\/12\/wholesale-insulated-water-bottles-2-150x150.webp 150w, https:\/\/www.purecook.com\/wp-content\/uploads\/2025\/12\/wholesale-insulated-water-bottles-2-768x768.webp 768w, https:\/\/www.purecook.com\/wp-content\/uploads\/2025\/12\/wholesale-insulated-water-bottles-2-12x12.webp 12w, https:\/\/www.purecook.com\/wp-content\/uploads\/2025\/12\/wholesale-insulated-water-bottles-2-600x600.webp 600w, https:\/\/www.purecook.com\/wp-content\/uploads\/2025\/12\/wholesale-insulated-water-bottles-2-100x100.webp 100w\" sizes=\"(max-width: 800px) 100vw, 800px\" \/><\/figure>\n<\/div>\n\n\n\n<div class=\"wp-block-column is-layout-flow wp-block-column-is-layout-flow\">\n<figure class=\"wp-block-image size-full\"><img decoding=\"async\" width=\"800\" height=\"800\" src=\"https:\/\/www.purecook.com\/wp-content\/uploads\/2025\/12\/wholesale-insulated-water-bottles-3.webp\" alt=\"venta al por mayor de botellas de agua isot\u00e9rmicas (3)\" class=\"wp-image-5109\" srcset=\"https:\/\/www.purecook.com\/wp-content\/uploads\/2025\/12\/wholesale-insulated-water-bottles-3.webp 800w, https:\/\/www.purecook.com\/wp-content\/uploads\/2025\/12\/wholesale-insulated-water-bottles-3-300x300.webp 300w, https:\/\/www.purecook.com\/wp-content\/uploads\/2025\/12\/wholesale-insulated-water-bottles-3-150x150.webp 150w, https:\/\/www.purecook.com\/wp-content\/uploads\/2025\/12\/wholesale-insulated-water-bottles-3-768x768.webp 768w, https:\/\/www.purecook.com\/wp-content\/uploads\/2025\/12\/wholesale-insulated-water-bottles-3-12x12.webp 12w, https:\/\/www.purecook.com\/wp-content\/uploads\/2025\/12\/wholesale-insulated-water-bottles-3-600x600.webp 600w, https:\/\/www.purecook.com\/wp-content\/uploads\/2025\/12\/wholesale-insulated-water-bottles-3-100x100.webp 100w\" sizes=\"(max-width: 800px) 100vw, 800px\" \/><\/figure>\n<\/div>\n<\/div>\n\n\n\n<div class=\"wp-block-columns is-layout-flex wp-container-core-columns-is-layout-9d6595d7 wp-block-columns-is-layout-flex\">\n<div class=\"wp-block-column is-layout-flow wp-block-column-is-layout-flow\"><\/div>\n\n\n\n<div class=\"wp-block-column is-layout-flow wp-block-column-is-layout-flow\"><\/div>\n<\/div>","protected":false},"excerpt":{"rendered":"<p>Botellas de agua aislantes al por mayor, con tecnolog\u00eda de aislamiento al vac\u00edo para conservar el calor y enfriar durante mucho tiempo. Dise\u00f1o elegante, perfecto para servir agua helada en cenas o caf\u00e9 caliente en reuniones.<\/p>\n<p>Como profesional <a href=\"https:\/\/www.purecook.com\/es\/\" target=\"_blank\" rel=\"noopener\"><strong>fabricante de utensilios de cocina<\/strong><\/a>, Ofrecemos precios al por mayor de f\u00e1brica y soporte OEM. \u00a1Cont\u00e1ctenos ahora!<\/p>\n<h2>Caracter\u00edsticas de las botellas de agua isot\u00e9rmicas de acero inoxidable<\/h2>\n<p><strong>Aislado:<\/strong> Esta botella de agua cuenta con tecnolog\u00eda de aislamiento al vac\u00edo. Ralentiza significativamente la transferencia de calor, manteniendo el agua, el caf\u00e9 o el t\u00e9 calientes durante horas.<\/p>\n<p><strong>No t\u00f3xico:<\/strong> Nuestra botella de agua de acero inoxidable al por mayor no contiene BPA ni sustancias qu\u00edmicas, por lo que es m\u00e1s segura que algunos recipientes de pl\u00e1stico.<\/p>\n<p><strong>Est\u00e9ticamente agradable:<\/strong> Su dise\u00f1o elegante y moderno lo hace adecuado para agasajar a los invitados en cenas o reuniones, o para colocarlo en una mesilla de noche o escritorio.<\/p>","protected":false},"featured_media":5107,"comment_status":"closed","ping_status":"closed","template":"","meta":{"_acf_changed":false},"product_brand":[],"product_cat":[111],"product_tag":[],"class_list":{"0":"post-5106","1":"product","2":"type-product","3":"status-publish","4":"has-post-thumbnail","6":"product_cat-insulated-water-bottles","8":"first","9":"instock","10":"shipping-taxable","11":"product-type-simple"},"acf":[],"_links":{"self":[{"href":"https:\/\/www.purecook.com\/es\/wp-json\/wp\/v2\/product\/5106","targetHints":{"allow":["GET"]}}],"collection":[{"href":"https:\/\/www.purecook.com\/es\/wp-json\/wp\/v2\/product"}],"about":[{"href":"https:\/\/www.purecook.com\/es\/wp-json\/wp\/v2\/types\/product"}],"replies":[{"embeddable":true,"href":"https:\/\/www.purecook.com\/es\/wp-json\/wp\/v2\/comments?post=5106"}],"wp:featuredmedia":[{"embeddable":true,"href":"https:\/\/www.purecook.com\/es\/wp-json\/wp\/v2\/media\/5107"}],"wp:attachment":[{"href":"https:\/\/www.purecook.com\/es\/wp-json\/wp\/v2\/media?parent=5106"}],"wp:term":[{"taxonomy":"product_brand","embeddable":true,"href":"https:\/\/www.purecook.com\/es\/wp-json\/wp\/v2\/product_brand?post=5106"},{"taxonomy":"product_cat","embeddable":true,"href":"https:\/\/www.purecook.com\/es\/wp-json\/wp\/v2\/product_cat?post=5106"},{"taxonomy":"product_tag","embeddable":true,"href":"https:\/\/www.purecook.com\/es\/wp-json\/wp\/v2\/product_tag?post=5106"}],"curies":[{"name":"wp","href":"https:\/\/api.w.org\/{rel}","templated":true}]}}