{"id":5114,"date":"2025-12-06T15:57:46","date_gmt":"2025-12-06T07:57:46","guid":{"rendered":"https:\/\/www.purecook.com\/?post_type=product&#038;p=5114"},"modified":"2025-12-06T16:26:10","modified_gmt":"2025-12-06T08:26:10","slug":"wholesale-stainless-steel-food-container","status":"publish","type":"product","link":"https:\/\/www.purecook.com\/es\/product\/wholesale-stainless-steel-food-container\/","title":{"rendered":"Mayorista Recipiente de acero inoxidable con asa - Apto para microondas"},"content":{"rendered":"<div class=\"wp-block-columns is-layout-flex wp-container-core-columns-is-layout-9d6595d7 wp-block-columns-is-layout-flex\">\n<div class=\"wp-block-column is-layout-flow wp-block-column-is-layout-flow\">\n<h3 class=\"wp-block-heading\">Par\u00e1metros del contenedor de acero inoxidable para alimentos<\/h3>\n\n\n\n<p><strong>Material:<\/strong> Acero inoxidable<br><strong>Grosor normal:<\/strong> 0,5 mm<br><strong>Capacidad:<\/strong> 1.2\/1.6\/1.7\/2.1\/2.3\/3.2\/3.9L<br><strong>Peso:<\/strong> Menos de 1 kg<br><strong>Logotipo: <\/strong>Serigraf\u00eda\/grabado l\u00e1ser<\/p>\n<\/div>\n\n\n\n<div class=\"wp-block-column is-layout-flow wp-block-column-is-layout-flow\">\n<h3 class=\"wp-block-heading\">Opciones de envases personalizados para alimentos<\/h3>\n\n\n\n<p><strong>Logotipo:<\/strong> Personalizable con el logotipo de su marca<br><strong>Embalaje:<\/strong>\u00a0Caja de color\/Cart\u00f3n, etc<\/p>\n<\/div>\n<\/div>\n\n\n\n<div class=\"wp-block-columns is-layout-flex wp-container-core-columns-is-layout-9d6595d7 wp-block-columns-is-layout-flex\">\n<div class=\"wp-block-column is-layout-flow wp-block-column-is-layout-flow\">\n<figure class=\"wp-block-image size-full\"><img decoding=\"async\" width=\"800\" height=\"800\" src=\"https:\/\/www.purecook.com\/wp-content\/uploads\/2025\/12\/wholesale-stainless-steel-food-containers-2.webp\" alt=\"venta al por mayor de recipientes de acero inoxidable para alimentos (2)\" class=\"wp-image-5116\" srcset=\"https:\/\/www.purecook.com\/wp-content\/uploads\/2025\/12\/wholesale-stainless-steel-food-containers-2.webp 800w, https:\/\/www.purecook.com\/wp-content\/uploads\/2025\/12\/wholesale-stainless-steel-food-containers-2-300x300.webp 300w, https:\/\/www.purecook.com\/wp-content\/uploads\/2025\/12\/wholesale-stainless-steel-food-containers-2-150x150.webp 150w, https:\/\/www.purecook.com\/wp-content\/uploads\/2025\/12\/wholesale-stainless-steel-food-containers-2-768x768.webp 768w, https:\/\/www.purecook.com\/wp-content\/uploads\/2025\/12\/wholesale-stainless-steel-food-containers-2-12x12.webp 12w, https:\/\/www.purecook.com\/wp-content\/uploads\/2025\/12\/wholesale-stainless-steel-food-containers-2-600x600.webp 600w, https:\/\/www.purecook.com\/wp-content\/uploads\/2025\/12\/wholesale-stainless-steel-food-containers-2-100x100.webp 100w\" sizes=\"(max-width: 800px) 100vw, 800px\" \/><\/figure>\n<\/div>\n\n\n\n<div class=\"wp-block-column is-layout-flow wp-block-column-is-layout-flow\">\n<figure class=\"wp-block-image size-full\"><img decoding=\"async\" width=\"800\" height=\"800\" src=\"https:\/\/www.purecook.com\/wp-content\/uploads\/2025\/12\/wholesale-stainless-steel-food-containers-5.webp\" alt=\"venta al por mayor de recipientes de acero inoxidable para alimentos (5)\" class=\"wp-image-5119\" srcset=\"https:\/\/www.purecook.com\/wp-content\/uploads\/2025\/12\/wholesale-stainless-steel-food-containers-5.webp 800w, https:\/\/www.purecook.com\/wp-content\/uploads\/2025\/12\/wholesale-stainless-steel-food-containers-5-300x300.webp 300w, https:\/\/www.purecook.com\/wp-content\/uploads\/2025\/12\/wholesale-stainless-steel-food-containers-5-150x150.webp 150w, https:\/\/www.purecook.com\/wp-content\/uploads\/2025\/12\/wholesale-stainless-steel-food-containers-5-768x768.webp 768w, https:\/\/www.purecook.com\/wp-content\/uploads\/2025\/12\/wholesale-stainless-steel-food-containers-5-12x12.webp 12w, https:\/\/www.purecook.com\/wp-content\/uploads\/2025\/12\/wholesale-stainless-steel-food-containers-5-600x600.webp 600w, https:\/\/www.purecook.com\/wp-content\/uploads\/2025\/12\/wholesale-stainless-steel-food-containers-5-100x100.webp 100w\" sizes=\"(max-width: 800px) 100vw, 800px\" \/><\/figure>\n<\/div>\n<\/div>\n\n\n\n<div class=\"wp-block-columns is-layout-flex wp-container-core-columns-is-layout-9d6595d7 wp-block-columns-is-layout-flex\">\n<div class=\"wp-block-column is-layout-flow wp-block-column-is-layout-flow\"><\/div>\n\n\n\n<div class=\"wp-block-column is-layout-flow wp-block-column-is-layout-flow\"><\/div>\n<\/div>","protected":false},"excerpt":{"rendered":"<p>Bienvenido a la compra al por mayor de recipientes para almacenar alimentos. Aptos para microondas. Este recipiente de acero inoxidable al por mayor para almacenar alimentos con asa cuenta con una fuerza superior, resistencia a la corrosi\u00f3n y durabilidad. Disponible en varios tama\u00f1os para maximizar la eficiencia de almacenamiento en su refrigerador y cocina.<\/p>\n<p>Purecook es un profesional<a href=\"https:\/\/www.purecook.com\/es\/categoria-de-productos\/dinnerware\/food-storage\/\" target=\"_blank\" rel=\"noopener\"><strong> fabricante de recipientes de acero inoxidable para alimentos<\/strong><\/a>, Ofrecemos una gran variedad de tama\u00f1os y estilos. P\u00f3ngase en contacto con nosotros para solicitar un cat\u00e1logo y un presupuesto.<\/p>\n<h2>Caracter\u00edsticas de los recipientes de acero inoxidable para alimentos<\/h2>\n<p><strong>Acero inoxidable 304 de calidad alimentaria:<\/strong> Los recipientes de almacenamiento de alimentos al por mayor est\u00e1n hechos de acero inoxidable SUS304 de alta calidad, que es seguro, no t\u00f3xico, resistente a la corrosi\u00f3n, garantiza la durabilidad a largo plazo y no tiene ning\u00fan olor met\u00e1lico.<\/p>\n<p><strong>Apto para microondas (sin tapa):<\/strong> Apto para microondas una vez retirada la tapa.<\/p>\n<p><strong>Construcci\u00f3n resistente y duradera:<\/strong> Construido con paredes de acero inoxidable engrosadas, resiste el alabeo, las abolladuras y la deformaci\u00f3n, por lo que es ideal para el uso dom\u00e9stico y comercial diario.<\/p>\n<p><strong>M\u00faltiples opciones de capacidad:<\/strong> Nuestros contenedores de almacenamiento de alimentos al por mayor est\u00e1n disponibles en una gran variedad de tama\u00f1os para satisfacer las distintas necesidades de almacenamiento de alimentos, desde comidas precocinadas y sobras hasta ingredientes a granel en restaurantes y servicios de catering.<\/p>\n<p><strong>F\u00e1cil de limpiar y mantener:<\/strong> La superficie lisa del acero inoxidable evita que los alimentos se peguen y permite una limpieza r\u00e1pida y f\u00e1cil a mano o en el lavavajillas.<\/p>","protected":false},"featured_media":5115,"comment_status":"closed","ping_status":"closed","template":"","meta":{"_acf_changed":false},"product_brand":[],"product_cat":[51,25],"product_tag":[],"class_list":{"0":"post-5114","1":"product","2":"type-product","3":"status-publish","4":"has-post-thumbnail","6":"product_cat-dinnerware","7":"product_cat-food-storage","9":"first","10":"instock","11":"shipping-taxable","12":"product-type-simple"},"acf":[],"_links":{"self":[{"href":"https:\/\/www.purecook.com\/es\/wp-json\/wp\/v2\/product\/5114","targetHints":{"allow":["GET"]}}],"collection":[{"href":"https:\/\/www.purecook.com\/es\/wp-json\/wp\/v2\/product"}],"about":[{"href":"https:\/\/www.purecook.com\/es\/wp-json\/wp\/v2\/types\/product"}],"replies":[{"embeddable":true,"href":"https:\/\/www.purecook.com\/es\/wp-json\/wp\/v2\/comments?post=5114"}],"wp:featuredmedia":[{"embeddable":true,"href":"https:\/\/www.purecook.com\/es\/wp-json\/wp\/v2\/media\/5115"}],"wp:attachment":[{"href":"https:\/\/www.purecook.com\/es\/wp-json\/wp\/v2\/media?parent=5114"}],"wp:term":[{"taxonomy":"product_brand","embeddable":true,"href":"https:\/\/www.purecook.com\/es\/wp-json\/wp\/v2\/product_brand?post=5114"},{"taxonomy":"product_cat","embeddable":true,"href":"https:\/\/www.purecook.com\/es\/wp-json\/wp\/v2\/product_cat?post=5114"},{"taxonomy":"product_tag","embeddable":true,"href":"https:\/\/www.purecook.com\/es\/wp-json\/wp\/v2\/product_tag?post=5114"}],"curies":[{"name":"wp","href":"https:\/\/api.w.org\/{rel}","templated":true}]}}