{"id":5122,"date":"2025-12-06T16:36:29","date_gmt":"2025-12-06T08:36:29","guid":{"rendered":"https:\/\/www.purecook.com\/?post_type=product&#038;p=5122"},"modified":"2025-12-06T16:57:24","modified_gmt":"2025-12-06T08:57:24","slug":"wholesale-stainless-steel-bowl-with-oil-draining-rack","status":"publish","type":"product","link":"https:\/\/www.purecook.com\/es\/product\/wholesale-stainless-steel-bowl-with-oil-draining-rack\/","title":{"rendered":"Mayorista Cubeta de acero inoxidable con escurridor de aceite"},"content":{"rendered":"<div class=\"wp-block-columns is-layout-flex wp-container-core-columns-is-layout-9d6595d7 wp-block-columns-is-layout-flex\">\n<div class=\"wp-block-column is-layout-flow wp-block-column-is-layout-flow\">\n<h3 class=\"wp-block-heading\">Par\u00e1metros de la cuba de acero inoxidable<\/h3>\n\n\n\n<p><strong>Material:<\/strong> Acero inoxidable<br><strong>Grosor normal:<\/strong> 0,5 mm<br><strong>Logotipo: <\/strong>Serigraf\u00eda\/Grabado l\u00e1ser<br><strong>Tama\u00f1o: <\/strong>22, 24 cm<\/p>\n<\/div>\n\n\n\n<div class=\"wp-block-column is-layout-flow wp-block-column-is-layout-flow\">\n<h3 class=\"wp-block-heading\">Opciones de utensilios de cocina personalizados<\/h3>\n\n\n\n<p><strong>Logotipo:<\/strong> Personalizable con el logotipo de su marca<br><strong>Embalaje:<\/strong>\u00a0Caja de color\/Cart\u00f3n, etc<\/p>\n<\/div>\n<\/div>\n\n\n\n<div class=\"wp-block-columns is-layout-flex wp-container-core-columns-is-layout-9d6595d7 wp-block-columns-is-layout-flex\">\n<div class=\"wp-block-column is-layout-flow wp-block-column-is-layout-flow\">\n<figure class=\"wp-block-image size-full\"><img decoding=\"async\" width=\"800\" height=\"800\" src=\"https:\/\/www.purecook.com\/wp-content\/uploads\/2025\/12\/stainless-steel-bowl-with-oil-draining-rack-1.webp\" alt=\"cuba de acero inoxidable con rejilla de vaciado de aceite (1)\" class=\"wp-image-5123\" srcset=\"https:\/\/www.purecook.com\/wp-content\/uploads\/2025\/12\/stainless-steel-bowl-with-oil-draining-rack-1.webp 800w, https:\/\/www.purecook.com\/wp-content\/uploads\/2025\/12\/stainless-steel-bowl-with-oil-draining-rack-1-300x300.webp 300w, https:\/\/www.purecook.com\/wp-content\/uploads\/2025\/12\/stainless-steel-bowl-with-oil-draining-rack-1-150x150.webp 150w, https:\/\/www.purecook.com\/wp-content\/uploads\/2025\/12\/stainless-steel-bowl-with-oil-draining-rack-1-768x768.webp 768w, https:\/\/www.purecook.com\/wp-content\/uploads\/2025\/12\/stainless-steel-bowl-with-oil-draining-rack-1-12x12.webp 12w, https:\/\/www.purecook.com\/wp-content\/uploads\/2025\/12\/stainless-steel-bowl-with-oil-draining-rack-1-600x600.webp 600w, https:\/\/www.purecook.com\/wp-content\/uploads\/2025\/12\/stainless-steel-bowl-with-oil-draining-rack-1-100x100.webp 100w\" sizes=\"(max-width: 800px) 100vw, 800px\" \/><\/figure>\n<\/div>\n\n\n\n<div class=\"wp-block-column is-layout-flow wp-block-column-is-layout-flow\">\n<figure class=\"wp-block-image size-full\"><img decoding=\"async\" width=\"800\" height=\"800\" src=\"https:\/\/www.purecook.com\/wp-content\/uploads\/2025\/12\/stainless-steel-bowl-with-oil-draining-rack-6.webp\" alt=\"recipiente de acero inoxidable con rejilla para escurrir aceite (6)\" class=\"wp-image-5128\" srcset=\"https:\/\/www.purecook.com\/wp-content\/uploads\/2025\/12\/stainless-steel-bowl-with-oil-draining-rack-6.webp 800w, https:\/\/www.purecook.com\/wp-content\/uploads\/2025\/12\/stainless-steel-bowl-with-oil-draining-rack-6-300x300.webp 300w, https:\/\/www.purecook.com\/wp-content\/uploads\/2025\/12\/stainless-steel-bowl-with-oil-draining-rack-6-150x150.webp 150w, https:\/\/www.purecook.com\/wp-content\/uploads\/2025\/12\/stainless-steel-bowl-with-oil-draining-rack-6-768x768.webp 768w, https:\/\/www.purecook.com\/wp-content\/uploads\/2025\/12\/stainless-steel-bowl-with-oil-draining-rack-6-12x12.webp 12w, https:\/\/www.purecook.com\/wp-content\/uploads\/2025\/12\/stainless-steel-bowl-with-oil-draining-rack-6-600x600.webp 600w, https:\/\/www.purecook.com\/wp-content\/uploads\/2025\/12\/stainless-steel-bowl-with-oil-draining-rack-6-100x100.webp 100w\" sizes=\"(max-width: 800px) 100vw, 800px\" \/><\/figure>\n<\/div>\n<\/div>\n\n\n\n<div class=\"wp-block-columns is-layout-flex wp-container-core-columns-is-layout-9d6595d7 wp-block-columns-is-layout-flex\">\n<div class=\"wp-block-column is-layout-flow wp-block-column-is-layout-flow\"><\/div>\n\n\n\n<div class=\"wp-block-column is-layout-flow wp-block-column-is-layout-flow\"><\/div>\n<\/div>","protected":false},"excerpt":{"rendered":"<p data-pm-slice=\"0 0 []\">Bienvenido a la compra al por mayor de cuencos de acero inoxidable con escurridor de aceite. Este vers\u00e1til juego est\u00e1 dise\u00f1ado para mezclar, lavar, escurrir y cocinar, lo que lo hace perfecto para todo, desde la preparaci\u00f3n de alimentos hasta el servicio. Ayuda a que las tareas de la cocina sean m\u00e1s f\u00e1ciles y eficientes.<\/p>\n<p>Somos profesionales. <a href=\"https:\/\/www.purecook.com\/es\/categoria-de-productos\/kitchen-utensils\/\" target=\"_blank\" rel=\"noopener\"><strong>fabricante de utensilios de cocina<\/strong><\/a>, ofreciendo servicios mayoristas fiables y asistencia OEM. No dude en ponerse en contacto con nosotros para obtener m\u00e1s informaci\u00f3n y presupuestos.<\/p>\n<h2>Caracter\u00edsticas del juego de cuencos de acero inoxidable<\/h2>\n<p><strong>Servicio y preparaci\u00f3n:<\/strong> Los platos s\u00f3lidos son perfectos para servir comida habitual, aperitivos y entrantes, mientras que los cuencos se pueden utilizar para remover, almacenar o cocinar.<\/p>\n<p><strong>Alimentos m\u00e1s crujientes:<\/strong> La placa perforada permite que el exceso de aceite o grasa gotee de los alimentos fritos, ayud\u00e1ndolos a mantenerse crujientes y menos grasosos.<\/p>\n<p><strong>Duradero:<\/strong> Fabricado en acero inoxidable de primera calidad apto para uso alimentario, es resistente al \u00f3xido y extremadamente duradero. Disfrute de una calidad profesional; no se deforma, mancha ni acumula olores f\u00e1cilmente.<\/p>\n<p><strong>Multifuncional:<\/strong> Este juego de cuencos de acero inoxidable se puede utilizar para remover, lavar y escurrir; todos los componentes se apilan perfectamente para facilitar su almacenamiento.<\/p>","protected":false},"featured_media":5123,"comment_status":"closed","ping_status":"closed","template":"","meta":{"_acf_changed":false},"product_brand":[],"product_cat":[52,90],"product_tag":[],"class_list":{"0":"post-5122","1":"product","2":"type-product","3":"status-publish","4":"has-post-thumbnail","6":"product_cat-kitchen-utensils","7":"product_cat-mixing-bowl","9":"first","10":"instock","11":"shipping-taxable","12":"product-type-simple"},"acf":[],"_links":{"self":[{"href":"https:\/\/www.purecook.com\/es\/wp-json\/wp\/v2\/product\/5122","targetHints":{"allow":["GET"]}}],"collection":[{"href":"https:\/\/www.purecook.com\/es\/wp-json\/wp\/v2\/product"}],"about":[{"href":"https:\/\/www.purecook.com\/es\/wp-json\/wp\/v2\/types\/product"}],"replies":[{"embeddable":true,"href":"https:\/\/www.purecook.com\/es\/wp-json\/wp\/v2\/comments?post=5122"}],"wp:featuredmedia":[{"embeddable":true,"href":"https:\/\/www.purecook.com\/es\/wp-json\/wp\/v2\/media\/5123"}],"wp:attachment":[{"href":"https:\/\/www.purecook.com\/es\/wp-json\/wp\/v2\/media?parent=5122"}],"wp:term":[{"taxonomy":"product_brand","embeddable":true,"href":"https:\/\/www.purecook.com\/es\/wp-json\/wp\/v2\/product_brand?post=5122"},{"taxonomy":"product_cat","embeddable":true,"href":"https:\/\/www.purecook.com\/es\/wp-json\/wp\/v2\/product_cat?post=5122"},{"taxonomy":"product_tag","embeddable":true,"href":"https:\/\/www.purecook.com\/es\/wp-json\/wp\/v2\/product_tag?post=5122"}],"curies":[{"name":"wp","href":"https:\/\/api.w.org\/{rel}","templated":true}]}}