{"id":5131,"date":"2025-12-08T16:43:40","date_gmt":"2025-12-08T08:43:40","guid":{"rendered":"https:\/\/www.purecook.com\/?post_type=product&#038;p=5131"},"modified":"2025-12-08T18:01:55","modified_gmt":"2025-12-08T10:01:55","slug":"bulk-stainless-steel-deep-frying-pot-with-strainer-basket","status":"publish","type":"product","link":"https:\/\/www.purecook.com\/es\/product\/bulk-stainless-steel-deep-frying-pot-with-strainer-basket\/","title":{"rendered":"Set de Olla y Pasta de Acero Inoxidable a Granel - Doble Uso con Cesto Colador"},"content":{"rendered":"<div class=\"wp-block-columns is-layout-flex wp-container-core-columns-is-layout-9d6595d7 wp-block-columns-is-layout-flex\">\n<div class=\"wp-block-column is-layout-flow wp-block-column-is-layout-flow\">\n<h3 class=\"wp-block-heading\">Par\u00e1metros del juego de sartenes<\/h3>\n\n\n\n<p><strong>Material: <\/strong>Acero inoxidable<br><strong>Grosor normal: <\/strong>0,55 mm<br><strong>Tapa: <\/strong>Tapas de cristal con anillo de silicona<br><strong>Abajo: <\/strong>Fondo s\u00e1ndwich de inducci\u00f3n (SUS+2mm Alu+SUS)<br><strong>Logotipo: <\/strong>Serigraf\u00eda\/grabado l\u00e1ser\/gofrado<br><strong>Asa y pomo de la tapa: <\/strong>Acero inoxidable<br><strong>Capacidad:<\/strong> 2.4L<\/p>\n<\/div>\n\n\n\n<div class=\"wp-block-column is-layout-flow wp-block-column-is-layout-flow\">\n<h3 class=\"wp-block-heading\">Opciones de bater\u00eda de cocina a medida<\/h3>\n\n\n\n<p><strong>Material:<\/strong> SUS 304 \/ SUS 316<br><strong>Logotipo:<\/strong> Personalizable con el logotipo de su marca<br><strong>Embalaje:<\/strong>&nbsp;Caja de color\/Cart\u00f3n, etc<br><strong>Asa: <\/strong>Mango a su medida<\/p>\n<\/div>\n<\/div>\n\n\n\n<div class=\"wp-block-columns is-layout-flex wp-container-core-columns-is-layout-9d6595d7 wp-block-columns-is-layout-flex\">\n<div class=\"wp-block-column is-layout-flow wp-block-column-is-layout-flow\">\n<figure class=\"wp-block-image size-full\"><img decoding=\"async\" width=\"800\" height=\"800\" src=\"https:\/\/www.purecook.com\/wp-content\/uploads\/2025\/12\/bulk-stainless-steel-deep-frying-pot-2.webp\" alt=\"sart\u00e9n honda de acero inoxidable a granel (2)\" class=\"wp-image-5133\" srcset=\"https:\/\/www.purecook.com\/wp-content\/uploads\/2025\/12\/bulk-stainless-steel-deep-frying-pot-2.webp 800w, https:\/\/www.purecook.com\/wp-content\/uploads\/2025\/12\/bulk-stainless-steel-deep-frying-pot-2-300x300.webp 300w, https:\/\/www.purecook.com\/wp-content\/uploads\/2025\/12\/bulk-stainless-steel-deep-frying-pot-2-150x150.webp 150w, https:\/\/www.purecook.com\/wp-content\/uploads\/2025\/12\/bulk-stainless-steel-deep-frying-pot-2-768x768.webp 768w, https:\/\/www.purecook.com\/wp-content\/uploads\/2025\/12\/bulk-stainless-steel-deep-frying-pot-2-12x12.webp 12w, https:\/\/www.purecook.com\/wp-content\/uploads\/2025\/12\/bulk-stainless-steel-deep-frying-pot-2-600x600.webp 600w, https:\/\/www.purecook.com\/wp-content\/uploads\/2025\/12\/bulk-stainless-steel-deep-frying-pot-2-100x100.webp 100w\" sizes=\"(max-width: 800px) 100vw, 800px\" \/><\/figure>\n<\/div>\n\n\n\n<div class=\"wp-block-column is-layout-flow wp-block-column-is-layout-flow\">\n<figure class=\"wp-block-image size-full\"><img decoding=\"async\" width=\"800\" height=\"800\" src=\"https:\/\/www.purecook.com\/wp-content\/uploads\/2025\/12\/bulk-stainless-steel-deep-frying-pot-3.webp\" alt=\"sart\u00e9n honda de acero inoxidable a granel (3)\" class=\"wp-image-5134\" srcset=\"https:\/\/www.purecook.com\/wp-content\/uploads\/2025\/12\/bulk-stainless-steel-deep-frying-pot-3.webp 800w, https:\/\/www.purecook.com\/wp-content\/uploads\/2025\/12\/bulk-stainless-steel-deep-frying-pot-3-300x300.webp 300w, https:\/\/www.purecook.com\/wp-content\/uploads\/2025\/12\/bulk-stainless-steel-deep-frying-pot-3-150x150.webp 150w, https:\/\/www.purecook.com\/wp-content\/uploads\/2025\/12\/bulk-stainless-steel-deep-frying-pot-3-768x768.webp 768w, https:\/\/www.purecook.com\/wp-content\/uploads\/2025\/12\/bulk-stainless-steel-deep-frying-pot-3-12x12.webp 12w, https:\/\/www.purecook.com\/wp-content\/uploads\/2025\/12\/bulk-stainless-steel-deep-frying-pot-3-600x600.webp 600w, https:\/\/www.purecook.com\/wp-content\/uploads\/2025\/12\/bulk-stainless-steel-deep-frying-pot-3-100x100.webp 100w\" sizes=\"(max-width: 800px) 100vw, 800px\" \/><\/figure>\n<\/div>\n<\/div>","protected":false},"excerpt":{"rendered":"<p>Olla para fre\u00edr al por mayor. Fabricada en resistente acero inoxidable con un pr\u00e1ctico colador, esta olla multifuncional permite fre\u00edr, hervir, escaldar y escurrir f\u00e1cilmente. El fondo compuesto (acero inoxidable + aluminio de 2 mm + acero inoxidable) es compatible con placas de inducci\u00f3n, lo que garantiza un calentamiento r\u00e1pido y uniforme y una excelente retenci\u00f3n del calor. Adecuada tanto para cocinas comerciales como dom\u00e9sticas.<\/p>\n<p>Como profesional <a href=\"https:\/\/www.purecook.com\/es\/categoria-de-productos\/cookware\/\" target=\"_blank\" rel=\"noopener\">fabricante de utensilios de cocina<\/a>, Ofrecemos una gran variedad de <a href=\"https:\/\/www.purecook.com\/es\/categoria-de-productos\/cookware\/fryer-pots\/\" target=\"_blank\" rel=\"noopener\"><strong>venta al por mayor de sartenes<\/strong><\/a> y admitimos OEM y ODM. P\u00f3ngase en contacto con nosotros para solicitar un cat\u00e1logo y un presupuesto.<\/p>\n<h2>Caracter\u00edsticas de la sart\u00e9n honda de acero inoxidable<\/h2>\n<p><strong>Versatilidad:<\/strong> Este juego de olla multifuncional viene con una cesta coladora, perfecta para fre\u00edr alimentos, cocer pasta o escaldar verduras. La propia olla se puede utilizar para hacer caldo.<\/p>\n<p><strong>Colador incorporado:<\/strong> La cesta coladora le permite transferir con seguridad los alimentos desde y hacia el aceite caliente o el agua hirviendo de una sola vez, reduciendo significativamente el riesgo de salpicaduras y quemaduras en comparaci\u00f3n con el uso de pinzas o una espumadera.<\/p>\n<p><strong>Asa robusta:<\/strong> El asa larga, fuerte y resistente al calor proporciona un agarre seguro para transportar y verter.<\/p>\n<p><strong>Distribuci\u00f3n del calor m\u00e1s r\u00e1pida y uniforme:<\/strong> La base es de acero inoxidable tricapa con un n\u00facleo de aluminio de 2 mm de grosor que conduce el calor r\u00e1pidamente y lo distribuye uniformemente por todo el fondo.<\/p>\n<p><strong>Compatible con varios tipos de placas de cocci\u00f3n:<\/strong> Esta sart\u00e9n honda de acero inoxidable es totalmente compatible con placas de inducci\u00f3n, cocinas de gas y otras placas de cocina.<\/p>","protected":false},"featured_media":5133,"comment_status":"closed","ping_status":"closed","template":"","meta":{"_acf_changed":false},"product_brand":[],"product_cat":[24,72],"product_tag":[97,98],"class_list":{"0":"post-5131","1":"product","2":"type-product","3":"status-publish","4":"has-post-thumbnail","6":"product_cat-cookware","7":"product_cat-fryer-pots","8":"product_tag-wholesale-commercial-cookware","9":"product_tag-wholesale-home-cookware","11":"first","12":"instock","13":"shipping-taxable","14":"product-type-simple"},"acf":[],"_links":{"self":[{"href":"https:\/\/www.purecook.com\/es\/wp-json\/wp\/v2\/product\/5131","targetHints":{"allow":["GET"]}}],"collection":[{"href":"https:\/\/www.purecook.com\/es\/wp-json\/wp\/v2\/product"}],"about":[{"href":"https:\/\/www.purecook.com\/es\/wp-json\/wp\/v2\/types\/product"}],"replies":[{"embeddable":true,"href":"https:\/\/www.purecook.com\/es\/wp-json\/wp\/v2\/comments?post=5131"}],"wp:featuredmedia":[{"embeddable":true,"href":"https:\/\/www.purecook.com\/es\/wp-json\/wp\/v2\/media\/5133"}],"wp:attachment":[{"href":"https:\/\/www.purecook.com\/es\/wp-json\/wp\/v2\/media?parent=5131"}],"wp:term":[{"taxonomy":"product_brand","embeddable":true,"href":"https:\/\/www.purecook.com\/es\/wp-json\/wp\/v2\/product_brand?post=5131"},{"taxonomy":"product_cat","embeddable":true,"href":"https:\/\/www.purecook.com\/es\/wp-json\/wp\/v2\/product_cat?post=5131"},{"taxonomy":"product_tag","embeddable":true,"href":"https:\/\/www.purecook.com\/es\/wp-json\/wp\/v2\/product_tag?post=5131"}],"curies":[{"name":"wp","href":"https:\/\/api.w.org\/{rel}","templated":true}]}}