{"id":5138,"date":"2025-12-08T17:38:17","date_gmt":"2025-12-08T09:38:17","guid":{"rendered":"https:\/\/www.purecook.com\/?post_type=product&#038;p=5138"},"modified":"2025-12-08T18:00:55","modified_gmt":"2025-12-08T10:00:55","slug":"bulk-stainless-steel-colander-wholesale","status":"publish","type":"product","link":"https:\/\/www.purecook.com\/es\/product\/bulk-stainless-steel-colander-wholesale\/","title":{"rendered":"Colador de acero inoxidable a granel, cuencos para lavar frutas y verduras\u00a0"},"content":{"rendered":"<div class=\"wp-block-columns is-layout-flex wp-container-core-columns-is-layout-9d6595d7 wp-block-columns-is-layout-flex\">\n<div class=\"wp-block-column is-layout-flow wp-block-column-is-layout-flow\">\n<h3 class=\"wp-block-heading\">Par\u00e1metros del escurridor de acero inoxidable<\/h3>\n\n\n\n<p><strong>Material:<\/strong> Acero inoxidable 304<br><strong>Grosor normal:<\/strong> 0,4\/0,6 mm<br><strong>Logotipo:<\/strong> Serigraf\u00eda\/grabado l\u00e1ser<br><strong>Tama\u00f1o: <\/strong>23\/26 cm<br><strong>Peso:<\/strong> menos de 500 g<\/p>\n<\/div>\n\n\n\n<div class=\"wp-block-column is-layout-flow wp-block-column-is-layout-flow\">\n<h3 class=\"wp-block-heading\">Opciones de bater\u00eda de cocina a medida<\/h3>\n\n\n\n<p><strong>Logotipo:<\/strong> Personalizable con el logotipo de su marca<br><strong>Embalaje:<\/strong>\u00a0Caja de color\/Cart\u00f3n, etc<\/p>\n<\/div>\n<\/div>\n\n\n\n<div class=\"wp-block-columns is-layout-flex wp-container-core-columns-is-layout-9d6595d7 wp-block-columns-is-layout-flex\">\n<div class=\"wp-block-column is-layout-flow wp-block-column-is-layout-flow\">\n<figure class=\"wp-block-image size-full\"><img decoding=\"async\" width=\"800\" height=\"800\" src=\"https:\/\/www.purecook.com\/wp-content\/uploads\/2025\/12\/bulk-stainless-steel-colander-3.webp\" alt=\"colador de acero inoxidable a granel (3)\" class=\"wp-image-5141\" srcset=\"https:\/\/www.purecook.com\/wp-content\/uploads\/2025\/12\/bulk-stainless-steel-colander-3.webp 800w, https:\/\/www.purecook.com\/wp-content\/uploads\/2025\/12\/bulk-stainless-steel-colander-3-300x300.webp 300w, https:\/\/www.purecook.com\/wp-content\/uploads\/2025\/12\/bulk-stainless-steel-colander-3-150x150.webp 150w, https:\/\/www.purecook.com\/wp-content\/uploads\/2025\/12\/bulk-stainless-steel-colander-3-768x768.webp 768w, https:\/\/www.purecook.com\/wp-content\/uploads\/2025\/12\/bulk-stainless-steel-colander-3-12x12.webp 12w, https:\/\/www.purecook.com\/wp-content\/uploads\/2025\/12\/bulk-stainless-steel-colander-3-600x600.webp 600w, https:\/\/www.purecook.com\/wp-content\/uploads\/2025\/12\/bulk-stainless-steel-colander-3-100x100.webp 100w\" sizes=\"(max-width: 800px) 100vw, 800px\" \/><\/figure>\n<\/div>\n\n\n\n<div class=\"wp-block-column is-layout-flow wp-block-column-is-layout-flow\">\n<figure class=\"wp-block-image size-full\"><img decoding=\"async\" width=\"800\" height=\"800\" src=\"https:\/\/www.purecook.com\/wp-content\/uploads\/2025\/12\/bulk-stainless-steel-colander-4.webp\" alt=\"colador de acero inoxidable a granel (4)\" class=\"wp-image-5142\" srcset=\"https:\/\/www.purecook.com\/wp-content\/uploads\/2025\/12\/bulk-stainless-steel-colander-4.webp 800w, https:\/\/www.purecook.com\/wp-content\/uploads\/2025\/12\/bulk-stainless-steel-colander-4-300x300.webp 300w, https:\/\/www.purecook.com\/wp-content\/uploads\/2025\/12\/bulk-stainless-steel-colander-4-150x150.webp 150w, https:\/\/www.purecook.com\/wp-content\/uploads\/2025\/12\/bulk-stainless-steel-colander-4-768x768.webp 768w, https:\/\/www.purecook.com\/wp-content\/uploads\/2025\/12\/bulk-stainless-steel-colander-4-12x12.webp 12w, https:\/\/www.purecook.com\/wp-content\/uploads\/2025\/12\/bulk-stainless-steel-colander-4-600x600.webp 600w, https:\/\/www.purecook.com\/wp-content\/uploads\/2025\/12\/bulk-stainless-steel-colander-4-100x100.webp 100w\" sizes=\"(max-width: 800px) 100vw, 800px\" \/><\/figure>\n<\/div>\n<\/div>\n\n\n\n<div class=\"wp-block-columns is-layout-flex wp-container-core-columns-is-layout-9d6595d7 wp-block-columns-is-layout-flex\">\n<div class=\"wp-block-column is-layout-flow wp-block-column-is-layout-flow\"><\/div>\n\n\n\n<div class=\"wp-block-column is-layout-flow wp-block-column-is-layout-flow\"><\/div>\n<\/div>","protected":false},"excerpt":{"rendered":"<p>Colador de acero inoxidable 304 al por mayor. Nuestros escurridores al por mayor est\u00e1n dise\u00f1ados para un lavado, aclarado y escurrido eficientes. El fondo perforado de una sola pieza permite un drenaje r\u00e1pido y uniforme, por lo que son ideales para lavar frutas, verduras y otros alimentos.<\/p>\n<p>Como profesional <a href=\"https:\/\/www.purecook.com\/es\/\"><strong>fabricante de utensilios de cocina<\/strong><\/a>, Ofrecemos una gran variedad de <strong><a href=\"https:\/\/www.purecook.com\/es\/categoria-de-productos\/kitchen-utensils\/kitchen-strainer-and-colander\/\" target=\"_blank\" rel=\"noopener\">colador al por mayor<\/a><\/strong> estilos y apoyan los pedidos a granel, la personalizaci\u00f3n OEM, la producci\u00f3n de marcas blancas y los envases personalizados.<\/p>\n<h2>Caracter\u00edsticas del escurridor de acero inoxidable<\/h2>\n<p><strong>Sistema de drenaje de alta eficiencia:<\/strong> Nuestro escurridor de acero inoxidable al por mayor cuenta con perforaciones distribuidas uniformemente, lo que garantiza un r\u00e1pido flujo de agua para un aclarado m\u00e1s r\u00e1pido y completo, al tiempo que evita la acumulaci\u00f3n de agua.<\/p>\n<p><strong>Gran capacidad:<\/strong> El dise\u00f1o espacioso puede contener una gran cantidad de productos, como fresas, verduras de hoja verde, br\u00f3coli, etc., adecuado tanto para cocinas dom\u00e9sticas como comerciales.<\/p>\n<p><strong>Materiales de alta calidad:<\/strong> Nuestro escurridor de acero inoxidable al por mayor est\u00e1 fabricado en acero inoxidable 304, que ofrece una excelente resistencia a la corrosi\u00f3n y durabilidad. Es resistente a la oxidaci\u00f3n y mantiene su brillo y resistencia durante un uso prolongado, garantizando la seguridad en contacto con los alimentos.<\/p>\n<p><strong>Aspecto moderno y minimalista:<\/strong> El escurridor de acero inoxidable presenta un acabado de acero inoxidable cepillado, que ofrece un aspecto elegante que complementa la decoraci\u00f3n de las cocinas modernas.<\/p>","protected":false},"featured_media":5139,"comment_status":"closed","ping_status":"closed","template":"","meta":{"_acf_changed":false},"product_brand":[],"product_cat":[52,65],"product_tag":[],"class_list":{"0":"post-5138","1":"product","2":"type-product","3":"status-publish","4":"has-post-thumbnail","6":"product_cat-kitchen-utensils","7":"product_cat-kitchen-strainer-and-colander","9":"first","10":"instock","11":"shipping-taxable","12":"product-type-simple"},"acf":[],"_links":{"self":[{"href":"https:\/\/www.purecook.com\/es\/wp-json\/wp\/v2\/product\/5138","targetHints":{"allow":["GET"]}}],"collection":[{"href":"https:\/\/www.purecook.com\/es\/wp-json\/wp\/v2\/product"}],"about":[{"href":"https:\/\/www.purecook.com\/es\/wp-json\/wp\/v2\/types\/product"}],"replies":[{"embeddable":true,"href":"https:\/\/www.purecook.com\/es\/wp-json\/wp\/v2\/comments?post=5138"}],"wp:featuredmedia":[{"embeddable":true,"href":"https:\/\/www.purecook.com\/es\/wp-json\/wp\/v2\/media\/5139"}],"wp:attachment":[{"href":"https:\/\/www.purecook.com\/es\/wp-json\/wp\/v2\/media?parent=5138"}],"wp:term":[{"taxonomy":"product_brand","embeddable":true,"href":"https:\/\/www.purecook.com\/es\/wp-json\/wp\/v2\/product_brand?post=5138"},{"taxonomy":"product_cat","embeddable":true,"href":"https:\/\/www.purecook.com\/es\/wp-json\/wp\/v2\/product_cat?post=5138"},{"taxonomy":"product_tag","embeddable":true,"href":"https:\/\/www.purecook.com\/es\/wp-json\/wp\/v2\/product_tag?post=5138"}],"curies":[{"name":"wp","href":"https:\/\/api.w.org\/{rel}","templated":true}]}}