{"id":5145,"date":"2025-12-08T18:02:49","date_gmt":"2025-12-08T10:02:49","guid":{"rendered":"https:\/\/www.purecook.com\/?post_type=product&#038;p=5145"},"modified":"2025-12-08T18:23:14","modified_gmt":"2025-12-08T10:23:14","slug":"wholesale-glass-food-containers","status":"publish","type":"product","link":"https:\/\/www.purecook.com\/es\/product\/wholesale-glass-food-containers\/","title":{"rendered":"Mayorista Recipiente de Vidrio para Alimentos, Fiambrera con Tapas a Presi\u00f3n Herm\u00e9ticas"},"content":{"rendered":"<div class=\"wp-block-columns is-layout-flex wp-container-core-columns-is-layout-9d6595d7 wp-block-columns-is-layout-flex\">\n<div class=\"wp-block-column is-layout-flow wp-block-column-is-layout-flow\">\n<h3 class=\"wp-block-heading\">Par\u00e1metros del envase de vidrio para alimentos<\/h3>\n\n\n\n<p><strong>Material:<\/strong> Vidrio, silicona<br><strong>Grosor normal:<\/strong> 0,5 mm<br><strong>Capacidad: <\/strong>380\/520\/630 ml<\/p>\n<\/div>\n\n\n\n<div class=\"wp-block-column is-layout-flow wp-block-column-is-layout-flow\">\n<h3 class=\"wp-block-heading\">Opciones de bater\u00eda de cocina a medida<\/h3>\n\n\n\n<p><strong>Logotipo:<\/strong> Personalizable con el logotipo de su marca<br><strong>Embalaje:<\/strong>&nbsp;Caja de color\/Cart\u00f3n, etc<br><strong>Asa: <\/strong>Mango a su medida<\/p>\n<\/div>\n<\/div>\n\n\n\n<div class=\"wp-block-columns is-layout-flex wp-container-core-columns-is-layout-9d6595d7 wp-block-columns-is-layout-flex\">\n<div class=\"wp-block-column is-layout-flow wp-block-column-is-layout-flow\">\n<figure class=\"wp-block-image size-full\"><img decoding=\"async\" width=\"800\" height=\"800\" src=\"https:\/\/www.purecook.com\/wp-content\/uploads\/2025\/12\/wholesale-glass-food-container-4.webp\" alt=\"mayorista de envases de vidrio para alimentos (4)\" class=\"wp-image-5149\" srcset=\"https:\/\/www.purecook.com\/wp-content\/uploads\/2025\/12\/wholesale-glass-food-container-4.webp 800w, https:\/\/www.purecook.com\/wp-content\/uploads\/2025\/12\/wholesale-glass-food-container-4-300x300.webp 300w, https:\/\/www.purecook.com\/wp-content\/uploads\/2025\/12\/wholesale-glass-food-container-4-150x150.webp 150w, https:\/\/www.purecook.com\/wp-content\/uploads\/2025\/12\/wholesale-glass-food-container-4-768x768.webp 768w, https:\/\/www.purecook.com\/wp-content\/uploads\/2025\/12\/wholesale-glass-food-container-4-12x12.webp 12w, https:\/\/www.purecook.com\/wp-content\/uploads\/2025\/12\/wholesale-glass-food-container-4-600x600.webp 600w, https:\/\/www.purecook.com\/wp-content\/uploads\/2025\/12\/wholesale-glass-food-container-4-100x100.webp 100w\" sizes=\"(max-width: 800px) 100vw, 800px\" \/><\/figure>\n<\/div>\n\n\n\n<div class=\"wp-block-column is-layout-flow wp-block-column-is-layout-flow\">\n<figure class=\"wp-block-image size-full\"><img decoding=\"async\" width=\"800\" height=\"800\" src=\"https:\/\/www.purecook.com\/wp-content\/uploads\/2025\/12\/wholesale-glass-food-container-5.webp\" alt=\"mayorista de envases de vidrio para alimentos (5)\" class=\"wp-image-5150\" srcset=\"https:\/\/www.purecook.com\/wp-content\/uploads\/2025\/12\/wholesale-glass-food-container-5.webp 800w, https:\/\/www.purecook.com\/wp-content\/uploads\/2025\/12\/wholesale-glass-food-container-5-300x300.webp 300w, https:\/\/www.purecook.com\/wp-content\/uploads\/2025\/12\/wholesale-glass-food-container-5-150x150.webp 150w, https:\/\/www.purecook.com\/wp-content\/uploads\/2025\/12\/wholesale-glass-food-container-5-768x768.webp 768w, https:\/\/www.purecook.com\/wp-content\/uploads\/2025\/12\/wholesale-glass-food-container-5-12x12.webp 12w, https:\/\/www.purecook.com\/wp-content\/uploads\/2025\/12\/wholesale-glass-food-container-5-600x600.webp 600w, https:\/\/www.purecook.com\/wp-content\/uploads\/2025\/12\/wholesale-glass-food-container-5-100x100.webp 100w\" sizes=\"(max-width: 800px) 100vw, 800px\" \/><\/figure>\n<\/div>\n<\/div>","protected":false},"excerpt":{"rendered":"<p>Bienvenido a la compra al por mayor de nuestros recipientes de vidrio de alta calidad para alimentos. Con tapas herm\u00e9ticas a presi\u00f3n, est\u00e1n disponibles en varios tama\u00f1os y son aptos para microondas, frigor\u00edfico y congelador, por lo que resultan ideales para la preparaci\u00f3n de alimentos, el almacenamiento y la organizaci\u00f3n en la cocina. Perfectos para minoristas, restaurantes y compradores al por mayor. P\u00f3ngase en contacto con nosotros para solicitar un presupuesto.<\/p>\n<h2>Caracter\u00edsticas del recipiente de vidrio para alimentos<\/h2>\n<p><strong>Seguridad alimentaria y salud:<\/strong> El cristal no absorbe olores, sabores ni manchas, por lo que es f\u00e1cil de limpiar e higi\u00e9nico.<\/p>\n<p><strong>Mantener la frescura de los alimentos:<\/strong> La tapa a presi\u00f3n altamente herm\u00e9tica ayuda a impedir la entrada de aire y humedad, ralentizando la oxidaci\u00f3n y reduciendo el deterioro de los alimentos. Esto ayuda a que los alimentos se mantengan frescos durante m\u00e1s tiempo.<\/p>\n<p><strong>Versatilidad:<\/strong> Nuestros recipientes de vidrio para alimentos al por mayor son aptos para microondas, frigor\u00edfico y congelador.<\/p>\n<p><strong>M\u00faltiples tama\u00f1os disponibles:<\/strong> Ofrecemos una gran variedad de capacidades y tama\u00f1os para satisfacer las distintas necesidades de almacenamiento de alimentos.<\/p>","protected":false},"featured_media":5146,"comment_status":"closed","ping_status":"closed","template":"","meta":{"_acf_changed":false},"product_brand":[],"product_cat":[25,51],"product_tag":[],"class_list":{"0":"post-5145","1":"product","2":"type-product","3":"status-publish","4":"has-post-thumbnail","6":"product_cat-food-storage","7":"product_cat-dinnerware","9":"first","10":"instock","11":"shipping-taxable","12":"product-type-simple"},"acf":[],"_links":{"self":[{"href":"https:\/\/www.purecook.com\/es\/wp-json\/wp\/v2\/product\/5145","targetHints":{"allow":["GET"]}}],"collection":[{"href":"https:\/\/www.purecook.com\/es\/wp-json\/wp\/v2\/product"}],"about":[{"href":"https:\/\/www.purecook.com\/es\/wp-json\/wp\/v2\/types\/product"}],"replies":[{"embeddable":true,"href":"https:\/\/www.purecook.com\/es\/wp-json\/wp\/v2\/comments?post=5145"}],"wp:featuredmedia":[{"embeddable":true,"href":"https:\/\/www.purecook.com\/es\/wp-json\/wp\/v2\/media\/5146"}],"wp:attachment":[{"href":"https:\/\/www.purecook.com\/es\/wp-json\/wp\/v2\/media?parent=5145"}],"wp:term":[{"taxonomy":"product_brand","embeddable":true,"href":"https:\/\/www.purecook.com\/es\/wp-json\/wp\/v2\/product_brand?post=5145"},{"taxonomy":"product_cat","embeddable":true,"href":"https:\/\/www.purecook.com\/es\/wp-json\/wp\/v2\/product_cat?post=5145"},{"taxonomy":"product_tag","embeddable":true,"href":"https:\/\/www.purecook.com\/es\/wp-json\/wp\/v2\/product_tag?post=5145"}],"curies":[{"name":"wp","href":"https:\/\/api.w.org\/{rel}","templated":true}]}}