{"id":5184,"date":"2025-12-22T09:46:08","date_gmt":"2025-12-22T01:46:08","guid":{"rendered":"https:\/\/www.purecook.com\/?post_type=product&#038;p=5184"},"modified":"2025-12-22T10:05:35","modified_gmt":"2025-12-22T02:05:35","slug":"wholesale-stainless-steel-mesh-strainers","status":"publish","type":"product","link":"https:\/\/www.purecook.com\/es\/product\/wholesale-stainless-steel-mesh-strainers\/","title":{"rendered":"Filtros de malla de acero inoxidable al por mayor: varios tama\u00f1os disponibles"},"content":{"rendered":"<div class=\"wp-block-columns is-layout-flex wp-container-core-columns-is-layout-9d6595d7 wp-block-columns-is-layout-flex\">\n<div class=\"wp-block-column is-layout-flow wp-block-column-is-layout-flow\">\n<h3 class=\"wp-block-heading\">Par\u00e1metros de los filtros de malla de acero inoxidable<\/h3>\n\n\n\n<p><strong>Material:<\/strong> Acero inoxidable 304+madera<br><strong>Tama\u00f1o: <\/strong>14\/18\/22 cm<br><strong>Logotipo:<\/strong> Serigraf\u00eda\/grabado l\u00e1ser\/sello en relieve<\/p>\n<\/div>\n\n\n\n<div class=\"wp-block-column is-layout-flow wp-block-column-is-layout-flow\">\n<h3 class=\"wp-block-heading\">Opciones de bater\u00eda de cocina a medida<\/h3>\n\n\n\n<p><strong>Logotipo:<\/strong> Personalizable con el logotipo de su marca<br><strong>Embalaje:<\/strong>&nbsp;Caja de color\/Cart\u00f3n, etc<\/p>\n<\/div>\n<\/div>\n\n\n\n<div class=\"wp-block-columns is-layout-flex wp-container-core-columns-is-layout-9d6595d7 wp-block-columns-is-layout-flex\">\n<div class=\"wp-block-column is-layout-flow wp-block-column-is-layout-flow\">\n<figure class=\"wp-block-image size-full\"><img decoding=\"async\" width=\"800\" height=\"800\" src=\"https:\/\/www.purecook.com\/wp-content\/uploads\/2025\/12\/wholesale-stainless-steel-mesh-strainers-2.webp\" alt=\"coladores de malla de acero inoxidable al por mayor (2)\" class=\"wp-image-5186\" srcset=\"https:\/\/www.purecook.com\/wp-content\/uploads\/2025\/12\/wholesale-stainless-steel-mesh-strainers-2.webp 800w, https:\/\/www.purecook.com\/wp-content\/uploads\/2025\/12\/wholesale-stainless-steel-mesh-strainers-2-300x300.webp 300w, https:\/\/www.purecook.com\/wp-content\/uploads\/2025\/12\/wholesale-stainless-steel-mesh-strainers-2-150x150.webp 150w, https:\/\/www.purecook.com\/wp-content\/uploads\/2025\/12\/wholesale-stainless-steel-mesh-strainers-2-768x768.webp 768w, https:\/\/www.purecook.com\/wp-content\/uploads\/2025\/12\/wholesale-stainless-steel-mesh-strainers-2-12x12.webp 12w, https:\/\/www.purecook.com\/wp-content\/uploads\/2025\/12\/wholesale-stainless-steel-mesh-strainers-2-600x600.webp 600w, https:\/\/www.purecook.com\/wp-content\/uploads\/2025\/12\/wholesale-stainless-steel-mesh-strainers-2-100x100.webp 100w\" sizes=\"(max-width: 800px) 100vw, 800px\" \/><\/figure>\n<\/div>\n\n\n\n<div class=\"wp-block-column is-layout-flow wp-block-column-is-layout-flow\">\n<figure class=\"wp-block-image size-full\"><img decoding=\"async\" width=\"800\" height=\"800\" src=\"https:\/\/www.purecook.com\/wp-content\/uploads\/2025\/12\/wholesale-stainless-steel-mesh-strainers-4.webp\" alt=\"coladores de malla de acero inoxidable al por mayor (4)\" class=\"wp-image-5188\" srcset=\"https:\/\/www.purecook.com\/wp-content\/uploads\/2025\/12\/wholesale-stainless-steel-mesh-strainers-4.webp 800w, https:\/\/www.purecook.com\/wp-content\/uploads\/2025\/12\/wholesale-stainless-steel-mesh-strainers-4-300x300.webp 300w, https:\/\/www.purecook.com\/wp-content\/uploads\/2025\/12\/wholesale-stainless-steel-mesh-strainers-4-150x150.webp 150w, https:\/\/www.purecook.com\/wp-content\/uploads\/2025\/12\/wholesale-stainless-steel-mesh-strainers-4-768x768.webp 768w, https:\/\/www.purecook.com\/wp-content\/uploads\/2025\/12\/wholesale-stainless-steel-mesh-strainers-4-12x12.webp 12w, https:\/\/www.purecook.com\/wp-content\/uploads\/2025\/12\/wholesale-stainless-steel-mesh-strainers-4-600x600.webp 600w, https:\/\/www.purecook.com\/wp-content\/uploads\/2025\/12\/wholesale-stainless-steel-mesh-strainers-4-100x100.webp 100w\" sizes=\"(max-width: 800px) 100vw, 800px\" \/><\/figure>\n<\/div>\n<\/div>","protected":false},"excerpt":{"rendered":"<p>Nuestros coladores de malla de acero inoxidable al por mayor son ideales tanto para cocinas profesionales como dom\u00e9sticas, ya que combinan resistencia, seguridad y eficacia. Estos coladores de malla son perfectos para fre\u00edr, escaldar, hervir y enjuagar ingredientes. Son una elecci\u00f3n fiable para restaurantes, minoristas y marcas de utensilios de cocina. Se aceptan pedidos a granel.<\/p>\n<h2>Caracter\u00edsticas de los coladores de malla de acero inoxidable<\/h2>\n<p><strong>Excelente durabilidad:<\/strong> Nuestros coladores de malla de acero inoxidable al por mayor est\u00e1n fabricados en acero inoxidable de alta calidad, ideal para aplicaciones a altas temperaturas como fre\u00edr o hervir.<\/p>\n<p><strong>Dise\u00f1o ergon\u00f3mico:<\/strong> Presenta un mango de madera largo y resistente para un agarre c\u00f3modo y antideslizante, y protege las manos de la transferencia de calor al manipular aceite caliente o vapor.<\/p>\n<p><strong>Versatilidad:<\/strong> Los coladores de malla al por mayor son perfectos para:<\/p>\n<ul>\n<li>Fre\u00edr: Levantar patatas fritas, aros de cebolla o tempura mientras se deja escurrir r\u00e1pidamente el aceite.<\/li>\n<li>Escaldar y hervir: Sacar r\u00e1pidamente las verduras o la pasta del agua hirviendo.<\/li>\n<li>Lavado y aclarado: Utilizar las versiones con pie como escurridores para los productos.<\/li>\n<\/ul>\n<p><strong>Flujo r\u00e1pido:<\/strong> El consistente patr\u00f3n de perforaciones garantiza que los l\u00edquidos se escurran r\u00e1pida y uniformemente, evitando que los alimentos queden empapados.<\/p>\n<p><strong>F\u00e1cil de limpiar:<\/strong> A diferencia de la malla met\u00e1lica tradicional, en la que las part\u00edculas de alimentos suelen quedar atrapadas en la trama, la superficie lisa y plana del acero perforado es mucho m\u00e1s f\u00e1cil de limpiar con un pa\u00f1o o un pulverizador.<\/p>","protected":false},"featured_media":5185,"comment_status":"closed","ping_status":"closed","template":"","meta":{"_acf_changed":false},"product_brand":[],"product_cat":[52,65],"product_tag":[],"class_list":{"0":"post-5184","1":"product","2":"type-product","3":"status-publish","4":"has-post-thumbnail","6":"product_cat-kitchen-utensils","7":"product_cat-kitchen-strainer-and-colander","9":"first","10":"instock","11":"shipping-taxable","12":"product-type-simple"},"acf":[],"_links":{"self":[{"href":"https:\/\/www.purecook.com\/es\/wp-json\/wp\/v2\/product\/5184","targetHints":{"allow":["GET"]}}],"collection":[{"href":"https:\/\/www.purecook.com\/es\/wp-json\/wp\/v2\/product"}],"about":[{"href":"https:\/\/www.purecook.com\/es\/wp-json\/wp\/v2\/types\/product"}],"replies":[{"embeddable":true,"href":"https:\/\/www.purecook.com\/es\/wp-json\/wp\/v2\/comments?post=5184"}],"wp:featuredmedia":[{"embeddable":true,"href":"https:\/\/www.purecook.com\/es\/wp-json\/wp\/v2\/media\/5185"}],"wp:attachment":[{"href":"https:\/\/www.purecook.com\/es\/wp-json\/wp\/v2\/media?parent=5184"}],"wp:term":[{"taxonomy":"product_brand","embeddable":true,"href":"https:\/\/www.purecook.com\/es\/wp-json\/wp\/v2\/product_brand?post=5184"},{"taxonomy":"product_cat","embeddable":true,"href":"https:\/\/www.purecook.com\/es\/wp-json\/wp\/v2\/product_cat?post=5184"},{"taxonomy":"product_tag","embeddable":true,"href":"https:\/\/www.purecook.com\/es\/wp-json\/wp\/v2\/product_tag?post=5184"}],"curies":[{"name":"wp","href":"https:\/\/api.w.org\/{rel}","templated":true}]}}