{"id":5199,"date":"2025-12-22T11:34:50","date_gmt":"2025-12-22T03:34:50","guid":{"rendered":"https:\/\/www.purecook.com\/?post_type=product&#038;p=5199"},"modified":"2025-12-22T11:55:52","modified_gmt":"2025-12-22T03:55:52","slug":"wholesale-stainless-steel-oil-filter-pots-2","status":"publish","type":"product","link":"https:\/\/www.purecook.com\/es\/product\/wholesale-stainless-steel-oil-filter-pots-2\/","title":{"rendered":"Filtros de aceite de acero inoxidable al por mayor: aptos para uso alimentario y duraderos."},"content":{"rendered":"<div class=\"wp-block-columns is-layout-flex wp-container-core-columns-is-layout-9d6595d7 wp-block-columns-is-layout-flex\">\n<div class=\"wp-block-column is-layout-flow wp-block-column-is-layout-flow\">\n<h3 class=\"wp-block-heading\">Par\u00e1metros de los recipientes de acero inoxidable para filtros de aceite<\/h3>\n\n\n\n<p><strong>Material:<\/strong> Acero inoxidable 304<br><strong>Grosor normal:<\/strong> 0,8 mm<br><strong>Tapa:<\/strong> Acero inoxidable<br><strong>Capacidad: <\/strong>2L<br><strong>Logotipo:<\/strong> Serigraf\u00eda\/grabado l\u00e1ser\/sello en relieve<br><strong>Color: <\/strong>Beige\/blanco<\/p>\n<\/div>\n\n\n\n<div class=\"wp-block-column is-layout-flow wp-block-column-is-layout-flow\">\n<h3 class=\"wp-block-heading\">Opciones de bater\u00eda de cocina a medida<\/h3>\n\n\n\n<p><strong>Logotipo:<\/strong> Personalizable con el logotipo de su marca<br><strong>Embalaje:<\/strong>\u00a0Caja de color\/Cart\u00f3n, etc<br><\/p>\n<\/div>\n<\/div>\n\n\n\n<div class=\"wp-block-columns is-layout-flex wp-container-core-columns-is-layout-9d6595d7 wp-block-columns-is-layout-flex\">\n<div class=\"wp-block-column is-layout-flow wp-block-column-is-layout-flow\">\n<figure class=\"wp-block-image size-full\"><img decoding=\"async\" width=\"800\" height=\"800\" src=\"https:\/\/www.purecook.com\/wp-content\/uploads\/2025\/12\/wholesale-stainless-steel-oil-filter-pots-5.webp\" alt=\"venta al por mayor ollas de filtro de aceite de acero inoxidable (5)\" class=\"wp-image-5204\" srcset=\"https:\/\/www.purecook.com\/wp-content\/uploads\/2025\/12\/wholesale-stainless-steel-oil-filter-pots-5.webp 800w, https:\/\/www.purecook.com\/wp-content\/uploads\/2025\/12\/wholesale-stainless-steel-oil-filter-pots-5-300x300.webp 300w, https:\/\/www.purecook.com\/wp-content\/uploads\/2025\/12\/wholesale-stainless-steel-oil-filter-pots-5-150x150.webp 150w, https:\/\/www.purecook.com\/wp-content\/uploads\/2025\/12\/wholesale-stainless-steel-oil-filter-pots-5-768x768.webp 768w, https:\/\/www.purecook.com\/wp-content\/uploads\/2025\/12\/wholesale-stainless-steel-oil-filter-pots-5-12x12.webp 12w, https:\/\/www.purecook.com\/wp-content\/uploads\/2025\/12\/wholesale-stainless-steel-oil-filter-pots-5-600x600.webp 600w, https:\/\/www.purecook.com\/wp-content\/uploads\/2025\/12\/wholesale-stainless-steel-oil-filter-pots-5-100x100.webp 100w\" sizes=\"(max-width: 800px) 100vw, 800px\" \/><\/figure>\n<\/div>\n\n\n\n<div class=\"wp-block-column is-layout-flow wp-block-column-is-layout-flow\">\n<figure class=\"wp-block-image size-full\"><img decoding=\"async\" width=\"800\" height=\"800\" src=\"https:\/\/www.purecook.com\/wp-content\/uploads\/2025\/12\/wholesale-stainless-steel-oil-filter-pots-7.webp\" alt=\"venta al por mayor ollas de acero inoxidable filtro de aceite (7)\" class=\"wp-image-5206\" srcset=\"https:\/\/www.purecook.com\/wp-content\/uploads\/2025\/12\/wholesale-stainless-steel-oil-filter-pots-7.webp 800w, https:\/\/www.purecook.com\/wp-content\/uploads\/2025\/12\/wholesale-stainless-steel-oil-filter-pots-7-300x300.webp 300w, https:\/\/www.purecook.com\/wp-content\/uploads\/2025\/12\/wholesale-stainless-steel-oil-filter-pots-7-150x150.webp 150w, https:\/\/www.purecook.com\/wp-content\/uploads\/2025\/12\/wholesale-stainless-steel-oil-filter-pots-7-768x768.webp 768w, https:\/\/www.purecook.com\/wp-content\/uploads\/2025\/12\/wholesale-stainless-steel-oil-filter-pots-7-12x12.webp 12w, https:\/\/www.purecook.com\/wp-content\/uploads\/2025\/12\/wholesale-stainless-steel-oil-filter-pots-7-600x600.webp 600w, https:\/\/www.purecook.com\/wp-content\/uploads\/2025\/12\/wholesale-stainless-steel-oil-filter-pots-7-100x100.webp 100w\" sizes=\"(max-width: 800px) 100vw, 800px\" \/><\/figure>\n<\/div>\n<\/div>","protected":false},"excerpt":{"rendered":"<p>Mayorista de ollas filtrantes de aceite de acero inoxidable. Esta olla de filtro de aceite cuenta con una pantalla de filtro de precisi\u00f3n ultra fina que elimina incluso las part\u00edculas m\u00e1s peque\u00f1as de alimentos, d\u00e1ndole aceite de cocina claro, transparente y reutilizable. Tiene un dise\u00f1o de boquilla antigoteo para evitar derrames y suciedad. Entre sus funciones se incluyen la filtraci\u00f3n eficaz, la fritura de alimentos y el uso en cocci\u00f3n y escaldado.<\/p>\n<h2>Caracter\u00edsticas de los recipientes de acero inoxidable para filtros de aceite<\/h2>\n<p><strong>Funcionalidad vers\u00e1til 3 en 1<\/strong><\/p>\n<p>A diferencia de los recipientes de grasa est\u00e1ndar, esta olla funciona como cocina multiusos.<\/p>\n<ul>\n<li>Fre\u00edr: Perfecto para peque\u00f1as tandas de pollo frito o patatas fritas.<\/li>\n<li>Hervir y escaldar: Ideal para cocer pasta, verduras o incluso preparar una olla caliente.<\/li>\n<li>Almacenamiento y Filtraci\u00f3n: Funciona como un contenedor tradicional para limpiar y almacenar el aceite usado.<\/li>\n<\/ul>\n<p><strong>Compatibilidad con estufas universales:<\/strong> Gracias al dise\u00f1o especial de su base, la olla con filtro de aceite es compatible con pr\u00e1cticamente cualquier fuente de calor. Se puede utilizar directamente en cocinas de inducci\u00f3n, estufas de gas y mucho m\u00e1s.<\/p>\n<p><strong>Dise\u00f1o pr\u00e1ctico:<\/strong> Cuenta con un asa grande para un agarre seguro y una boquilla incorporada para evitar goteos sucios al transferir aceite o verter sopa.<\/p>\n<p>&nbsp;<\/p>","protected":false},"featured_media":5200,"comment_status":"closed","ping_status":"closed","template":"","meta":{"_acf_changed":false},"product_brand":[],"product_cat":[52,64],"product_tag":[],"class_list":{"0":"post-5199","1":"product","2":"type-product","3":"status-publish","4":"has-post-thumbnail","6":"product_cat-kitchen-utensils","7":"product_cat-oil-pot","9":"first","10":"instock","11":"shipping-taxable","12":"product-type-simple"},"acf":[],"_links":{"self":[{"href":"https:\/\/www.purecook.com\/es\/wp-json\/wp\/v2\/product\/5199","targetHints":{"allow":["GET"]}}],"collection":[{"href":"https:\/\/www.purecook.com\/es\/wp-json\/wp\/v2\/product"}],"about":[{"href":"https:\/\/www.purecook.com\/es\/wp-json\/wp\/v2\/types\/product"}],"replies":[{"embeddable":true,"href":"https:\/\/www.purecook.com\/es\/wp-json\/wp\/v2\/comments?post=5199"}],"wp:featuredmedia":[{"embeddable":true,"href":"https:\/\/www.purecook.com\/es\/wp-json\/wp\/v2\/media\/5200"}],"wp:attachment":[{"href":"https:\/\/www.purecook.com\/es\/wp-json\/wp\/v2\/media?parent=5199"}],"wp:term":[{"taxonomy":"product_brand","embeddable":true,"href":"https:\/\/www.purecook.com\/es\/wp-json\/wp\/v2\/product_brand?post=5199"},{"taxonomy":"product_cat","embeddable":true,"href":"https:\/\/www.purecook.com\/es\/wp-json\/wp\/v2\/product_cat?post=5199"},{"taxonomy":"product_tag","embeddable":true,"href":"https:\/\/www.purecook.com\/es\/wp-json\/wp\/v2\/product_tag?post=5199"}],"curies":[{"name":"wp","href":"https:\/\/api.w.org\/{rel}","templated":true}]}}