{"id":5214,"date":"2025-12-22T12:03:59","date_gmt":"2025-12-22T04:03:59","guid":{"rendered":"https:\/\/www.purecook.com\/?post_type=product&#038;p=5214"},"modified":"2025-12-22T12:22:43","modified_gmt":"2025-12-22T04:22:43","slug":"wholesale-4-compartment-fried-egg-pans","status":"publish","type":"product","link":"https:\/\/www.purecook.com\/es\/product\/wholesale-4-compartment-fried-egg-pans\/","title":{"rendered":"Sartenes para huevos fritos de 4 compartimentos al por mayor"},"content":{"rendered":"<div class=\"wp-block-columns is-layout-flex wp-container-core-columns-is-layout-9d6595d7 wp-block-columns-is-layout-flex\">\n<div class=\"wp-block-column is-layout-flow wp-block-column-is-layout-flow\">\n<h3 class=\"wp-block-heading\">Par\u00e1metros de la sart\u00e9n para cuatro huevos fritos<\/h3>\n\n\n\n<p><strong>Material: <\/strong>Alu<br><strong>Logotipo: <\/strong>Serigraf\u00eda\/grabado l\u00e1ser\/sello en relieve<\/p>\n<\/div>\n\n\n\n<div class=\"wp-block-column is-layout-flow wp-block-column-is-layout-flow\">\n<h3 class=\"wp-block-heading\">Opciones de bater\u00eda de cocina a medida<\/h3>\n\n\n\n<p><strong>Logotipo:<\/strong> Personalizable con el logotipo de su marca<br><strong>Embalaje:<\/strong>&nbsp;Caja de color\/Cart\u00f3n, etc<br><strong>Asa: <\/strong>Mango a su medida<\/p>\n<\/div>\n<\/div>\n\n\n\n<div class=\"wp-block-columns is-layout-flex wp-container-core-columns-is-layout-9d6595d7 wp-block-columns-is-layout-flex\">\n<div class=\"wp-block-column is-layout-flow wp-block-column-is-layout-flow\">\n<figure class=\"wp-block-image size-full\"><img decoding=\"async\" width=\"800\" height=\"800\" src=\"https:\/\/www.purecook.com\/wp-content\/uploads\/2025\/12\/wholesale-4-compartment-fried-egg-pans-3.webp\" alt=\"Sartenes para huevos fritos de 4 compartimentos al por mayor (3)\" class=\"wp-image-5217\" srcset=\"https:\/\/www.purecook.com\/wp-content\/uploads\/2025\/12\/wholesale-4-compartment-fried-egg-pans-3.webp 800w, https:\/\/www.purecook.com\/wp-content\/uploads\/2025\/12\/wholesale-4-compartment-fried-egg-pans-3-300x300.webp 300w, https:\/\/www.purecook.com\/wp-content\/uploads\/2025\/12\/wholesale-4-compartment-fried-egg-pans-3-150x150.webp 150w, https:\/\/www.purecook.com\/wp-content\/uploads\/2025\/12\/wholesale-4-compartment-fried-egg-pans-3-768x768.webp 768w, https:\/\/www.purecook.com\/wp-content\/uploads\/2025\/12\/wholesale-4-compartment-fried-egg-pans-3-12x12.webp 12w, https:\/\/www.purecook.com\/wp-content\/uploads\/2025\/12\/wholesale-4-compartment-fried-egg-pans-3-600x600.webp 600w, https:\/\/www.purecook.com\/wp-content\/uploads\/2025\/12\/wholesale-4-compartment-fried-egg-pans-3-100x100.webp 100w\" sizes=\"(max-width: 800px) 100vw, 800px\" \/><\/figure>\n<\/div>\n\n\n\n<div class=\"wp-block-column is-layout-flow wp-block-column-is-layout-flow\">\n<figure class=\"wp-block-image size-full\"><img decoding=\"async\" width=\"800\" height=\"800\" src=\"https:\/\/www.purecook.com\/wp-content\/uploads\/2025\/12\/wholesale-4-compartment-fried-egg-pans-4.webp\" alt=\"Sartenes para huevos fritos de 4 compartimentos al por mayor (4)\" class=\"wp-image-5218\" srcset=\"https:\/\/www.purecook.com\/wp-content\/uploads\/2025\/12\/wholesale-4-compartment-fried-egg-pans-4.webp 800w, https:\/\/www.purecook.com\/wp-content\/uploads\/2025\/12\/wholesale-4-compartment-fried-egg-pans-4-300x300.webp 300w, https:\/\/www.purecook.com\/wp-content\/uploads\/2025\/12\/wholesale-4-compartment-fried-egg-pans-4-150x150.webp 150w, https:\/\/www.purecook.com\/wp-content\/uploads\/2025\/12\/wholesale-4-compartment-fried-egg-pans-4-768x768.webp 768w, https:\/\/www.purecook.com\/wp-content\/uploads\/2025\/12\/wholesale-4-compartment-fried-egg-pans-4-12x12.webp 12w, https:\/\/www.purecook.com\/wp-content\/uploads\/2025\/12\/wholesale-4-compartment-fried-egg-pans-4-600x600.webp 600w, https:\/\/www.purecook.com\/wp-content\/uploads\/2025\/12\/wholesale-4-compartment-fried-egg-pans-4-100x100.webp 100w\" sizes=\"(max-width: 800px) 100vw, 800px\" \/><\/figure>\n<\/div>\n<\/div>\n\n\n\n<div class=\"wp-block-columns is-layout-flex wp-container-core-columns-is-layout-9d6595d7 wp-block-columns-is-layout-flex\">\n<div class=\"wp-block-column is-layout-flow wp-block-column-is-layout-flow\"><\/div>\n\n\n\n<div class=\"wp-block-column is-layout-flow wp-block-column-is-layout-flow\"><\/div>\n<\/div>","protected":false},"excerpt":{"rendered":"<p>Sartenes para huevos fritos de 4 compartimentos al por mayor. Este utensilio de cocina cuenta con cuatro compartimentos separados, lo que le permite fre\u00edr tocino, saltear camarones, cocinar verduras al vapor y fre\u00edr un huevo redondo perfecto, todo al mismo tiempo. Cocine una comida completa utilizando solo una placa de cocina. Cont\u00e1ctenos para solicitar un presupuesto.<\/p>\n<h2>Caracter\u00edsticas de las sartenes para huevos fritos de 4 compartimentos<\/h2>\n<p data-start=\"60\" data-end=\"312\"><strong data-start=\"60\" data-end=\"93\">Cocina vers\u00e1til todo en uno:<\/strong> Esta sart\u00e9n te permite preparar un desayuno completo o una comida de una sola vez. Como se muestra, puedes fre\u00edr huevos, asar alitas de pollo, saltear gambas y cocinar verduras al vapor simult\u00e1neamente, lo que reduce considerablemente el tiempo de cocci\u00f3n.<\/p>\n<p data-start=\"314\" data-end=\"497\"><strong data-start=\"314\" data-end=\"343\">Opciones de formas decorativas:<\/strong> A diferencia de las sartenes redondas est\u00e1ndar para huevos, este modelo presenta tres formas \u00fanicas (c\u00edrculos, estrellas y corazones) para a\u00f1adir diversi\u00f3n y creatividad a tu cocina.<\/p>\n<p data-start=\"499\" data-end=\"658\"><strong data-start=\"499\" data-end=\"530\">Recubrimiento antiadherente avanzado:<\/strong> Con solo una peque\u00f1a cantidad de aceite o mantequilla, los alimentos se deslizan f\u00e1cilmente y la superficie se puede limpiar sin esfuerzo con una esponja.<\/p>\n<p data-start=\"660\" data-end=\"814\"><strong data-start=\"660\" data-end=\"686\">Mango resistente al calor:<\/strong> El mango con textura de vetas de madera tiene un dise\u00f1o ergon\u00f3mico que permite un agarre c\u00f3modo y se mantiene fr\u00edo al tacto durante la cocci\u00f3n.<\/p>","protected":false},"featured_media":5215,"comment_status":"closed","ping_status":"closed","template":"","meta":{"_acf_changed":false},"product_brand":[],"product_cat":[24,71],"product_tag":[],"class_list":{"0":"post-5214","1":"product","2":"type-product","3":"status-publish","4":"has-post-thumbnail","6":"product_cat-cookware","7":"product_cat-frying-pan","9":"first","10":"instock","11":"shipping-taxable","12":"product-type-simple"},"acf":[],"_links":{"self":[{"href":"https:\/\/www.purecook.com\/es\/wp-json\/wp\/v2\/product\/5214","targetHints":{"allow":["GET"]}}],"collection":[{"href":"https:\/\/www.purecook.com\/es\/wp-json\/wp\/v2\/product"}],"about":[{"href":"https:\/\/www.purecook.com\/es\/wp-json\/wp\/v2\/types\/product"}],"replies":[{"embeddable":true,"href":"https:\/\/www.purecook.com\/es\/wp-json\/wp\/v2\/comments?post=5214"}],"wp:featuredmedia":[{"embeddable":true,"href":"https:\/\/www.purecook.com\/es\/wp-json\/wp\/v2\/media\/5215"}],"wp:attachment":[{"href":"https:\/\/www.purecook.com\/es\/wp-json\/wp\/v2\/media?parent=5214"}],"wp:term":[{"taxonomy":"product_brand","embeddable":true,"href":"https:\/\/www.purecook.com\/es\/wp-json\/wp\/v2\/product_brand?post=5214"},{"taxonomy":"product_cat","embeddable":true,"href":"https:\/\/www.purecook.com\/es\/wp-json\/wp\/v2\/product_cat?post=5214"},{"taxonomy":"product_tag","embeddable":true,"href":"https:\/\/www.purecook.com\/es\/wp-json\/wp\/v2\/product_tag?post=5214"}],"curies":[{"name":"wp","href":"https:\/\/api.w.org\/{rel}","templated":true}]}}