{"id":5380,"date":"2026-01-24T17:04:11","date_gmt":"2026-01-24T09:04:11","guid":{"rendered":"https:\/\/www.purecook.com\/?post_type=product&#038;p=5380"},"modified":"2026-01-24T17:48:56","modified_gmt":"2026-01-24T09:48:56","slug":"wholesale-stainless-steel-deep-fryer-pots","status":"publish","type":"product","link":"https:\/\/www.purecook.com\/es\/product\/wholesale-stainless-steel-deep-fryer-pots\/","title":{"rendered":"Mayorista Olla Freidora de Acero Inoxidable con Cesta de Filtro (2.8L)"},"content":{"rendered":"<div class=\"wp-block-columns is-layout-flex wp-container-core-columns-is-layout-9d6595d7 wp-block-columns-is-layout-flex\">\n<div class=\"wp-block-column is-layout-flow wp-block-column-is-layout-flow\">\n<h3 class=\"wp-block-heading\">Par\u00e1metros de la sart\u00e9n de acero inoxidable para exteriores<\/h3>\n\n\n\n<p><strong>Material:<\/strong> Acero inoxidable<br><strong>Grosor normal:<\/strong> 0,6 mm<br><strong>Tapa:<\/strong> Tapas de cristal<br><strong>Abajo: <\/strong>Inducci\u00f3n Fondo s\u00e1ndwich (SUS+1 mm Alu+SUS)<br><strong>Logotipo: <\/strong>Serigraf\u00eda\/grabado l\u00e1ser\/sello en relieve<br><strong>Asa y pomo de la tapa:<\/strong> Acero inoxidable<br><strong>Capacidad:<\/strong> 2.8L<\/p>\n<\/div>\n\n\n\n<div class=\"wp-block-column is-layout-flow wp-block-column-is-layout-flow\">\n<h3 class=\"wp-block-heading\">Opciones de bater\u00eda de cocina a medida<\/h3>\n\n\n\n<p><strong>Logotipo:<\/strong> Personalizable con el logotipo de su marca<br><strong>Embalaje:<\/strong>\u00a0Caja de color\/Cart\u00f3n, etc<br><strong>Asa: <\/strong>Mango a su medida<br><strong>Material: <\/strong>Acero inoxidable SUS#201\/304\/410\/430<\/p>\n<\/div>\n<\/div>\n\n\n\n<div class=\"wp-block-columns is-layout-flex wp-container-core-columns-is-layout-9d6595d7 wp-block-columns-is-layout-flex\">\n<div class=\"wp-block-column is-layout-flow wp-block-column-is-layout-flow\">\n<figure class=\"wp-block-image size-full\"><img decoding=\"async\" width=\"800\" height=\"800\" src=\"https:\/\/www.purecook.com\/wp-content\/uploads\/2026\/01\/wholesale-stainless-steel-deep-fryer-pot-1.webp\" alt=\"venta al por mayor olla freidora de acero inoxidable (1)\" class=\"wp-image-5382\" srcset=\"https:\/\/www.purecook.com\/wp-content\/uploads\/2026\/01\/wholesale-stainless-steel-deep-fryer-pot-1.webp 800w, https:\/\/www.purecook.com\/wp-content\/uploads\/2026\/01\/wholesale-stainless-steel-deep-fryer-pot-1-300x300.webp 300w, https:\/\/www.purecook.com\/wp-content\/uploads\/2026\/01\/wholesale-stainless-steel-deep-fryer-pot-1-150x150.webp 150w, https:\/\/www.purecook.com\/wp-content\/uploads\/2026\/01\/wholesale-stainless-steel-deep-fryer-pot-1-768x768.webp 768w, https:\/\/www.purecook.com\/wp-content\/uploads\/2026\/01\/wholesale-stainless-steel-deep-fryer-pot-1-12x12.webp 12w, https:\/\/www.purecook.com\/wp-content\/uploads\/2026\/01\/wholesale-stainless-steel-deep-fryer-pot-1-600x600.webp 600w, https:\/\/www.purecook.com\/wp-content\/uploads\/2026\/01\/wholesale-stainless-steel-deep-fryer-pot-1-100x100.webp 100w\" sizes=\"(max-width: 800px) 100vw, 800px\" \/><\/figure>\n<\/div>\n\n\n\n<div class=\"wp-block-column is-layout-flow wp-block-column-is-layout-flow\">\n<figure class=\"wp-block-image size-full\"><img decoding=\"async\" width=\"800\" height=\"800\" src=\"https:\/\/www.purecook.com\/wp-content\/uploads\/2026\/01\/wholesale-stainless-steel-deep-fryer-pot-2.webp\" alt=\"venta al por mayor olla freidora acero inoxidable (2)\" class=\"wp-image-5383\" srcset=\"https:\/\/www.purecook.com\/wp-content\/uploads\/2026\/01\/wholesale-stainless-steel-deep-fryer-pot-2.webp 800w, https:\/\/www.purecook.com\/wp-content\/uploads\/2026\/01\/wholesale-stainless-steel-deep-fryer-pot-2-300x300.webp 300w, https:\/\/www.purecook.com\/wp-content\/uploads\/2026\/01\/wholesale-stainless-steel-deep-fryer-pot-2-150x150.webp 150w, https:\/\/www.purecook.com\/wp-content\/uploads\/2026\/01\/wholesale-stainless-steel-deep-fryer-pot-2-768x768.webp 768w, https:\/\/www.purecook.com\/wp-content\/uploads\/2026\/01\/wholesale-stainless-steel-deep-fryer-pot-2-12x12.webp 12w, https:\/\/www.purecook.com\/wp-content\/uploads\/2026\/01\/wholesale-stainless-steel-deep-fryer-pot-2-600x600.webp 600w, https:\/\/www.purecook.com\/wp-content\/uploads\/2026\/01\/wholesale-stainless-steel-deep-fryer-pot-2-100x100.webp 100w\" sizes=\"(max-width: 800px) 100vw, 800px\" \/><\/figure>\n<\/div>\n<\/div>\n\n\n\n<div class=\"wp-block-columns is-layout-flex wp-container-core-columns-is-layout-9d6595d7 wp-block-columns-is-layout-flex\">\n<div class=\"wp-block-column is-layout-flow wp-block-column-is-layout-flow\"><\/div>\n\n\n\n<div class=\"wp-block-column is-layout-flow wp-block-column-is-layout-flow\"><\/div>\n<\/div>","protected":false},"excerpt":{"rendered":"<p>Nuestras ollas de fre\u00edr de acero inoxidable al por mayor est\u00e1n dise\u00f1adas para una cocci\u00f3n vers\u00e1til y de alto rendimiento tanto en cocinas comerciales como dom\u00e9sticas.<\/p>\n<p>Esta olla freidora sirve tanto para hervir verduras y pasta como para fre\u00edr alimentos, lo que la convierte en una aut\u00e9ntica soluci\u00f3n de cocina multiusos. Est\u00e1 equipada con una cesta filtrante extra\u00edble de acero inoxidable, que permite una elevaci\u00f3n r\u00e1pida y un drenaje eficaz del aceite o el agua para cocinar de forma m\u00e1s segura y limpia. P\u00f3ngase en contacto con nosotros para solicitar un presupuesto.<\/p>\n<h2>Caracter\u00edsticas de las ollas de acero inoxidable para freidora<\/h2>\n<p data-pm-slice=\"0 0 []\"><strong>Dise\u00f1o de colador de pasta integrado:<\/strong> La cesta interior perforada incorporada permite a los usuarios cocer y escurrir la pasta en una sola olla. Basta con levantar el colador para retirar la pasta o las verduras mientras se deja el agua caliente.<\/p>\n<p data-pm-slice=\"0 0 []\"><strong>Multifuncional:<\/strong> Adem\u00e1s de para cocer pasta, esta olla tambi\u00e9n es ideal para escaldar verduras, cocer alb\u00f3ndigas, preparar marisco o fre\u00edr alimentos que requieran un escurrido r\u00e1pido, por lo que resulta adecuada para una gran variedad de recetas.<\/p>\n<p data-pm-slice=\"0 0 []\"><strong>Fondo de acero inoxidable Tri Ply:<\/strong> El fondo de la bater\u00eda de cocina presenta una base de tres capas fabricada con acero inoxidable SUS + n\u00facleo de aluminio de 1 mm + acero inoxidable SUS, una estructura que mejora la conductividad t\u00e9rmica, la estabilidad estructural y la fiabilidad a largo plazo.<\/p>\n<p><b data-path-to-node=\"10,1,0\" data-index-in-node=\"0\">Tapa de cristal:<\/b> La tapa transparente permite controlar la ebullici\u00f3n y el estado de los ingredientes sin levantar la tapa y perder calor.<\/p>\n<p data-pm-slice=\"0 0 []\"><b data-path-to-node=\"6,1,0\" data-index-in-node=\"0\">Cocina vertical:<\/b> Utiliza el espacio vertical en lugar del ancho, lo que resulta excelente para hervir pastas largas o ingredientes sumergidos, como mazorcas de ma\u00edz.<\/p>\n<p data-pm-slice=\"0 0 []\">\u00a0<\/p>\n<p>\n<script src=\"chrome-extension:\/\/fpelahbljekknahkcaegamhcndkfpfnc\/iFrame.js\" type=\"text\/javascript\"><\/script><\/p>","protected":false},"featured_media":5382,"comment_status":"closed","ping_status":"closed","template":"","meta":{"_acf_changed":false},"product_brand":[],"product_cat":[24,72],"product_tag":[],"class_list":{"0":"post-5380","1":"product","2":"type-product","3":"status-publish","4":"has-post-thumbnail","6":"product_cat-cookware","7":"product_cat-fryer-pots","9":"first","10":"instock","11":"shipping-taxable","12":"product-type-simple"},"acf":[],"_links":{"self":[{"href":"https:\/\/www.purecook.com\/es\/wp-json\/wp\/v2\/product\/5380","targetHints":{"allow":["GET"]}}],"collection":[{"href":"https:\/\/www.purecook.com\/es\/wp-json\/wp\/v2\/product"}],"about":[{"href":"https:\/\/www.purecook.com\/es\/wp-json\/wp\/v2\/types\/product"}],"replies":[{"embeddable":true,"href":"https:\/\/www.purecook.com\/es\/wp-json\/wp\/v2\/comments?post=5380"}],"wp:featuredmedia":[{"embeddable":true,"href":"https:\/\/www.purecook.com\/es\/wp-json\/wp\/v2\/media\/5382"}],"wp:attachment":[{"href":"https:\/\/www.purecook.com\/es\/wp-json\/wp\/v2\/media?parent=5380"}],"wp:term":[{"taxonomy":"product_brand","embeddable":true,"href":"https:\/\/www.purecook.com\/es\/wp-json\/wp\/v2\/product_brand?post=5380"},{"taxonomy":"product_cat","embeddable":true,"href":"https:\/\/www.purecook.com\/es\/wp-json\/wp\/v2\/product_cat?post=5380"},{"taxonomy":"product_tag","embeddable":true,"href":"https:\/\/www.purecook.com\/es\/wp-json\/wp\/v2\/product_tag?post=5380"}],"curies":[{"name":"wp","href":"https:\/\/api.w.org\/{rel}","templated":true}]}}