{"id":5386,"date":"2026-01-24T17:49:38","date_gmt":"2026-01-24T09:49:38","guid":{"rendered":"https:\/\/www.purecook.com\/?post_type=product&#038;p=5386"},"modified":"2026-01-24T18:10:53","modified_gmt":"2026-01-24T10:10:53","slug":"wholesale-stock-pots","status":"publish","type":"product","link":"https:\/\/www.purecook.com\/es\/product\/wholesale-stock-pots\/","title":{"rendered":"Mayorista Macetas - Gran Capacidad (9.2L \/ 11L \/ 14L)"},"content":{"rendered":"<div class=\"wp-block-columns is-layout-flex wp-container-core-columns-is-layout-9d6595d7 wp-block-columns-is-layout-flex\">\n<div class=\"wp-block-column is-layout-flow wp-block-column-is-layout-flow\">\n<h3 class=\"wp-block-heading\">Par\u00e1metros de las macetas<\/h3>\n\n\n\n<p><strong>Material:<\/strong> Acero inoxidable<br><strong>Grosor normal:<\/strong> 0,5 mm<br><strong>Tapa:<\/strong> Tapas de cristal<br><strong>Abajo: <\/strong>Inducci\u00f3n Fondo s\u00e1ndwich (SUS+1 mm Alu.+SUS)<br><strong>Logotipo:<\/strong> Serigraf\u00eda\/grabado l\u00e1ser\/sello en relieve<br><strong>Asa y pomo de la tapa:<\/strong> Acero inoxidable<br><strong>Capacidad: <\/strong>9,2L \/ 11L \/ 14L<br><\/p>\n<\/div>\n\n\n\n<div class=\"wp-block-column is-layout-flow wp-block-column-is-layout-flow\">\n<h3 class=\"wp-block-heading\">Opciones de bater\u00eda de cocina a medida<\/h3>\n\n\n\n<p><strong>Material:<\/strong> Acero inoxidable SUS#201\/304\/410\/430<br><strong>Asa:<\/strong> Mango a su medida<br><strong>Logotipo: <\/strong>Personalizable con el logotipo de su marca<br><strong>Embalaje:<\/strong> caja de color\/cart\u00f3n,etc<\/p>\n<\/div>\n<\/div>\n\n\n\n<div class=\"wp-block-columns is-layout-flex wp-container-core-columns-is-layout-9d6595d7 wp-block-columns-is-layout-flex\">\n<div class=\"wp-block-column is-layout-flow wp-block-column-is-layout-flow\">\n<figure class=\"wp-block-image size-full\"><img decoding=\"async\" width=\"750\" height=\"750\" src=\"https:\/\/www.purecook.com\/wp-content\/uploads\/2026\/01\/wholesale-stock-pots-1.webp\" alt=\"venta al por mayor de macetas (1)\" class=\"wp-image-5387\" srcset=\"https:\/\/www.purecook.com\/wp-content\/uploads\/2026\/01\/wholesale-stock-pots-1.webp 750w, https:\/\/www.purecook.com\/wp-content\/uploads\/2026\/01\/wholesale-stock-pots-1-300x300.webp 300w, https:\/\/www.purecook.com\/wp-content\/uploads\/2026\/01\/wholesale-stock-pots-1-150x150.webp 150w, https:\/\/www.purecook.com\/wp-content\/uploads\/2026\/01\/wholesale-stock-pots-1-12x12.webp 12w, https:\/\/www.purecook.com\/wp-content\/uploads\/2026\/01\/wholesale-stock-pots-1-600x600.webp 600w, https:\/\/www.purecook.com\/wp-content\/uploads\/2026\/01\/wholesale-stock-pots-1-100x100.webp 100w\" sizes=\"(max-width: 750px) 100vw, 750px\" \/><\/figure>\n<\/div>\n\n\n\n<div class=\"wp-block-column is-layout-flow wp-block-column-is-layout-flow\">\n<figure class=\"wp-block-image size-full\"><img decoding=\"async\" width=\"800\" height=\"800\" src=\"https:\/\/www.purecook.com\/wp-content\/uploads\/2026\/01\/wholesale-stock-pots-2.webp\" alt=\"macetas al por mayor (2)\" class=\"wp-image-5388\" srcset=\"https:\/\/www.purecook.com\/wp-content\/uploads\/2026\/01\/wholesale-stock-pots-2.webp 800w, https:\/\/www.purecook.com\/wp-content\/uploads\/2026\/01\/wholesale-stock-pots-2-300x300.webp 300w, https:\/\/www.purecook.com\/wp-content\/uploads\/2026\/01\/wholesale-stock-pots-2-150x150.webp 150w, https:\/\/www.purecook.com\/wp-content\/uploads\/2026\/01\/wholesale-stock-pots-2-768x768.webp 768w, https:\/\/www.purecook.com\/wp-content\/uploads\/2026\/01\/wholesale-stock-pots-2-12x12.webp 12w, https:\/\/www.purecook.com\/wp-content\/uploads\/2026\/01\/wholesale-stock-pots-2-600x600.webp 600w, https:\/\/www.purecook.com\/wp-content\/uploads\/2026\/01\/wholesale-stock-pots-2-100x100.webp 100w\" sizes=\"(max-width: 800px) 100vw, 800px\" \/><\/figure>\n<\/div>\n<\/div>\n\n\n\n<div class=\"wp-block-columns is-layout-flex wp-container-core-columns-is-layout-9d6595d7 wp-block-columns-is-layout-flex\">\n<div class=\"wp-block-column is-layout-flow wp-block-column-is-layout-flow\"><\/div>\n\n\n\n<div class=\"wp-block-column is-layout-flow wp-block-column-is-layout-flow\"><\/div>\n<\/div>","protected":false},"excerpt":{"rendered":"<p>Ollas al por mayor. Perfectas para restaurantes, servicios de catering y cocinas profesionales, estas ollas de gran capacidad permiten cocinar a granel sin esfuerzo. Disponibles en tama\u00f1os de 9,2L, 11L y 14L, est\u00e1n dise\u00f1adas para manejar sopas, caldos, salsas, pasta y mucho m\u00e1s con facilidad.<\/p>\n<h2>Caracter\u00edsticas de las marmitas de acero inoxidable<\/h2>\n<p><strong>Compatibilidad con varias fuentes de calor:<\/strong> Estas ollas est\u00e1n dise\u00f1adas para funcionar en cocinas de gas, el\u00e9ctricas y de inducci\u00f3n.<\/p>\n<p><strong>Opciones de gran capacidad:<\/strong> Disponible en <strong>9,2L, 11L y 14L<\/strong> son ideales para cocinar a granel, cocer a fuego lento caldos de huesos, hervir pasta o preparar grandes comidas familiares.<\/p>\n<p data-pm-slice=\"0 0 []\"><strong>Alta eficiencia para uso comercial:<\/strong> Dise\u00f1ado para cocinar grandes vol\u00famenes, reduciendo la frecuencia de los lotes y ahorrando tiempo, energ\u00eda y mano de obra durante los picos de trabajo en la cocina.<\/p>\n<p data-pm-slice=\"0 0 []\"><b data-path-to-node=\"6,0,0\" data-index-in-node=\"0\">Apto para lavavajillas:<\/b> Estas ollas de gran capacidad son totalmente aptas para el lavavajillas, lo que ahorra tiempo y reduce los costes de mano de obra en cocinas comerciales con mucho trabajo donde el tiempo es esencial.<\/p>\n<p data-pm-slice=\"0 0 []\"><strong>Ideal para el suministro al por mayor y a granel:<\/strong> Como uno de los principales fabricantes de utensilios de cocina de China, nuestros tama\u00f1os estandarizados, calidad constante y l\u00edneas de producci\u00f3n eficientes garantizan que los pedidos de gran volumen puedan entregarse de forma r\u00e1pida y fiable.<\/p>\n<p>\n<script src=\"chrome-extension:\/\/fpelahbljekknahkcaegamhcndkfpfnc\/iFrame.js\" type=\"text\/javascript\"><\/script><\/p>","protected":false},"featured_media":5387,"comment_status":"closed","ping_status":"closed","template":"","meta":{"_acf_changed":false},"product_brand":[],"product_cat":[24,70],"product_tag":[],"class_list":{"0":"post-5386","1":"product","2":"type-product","3":"status-publish","4":"has-post-thumbnail","6":"product_cat-cookware","7":"product_cat-soup-and-stock-pots","9":"first","10":"instock","11":"shipping-taxable","12":"product-type-simple"},"acf":[],"_links":{"self":[{"href":"https:\/\/www.purecook.com\/es\/wp-json\/wp\/v2\/product\/5386","targetHints":{"allow":["GET"]}}],"collection":[{"href":"https:\/\/www.purecook.com\/es\/wp-json\/wp\/v2\/product"}],"about":[{"href":"https:\/\/www.purecook.com\/es\/wp-json\/wp\/v2\/types\/product"}],"replies":[{"embeddable":true,"href":"https:\/\/www.purecook.com\/es\/wp-json\/wp\/v2\/comments?post=5386"}],"wp:featuredmedia":[{"embeddable":true,"href":"https:\/\/www.purecook.com\/es\/wp-json\/wp\/v2\/media\/5387"}],"wp:attachment":[{"href":"https:\/\/www.purecook.com\/es\/wp-json\/wp\/v2\/media?parent=5386"}],"wp:term":[{"taxonomy":"product_brand","embeddable":true,"href":"https:\/\/www.purecook.com\/es\/wp-json\/wp\/v2\/product_brand?post=5386"},{"taxonomy":"product_cat","embeddable":true,"href":"https:\/\/www.purecook.com\/es\/wp-json\/wp\/v2\/product_cat?post=5386"},{"taxonomy":"product_tag","embeddable":true,"href":"https:\/\/www.purecook.com\/es\/wp-json\/wp\/v2\/product_tag?post=5386"}],"curies":[{"name":"wp","href":"https:\/\/api.w.org\/{rel}","templated":true}]}}