{"id":5392,"date":"2026-01-26T15:07:42","date_gmt":"2026-01-26T07:07:42","guid":{"rendered":"https:\/\/www.purecook.com\/?post_type=product&#038;p=5392"},"modified":"2026-02-06T07:50:02","modified_gmt":"2026-02-05T23:50:02","slug":"wholesale-cook-serve-cookware-set","status":"publish","type":"product","link":"https:\/\/www.purecook.com\/es\/product\/wholesale-cook-serve-cookware-set\/","title":{"rendered":"Juego de Bater\u00eda de Cocina de Acero Inoxidable de Proceso No Abrasivo - Cook &amp; Serve Cookware Set for Home"},"content":{"rendered":"<div class=\"wp-block-columns is-layout-flex wp-container-core-columns-is-layout-9d6595d7 wp-block-columns-is-layout-flex\">\n<div class=\"wp-block-column is-layout-flow wp-block-column-is-layout-flow\">\n<h3 class=\"wp-block-heading\">Par\u00e1metros de la bater\u00eda de cocina de acero inoxidable<\/h3>\n\n\n\n<p><strong>Material:<\/strong> Acero inoxidable<br><strong>Asa y pomo de la tapa:<\/strong> Acero inoxidable<br><strong>Logotipo: <\/strong>Serigraf\u00eda\/grabado l\u00e1ser\/sello en relieve<br><strong>Tama\u00f1o:<\/strong>16\/18\/20 cm<\/p>\n<\/div>\n\n\n\n<div class=\"wp-block-column is-layout-flow wp-block-column-is-layout-flow\">\n<h3 class=\"wp-block-heading\">Opciones de bater\u00eda de cocina a medida<\/h3>\n\n\n\n<p><strong>Logotipo:<\/strong> Personalizable con el logotipo de su marca<br><strong>Embalaje:<\/strong>&nbsp;Caja de color\/Cart\u00f3n, etc<br><strong>Asa: <\/strong>Mango a su medida<\/p>\n<\/div>\n<\/div>\n\n\n\n<div class=\"wp-block-columns is-layout-flex wp-container-core-columns-is-layout-9d6595d7 wp-block-columns-is-layout-flex\">\n<div class=\"wp-block-column is-layout-flow wp-block-column-is-layout-flow\">\n<figure class=\"wp-block-image size-full\"><img decoding=\"async\" width=\"800\" height=\"800\" src=\"https:\/\/www.purecook.com\/wp-content\/uploads\/2026\/01\/non-abrasive-process-stainless-steel-cookware-set-2.webp\" alt=\"juego de ollas de acero inoxidable no abrasivo (2)\" class=\"wp-image-5394\" srcset=\"https:\/\/www.purecook.com\/wp-content\/uploads\/2026\/01\/non-abrasive-process-stainless-steel-cookware-set-2.webp 800w, https:\/\/www.purecook.com\/wp-content\/uploads\/2026\/01\/non-abrasive-process-stainless-steel-cookware-set-2-300x300.webp 300w, https:\/\/www.purecook.com\/wp-content\/uploads\/2026\/01\/non-abrasive-process-stainless-steel-cookware-set-2-150x150.webp 150w, https:\/\/www.purecook.com\/wp-content\/uploads\/2026\/01\/non-abrasive-process-stainless-steel-cookware-set-2-768x768.webp 768w, https:\/\/www.purecook.com\/wp-content\/uploads\/2026\/01\/non-abrasive-process-stainless-steel-cookware-set-2-12x12.webp 12w, https:\/\/www.purecook.com\/wp-content\/uploads\/2026\/01\/non-abrasive-process-stainless-steel-cookware-set-2-600x600.webp 600w, https:\/\/www.purecook.com\/wp-content\/uploads\/2026\/01\/non-abrasive-process-stainless-steel-cookware-set-2-100x100.webp 100w\" sizes=\"(max-width: 800px) 100vw, 800px\" \/><\/figure>\n<\/div>\n\n\n\n<div class=\"wp-block-column is-layout-flow wp-block-column-is-layout-flow\">\n<figure class=\"wp-block-image size-full\"><img decoding=\"async\" width=\"800\" height=\"800\" src=\"https:\/\/www.purecook.com\/wp-content\/uploads\/2026\/01\/non-abrasive-process-stainless-steel-cookware-set-6.webp\" alt=\"juego de utensilios de cocina de acero inoxidable no abrasivo (6)\" class=\"wp-image-5398\" srcset=\"https:\/\/www.purecook.com\/wp-content\/uploads\/2026\/01\/non-abrasive-process-stainless-steel-cookware-set-6.webp 800w, https:\/\/www.purecook.com\/wp-content\/uploads\/2026\/01\/non-abrasive-process-stainless-steel-cookware-set-6-300x300.webp 300w, https:\/\/www.purecook.com\/wp-content\/uploads\/2026\/01\/non-abrasive-process-stainless-steel-cookware-set-6-150x150.webp 150w, https:\/\/www.purecook.com\/wp-content\/uploads\/2026\/01\/non-abrasive-process-stainless-steel-cookware-set-6-768x768.webp 768w, https:\/\/www.purecook.com\/wp-content\/uploads\/2026\/01\/non-abrasive-process-stainless-steel-cookware-set-6-12x12.webp 12w, https:\/\/www.purecook.com\/wp-content\/uploads\/2026\/01\/non-abrasive-process-stainless-steel-cookware-set-6-600x600.webp 600w, https:\/\/www.purecook.com\/wp-content\/uploads\/2026\/01\/non-abrasive-process-stainless-steel-cookware-set-6-100x100.webp 100w\" sizes=\"(max-width: 800px) 100vw, 800px\" \/><\/figure>\n<\/div>\n<\/div>","protected":false},"excerpt":{"rendered":"<p>Dise\u00f1ada para las cocinas modernas y los comedores contempor\u00e1neos, esta bater\u00eda de cocina de acero inoxidable permite pasar sin problemas de la cocina al servicio. El producto utiliza un proceso de tratamiento de superficie no abrasivo que consigue un acabado liso y uniforme, al tiempo que preserva las propiedades naturales del acero inoxidable, garantizando su durabilidad y facilidad de mantenimiento.<\/p>\n<h2>Caracter\u00edsticas de la bater\u00eda de cocina de acero inoxidable de proceso no abrasivo<\/h2>\n<p><strong>De la cocina a la mesa:<\/strong> Esta bater\u00eda de cocina puede utilizarse tanto para cocinar como para servir. Una vez cocinada la comida en el hornillo de gas, solo tiene que pasarla a la mesa.<\/p>\n<p data-pm-slice=\"0 0 []\"><strong>Apilables para un almacenamiento eficaz:<\/strong> Cada pieza est\u00e1 dise\u00f1ada para encajar perfectamente, lo que permite apilar el juego completo verticalmente. Esto reduce significativamente el uso de armarios y estanter\u00edas en comparaci\u00f3n con los utensilios de cocina tradicionales.<\/p>\n<p data-pm-slice=\"0 0 []\"><strong>Est\u00e9tica limpia y minimalista:<\/strong> Esta bater\u00eda de cocina al por mayor est\u00e1 dise\u00f1ada para adaptarse perfectamente a la tendencia de las cocinas minimalistas. La superficie lisa de acero inoxidable tiene un aspecto sofisticado y es adecuada para combinar de forma natural con ambientes de mesa modernos, escandinavos o japoneses.<\/p>\n<p data-pm-slice=\"0 0 []\"><strong>Superficie m\u00e1s suave y refinada:<\/strong> El procesamiento no abrasivo evita el lijado o amolado mec\u00e1nico agresivo, lo que da como resultado una superficie m\u00e1s uniforme y lisa. Este acabado refinado mejora tanto el rendimiento culinario como el atractivo visual.<\/p>\n<p data-pm-slice=\"0 0 []\"><strong>Opciones de cocci\u00f3n vers\u00e1tiles:<\/strong> Adecuado para hervir, guisar, cocer al vapor y servir una gran variedad de platos, desde sopas y arroz hasta verduras y comidas compartidas.<\/p>\n<p>\n<script src=\"chrome-extension:\/\/fpelahbljekknahkcaegamhcndkfpfnc\/iFrame.js\" type=\"text\/javascript\"><\/script><\/p>","protected":false},"featured_media":5393,"comment_status":"closed","ping_status":"closed","template":"","meta":{"_acf_changed":false},"product_brand":[],"product_cat":[24,69],"product_tag":[],"class_list":{"0":"post-5392","1":"product","2":"type-product","3":"status-publish","4":"has-post-thumbnail","6":"product_cat-cookware","7":"product_cat-cookware-sets","9":"first","10":"instock","11":"shipping-taxable","12":"product-type-simple"},"acf":[],"_links":{"self":[{"href":"https:\/\/www.purecook.com\/es\/wp-json\/wp\/v2\/product\/5392","targetHints":{"allow":["GET"]}}],"collection":[{"href":"https:\/\/www.purecook.com\/es\/wp-json\/wp\/v2\/product"}],"about":[{"href":"https:\/\/www.purecook.com\/es\/wp-json\/wp\/v2\/types\/product"}],"replies":[{"embeddable":true,"href":"https:\/\/www.purecook.com\/es\/wp-json\/wp\/v2\/comments?post=5392"}],"wp:featuredmedia":[{"embeddable":true,"href":"https:\/\/www.purecook.com\/es\/wp-json\/wp\/v2\/media\/5393"}],"wp:attachment":[{"href":"https:\/\/www.purecook.com\/es\/wp-json\/wp\/v2\/media?parent=5392"}],"wp:term":[{"taxonomy":"product_brand","embeddable":true,"href":"https:\/\/www.purecook.com\/es\/wp-json\/wp\/v2\/product_brand?post=5392"},{"taxonomy":"product_cat","embeddable":true,"href":"https:\/\/www.purecook.com\/es\/wp-json\/wp\/v2\/product_cat?post=5392"},{"taxonomy":"product_tag","embeddable":true,"href":"https:\/\/www.purecook.com\/es\/wp-json\/wp\/v2\/product_tag?post=5392"}],"curies":[{"name":"wp","href":"https:\/\/api.w.org\/{rel}","templated":true}]}}