{"id":5399,"date":"2026-01-26T16:05:13","date_gmt":"2026-01-26T07:53:59","guid":{"rendered":"https:\/\/www.purecook.com\/?post_type=product&#038;p=5399"},"modified":"2026-01-26T16:08:15","modified_gmt":"2026-01-26T08:08:15","slug":"wholesale-pp-plastic-dinnerware-sets","status":"publish","type":"product","link":"https:\/\/www.purecook.com\/es\/product\/wholesale-pp-plastic-dinnerware-sets\/","title":{"rendered":"Vajilla de pl\u00e1stico PP de seguridad alimentaria al por mayor"},"content":{"rendered":"<div class=\"wp-block-columns is-layout-flex wp-container-core-columns-is-layout-9d6595d7 wp-block-columns-is-layout-flex\">\n<div class=\"wp-block-column is-layout-flow wp-block-column-is-layout-flow\">\n<h3 class=\"wp-block-heading\">Par\u00e1metros de las vajillas de pl\u00e1stico<\/h3>\n\n\n\n<p><strong>Material:<\/strong> PP<br><strong>Color:<\/strong> beige<\/p>\n<\/div>\n\n\n\n<div class=\"wp-block-column is-layout-flow wp-block-column-is-layout-flow\">\n<h3 class=\"wp-block-heading\">Opciones de bater\u00eda de cocina a medida<\/h3>\n\n\n\n<p><strong>Logotipo:<\/strong> Personalizable con el logotipo de su marca<br><strong>Embalaje:<\/strong>&nbsp;Caja de color\/Cart\u00f3n, etc<\/p>\n<\/div>\n<\/div>\n\n\n\n<div class=\"wp-block-columns is-layout-flex wp-container-core-columns-is-layout-9d6595d7 wp-block-columns-is-layout-flex\">\n<div class=\"wp-block-column is-layout-flow wp-block-column-is-layout-flow\">\n<figure class=\"wp-block-image size-full\"><img decoding=\"async\" width=\"800\" height=\"800\" src=\"https:\/\/www.purecook.com\/wp-content\/uploads\/2026\/01\/wholesale-pp-plastic-dinnerware-sets-4.webp\" alt=\"mayorista pp vajillas de plastico (4)\" class=\"wp-image-5403\" srcset=\"https:\/\/www.purecook.com\/wp-content\/uploads\/2026\/01\/wholesale-pp-plastic-dinnerware-sets-4.webp 800w, https:\/\/www.purecook.com\/wp-content\/uploads\/2026\/01\/wholesale-pp-plastic-dinnerware-sets-4-300x300.webp 300w, https:\/\/www.purecook.com\/wp-content\/uploads\/2026\/01\/wholesale-pp-plastic-dinnerware-sets-4-150x150.webp 150w, https:\/\/www.purecook.com\/wp-content\/uploads\/2026\/01\/wholesale-pp-plastic-dinnerware-sets-4-768x768.webp 768w, https:\/\/www.purecook.com\/wp-content\/uploads\/2026\/01\/wholesale-pp-plastic-dinnerware-sets-4-12x12.webp 12w, https:\/\/www.purecook.com\/wp-content\/uploads\/2026\/01\/wholesale-pp-plastic-dinnerware-sets-4-600x600.webp 600w, https:\/\/www.purecook.com\/wp-content\/uploads\/2026\/01\/wholesale-pp-plastic-dinnerware-sets-4-100x100.webp 100w\" sizes=\"(max-width: 800px) 100vw, 800px\" \/><\/figure>\n<\/div>\n\n\n\n<div class=\"wp-block-column is-layout-flow wp-block-column-is-layout-flow\">\n<figure class=\"wp-block-image size-full\"><img decoding=\"async\" width=\"800\" height=\"800\" src=\"https:\/\/www.purecook.com\/wp-content\/uploads\/2026\/01\/wholesale-pp-plastic-dinnerware-sets-5.webp\" alt=\"mayorista pp vajillas de plastico (5)\" class=\"wp-image-5404\" srcset=\"https:\/\/www.purecook.com\/wp-content\/uploads\/2026\/01\/wholesale-pp-plastic-dinnerware-sets-5.webp 800w, https:\/\/www.purecook.com\/wp-content\/uploads\/2026\/01\/wholesale-pp-plastic-dinnerware-sets-5-300x300.webp 300w, https:\/\/www.purecook.com\/wp-content\/uploads\/2026\/01\/wholesale-pp-plastic-dinnerware-sets-5-150x150.webp 150w, https:\/\/www.purecook.com\/wp-content\/uploads\/2026\/01\/wholesale-pp-plastic-dinnerware-sets-5-768x768.webp 768w, https:\/\/www.purecook.com\/wp-content\/uploads\/2026\/01\/wholesale-pp-plastic-dinnerware-sets-5-12x12.webp 12w, https:\/\/www.purecook.com\/wp-content\/uploads\/2026\/01\/wholesale-pp-plastic-dinnerware-sets-5-600x600.webp 600w, https:\/\/www.purecook.com\/wp-content\/uploads\/2026\/01\/wholesale-pp-plastic-dinnerware-sets-5-100x100.webp 100w\" sizes=\"(max-width: 800px) 100vw, 800px\" \/><\/figure>\n<\/div>\n<\/div>","protected":false},"excerpt":{"rendered":"<p>Los Juegos de Vajilla de Pl\u00e1stico PP de Seguridad Alimentaria al por mayor est\u00e1n dise\u00f1ados para satisfacer las demandas de la restauraci\u00f3n moderna y el suministro a gran escala. Fabricados con pl\u00e1stico PP de calidad alimentaria y sin BPA, estos juegos de vajilla son seguros para el uso diario con alimentos fr\u00edos y calientes. Disponibles a granel con<strong data-start=\"675\" data-end=\"708\"> Opciones de personalizaci\u00f3n OEM\/ODM <\/strong>para colores, tama\u00f1os, logotipos y embalajes, p\u00f3ngase en contacto con nosotros para solicitar un presupuesto.<\/p>\n<h2>Caracter\u00edsticas de las Vajillas de Pl\u00e1stico PP<\/h2>\n<p><strong>Irrompible e inastillable:<\/strong> A diferencia de la cer\u00e1mica o el cristal, estos platos y cuencos de PP no se rompen ni se hacen a\u00f1icos aunque se caigan, por lo que son ideales para familias con ni\u00f1os y ancianos.<\/p>\n<p><strong>Material alimentario:<\/strong> Fabricado con \u201cPP apto para alimentos\u201d, es decir, sin BPA y no t\u00f3xico, lo que garantiza que no se filtren sustancias qu\u00edmicas nocivas en los alimentos calientes o fr\u00edos.<\/p>\n<p><strong>Apto para uso interior y exterior:<\/strong> Su ligereza y durabilidad las hacen perfectas para patios, caravanas, campings y comedores junto a la piscina, lugares en los que la cristaler\u00eda suele estar prohibida.<\/p>\n<p><strong>F\u00e1cil de limpiar y mantener:<\/strong> La superficie lisa es resistente a las manchas y f\u00e1cil de lavar, lo que favorece una limpieza higi\u00e9nica y sin complicaciones.<\/p>\n<p><strong>Al por mayor y personalizable:<\/strong> Disponible a granel con opciones OEM\/ODM, incluidos colores, tama\u00f1os, logotipos y envases.<\/p>\n<p>\n<script src=\"chrome-extension:\/\/fpelahbljekknahkcaegamhcndkfpfnc\/iFrame.js\" type=\"text\/javascript\"><\/script><\/p>","protected":false},"featured_media":5400,"comment_status":"closed","ping_status":"closed","template":"","meta":{"_acf_changed":false},"product_brand":[],"product_cat":[51],"product_tag":[],"class_list":{"0":"post-5399","1":"product","2":"type-product","3":"status-publish","4":"has-post-thumbnail","6":"product_cat-dinnerware","8":"first","9":"instock","10":"shipping-taxable","11":"product-type-simple"},"acf":[],"_links":{"self":[{"href":"https:\/\/www.purecook.com\/es\/wp-json\/wp\/v2\/product\/5399","targetHints":{"allow":["GET"]}}],"collection":[{"href":"https:\/\/www.purecook.com\/es\/wp-json\/wp\/v2\/product"}],"about":[{"href":"https:\/\/www.purecook.com\/es\/wp-json\/wp\/v2\/types\/product"}],"replies":[{"embeddable":true,"href":"https:\/\/www.purecook.com\/es\/wp-json\/wp\/v2\/comments?post=5399"}],"wp:featuredmedia":[{"embeddable":true,"href":"https:\/\/www.purecook.com\/es\/wp-json\/wp\/v2\/media\/5400"}],"wp:attachment":[{"href":"https:\/\/www.purecook.com\/es\/wp-json\/wp\/v2\/media?parent=5399"}],"wp:term":[{"taxonomy":"product_brand","embeddable":true,"href":"https:\/\/www.purecook.com\/es\/wp-json\/wp\/v2\/product_brand?post=5399"},{"taxonomy":"product_cat","embeddable":true,"href":"https:\/\/www.purecook.com\/es\/wp-json\/wp\/v2\/product_cat?post=5399"},{"taxonomy":"product_tag","embeddable":true,"href":"https:\/\/www.purecook.com\/es\/wp-json\/wp\/v2\/product_tag?post=5399"}],"curies":[{"name":"wp","href":"https:\/\/api.w.org\/{rel}","templated":true}]}}