{"id":5406,"date":"2026-01-26T16:16:49","date_gmt":"2026-01-26T08:16:49","guid":{"rendered":"https:\/\/www.purecook.com\/?post_type=product&#038;p=5406"},"modified":"2026-01-26T17:03:34","modified_gmt":"2026-01-26T09:03:34","slug":"wholesale-deep-frying-pots","status":"publish","type":"product","link":"https:\/\/www.purecook.com\/es\/product\/wholesale-deep-frying-pots\/","title":{"rendered":"Mayorista Olla con Cesta 4.3L"},"content":{"rendered":"<div class=\"wp-block-columns is-layout-flex wp-container-core-columns-is-layout-9d6595d7 wp-block-columns-is-layout-flex\">\n<div class=\"wp-block-column is-layout-flow wp-block-column-is-layout-flow\">\n<h3 class=\"wp-block-heading\">Par\u00e1metros de la sart\u00e9n<\/h3>\n\n\n\n<p><strong>Material:<\/strong> Acero inoxidable<br><strong>Grosor normal:<\/strong> 0,65 mm<br><strong>Tapa:<\/strong> Tapas de cristal<br><strong>Logotipo: <\/strong>Serigraf\u00eda\/grabado l\u00e1ser\/sello en relieve<br><strong>Asa y pomo de la tapa:<\/strong> Acero inoxidable<br><strong>Tama\u00f1o:<\/strong> 4,3L(16\u00d722cm)<\/p>\n<\/div>\n\n\n\n<div class=\"wp-block-column is-layout-flow wp-block-column-is-layout-flow\">\n<h3 class=\"wp-block-heading\">Opciones de bater\u00eda de cocina a medida<\/h3>\n\n\n\n<p><strong>Logotipo:<\/strong> Personalizable con el logotipo de su marca<br><strong>Embalaje:<\/strong>&nbsp;Caja de color\/Cart\u00f3n, etc<br><strong>Asa: <\/strong>Mango a su medida<\/p>\n<\/div>\n<\/div>\n\n\n\n<div class=\"wp-block-columns is-layout-flex wp-container-core-columns-is-layout-9d6595d7 wp-block-columns-is-layout-flex\">\n<div class=\"wp-block-column is-layout-flow wp-block-column-is-layout-flow\">\n<figure class=\"wp-block-image size-full\"><img decoding=\"async\" width=\"800\" height=\"800\" src=\"https:\/\/www.purecook.com\/wp-content\/uploads\/2026\/01\/deep-frying-pot-dimension.webp\" alt=\"dimensi\u00f3n de la olla\" class=\"wp-image-5407\" srcset=\"https:\/\/www.purecook.com\/wp-content\/uploads\/2026\/01\/deep-frying-pot-dimension.webp 800w, https:\/\/www.purecook.com\/wp-content\/uploads\/2026\/01\/deep-frying-pot-dimension-300x300.webp 300w, https:\/\/www.purecook.com\/wp-content\/uploads\/2026\/01\/deep-frying-pot-dimension-150x150.webp 150w, https:\/\/www.purecook.com\/wp-content\/uploads\/2026\/01\/deep-frying-pot-dimension-768x768.webp 768w, https:\/\/www.purecook.com\/wp-content\/uploads\/2026\/01\/deep-frying-pot-dimension-12x12.webp 12w, https:\/\/www.purecook.com\/wp-content\/uploads\/2026\/01\/deep-frying-pot-dimension-600x600.webp 600w, https:\/\/www.purecook.com\/wp-content\/uploads\/2026\/01\/deep-frying-pot-dimension-100x100.webp 100w\" sizes=\"(max-width: 800px) 100vw, 800px\" \/><\/figure>\n<\/div>\n\n\n\n<div class=\"wp-block-column is-layout-flow wp-block-column-is-layout-flow\"><\/div>\n<\/div>\n\n\n\n<div class=\"wp-block-columns is-layout-flex wp-container-core-columns-is-layout-9d6595d7 wp-block-columns-is-layout-flex\">\n<div class=\"wp-block-column is-layout-flow wp-block-column-is-layout-flow\">\n<figure class=\"wp-block-image size-full\"><img decoding=\"async\" width=\"800\" height=\"800\" src=\"https:\/\/www.purecook.com\/wp-content\/uploads\/2026\/01\/wholesale-deep-frying-pot-4.3L-4.webp\" alt=\"venta al por mayor olla 4.3L (4)\" class=\"wp-image-5411\" srcset=\"https:\/\/www.purecook.com\/wp-content\/uploads\/2026\/01\/wholesale-deep-frying-pot-4.3L-4.webp 800w, https:\/\/www.purecook.com\/wp-content\/uploads\/2026\/01\/wholesale-deep-frying-pot-4.3L-4-300x300.webp 300w, https:\/\/www.purecook.com\/wp-content\/uploads\/2026\/01\/wholesale-deep-frying-pot-4.3L-4-150x150.webp 150w, https:\/\/www.purecook.com\/wp-content\/uploads\/2026\/01\/wholesale-deep-frying-pot-4.3L-4-768x768.webp 768w, https:\/\/www.purecook.com\/wp-content\/uploads\/2026\/01\/wholesale-deep-frying-pot-4.3L-4-12x12.webp 12w, https:\/\/www.purecook.com\/wp-content\/uploads\/2026\/01\/wholesale-deep-frying-pot-4.3L-4-600x600.webp 600w, https:\/\/www.purecook.com\/wp-content\/uploads\/2026\/01\/wholesale-deep-frying-pot-4.3L-4-100x100.webp 100w\" sizes=\"(max-width: 800px) 100vw, 800px\" \/><\/figure>\n<\/div>\n\n\n\n<div class=\"wp-block-column is-layout-flow wp-block-column-is-layout-flow\">\n<figure class=\"wp-block-image size-full\"><img decoding=\"async\" width=\"1440\" height=\"1440\" src=\"https:\/\/www.purecook.com\/wp-content\/uploads\/2026\/01\/wholesale-deep-frying-pot-4.3L-5.webp\" alt=\"venta al por mayor olla 4.3L (5)\" class=\"wp-image-5412\" srcset=\"https:\/\/www.purecook.com\/wp-content\/uploads\/2026\/01\/wholesale-deep-frying-pot-4.3L-5.webp 1440w, https:\/\/www.purecook.com\/wp-content\/uploads\/2026\/01\/wholesale-deep-frying-pot-4.3L-5-300x300.webp 300w, https:\/\/www.purecook.com\/wp-content\/uploads\/2026\/01\/wholesale-deep-frying-pot-4.3L-5-150x150.webp 150w, https:\/\/www.purecook.com\/wp-content\/uploads\/2026\/01\/wholesale-deep-frying-pot-4.3L-5-768x768.webp 768w, https:\/\/www.purecook.com\/wp-content\/uploads\/2026\/01\/wholesale-deep-frying-pot-4.3L-5-12x12.webp 12w, https:\/\/www.purecook.com\/wp-content\/uploads\/2026\/01\/wholesale-deep-frying-pot-4.3L-5-600x600.webp 600w, https:\/\/www.purecook.com\/wp-content\/uploads\/2026\/01\/wholesale-deep-frying-pot-4.3L-5-100x100.webp 100w\" sizes=\"(max-width: 1440px) 100vw, 1440px\" \/><\/figure>\n<\/div>\n<\/div>","protected":false},"excerpt":{"rendered":"<p>Esta freidora de 4,3 litros viene con una cesta coladora, lo que permite a los usuarios fre\u00edr f\u00e1cilmente diversos alimentos como patatas fritas, pollo y marisco. Tambi\u00e9n se puede utilizar para cocinar avena y pasta, ofreciendo versatilidad para satisfacer diversas necesidades culinarias.<\/p>\n<p>La capacidad de 4,3 litros es adecuada para el uso familiar diario y tambi\u00e9n puede utilizarse en peque\u00f1as cenas.<\/p>\n<p>Como profesional <a href=\"https:\/\/www.purecook.com\/es\/categoria-de-productos\/cookware\/\" target=\"_blank\" rel=\"noopener\"><strong>fabricante de utensilios de cocina<\/strong><\/a>, Mantenemos un estricto control de calidad y apoyamos la compra al por mayor y los servicios de personalizaci\u00f3n OEM\/ODM. P\u00f3ngase en contacto con nosotros.<\/p>\n<h2>Caracter\u00edsticas de la sart\u00e9n honda<\/h2>\n<p><strong>Dise\u00f1o de cocina multifuncional:<\/strong><\/p>\n<p>Su dise\u00f1o alto y cil\u00edndrico la hace extremadamente vers\u00e1til, adecuada para una gran variedad de usos en la cocina.<\/p>\n<ul>\n<li>\n<p>Para fre\u00edr: Perfecto para patatas fritas, tempura y brochetas de carne.<\/p>\n<\/li>\n<li>\n<p>Hervir y escaldar: Ideal para verduras largas (como esp\u00e1rragos), pasta y fideos.<\/p>\n<\/li>\n<li>\n<p>Especialidades culinarias: La profundidad es perfecta para el Oden japon\u00e9s u otros platos ensartados y cocinados a fuego lento.<\/p>\n<\/li>\n<\/ul>\n<p data-pm-slice=\"0 0 []\"><strong>Cesta coladora incorporada para fre\u00edr f\u00e1cilmente:<\/strong> La cesta coladora incluida hace que fre\u00edr sea m\u00e1s seguro y c\u00f3modo. Saque los alimentos directamente sin salpicar aceite caliente y deje que el exceso de aceite vuelva a la olla: \u00a1limpieza m\u00e1s r\u00e1pida y resultados m\u00e1s crujientes!<\/p>\n<p><strong>F\u00e1cil de limpiar:<\/strong> Las paredes interiores lisas y la cesta coladora desmontable permiten una limpieza r\u00e1pida despu\u00e9s del uso. Menos fregar y m\u00e1s tiempo para disfrutar de una buena comida.<\/p>\n<p>\n<script src=\"chrome-extension:\/\/fpelahbljekknahkcaegamhcndkfpfnc\/iFrame.js\" type=\"text\/javascript\"><\/script><\/p>","protected":false},"featured_media":5408,"comment_status":"closed","ping_status":"closed","template":"","meta":{"_acf_changed":false},"product_brand":[],"product_cat":[24,72],"product_tag":[],"class_list":{"0":"post-5406","1":"product","2":"type-product","3":"status-publish","4":"has-post-thumbnail","6":"product_cat-cookware","7":"product_cat-fryer-pots","9":"first","10":"instock","11":"shipping-taxable","12":"product-type-simple"},"acf":[],"_links":{"self":[{"href":"https:\/\/www.purecook.com\/es\/wp-json\/wp\/v2\/product\/5406","targetHints":{"allow":["GET"]}}],"collection":[{"href":"https:\/\/www.purecook.com\/es\/wp-json\/wp\/v2\/product"}],"about":[{"href":"https:\/\/www.purecook.com\/es\/wp-json\/wp\/v2\/types\/product"}],"replies":[{"embeddable":true,"href":"https:\/\/www.purecook.com\/es\/wp-json\/wp\/v2\/comments?post=5406"}],"wp:featuredmedia":[{"embeddable":true,"href":"https:\/\/www.purecook.com\/es\/wp-json\/wp\/v2\/media\/5408"}],"wp:attachment":[{"href":"https:\/\/www.purecook.com\/es\/wp-json\/wp\/v2\/media?parent=5406"}],"wp:term":[{"taxonomy":"product_brand","embeddable":true,"href":"https:\/\/www.purecook.com\/es\/wp-json\/wp\/v2\/product_brand?post=5406"},{"taxonomy":"product_cat","embeddable":true,"href":"https:\/\/www.purecook.com\/es\/wp-json\/wp\/v2\/product_cat?post=5406"},{"taxonomy":"product_tag","embeddable":true,"href":"https:\/\/www.purecook.com\/es\/wp-json\/wp\/v2\/product_tag?post=5406"}],"curies":[{"name":"wp","href":"https:\/\/api.w.org\/{rel}","templated":true}]}}