{"id":5413,"date":"2026-01-26T17:05:18","date_gmt":"2026-01-26T09:05:18","guid":{"rendered":"https:\/\/www.purecook.com\/?post_type=product&#038;p=5413"},"modified":"2026-01-26T17:30:29","modified_gmt":"2026-01-26T09:30:29","slug":"wholesale-oil-filter-pot-manufacturer","status":"publish","type":"product","link":"https:\/\/www.purecook.com\/es\/product\/wholesale-oil-filter-pot-manufacturer\/","title":{"rendered":"Mayorista Olla Filtro de Aceite de Acero Inoxidable - Olla Filtro de Aceite Fabricante y Proveedor"},"content":{"rendered":"<div class=\"wp-block-columns is-layout-flex wp-container-core-columns-is-layout-9d6595d7 wp-block-columns-is-layout-flex\">\n<div class=\"wp-block-column is-layout-flow wp-block-column-is-layout-flow\">\n<h3 class=\"wp-block-heading\">Par\u00e1metros del filtro de aceite <\/h3>\n\n\n\n<p><strong>Material:<\/strong> Acero inoxidable<br><strong>Grosor normal:<\/strong> 0,8 mm<br><strong>Tapa:<\/strong> Tapas de acero inoxidable<br><strong>Asa y pomo de la tapa: <\/strong>Acero inoxidable<br><strong>Tama\u00f1o:<\/strong> 1L\/1,5L\/2L\/3,5L<\/p>\n<\/div>\n\n\n\n<div class=\"wp-block-column is-layout-flow wp-block-column-is-layout-flow\">\n<h3 class=\"wp-block-heading\">Opciones de bater\u00eda de cocina a medida<\/h3>\n\n\n\n<p><strong>Material:<\/strong> Acero inoxidable 201\/304\/410\/430<br><strong>Logotipo: <\/strong>Serigraf\u00eda\/grabado l\u00e1ser\/sello en relieve<br><strong>Embalaje:<\/strong>\u00a0Caja de color\/Cart\u00f3n, etc<br><strong>Asa: <\/strong>Mango a su medida<\/p>\n<\/div>\n<\/div>\n\n\n\n<div class=\"wp-block-columns is-layout-flex wp-container-core-columns-is-layout-9d6595d7 wp-block-columns-is-layout-flex\">\n<div class=\"wp-block-column is-layout-flow wp-block-column-is-layout-flow\">\n<figure class=\"wp-block-image size-full\"><img decoding=\"async\" width=\"800\" height=\"800\" src=\"https:\/\/www.purecook.com\/wp-content\/uploads\/2026\/01\/wholesale-oil-filter-pots-5.webp\" alt=\"venta al por mayor ollas filtro de aceite (5)\" class=\"wp-image-5418\" srcset=\"https:\/\/www.purecook.com\/wp-content\/uploads\/2026\/01\/wholesale-oil-filter-pots-5.webp 800w, https:\/\/www.purecook.com\/wp-content\/uploads\/2026\/01\/wholesale-oil-filter-pots-5-300x300.webp 300w, https:\/\/www.purecook.com\/wp-content\/uploads\/2026\/01\/wholesale-oil-filter-pots-5-150x150.webp 150w, https:\/\/www.purecook.com\/wp-content\/uploads\/2026\/01\/wholesale-oil-filter-pots-5-768x768.webp 768w, https:\/\/www.purecook.com\/wp-content\/uploads\/2026\/01\/wholesale-oil-filter-pots-5-12x12.webp 12w, https:\/\/www.purecook.com\/wp-content\/uploads\/2026\/01\/wholesale-oil-filter-pots-5-600x600.webp 600w, https:\/\/www.purecook.com\/wp-content\/uploads\/2026\/01\/wholesale-oil-filter-pots-5-100x100.webp 100w\" sizes=\"(max-width: 800px) 100vw, 800px\" \/><\/figure>\n<\/div>\n\n\n\n<div class=\"wp-block-column is-layout-flow wp-block-column-is-layout-flow\">\n<figure class=\"wp-block-image size-full\"><img decoding=\"async\" width=\"800\" height=\"800\" src=\"https:\/\/www.purecook.com\/wp-content\/uploads\/2026\/01\/wholesale-oil-filter-pots-6.webp\" alt=\"\" class=\"wp-image-5419\" srcset=\"https:\/\/www.purecook.com\/wp-content\/uploads\/2026\/01\/wholesale-oil-filter-pots-6.webp 800w, https:\/\/www.purecook.com\/wp-content\/uploads\/2026\/01\/wholesale-oil-filter-pots-6-300x300.webp 300w, https:\/\/www.purecook.com\/wp-content\/uploads\/2026\/01\/wholesale-oil-filter-pots-6-150x150.webp 150w, https:\/\/www.purecook.com\/wp-content\/uploads\/2026\/01\/wholesale-oil-filter-pots-6-768x768.webp 768w, https:\/\/www.purecook.com\/wp-content\/uploads\/2026\/01\/wholesale-oil-filter-pots-6-12x12.webp 12w, https:\/\/www.purecook.com\/wp-content\/uploads\/2026\/01\/wholesale-oil-filter-pots-6-600x600.webp 600w, https:\/\/www.purecook.com\/wp-content\/uploads\/2026\/01\/wholesale-oil-filter-pots-6-100x100.webp 100w\" sizes=\"(max-width: 800px) 100vw, 800px\" \/><\/figure>\n<\/div>\n<\/div>","protected":false},"excerpt":{"rendered":"<p>Mayorista de ollas filtrantes de aceite. Esta olla filtrante de aceite de acero inoxidable est\u00e1 dise\u00f1ada para una gesti\u00f3n eficiente del aceite en cocinas dom\u00e9sticas y comerciales, proporcionando una soluci\u00f3n pr\u00e1ctica y econ\u00f3mica para filtrar, almacenar y reutilizar los aceites de cocina. Tambi\u00e9n puede utilizarse para diversas situaciones culinarias, como calentar leche y fre\u00edr alimentos.<\/p>\n<p>Como <a href=\"https:\/\/www.purecook.com\/es\/categoria-de-productos\/cookware\/\" target=\"_blank\" rel=\"noopener\"><strong>fabricante de utensilios de cocina<\/strong><\/a>, Ofrecemos precios al por mayor directos de f\u00e1brica y apoyamos la personalizaci\u00f3n OEM y ODM. P\u00f3ngase en contacto con nosotros ahora.<\/p>\n<h2>Caracter\u00edsticas del recipiente de acero inoxidable para filtro de aceite<\/h2>\n<p><strong>Versatilidad polivalente<\/strong><\/p>\n<p>A diferencia de los recipientes de aceite est\u00e1ndar, esta olla est\u00e1 dise\u00f1ada para algo m\u00e1s que el almacenamiento.<\/p>\n<ul>\n<li>\n<p><strong>Fre\u00edr:<\/strong> Utilice la olla principal y la cesta de alambre para fre\u00edr aperitivos como patatas fritas o nuggets de pollo.<\/p>\n<\/li>\n<li>\n<p><strong>Vapor y ebullici\u00f3n:<\/strong> La gran capacidad y la parte superior abierta permiten cocinar verduras, setas y tofu directamente en la olla.<\/p>\n<\/li>\n<li>\n<p><strong>Calentamiento de l\u00edquidos:<\/strong> Puede utilizarse para calentar l\u00edquidos como leche o leche de soja.<\/p>\n<\/li>\n<li>\n<p><strong>Filtraci\u00f3n de aceite:<\/strong> El colador de malla fina elimina las part\u00edculas de comida, permiti\u00e9ndole reutilizar el aceite de cocina de forma segura.<\/p>\n<\/li>\n<\/ul>\n<p><strong>\u00a0Est\u00e9tica y ahorro de espacio:<\/strong> Como sustituye a una freidora, una sart\u00e9n de leche y un recipiente de almacenamiento de aceite, ahorra mucho espacio en el armario.<\/p>\n<p data-pm-slice=\"0 0 []\"><strong>Filtraci\u00f3n eficiente del aceite:<\/strong> El filtro o colador de malla fina incorporado elimina eficazmente los restos de comida y las impurezas, ayudando a mantener el aceite de cocina limpio y reutilizable, a la vez que mantiene un mejor sabor de los alimentos.<\/p>\n<p><strong>Ideal para la venta al por mayor y el suministro B2B:<\/strong> Somos una <a href=\"https:\/\/www.purecook.com\/es\/categoria-de-productos\/cookware\/\" target=\"_blank\" rel=\"noopener\"><strong>fabricante de utensilios de cocina<\/strong><\/a>; Nuestros productos est\u00e1n dise\u00f1ados para la producci\u00f3n y distribuci\u00f3n a granel, por lo que son adecuados para minoristas, proveedores de restaurantes y propietarios de marcas.<\/p>\n<p>\n<script src=\"chrome-extension:\/\/fpelahbljekknahkcaegamhcndkfpfnc\/iFrame.js\" type=\"text\/javascript\"><\/script><\/p>","protected":false},"featured_media":5414,"comment_status":"closed","ping_status":"closed","template":"","meta":{"_acf_changed":false},"product_brand":[],"product_cat":[52,64],"product_tag":[],"class_list":{"0":"post-5413","1":"product","2":"type-product","3":"status-publish","4":"has-post-thumbnail","6":"product_cat-kitchen-utensils","7":"product_cat-oil-pot","9":"first","10":"instock","11":"shipping-taxable","12":"product-type-simple"},"acf":[],"_links":{"self":[{"href":"https:\/\/www.purecook.com\/es\/wp-json\/wp\/v2\/product\/5413","targetHints":{"allow":["GET"]}}],"collection":[{"href":"https:\/\/www.purecook.com\/es\/wp-json\/wp\/v2\/product"}],"about":[{"href":"https:\/\/www.purecook.com\/es\/wp-json\/wp\/v2\/types\/product"}],"replies":[{"embeddable":true,"href":"https:\/\/www.purecook.com\/es\/wp-json\/wp\/v2\/comments?post=5413"}],"wp:featuredmedia":[{"embeddable":true,"href":"https:\/\/www.purecook.com\/es\/wp-json\/wp\/v2\/media\/5414"}],"wp:attachment":[{"href":"https:\/\/www.purecook.com\/es\/wp-json\/wp\/v2\/media?parent=5413"}],"wp:term":[{"taxonomy":"product_brand","embeddable":true,"href":"https:\/\/www.purecook.com\/es\/wp-json\/wp\/v2\/product_brand?post=5413"},{"taxonomy":"product_cat","embeddable":true,"href":"https:\/\/www.purecook.com\/es\/wp-json\/wp\/v2\/product_cat?post=5413"},{"taxonomy":"product_tag","embeddable":true,"href":"https:\/\/www.purecook.com\/es\/wp-json\/wp\/v2\/product_tag?post=5413"}],"curies":[{"name":"wp","href":"https:\/\/api.w.org\/{rel}","templated":true}]}}