{"id":5761,"date":"2026-04-13T16:07:20","date_gmt":"2026-04-13T08:07:20","guid":{"rendered":"https:\/\/www.purecook.com\/?post_type=product&#038;p=5761"},"modified":"2026-04-13T16:47:09","modified_gmt":"2026-04-13T08:47:09","slug":"wholesale-retro-textured-metal-serving-plates","status":"publish","type":"product","link":"https:\/\/www.purecook.com\/es\/product\/wholesale-retro-textured-metal-serving-plates\/","title":{"rendered":"Mayorista Platos de Servir de Metal Texturizado, Vajilla de Acero Inoxidable de Alta Gama Estilo Retro"},"content":{"rendered":"<div class=\"wp-block-columns is-layout-flex wp-container-core-columns-is-layout-9d6595d7 wp-block-columns-is-layout-flex\">\n<div class=\"wp-block-column is-layout-flow wp-block-column-is-layout-flow\">\n<h3 class=\"wp-block-heading\">Par\u00e1metros del plato met\u00e1lico <\/h3>\n\n\n\n<p><strong>Material:<\/strong> Acero inoxidable 304<br><strong>Grosor normal:<\/strong> 0,55 \/ 1,1 mm<br><strong>Tama\u00f1o: <\/strong>23 \/ 26 \/ 30 \/ 34 \/ 38 cm <br><strong>Peso bruto:<\/strong> Menos de 1,2 kg<br><strong>Logotipo:<\/strong> Serigraf\u00eda \/ Grabado l\u00e1ser \/ Estampado en relieve<\/p>\n<\/div>\n\n\n\n<div class=\"wp-block-column is-layout-flow wp-block-column-is-layout-flow\">\n<h3 class=\"wp-block-heading\">Opciones de menaje personalizadas<\/h3>\n\n\n\n<p><strong>Logotipo:<\/strong> Personalizable con el logotipo de su marca<br><strong>Embalaje:<\/strong>\u00a0Caja de color \/ Cart\u00f3n, etc<\/p>\n<\/div>\n<\/div>\n\n\n\n<div class=\"wp-block-columns is-layout-flex wp-container-core-columns-is-layout-9d6595d7 wp-block-columns-is-layout-flex\">\n<div class=\"wp-block-column is-layout-flow wp-block-column-is-layout-flow\">\n<figure class=\"wp-block-image size-full\"><img decoding=\"async\" width=\"800\" height=\"800\" src=\"https:\/\/www.purecook.com\/wp-content\/uploads\/2026\/04\/wholesale-textured-metal-serving-plates-1.webp\" alt=\"mayorista platos de metal con textura (1)\" class=\"wp-image-5762\" srcset=\"https:\/\/www.purecook.com\/wp-content\/uploads\/2026\/04\/wholesale-textured-metal-serving-plates-1.webp 800w, https:\/\/www.purecook.com\/wp-content\/uploads\/2026\/04\/wholesale-textured-metal-serving-plates-1-300x300.webp 300w, https:\/\/www.purecook.com\/wp-content\/uploads\/2026\/04\/wholesale-textured-metal-serving-plates-1-150x150.webp 150w, https:\/\/www.purecook.com\/wp-content\/uploads\/2026\/04\/wholesale-textured-metal-serving-plates-1-768x768.webp 768w, https:\/\/www.purecook.com\/wp-content\/uploads\/2026\/04\/wholesale-textured-metal-serving-plates-1-12x12.webp 12w, https:\/\/www.purecook.com\/wp-content\/uploads\/2026\/04\/wholesale-textured-metal-serving-plates-1-600x600.webp 600w, https:\/\/www.purecook.com\/wp-content\/uploads\/2026\/04\/wholesale-textured-metal-serving-plates-1-100x100.webp 100w\" sizes=\"(max-width: 800px) 100vw, 800px\" \/><\/figure>\n<\/div>\n\n\n\n<div class=\"wp-block-column is-layout-flow wp-block-column-is-layout-flow\">\n<figure class=\"wp-block-image size-full\"><img decoding=\"async\" width=\"800\" height=\"800\" src=\"https:\/\/www.purecook.com\/wp-content\/uploads\/2026\/04\/wholesale-textured-metal-serving-plates-2.webp\" alt=\"mayorista platos de metal con textura (2)\" class=\"wp-image-5763\" srcset=\"https:\/\/www.purecook.com\/wp-content\/uploads\/2026\/04\/wholesale-textured-metal-serving-plates-2.webp 800w, https:\/\/www.purecook.com\/wp-content\/uploads\/2026\/04\/wholesale-textured-metal-serving-plates-2-300x300.webp 300w, https:\/\/www.purecook.com\/wp-content\/uploads\/2026\/04\/wholesale-textured-metal-serving-plates-2-150x150.webp 150w, https:\/\/www.purecook.com\/wp-content\/uploads\/2026\/04\/wholesale-textured-metal-serving-plates-2-768x768.webp 768w, https:\/\/www.purecook.com\/wp-content\/uploads\/2026\/04\/wholesale-textured-metal-serving-plates-2-12x12.webp 12w, https:\/\/www.purecook.com\/wp-content\/uploads\/2026\/04\/wholesale-textured-metal-serving-plates-2-600x600.webp 600w, https:\/\/www.purecook.com\/wp-content\/uploads\/2026\/04\/wholesale-textured-metal-serving-plates-2-100x100.webp 100w\" sizes=\"(max-width: 800px) 100vw, 800px\" \/><\/figure>\n<\/div>\n<\/div>\n\n\n\n<div class=\"wp-block-columns is-layout-flex wp-container-core-columns-is-layout-9d6595d7 wp-block-columns-is-layout-flex\">\n<div class=\"wp-block-column is-layout-flow wp-block-column-is-layout-flow\"><\/div>\n\n\n\n<div class=\"wp-block-column is-layout-flow wp-block-column-is-layout-flow\"><\/div>\n<\/div>","protected":false},"excerpt":{"rendered":"<p>Los Platos para Servir de Metal con Textura al por mayor est\u00e1n dise\u00f1ados para el mercado de la restauraci\u00f3n y la hosteler\u00eda de primera calidad, combinando un aspecto retro con una duradera fabricaci\u00f3n artesanal en acero inoxidable. La superficie texturizada realza el atractivo visual y a\u00f1ade un refinado estilo vintage, por lo que son ideales para restaurantes, hoteles, servicios de catering y marcas de restaurantes boutique.<\/p>\n<p>Como profesional <a href=\"https:\/\/www.purecook.com\/es\/\" target=\"_blank\" rel=\"noopener\"><strong>fabricante de utensilios de cocina<\/strong><\/a>, proporcionamos a mayoristas, distribuidores, importadores y socios minoristas de todo el mundo un suministro estable de menaje de cocina a granel de alta calidad.<\/p>\n<h2>Caracter\u00edsticas de los platos para servir de metal<\/h2>\n<p><strong>Exquisita textura retro:<\/strong> Estos platos de servir de metal texturizado presentan un refinado acabado met\u00e1lico que realza la presentaci\u00f3n de los alimentos. Ideales para restaurantes y hoteles tem\u00e1ticos.<\/p>\n<p><strong>Tama\u00f1o vers\u00e1til para un servicio completo:<\/strong> La serie de platos met\u00e1licos para servir al por mayor est\u00e1 disponible en varios di\u00e1metros, que se adaptan a una amplia gama de opciones, desde peque\u00f1os postres y guarniciones hasta amplias fuentes para platos principales.<\/p>\n<p><strong>Aplicaci\u00f3n funcional de servicio:<\/strong> Dise\u00f1ado para presentar y servir alimentos de forma pr\u00e1ctica en restaurantes, hoteles y servicios de catering, combinando facilidad de uso con un dise\u00f1o elegante.<\/p>\n<p><strong>Capacidad de suministro a granel B2B:<\/strong> Como fabricantes de utensilios de cocina, nuestros productos son adecuados para mayoristas, distribuidores e importadores, y satisfacen las necesidades de las empresas que requieren compras estables de gran volumen y una calidad constante de los productos.<\/p>\n<p><strong>Soporte de personalizaci\u00f3n OEM\/ODM:<\/strong> La personalizaci\u00f3n en f\u00e1brica permite realizar ajustes de marca, envasado y dise\u00f1o para satisfacer las distintas necesidades del mercado y de las empresas.<\/p>\n<p>\n<script src=\"chrome-extension:\/\/fpelahbljekknahkcaegamhcndkfpfnc\/iFrame.js\" type=\"text\/javascript\"><\/script><\/p>","protected":false},"featured_media":5762,"comment_status":"closed","ping_status":"closed","template":"","meta":{"_acf_changed":false},"product_brand":[],"product_cat":[51,55],"product_tag":[],"class_list":{"0":"post-5761","1":"product","2":"type-product","3":"status-publish","4":"has-post-thumbnail","6":"product_cat-dinnerware","7":"product_cat-dish-and-plate","9":"first","10":"instock","11":"shipping-taxable","12":"product-type-simple"},"acf":[],"_links":{"self":[{"href":"https:\/\/www.purecook.com\/es\/wp-json\/wp\/v2\/product\/5761","targetHints":{"allow":["GET"]}}],"collection":[{"href":"https:\/\/www.purecook.com\/es\/wp-json\/wp\/v2\/product"}],"about":[{"href":"https:\/\/www.purecook.com\/es\/wp-json\/wp\/v2\/types\/product"}],"replies":[{"embeddable":true,"href":"https:\/\/www.purecook.com\/es\/wp-json\/wp\/v2\/comments?post=5761"}],"wp:featuredmedia":[{"embeddable":true,"href":"https:\/\/www.purecook.com\/es\/wp-json\/wp\/v2\/media\/5762"}],"wp:attachment":[{"href":"https:\/\/www.purecook.com\/es\/wp-json\/wp\/v2\/media?parent=5761"}],"wp:term":[{"taxonomy":"product_brand","embeddable":true,"href":"https:\/\/www.purecook.com\/es\/wp-json\/wp\/v2\/product_brand?post=5761"},{"taxonomy":"product_cat","embeddable":true,"href":"https:\/\/www.purecook.com\/es\/wp-json\/wp\/v2\/product_cat?post=5761"},{"taxonomy":"product_tag","embeddable":true,"href":"https:\/\/www.purecook.com\/es\/wp-json\/wp\/v2\/product_tag?post=5761"}],"curies":[{"name":"wp","href":"https:\/\/api.w.org\/{rel}","templated":true}]}}