{"id":5768,"date":"2026-04-13T16:51:01","date_gmt":"2026-04-13T08:51:01","guid":{"rendered":"https:\/\/www.purecook.com\/?post_type=product&#038;p=5768"},"modified":"2026-04-13T17:15:56","modified_gmt":"2026-04-13T09:15:56","slug":"factory-wholesale-retro-style-stainless-steel-plates","status":"publish","type":"product","link":"https:\/\/www.purecook.com\/es\/product\/factory-wholesale-retro-style-stainless-steel-plates\/","title":{"rendered":"Platos de acero inoxidable de estilo retro al por mayor de f\u00e1brica - Ideales para hoteles, restaurantes y acampadas al aire libre"},"content":{"rendered":"<div class=\"wp-block-columns is-layout-flex wp-container-core-columns-is-layout-9d6595d7 wp-block-columns-is-layout-flex\">\n<div class=\"wp-block-column is-layout-flow wp-block-column-is-layout-flow\">\n<h3 class=\"wp-block-heading\">Par\u00e1metros de la placa de acero inoxidable de estilo retro<\/h3>\n\n\n\n<p><strong>Material:<\/strong> Acero inoxidable<br><strong>Grosor normal<\/strong>: 0,9 \/ 1 \/ 1,2 mm<br><strong>Logotipo: <\/strong>Serigraf\u00eda \/ Grabado l\u00e1ser \/ Estampado en relieve<br><strong>Tama\u00f1o: <\/strong>13\/17\/21\/25cm<br><strong>Peso bruto: <\/strong>Menos de 0,5 kg<\/p>\n<\/div>\n\n\n\n<div class=\"wp-block-column is-layout-flow wp-block-column-is-layout-flow\">\n<h3 class=\"wp-block-heading\">Opciones de menaje personalizadas<\/h3>\n\n\n\n<p><strong>Logotipo:<\/strong> Personalizable con el logotipo de su marca<br><strong>Embalaje:<\/strong>\u00a0Caja de color\/Cart\u00f3n, etc<\/p>\n<\/div>\n<\/div>\n\n\n\n<div class=\"wp-block-columns is-layout-flex wp-container-core-columns-is-layout-9d6595d7 wp-block-columns-is-layout-flex\">\n<div class=\"wp-block-column is-layout-flow wp-block-column-is-layout-flow\">\n<figure class=\"wp-block-image size-full\"><img decoding=\"async\" width=\"800\" height=\"800\" src=\"https:\/\/www.purecook.com\/wp-content\/uploads\/2026\/04\/wholesale-retro-style-stainless-steel-plates-ideal-for-hotels-restaurants-3.webp\" alt=\"venta al mayor de platos de acero inoxidable estilo retro ideal para hoteles restaurantes (3)\" class=\"wp-image-5771\" srcset=\"https:\/\/www.purecook.com\/wp-content\/uploads\/2026\/04\/wholesale-retro-style-stainless-steel-plates-ideal-for-hotels-restaurants-3.webp 800w, https:\/\/www.purecook.com\/wp-content\/uploads\/2026\/04\/wholesale-retro-style-stainless-steel-plates-ideal-for-hotels-restaurants-3-300x300.webp 300w, https:\/\/www.purecook.com\/wp-content\/uploads\/2026\/04\/wholesale-retro-style-stainless-steel-plates-ideal-for-hotels-restaurants-3-150x150.webp 150w, https:\/\/www.purecook.com\/wp-content\/uploads\/2026\/04\/wholesale-retro-style-stainless-steel-plates-ideal-for-hotels-restaurants-3-768x768.webp 768w, https:\/\/www.purecook.com\/wp-content\/uploads\/2026\/04\/wholesale-retro-style-stainless-steel-plates-ideal-for-hotels-restaurants-3-12x12.webp 12w, https:\/\/www.purecook.com\/wp-content\/uploads\/2026\/04\/wholesale-retro-style-stainless-steel-plates-ideal-for-hotels-restaurants-3-600x600.webp 600w, https:\/\/www.purecook.com\/wp-content\/uploads\/2026\/04\/wholesale-retro-style-stainless-steel-plates-ideal-for-hotels-restaurants-3-100x100.webp 100w\" sizes=\"(max-width: 800px) 100vw, 800px\" \/><\/figure>\n<\/div>\n\n\n\n<div class=\"wp-block-column is-layout-flow wp-block-column-is-layout-flow\">\n<figure class=\"wp-block-image size-full\"><img decoding=\"async\" width=\"800\" height=\"800\" src=\"https:\/\/www.purecook.com\/wp-content\/uploads\/2026\/04\/wholesale-retro-style-stainless-steel-plates-ideal-for-hotels-restaurants-4.webp\" alt=\"venta al mayor de platos de acero inoxidable de estilo retro ideal para hoteles restaurantes (4)\" class=\"wp-image-5772\" srcset=\"https:\/\/www.purecook.com\/wp-content\/uploads\/2026\/04\/wholesale-retro-style-stainless-steel-plates-ideal-for-hotels-restaurants-4.webp 800w, https:\/\/www.purecook.com\/wp-content\/uploads\/2026\/04\/wholesale-retro-style-stainless-steel-plates-ideal-for-hotels-restaurants-4-300x300.webp 300w, https:\/\/www.purecook.com\/wp-content\/uploads\/2026\/04\/wholesale-retro-style-stainless-steel-plates-ideal-for-hotels-restaurants-4-150x150.webp 150w, https:\/\/www.purecook.com\/wp-content\/uploads\/2026\/04\/wholesale-retro-style-stainless-steel-plates-ideal-for-hotels-restaurants-4-768x768.webp 768w, https:\/\/www.purecook.com\/wp-content\/uploads\/2026\/04\/wholesale-retro-style-stainless-steel-plates-ideal-for-hotels-restaurants-4-12x12.webp 12w, https:\/\/www.purecook.com\/wp-content\/uploads\/2026\/04\/wholesale-retro-style-stainless-steel-plates-ideal-for-hotels-restaurants-4-600x600.webp 600w, https:\/\/www.purecook.com\/wp-content\/uploads\/2026\/04\/wholesale-retro-style-stainless-steel-plates-ideal-for-hotels-restaurants-4-100x100.webp 100w\" sizes=\"(max-width: 800px) 100vw, 800px\" \/><\/figure>\n<\/div>\n<\/div>","protected":false},"excerpt":{"rendered":"<p>Los platos de acero inoxidable de estilo retro al por mayor de f\u00e1brica est\u00e1n dise\u00f1ados para comidas comerciales y uso en exteriores, combinando la est\u00e9tica retro cl\u00e1sica con la durabilidad del acero inoxidable. El dise\u00f1o simple pero elegante los hace adecuados para una amplia gama de aplicaciones, incluyendo hoteles, restaurantes, servicios de catering y entornos de camping al aire libre.<\/p>\n<h2>Platos de acero inoxidable de estilo retro Caracter\u00edsticas<\/h2>\n<p><strong>Material de acero inoxidable duradero:<\/strong> Fabricado para un uso comercial y al aire libre a largo plazo, este material garantiza una gran resistencia al desgaste, la corrosi\u00f3n y la manipulaci\u00f3n frecuente en entornos de comedor muy concurridos, como hoteles y restaurantes.<\/p>\n<p><strong>Dise\u00f1o retro:<\/strong> Los platos de acero inoxidable al por mayor presentan una textura cl\u00e1sica y un estilo retro que realza la decoraci\u00f3n de la mesa, creando un ambiente m\u00e1s refinado y exclusivo.<\/p>\n<p><strong>Amplios escenarios de aplicaci\u00f3n:<\/strong> Perfectamente adecuado para hoteles, restaurantes, servicios de catering y acampadas al aire libre, ofrece un uso vers\u00e1til en los mercados de servicios de alimentaci\u00f3n profesionales y de restauraci\u00f3n de ocio.<\/p>\n<p><strong>Capacidad de suministro a granel:<\/strong> Como f\u00e1brica de utensilios de cocina, aceptamos pedidos de gran volumen y mantenemos una capacidad de producci\u00f3n estable. Nuestros productos son ideales para distribuidores, importadores y asociaciones B2B a largo plazo.<\/p>\n<p>\n<script src=\"chrome-extension:\/\/fpelahbljekknahkcaegamhcndkfpfnc\/iFrame.js\" type=\"text\/javascript\"><\/script><\/p>","protected":false},"featured_media":5769,"comment_status":"closed","ping_status":"closed","template":"","meta":{"_acf_changed":false},"product_brand":[],"product_cat":[51,55],"product_tag":[],"class_list":{"0":"post-5768","1":"product","2":"type-product","3":"status-publish","4":"has-post-thumbnail","6":"product_cat-dinnerware","7":"product_cat-dish-and-plate","9":"first","10":"instock","11":"shipping-taxable","12":"product-type-simple"},"acf":[],"_links":{"self":[{"href":"https:\/\/www.purecook.com\/es\/wp-json\/wp\/v2\/product\/5768","targetHints":{"allow":["GET"]}}],"collection":[{"href":"https:\/\/www.purecook.com\/es\/wp-json\/wp\/v2\/product"}],"about":[{"href":"https:\/\/www.purecook.com\/es\/wp-json\/wp\/v2\/types\/product"}],"replies":[{"embeddable":true,"href":"https:\/\/www.purecook.com\/es\/wp-json\/wp\/v2\/comments?post=5768"}],"wp:featuredmedia":[{"embeddable":true,"href":"https:\/\/www.purecook.com\/es\/wp-json\/wp\/v2\/media\/5769"}],"wp:attachment":[{"href":"https:\/\/www.purecook.com\/es\/wp-json\/wp\/v2\/media?parent=5768"}],"wp:term":[{"taxonomy":"product_brand","embeddable":true,"href":"https:\/\/www.purecook.com\/es\/wp-json\/wp\/v2\/product_brand?post=5768"},{"taxonomy":"product_cat","embeddable":true,"href":"https:\/\/www.purecook.com\/es\/wp-json\/wp\/v2\/product_cat?post=5768"},{"taxonomy":"product_tag","embeddable":true,"href":"https:\/\/www.purecook.com\/es\/wp-json\/wp\/v2\/product_tag?post=5768"}],"curies":[{"name":"wp","href":"https:\/\/api.w.org\/{rel}","templated":true}]}}