{"id":5777,"date":"2026-04-13T17:23:50","date_gmt":"2026-04-13T09:23:50","guid":{"rendered":"https:\/\/www.purecook.com\/?post_type=product&#038;p=5777"},"modified":"2026-04-13T17:44:12","modified_gmt":"2026-04-13T09:44:12","slug":"bulk-stainless-steel-dessert-plates-bone-dishes","status":"publish","type":"product","link":"https:\/\/www.purecook.com\/es\/product\/bulk-stainless-steel-dessert-plates-bone-dishes\/","title":{"rendered":"Mayorista Retro Estilo Industrial Platos de Postre de Acero Inoxidable, Platos de Hueso - Nuestra Vajilla de Metal Suministro de la F\u00e1brica"},"content":{"rendered":"<div class=\"wp-block-columns is-layout-flex wp-container-core-columns-is-layout-9d6595d7 wp-block-columns-is-layout-flex\">\n<div class=\"wp-block-column is-layout-flow wp-block-column-is-layout-flow\">\n<h3 class=\"wp-block-heading\">Par\u00e1metros de la placa de acero inoxidable de estilo retro<\/h3>\n\n\n\n<p><strong>Material:<\/strong> Acero inoxidable<br><strong>Grosor normal<\/strong>: 0,8 mm<br><strong>Logotipo: <\/strong>Serigraf\u00eda \/ Grabado l\u00e1ser \/ Estampado en relieve<br><strong>Tama\u00f1o: <\/strong>13 \/ 15 \/ 17 cm<br><strong>Peso bruto: <\/strong>Menos de 0,5 kg<\/p>\n<\/div>\n\n\n\n<div class=\"wp-block-column is-layout-flow wp-block-column-is-layout-flow\">\n<h3 class=\"wp-block-heading\">Opciones de menaje personalizadas<\/h3>\n\n\n\n<p><strong>Logotipo:<\/strong> Personalizable con el logotipo de su marca<br><strong>Embalaje:<\/strong>&nbsp;Caja de color\/Cart\u00f3n, etc<\/p>\n<\/div>\n<\/div>\n\n\n\n<div class=\"wp-block-columns is-layout-flex wp-container-core-columns-is-layout-9d6595d7 wp-block-columns-is-layout-flex\">\n<div class=\"wp-block-column is-layout-flow wp-block-column-is-layout-flow\">\n<figure class=\"wp-block-image size-full\"><img decoding=\"async\" width=\"800\" height=\"800\" src=\"https:\/\/www.purecook.com\/wp-content\/uploads\/2026\/04\/wholesale-retro-industrial-style-stainless-steel-dessert-plates-3.webp\" alt=\"mayorista platos de postre de acero inoxidable estilo industrial retro (3)\" class=\"wp-image-5780\" srcset=\"https:\/\/www.purecook.com\/wp-content\/uploads\/2026\/04\/wholesale-retro-industrial-style-stainless-steel-dessert-plates-3.webp 800w, https:\/\/www.purecook.com\/wp-content\/uploads\/2026\/04\/wholesale-retro-industrial-style-stainless-steel-dessert-plates-3-300x300.webp 300w, https:\/\/www.purecook.com\/wp-content\/uploads\/2026\/04\/wholesale-retro-industrial-style-stainless-steel-dessert-plates-3-150x150.webp 150w, https:\/\/www.purecook.com\/wp-content\/uploads\/2026\/04\/wholesale-retro-industrial-style-stainless-steel-dessert-plates-3-768x768.webp 768w, https:\/\/www.purecook.com\/wp-content\/uploads\/2026\/04\/wholesale-retro-industrial-style-stainless-steel-dessert-plates-3-12x12.webp 12w, https:\/\/www.purecook.com\/wp-content\/uploads\/2026\/04\/wholesale-retro-industrial-style-stainless-steel-dessert-plates-3-600x600.webp 600w, https:\/\/www.purecook.com\/wp-content\/uploads\/2026\/04\/wholesale-retro-industrial-style-stainless-steel-dessert-plates-3-100x100.webp 100w\" sizes=\"(max-width: 800px) 100vw, 800px\" \/><\/figure>\n<\/div>\n\n\n\n<div class=\"wp-block-column is-layout-flow wp-block-column-is-layout-flow\">\n<figure class=\"wp-block-image size-full\"><img decoding=\"async\" width=\"800\" height=\"800\" src=\"https:\/\/www.purecook.com\/wp-content\/uploads\/2026\/04\/wholesale-retro-industrial-style-stainless-steel-dessert-plates-4.webp\" alt=\"mayorista platos de postre de acero inoxidable estilo industrial retro (4)\" class=\"wp-image-5781\" srcset=\"https:\/\/www.purecook.com\/wp-content\/uploads\/2026\/04\/wholesale-retro-industrial-style-stainless-steel-dessert-plates-4.webp 800w, https:\/\/www.purecook.com\/wp-content\/uploads\/2026\/04\/wholesale-retro-industrial-style-stainless-steel-dessert-plates-4-300x300.webp 300w, https:\/\/www.purecook.com\/wp-content\/uploads\/2026\/04\/wholesale-retro-industrial-style-stainless-steel-dessert-plates-4-150x150.webp 150w, https:\/\/www.purecook.com\/wp-content\/uploads\/2026\/04\/wholesale-retro-industrial-style-stainless-steel-dessert-plates-4-768x768.webp 768w, https:\/\/www.purecook.com\/wp-content\/uploads\/2026\/04\/wholesale-retro-industrial-style-stainless-steel-dessert-plates-4-12x12.webp 12w, https:\/\/www.purecook.com\/wp-content\/uploads\/2026\/04\/wholesale-retro-industrial-style-stainless-steel-dessert-plates-4-600x600.webp 600w, https:\/\/www.purecook.com\/wp-content\/uploads\/2026\/04\/wholesale-retro-industrial-style-stainless-steel-dessert-plates-4-100x100.webp 100w\" sizes=\"(max-width: 800px) 100vw, 800px\" \/><\/figure>\n<\/div>\n<\/div>","protected":false},"excerpt":{"rendered":"<p>Nuestros platos de postre de acero inoxidable al por mayor son ideales para servir tartas, pasteles, postres y peque\u00f1as porciones de comida. Dise\u00f1ados espec\u00edficamente para restaurantes, hoteles, cafeter\u00edas y servicios de catering, combinan una durabilidad excepcional con una est\u00e9tica de inspiraci\u00f3n vintage, lo que los hace perfectamente adecuados para un uso comercial de alta frecuencia.<\/p>\n<p>Como fabricante de utensilios de cocina y vajillas, ofrecemos servicios integrales de personalizaci\u00f3n OEM\/ODM, que permiten a los compradores B2B de todo el mundo crear con confianza sus propias colecciones de marca.<\/p>\n<h2>Platos de acero inoxidable de estilo retro Caracter\u00edsticas<\/h2>\n<p><strong>Material de acero inoxidable de primera calidad:<\/strong> Nuestros platos de postre al por mayor est\u00e1n fabricados en acero inoxidable 304 de alta calidad, lo que garantiza una durabilidad excepcional, resistencia a la corrosi\u00f3n y un rendimiento duradero, por lo que son ideales para entornos de restauraci\u00f3n comerciales de gran actividad, como restaurantes, hoteles y cafeter\u00edas.<\/p>\n<p><strong>Estilo de dise\u00f1o industrial retro:<\/strong> Combinando una est\u00e9tica vintage e industrial, estos platos crean un aspecto distintivo que mejora la presentaci\u00f3n en la mesa y a\u00f1ade una identidad visual de primera calidad a su servicio de postres.<\/p>\n<p><strong>Optimizado para el servicio de postres:<\/strong> Espec\u00edficamente dise\u00f1ados para servir postres, estos platos son perfectos para presentar con elegancia tartas, pasteles, dulces y peque\u00f1as porciones, elevando as\u00ed la presentaci\u00f3n de los alimentos y mejorando la experiencia gastron\u00f3mica general del cliente.<\/p>\n<p><strong>Soporte de personalizaci\u00f3n OEM\/ODM:<\/strong> Como fabricante de vajillas met\u00e1licas, ofrecemos opciones de personalizaci\u00f3n flexibles, como la rotulaci\u00f3n de logotipos, los acabados superficiales y el embalaje, lo que constituye una soluci\u00f3n integral adaptada a sus necesidades espec\u00edficas.<\/p>\n<p>\n<script src=\"chrome-extension:\/\/fpelahbljekknahkcaegamhcndkfpfnc\/iFrame.js\" type=\"text\/javascript\"><\/script><\/p>","protected":false},"featured_media":5778,"comment_status":"closed","ping_status":"closed","template":"","meta":{"_acf_changed":false},"product_brand":[],"product_cat":[51,55],"product_tag":[],"class_list":{"0":"post-5777","1":"product","2":"type-product","3":"status-publish","4":"has-post-thumbnail","6":"product_cat-dinnerware","7":"product_cat-dish-and-plate","9":"first","10":"instock","11":"shipping-taxable","12":"product-type-simple"},"acf":[],"_links":{"self":[{"href":"https:\/\/www.purecook.com\/es\/wp-json\/wp\/v2\/product\/5777","targetHints":{"allow":["GET"]}}],"collection":[{"href":"https:\/\/www.purecook.com\/es\/wp-json\/wp\/v2\/product"}],"about":[{"href":"https:\/\/www.purecook.com\/es\/wp-json\/wp\/v2\/types\/product"}],"replies":[{"embeddable":true,"href":"https:\/\/www.purecook.com\/es\/wp-json\/wp\/v2\/comments?post=5777"}],"wp:featuredmedia":[{"embeddable":true,"href":"https:\/\/www.purecook.com\/es\/wp-json\/wp\/v2\/media\/5778"}],"wp:attachment":[{"href":"https:\/\/www.purecook.com\/es\/wp-json\/wp\/v2\/media?parent=5777"}],"wp:term":[{"taxonomy":"product_brand","embeddable":true,"href":"https:\/\/www.purecook.com\/es\/wp-json\/wp\/v2\/product_brand?post=5777"},{"taxonomy":"product_cat","embeddable":true,"href":"https:\/\/www.purecook.com\/es\/wp-json\/wp\/v2\/product_cat?post=5777"},{"taxonomy":"product_tag","embeddable":true,"href":"https:\/\/www.purecook.com\/es\/wp-json\/wp\/v2\/product_tag?post=5777"}],"curies":[{"name":"wp","href":"https:\/\/api.w.org\/{rel}","templated":true}]}}