{"id":5895,"date":"2026-05-12T14:07:11","date_gmt":"2026-05-12T06:07:11","guid":{"rendered":"https:\/\/www.purecook.com\/?post_type=product&#038;p=5895"},"modified":"2026-05-12T14:32:44","modified_gmt":"2026-05-12T06:32:44","slug":"wholesale-ceramic-non-stick-cookware-set","status":"publish","type":"product","link":"https:\/\/www.purecook.com\/es\/product\/wholesale-ceramic-non-stick-cookware-set\/","title":{"rendered":"Mayorista Bater\u00eda de Cocina Cer\u00e1mica Antiadherente con Mangos de Madera, Sustrato: Aluminio"},"content":{"rendered":"<div class=\"wp-block-columns is-layout-flex wp-container-core-columns-is-layout-9d6595d7 wp-block-columns-is-layout-flex\">\n<div class=\"wp-block-column is-layout-flow wp-block-column-is-layout-flow\">\n<h3 class=\"wp-block-heading\">Par\u00e1metros de la bater\u00eda de cocina antiadherente de cer\u00e1mica <\/h3>\n\n\n\n<p><strong>Material:<\/strong> Aluminio<br><strong>Incluye:<\/strong><\/p>\n\n\n\n<ul class=\"wp-block-list\">\n<li>Lechera de 16 cm con tapa<\/li>\n\n\n\n<li>Sart\u00e9n y Wok 28cm con Tapa<\/li>\n\n\n\n<li>Olla de 24 cm con tapa y rejilla para cocer al vapor<\/li>\n\n\n\n<li>Sart\u00e9n de 24 cm<\/li>\n\n\n\n<li>Sart\u00e9n de 28 cm<\/li>\n\n\n\n<li>Pinzas para filete: Cabeza de silicona con mango de madera<\/li>\n\n\n\n<li>Esp\u00e1tula: Cabeza de silicona con mango de madera<\/li>\n\n\n\n<li>Cazo Sopa: Cabeza de silicona con mango de madera<\/li>\n<\/ul>\n<\/div>\n\n\n\n<div class=\"wp-block-column is-layout-flow wp-block-column-is-layout-flow\">\n<h3 class=\"wp-block-heading\">Opciones de bater\u00eda de cocina a medida<\/h3>\n\n\n\n<p><strong>Logotipo:<\/strong> Personalizable con el logotipo de su marca<br><strong>Embalaje:<\/strong>\u00a0Caja de color \/ Cart\u00f3n, etc<br><strong>Asa: <\/strong>Mango a su medida<\/p>\n<\/div>\n<\/div>\n\n\n\n<div class=\"wp-block-columns is-layout-flex wp-container-core-columns-is-layout-9d6595d7 wp-block-columns-is-layout-flex\">\n<div class=\"wp-block-column is-layout-flow wp-block-column-is-layout-flow\">\n<figure class=\"wp-block-image size-full\"><img decoding=\"async\" width=\"800\" height=\"800\" src=\"https:\/\/www.purecook.com\/wp-content\/uploads\/2026\/05\/wholesale-ceramic-non-stick-cookware-set-2.webp\" alt=\"venta al por mayor bater\u00eda de cocina cer\u00e1mica antiadherente\" class=\"wp-image-5897\" srcset=\"https:\/\/www.purecook.com\/wp-content\/uploads\/2026\/05\/wholesale-ceramic-non-stick-cookware-set-2.webp 800w, https:\/\/www.purecook.com\/wp-content\/uploads\/2026\/05\/wholesale-ceramic-non-stick-cookware-set-2-300x300.webp 300w, https:\/\/www.purecook.com\/wp-content\/uploads\/2026\/05\/wholesale-ceramic-non-stick-cookware-set-2-150x150.webp 150w, https:\/\/www.purecook.com\/wp-content\/uploads\/2026\/05\/wholesale-ceramic-non-stick-cookware-set-2-768x768.webp 768w, https:\/\/www.purecook.com\/wp-content\/uploads\/2026\/05\/wholesale-ceramic-non-stick-cookware-set-2-12x12.webp 12w, https:\/\/www.purecook.com\/wp-content\/uploads\/2026\/05\/wholesale-ceramic-non-stick-cookware-set-2-600x600.webp 600w, https:\/\/www.purecook.com\/wp-content\/uploads\/2026\/05\/wholesale-ceramic-non-stick-cookware-set-2-100x100.webp 100w\" sizes=\"(max-width: 800px) 100vw, 800px\" \/><\/figure>\n<\/div>\n\n\n\n<div class=\"wp-block-column is-layout-flow wp-block-column-is-layout-flow\">\n<figure class=\"wp-block-image size-full\"><img decoding=\"async\" width=\"800\" height=\"800\" src=\"https:\/\/www.purecook.com\/wp-content\/uploads\/2026\/05\/wholesale-ceramic-non-stick-cookware-set-5.webp\" alt=\"venta al por mayor bater\u00eda de cocina cer\u00e1mica antiadherente\" class=\"wp-image-5900\" srcset=\"https:\/\/www.purecook.com\/wp-content\/uploads\/2026\/05\/wholesale-ceramic-non-stick-cookware-set-5.webp 800w, https:\/\/www.purecook.com\/wp-content\/uploads\/2026\/05\/wholesale-ceramic-non-stick-cookware-set-5-300x300.webp 300w, https:\/\/www.purecook.com\/wp-content\/uploads\/2026\/05\/wholesale-ceramic-non-stick-cookware-set-5-150x150.webp 150w, https:\/\/www.purecook.com\/wp-content\/uploads\/2026\/05\/wholesale-ceramic-non-stick-cookware-set-5-768x768.webp 768w, https:\/\/www.purecook.com\/wp-content\/uploads\/2026\/05\/wholesale-ceramic-non-stick-cookware-set-5-12x12.webp 12w, https:\/\/www.purecook.com\/wp-content\/uploads\/2026\/05\/wholesale-ceramic-non-stick-cookware-set-5-600x600.webp 600w, https:\/\/www.purecook.com\/wp-content\/uploads\/2026\/05\/wholesale-ceramic-non-stick-cookware-set-5-100x100.webp 100w\" sizes=\"(max-width: 800px) 100vw, 800px\" \/><\/figure>\n<\/div>\n<\/div>","protected":false},"excerpt":{"rendered":"<p>Vajilla de cer\u00e1mica antiadherente al por mayor. Esta bater\u00eda de cocina antiadherente de cer\u00e1mica al por mayor est\u00e1 dise\u00f1ada para cocinas modernas que exigen tanto rendimiento como atractivo est\u00e9tico. Construido con un sustrato de aluminio duradero, los utensilios de cocina garantiza una distribuci\u00f3n r\u00e1pida y uniforme del calor, por lo que la cocina diaria m\u00e1s eficiente y consistente. El revestimiento cer\u00e1mico antiadherente ayuda a reducir el uso de aceite y favorece una cocina m\u00e1s sana, al tiempo que facilita la limpieza a los usuarios finales.<\/p>\n<h2>Bater\u00eda de Cocina Cer\u00e1mica Antiadherente Caracter\u00edsticas<\/h2>\n<p><strong>Construcci\u00f3n duradera de aluminio:<\/strong> La bater\u00eda de cocina est\u00e1 fabricada con una base de aluminio que garantiza una distribuci\u00f3n r\u00e1pida y uniforme del calor para cocinar de forma eficiente en todo tipo de sartenes.<\/p>\n<p><strong>Revestimiento cer\u00e1mico antiadherente avanzado:<\/strong> Dise\u00f1ada para reducir la adherencia de los alimentos y el uso de aceite, la superficie cer\u00e1mica favorece una cocina m\u00e1s sana y simplifica la limpieza tras el uso diario.<\/p>\n<p><strong>Juego completo multiusos:<\/strong> Incluye varias ollas, sartenes, una olla con rejilla para cocinar al vapor y utensilios de cocina esenciales para cubrir una amplia gama de necesidades culinarias.<\/p>\n<p><strong>Asa de madera:<\/strong> Las asas ergon\u00f3micas con aspecto de madera proporcionan un agarre c\u00f3modo a la vez que realzan el aspecto visual de primera calidad de la bater\u00eda de cocina.<\/p>\n<p><strong>Ventaja del suministro de f\u00e1brica B2B:<\/strong> Como fabricante y proveedor profesional de utensilios de cocina, respaldamos pedidos estables al por mayor con un control de calidad constante y una capacidad de producci\u00f3n eficiente.<\/p>\n<p>\n<script src=\"chrome-extension:\/\/fpelahbljekknahkcaegamhcndkfpfnc\/iFrame.js\" type=\"text\/javascript\"><\/script><\/p>","protected":false},"featured_media":5896,"comment_status":"closed","ping_status":"closed","template":"","meta":{"_acf_changed":false},"product_brand":[],"product_cat":[24,69],"product_tag":[],"class_list":{"0":"post-5895","1":"product","2":"type-product","3":"status-publish","4":"has-post-thumbnail","6":"product_cat-cookware","7":"product_cat-cookware-sets","9":"first","10":"instock","11":"shipping-taxable","12":"product-type-simple"},"acf":[],"_links":{"self":[{"href":"https:\/\/www.purecook.com\/es\/wp-json\/wp\/v2\/product\/5895","targetHints":{"allow":["GET"]}}],"collection":[{"href":"https:\/\/www.purecook.com\/es\/wp-json\/wp\/v2\/product"}],"about":[{"href":"https:\/\/www.purecook.com\/es\/wp-json\/wp\/v2\/types\/product"}],"replies":[{"embeddable":true,"href":"https:\/\/www.purecook.com\/es\/wp-json\/wp\/v2\/comments?post=5895"}],"wp:featuredmedia":[{"embeddable":true,"href":"https:\/\/www.purecook.com\/es\/wp-json\/wp\/v2\/media\/5896"}],"wp:attachment":[{"href":"https:\/\/www.purecook.com\/es\/wp-json\/wp\/v2\/media?parent=5895"}],"wp:term":[{"taxonomy":"product_brand","embeddable":true,"href":"https:\/\/www.purecook.com\/es\/wp-json\/wp\/v2\/product_brand?post=5895"},{"taxonomy":"product_cat","embeddable":true,"href":"https:\/\/www.purecook.com\/es\/wp-json\/wp\/v2\/product_cat?post=5895"},{"taxonomy":"product_tag","embeddable":true,"href":"https:\/\/www.purecook.com\/es\/wp-json\/wp\/v2\/product_tag?post=5895"}],"curies":[{"name":"wp","href":"https:\/\/api.w.org\/{rel}","templated":true}]}}