{"id":5911,"date":"2026-05-12T14:57:01","date_gmt":"2026-05-12T06:57:01","guid":{"rendered":"https:\/\/www.purecook.com\/?post_type=product&#038;p=5911"},"modified":"2026-05-12T15:17:56","modified_gmt":"2026-05-12T07:17:56","slug":"wholesale-premium-stainless-steel-hanging-snack-trays","status":"publish","type":"product","link":"https:\/\/www.purecook.com\/es\/product\/wholesale-premium-stainless-steel-hanging-snack-trays\/","title":{"rendered":"Bandejas rectangulares de acero inoxidable para aperitivos, bandejas rectangulares para alimentos"},"content":{"rendered":"<div class=\"wp-block-columns is-layout-flex wp-container-core-columns-is-layout-9d6595d7 wp-block-columns-is-layout-flex\">\n<div class=\"wp-block-column is-layout-flow wp-block-column-is-layout-flow\">\n<h3 class=\"wp-block-heading\">Par\u00e1metros de las bandejas colgantes para aperitivos<\/h3>\n\n\n\n<p><strong>Material:<\/strong> Acero inoxidable 304<br><strong>Tama\u00f1o: <\/strong>20,6 \u00d7 10,7 \u00d7 2,3 cm<br><strong>Peso bruto: <\/strong>185g<\/p>\n<\/div>\n\n\n\n<div class=\"wp-block-column is-layout-flow wp-block-column-is-layout-flow\">\n<h3 class=\"wp-block-heading\">Opciones de bater\u00eda de cocina a medida<\/h3>\n\n\n\n<p><strong>Logotipo:<\/strong> Personalizable con el logotipo de su marca<br><strong>Embalaje:<\/strong>\u00a0Caja de color \/ Cart\u00f3n, etc<\/p>\n<\/div>\n<\/div>\n\n\n\n<div class=\"wp-block-columns is-layout-flex wp-container-core-columns-is-layout-9d6595d7 wp-block-columns-is-layout-flex\">\n<div class=\"wp-block-column is-layout-flow wp-block-column-is-layout-flow\">\n<figure class=\"wp-block-image size-full\"><img decoding=\"async\" width=\"800\" height=\"800\" src=\"https:\/\/www.purecook.com\/wp-content\/uploads\/2026\/05\/wholesale-stainless-steel-hanging-snack-tray-1.webp\" alt=\"venta al por mayor bandeja colgante de acero inoxidable para aperitivos (1)\" class=\"wp-image-5912\" srcset=\"https:\/\/www.purecook.com\/wp-content\/uploads\/2026\/05\/wholesale-stainless-steel-hanging-snack-tray-1.webp 800w, https:\/\/www.purecook.com\/wp-content\/uploads\/2026\/05\/wholesale-stainless-steel-hanging-snack-tray-1-300x300.webp 300w, https:\/\/www.purecook.com\/wp-content\/uploads\/2026\/05\/wholesale-stainless-steel-hanging-snack-tray-1-150x150.webp 150w, https:\/\/www.purecook.com\/wp-content\/uploads\/2026\/05\/wholesale-stainless-steel-hanging-snack-tray-1-768x768.webp 768w, https:\/\/www.purecook.com\/wp-content\/uploads\/2026\/05\/wholesale-stainless-steel-hanging-snack-tray-1-12x12.webp 12w, https:\/\/www.purecook.com\/wp-content\/uploads\/2026\/05\/wholesale-stainless-steel-hanging-snack-tray-1-600x600.webp 600w, https:\/\/www.purecook.com\/wp-content\/uploads\/2026\/05\/wholesale-stainless-steel-hanging-snack-tray-1-100x100.webp 100w\" sizes=\"(max-width: 800px) 100vw, 800px\" \/><\/figure>\n<\/div>\n\n\n\n<div class=\"wp-block-column is-layout-flow wp-block-column-is-layout-flow\">\n<figure class=\"wp-block-image size-full\"><img decoding=\"async\" width=\"800\" height=\"800\" src=\"https:\/\/www.purecook.com\/wp-content\/uploads\/2026\/05\/wholesale-stainless-steel-hanging-snack-tray-3.webp\" alt=\"venta al por mayor bandeja colgante de acero inoxidable para aperitivos (3)\" class=\"wp-image-5914\" srcset=\"https:\/\/www.purecook.com\/wp-content\/uploads\/2026\/05\/wholesale-stainless-steel-hanging-snack-tray-3.webp 800w, https:\/\/www.purecook.com\/wp-content\/uploads\/2026\/05\/wholesale-stainless-steel-hanging-snack-tray-3-300x300.webp 300w, https:\/\/www.purecook.com\/wp-content\/uploads\/2026\/05\/wholesale-stainless-steel-hanging-snack-tray-3-150x150.webp 150w, https:\/\/www.purecook.com\/wp-content\/uploads\/2026\/05\/wholesale-stainless-steel-hanging-snack-tray-3-768x768.webp 768w, https:\/\/www.purecook.com\/wp-content\/uploads\/2026\/05\/wholesale-stainless-steel-hanging-snack-tray-3-12x12.webp 12w, https:\/\/www.purecook.com\/wp-content\/uploads\/2026\/05\/wholesale-stainless-steel-hanging-snack-tray-3-600x600.webp 600w, https:\/\/www.purecook.com\/wp-content\/uploads\/2026\/05\/wholesale-stainless-steel-hanging-snack-tray-3-100x100.webp 100w\" sizes=\"(max-width: 800px) 100vw, 800px\" \/><\/figure>\n<\/div>\n<\/div>","protected":false},"excerpt":{"rendered":"<p>Venta al por mayor de bandejas de acero inoxidable para aperitivos. Con un elegante perfil rectangular y un pr\u00e1ctico dise\u00f1o para colgar, estas bandejas combinan una est\u00e9tica minimalista con una pr\u00e1ctica funcionalidad cotidiana, lo que las convierte en la opci\u00f3n ideal para minoristas, distribuidores e importadores de utensilios de cocina. Son perfectas para servir en cocinas, cafeter\u00edas, bares y comedores dom\u00e9sticos.<\/p>\n<h2>Bandeja colgante de acero inoxidable para aperitivos Caracter\u00edsticas<\/h2>\n<p><strong>Innovador dise\u00f1o para colgar:<\/strong> La estructura colgante integrada permite guardar c\u00f3modamente las bandejas en barras o estantes, lo que ayuda a ahorrar espacio en la cocina a la vez que a\u00f1ade un toque decorativo moderno.<\/p>\n<p><strong>Cepillado liso Acabado de la superficie:<\/strong> El acabado en acero inoxidable cepillado mejora la est\u00e9tica del producto al tiempo que ayuda a reducir los ara\u00f1azos visibles y las huellas dactilares para ofrecer un aspecto de primera calidad.<\/p>\n<p><strong>Apto para m\u00faltiples aplicaciones alimentarias:<\/strong> Ideal para servir aperitivos, frutas, postres, entrantes y guarniciones en hogares, cafeter\u00edas, restaurantes y entornos de hosteler\u00eda.<\/p>\n<p><strong>Soporte de personalizaci\u00f3n OEM y ODM:<\/strong> Nuestra f\u00e1brica de utensilios de cocina ofrece servicios flexibles de personalizaci\u00f3n, como impresi\u00f3n de logotipos, envasado, tratamiento de superficies y soluciones de marca blanca para compradores mayoristas y distribuidores.<\/p>\n<p>\n<script src=\"chrome-extension:\/\/fpelahbljekknahkcaegamhcndkfpfnc\/iFrame.js\" type=\"text\/javascript\"><\/script><\/p>","protected":false},"featured_media":5913,"comment_status":"closed","ping_status":"closed","template":"","meta":{"_acf_changed":false},"product_brand":[],"product_cat":[51,55],"product_tag":[],"class_list":{"0":"post-5911","1":"product","2":"type-product","3":"status-publish","4":"has-post-thumbnail","6":"product_cat-dinnerware","7":"product_cat-dish-and-plate","9":"first","10":"instock","11":"shipping-taxable","12":"product-type-simple"},"acf":[],"_links":{"self":[{"href":"https:\/\/www.purecook.com\/es\/wp-json\/wp\/v2\/product\/5911","targetHints":{"allow":["GET"]}}],"collection":[{"href":"https:\/\/www.purecook.com\/es\/wp-json\/wp\/v2\/product"}],"about":[{"href":"https:\/\/www.purecook.com\/es\/wp-json\/wp\/v2\/types\/product"}],"replies":[{"embeddable":true,"href":"https:\/\/www.purecook.com\/es\/wp-json\/wp\/v2\/comments?post=5911"}],"wp:featuredmedia":[{"embeddable":true,"href":"https:\/\/www.purecook.com\/es\/wp-json\/wp\/v2\/media\/5913"}],"wp:attachment":[{"href":"https:\/\/www.purecook.com\/es\/wp-json\/wp\/v2\/media?parent=5911"}],"wp:term":[{"taxonomy":"product_brand","embeddable":true,"href":"https:\/\/www.purecook.com\/es\/wp-json\/wp\/v2\/product_brand?post=5911"},{"taxonomy":"product_cat","embeddable":true,"href":"https:\/\/www.purecook.com\/es\/wp-json\/wp\/v2\/product_cat?post=5911"},{"taxonomy":"product_tag","embeddable":true,"href":"https:\/\/www.purecook.com\/es\/wp-json\/wp\/v2\/product_tag?post=5911"}],"curies":[{"name":"wp","href":"https:\/\/api.w.org\/{rel}","templated":true}]}}