{"id":5918,"date":"2026-05-12T15:32:02","date_gmt":"2026-05-12T07:32:02","guid":{"rendered":"https:\/\/www.purecook.com\/?post_type=product&#038;p=5918"},"modified":"2026-05-12T15:54:29","modified_gmt":"2026-05-12T07:54:29","slug":"wholesale-premium-stainless-steel-colander-set","status":"publish","type":"product","link":"https:\/\/www.purecook.com\/es\/product\/wholesale-premium-stainless-steel-colander-set\/","title":{"rendered":"Mayorista Juego de escurridores de acero inoxidable de primera calidad"},"content":{"rendered":"<div class=\"wp-block-columns is-layout-flex wp-container-core-columns-is-layout-9d6595d7 wp-block-columns-is-layout-flex\">\n<div class=\"wp-block-column is-layout-flow wp-block-column-is-layout-flow\">\n<h3 class=\"wp-block-heading\">Mayorista Juego de escurridores de acero inoxidable de primera calidad Par\u00e1metros<\/h3>\n\n\n\n<p><strong>Material:<\/strong> Acero inoxidable<br><strong>Grosor normal:<\/strong> 0,35 mm<br><strong>Dia: <\/strong>40 cm<\/p>\n<\/div>\n\n\n\n<div class=\"wp-block-column is-layout-flow wp-block-column-is-layout-flow\">\n<h3 class=\"wp-block-heading\">Opciones de menaje personalizadas<\/h3>\n\n\n\n<p><strong>Logotipo:<\/strong> Personalizable con el logotipo de su marca<br><strong>Embalaje:<\/strong>\u00a0Caja de color\/Cart\u00f3n, etc<\/p>\n<\/div>\n<\/div>\n\n\n\n<div class=\"wp-block-columns is-layout-flex wp-container-core-columns-is-layout-9d6595d7 wp-block-columns-is-layout-flex\">\n<div class=\"wp-block-column is-layout-flow wp-block-column-is-layout-flow\">\n<figure class=\"wp-block-image size-full\"><img decoding=\"async\" width=\"800\" height=\"800\" src=\"https:\/\/www.purecook.com\/wp-content\/uploads\/2026\/05\/wholesale-premium-stainless-steel-colander-set3.webp\" alt=\"mayorista juego de escurridores de acero inoxidable (3)\" class=\"wp-image-5921\" srcset=\"https:\/\/www.purecook.com\/wp-content\/uploads\/2026\/05\/wholesale-premium-stainless-steel-colander-set3.webp 800w, https:\/\/www.purecook.com\/wp-content\/uploads\/2026\/05\/wholesale-premium-stainless-steel-colander-set3-300x300.webp 300w, https:\/\/www.purecook.com\/wp-content\/uploads\/2026\/05\/wholesale-premium-stainless-steel-colander-set3-150x150.webp 150w, https:\/\/www.purecook.com\/wp-content\/uploads\/2026\/05\/wholesale-premium-stainless-steel-colander-set3-768x768.webp 768w, https:\/\/www.purecook.com\/wp-content\/uploads\/2026\/05\/wholesale-premium-stainless-steel-colander-set3-12x12.webp 12w, https:\/\/www.purecook.com\/wp-content\/uploads\/2026\/05\/wholesale-premium-stainless-steel-colander-set3-600x600.webp 600w, https:\/\/www.purecook.com\/wp-content\/uploads\/2026\/05\/wholesale-premium-stainless-steel-colander-set3-100x100.webp 100w\" sizes=\"(max-width: 800px) 100vw, 800px\" \/><\/figure>\n<\/div>\n\n\n\n<div class=\"wp-block-column is-layout-flow wp-block-column-is-layout-flow\">\n<figure class=\"wp-block-image size-full\"><img decoding=\"async\" width=\"800\" height=\"800\" src=\"https:\/\/www.purecook.com\/wp-content\/uploads\/2026\/05\/wholesale-premium-stainless-steel-colander-set5.webp\" alt=\"mayorista juego de escurridores de acero inoxidable (5)\" class=\"wp-image-5923\" srcset=\"https:\/\/www.purecook.com\/wp-content\/uploads\/2026\/05\/wholesale-premium-stainless-steel-colander-set5.webp 800w, https:\/\/www.purecook.com\/wp-content\/uploads\/2026\/05\/wholesale-premium-stainless-steel-colander-set5-300x300.webp 300w, https:\/\/www.purecook.com\/wp-content\/uploads\/2026\/05\/wholesale-premium-stainless-steel-colander-set5-150x150.webp 150w, https:\/\/www.purecook.com\/wp-content\/uploads\/2026\/05\/wholesale-premium-stainless-steel-colander-set5-768x768.webp 768w, https:\/\/www.purecook.com\/wp-content\/uploads\/2026\/05\/wholesale-premium-stainless-steel-colander-set5-12x12.webp 12w, https:\/\/www.purecook.com\/wp-content\/uploads\/2026\/05\/wholesale-premium-stainless-steel-colander-set5-600x600.webp 600w, https:\/\/www.purecook.com\/wp-content\/uploads\/2026\/05\/wholesale-premium-stainless-steel-colander-set5-100x100.webp 100w\" sizes=\"(max-width: 800px) 100vw, 800px\" \/><\/figure>\n<\/div>\n<\/div>\n\n\n\n<div class=\"wp-block-columns is-layout-flex wp-container-core-columns-is-layout-9d6595d7 wp-block-columns-is-layout-flex\">\n<div class=\"wp-block-column is-layout-flow wp-block-column-is-layout-flow\"><\/div>\n\n\n\n<div class=\"wp-block-column is-layout-flow wp-block-column-is-layout-flow\"><\/div>\n<\/div>","protected":false},"excerpt":{"rendered":"<p data-pm-slice=\"0 0 []\">Juego de escurridor de acero inoxidable al por mayor. Con su pr\u00e1ctica combinaci\u00f3n de escurridor y bol a juego, facilita las tareas cotidianas de lavado, escurrido y mezclado tanto en el hogar como en cocinas comerciales.<\/p>\n<h2>Juego de escurridores de acero inoxidable Caracter\u00edsticas<\/h2>\n<p><strong>Sistema de drenaje de precisi\u00f3n eficiente:<\/strong> El escurridor est\u00e1 dise\u00f1ado con perforaciones distribuidas uniformemente para un escurrido r\u00e1pido y eficaz. Junto con el bol a juego, el dise\u00f1o encajable facilita los flujos de trabajo de lavado, remojo y escurrido.<\/p>\n<p><strong>Dise\u00f1o nido y ahorro de espacio:<\/strong> Dise\u00f1ado pensando en la practicidad, el escurridor encaja perfectamente dentro del vaso para un almacenamiento compacto y un f\u00e1cil transporte. La estructura apilable ayuda a ahorrar un valioso espacio en la cocina y el almac\u00e9n.<\/p>\n<p><strong>Funcionalidad de cocina multiusos:<\/strong> Adecuado para lavar verduras, escurrir pasta, mezclar ensaladas, preparar frutas, remojar ingredientes y servir alimentos. Su dise\u00f1o vers\u00e1til satisface las necesidades tanto de las cocinas dom\u00e9sticas como de los entornos de restauraci\u00f3n.<\/p>\n<p data-pm-slice=\"0 0 []\"><strong>Ventaja competitiva directa de f\u00e1brica:<\/strong> Al abastecerse directamente del fabricante, los compradores se benefician de precios de f\u00e1brica competitivos, calidad constante de los productos y apoyo profesional a la exportaci\u00f3n.<\/p>\n<p>\n<script src=\"chrome-extension:\/\/fpelahbljekknahkcaegamhcndkfpfnc\/iFrame.js\" type=\"text\/javascript\"><\/script><\/p>","protected":false},"featured_media":5919,"comment_status":"closed","ping_status":"closed","template":"","meta":{"_acf_changed":false},"product_brand":[],"product_cat":[52,65],"product_tag":[],"class_list":{"0":"post-5918","1":"product","2":"type-product","3":"status-publish","4":"has-post-thumbnail","6":"product_cat-kitchen-utensils","7":"product_cat-kitchen-strainer-and-colander","9":"first","10":"instock","11":"shipping-taxable","12":"product-type-simple"},"acf":[],"_links":{"self":[{"href":"https:\/\/www.purecook.com\/es\/wp-json\/wp\/v2\/product\/5918","targetHints":{"allow":["GET"]}}],"collection":[{"href":"https:\/\/www.purecook.com\/es\/wp-json\/wp\/v2\/product"}],"about":[{"href":"https:\/\/www.purecook.com\/es\/wp-json\/wp\/v2\/types\/product"}],"replies":[{"embeddable":true,"href":"https:\/\/www.purecook.com\/es\/wp-json\/wp\/v2\/comments?post=5918"}],"wp:featuredmedia":[{"embeddable":true,"href":"https:\/\/www.purecook.com\/es\/wp-json\/wp\/v2\/media\/5919"}],"wp:attachment":[{"href":"https:\/\/www.purecook.com\/es\/wp-json\/wp\/v2\/media?parent=5918"}],"wp:term":[{"taxonomy":"product_brand","embeddable":true,"href":"https:\/\/www.purecook.com\/es\/wp-json\/wp\/v2\/product_brand?post=5918"},{"taxonomy":"product_cat","embeddable":true,"href":"https:\/\/www.purecook.com\/es\/wp-json\/wp\/v2\/product_cat?post=5918"},{"taxonomy":"product_tag","embeddable":true,"href":"https:\/\/www.purecook.com\/es\/wp-json\/wp\/v2\/product_tag?post=5918"}],"curies":[{"name":"wp","href":"https:\/\/api.w.org\/{rel}","templated":true}]}}