{"id":5925,"date":"2026-05-12T16:08:08","date_gmt":"2026-05-12T08:08:08","guid":{"rendered":"https:\/\/www.purecook.com\/?post_type=product&#038;p=5925"},"modified":"2026-05-12T16:42:48","modified_gmt":"2026-05-12T08:42:48","slug":"wholesale-3-in-1-stainless-steel-vegetable-grater-colander-set","status":"publish","type":"product","link":"https:\/\/www.purecook.com\/es\/product\/wholesale-3-in-1-stainless-steel-vegetable-grater-colander-set\/","title":{"rendered":"Mayorista Set 3 en 1 de Acero Inoxidable para Rallar y Escurrir Verduras"},"content":{"rendered":"<div class=\"wp-block-columns is-layout-flex wp-container-core-columns-is-layout-9d6595d7 wp-block-columns-is-layout-flex\">\n<div class=\"wp-block-column is-layout-flow wp-block-column-is-layout-flow\">\n<h3 class=\"wp-block-heading\">Par\u00e1metros del juego de rallador y escurridor de verduras<\/h3>\n\n\n\n<p><strong>Material:<\/strong> Acero inoxidable 201<br><strong>Grosor normal:<\/strong> 0,5 mm<br><strong>Dia:<\/strong> 26 cm<\/p>\n<\/div>\n\n\n\n<div class=\"wp-block-column is-layout-flow wp-block-column-is-layout-flow\">\n<h3 class=\"wp-block-heading\">Opciones de menaje personalizadas<\/h3>\n\n\n\n<p><strong>Logotipo:<\/strong> Personalizable con el logotipo de su marca<br><strong>Embalaje:<\/strong>\u00a0Caja de color\/Cart\u00f3n, etc<\/p>\n<\/div>\n<\/div>\n\n\n\n<div class=\"wp-block-columns is-layout-flex wp-container-core-columns-is-layout-9d6595d7 wp-block-columns-is-layout-flex\">\n<div class=\"wp-block-column is-layout-flow wp-block-column-is-layout-flow\">\n<figure class=\"wp-block-image size-full\"><img decoding=\"async\" width=\"800\" height=\"800\" src=\"https:\/\/www.purecook.com\/wp-content\/uploads\/2026\/05\/Wholesale-3-in-1-Stainless-Steel-Vegetable-Grater-and-Colander-Set-1.webp\" alt=\"Mayorista Juego 3 en 1 de Acero Inoxidable para Rallar y Escurrir Verduras (1)\" class=\"wp-image-5926\" srcset=\"https:\/\/www.purecook.com\/wp-content\/uploads\/2026\/05\/Wholesale-3-in-1-Stainless-Steel-Vegetable-Grater-and-Colander-Set-1.webp 800w, https:\/\/www.purecook.com\/wp-content\/uploads\/2026\/05\/Wholesale-3-in-1-Stainless-Steel-Vegetable-Grater-and-Colander-Set-1-300x300.webp 300w, https:\/\/www.purecook.com\/wp-content\/uploads\/2026\/05\/Wholesale-3-in-1-Stainless-Steel-Vegetable-Grater-and-Colander-Set-1-150x150.webp 150w, https:\/\/www.purecook.com\/wp-content\/uploads\/2026\/05\/Wholesale-3-in-1-Stainless-Steel-Vegetable-Grater-and-Colander-Set-1-768x768.webp 768w, https:\/\/www.purecook.com\/wp-content\/uploads\/2026\/05\/Wholesale-3-in-1-Stainless-Steel-Vegetable-Grater-and-Colander-Set-1-12x12.webp 12w, https:\/\/www.purecook.com\/wp-content\/uploads\/2026\/05\/Wholesale-3-in-1-Stainless-Steel-Vegetable-Grater-and-Colander-Set-1-600x600.webp 600w, https:\/\/www.purecook.com\/wp-content\/uploads\/2026\/05\/Wholesale-3-in-1-Stainless-Steel-Vegetable-Grater-and-Colander-Set-1-100x100.webp 100w\" sizes=\"(max-width: 800px) 100vw, 800px\" \/><\/figure>\n<\/div>\n\n\n\n<div class=\"wp-block-column is-layout-flow wp-block-column-is-layout-flow\">\n<figure class=\"wp-block-image size-full\"><img decoding=\"async\" width=\"800\" height=\"800\" src=\"https:\/\/www.purecook.com\/wp-content\/uploads\/2026\/05\/Wholesale-3-in-1-Stainless-Steel-Vegetable-Grater-and-Colander-Set-2.webp\" alt=\"Mayorista Set 3 en 1 de Acero Inoxidable para Rallar y Escurrir Verduras (2)\" class=\"wp-image-5927\" srcset=\"https:\/\/www.purecook.com\/wp-content\/uploads\/2026\/05\/Wholesale-3-in-1-Stainless-Steel-Vegetable-Grater-and-Colander-Set-2.webp 800w, https:\/\/www.purecook.com\/wp-content\/uploads\/2026\/05\/Wholesale-3-in-1-Stainless-Steel-Vegetable-Grater-and-Colander-Set-2-300x300.webp 300w, https:\/\/www.purecook.com\/wp-content\/uploads\/2026\/05\/Wholesale-3-in-1-Stainless-Steel-Vegetable-Grater-and-Colander-Set-2-150x150.webp 150w, https:\/\/www.purecook.com\/wp-content\/uploads\/2026\/05\/Wholesale-3-in-1-Stainless-Steel-Vegetable-Grater-and-Colander-Set-2-768x768.webp 768w, https:\/\/www.purecook.com\/wp-content\/uploads\/2026\/05\/Wholesale-3-in-1-Stainless-Steel-Vegetable-Grater-and-Colander-Set-2-12x12.webp 12w, https:\/\/www.purecook.com\/wp-content\/uploads\/2026\/05\/Wholesale-3-in-1-Stainless-Steel-Vegetable-Grater-and-Colander-Set-2-600x600.webp 600w, https:\/\/www.purecook.com\/wp-content\/uploads\/2026\/05\/Wholesale-3-in-1-Stainless-Steel-Vegetable-Grater-and-Colander-Set-2-100x100.webp 100w\" sizes=\"(max-width: 800px) 100vw, 800px\" \/><\/figure>\n<\/div>\n<\/div>\n\n\n\n<div class=\"wp-block-columns is-layout-flex wp-container-core-columns-is-layout-9d6595d7 wp-block-columns-is-layout-flex\">\n<div class=\"wp-block-column is-layout-flow wp-block-column-is-layout-flow\"><\/div>\n\n\n\n<div class=\"wp-block-column is-layout-flow wp-block-column-is-layout-flow\"><\/div>\n<\/div>","protected":false},"excerpt":{"rendered":"<p>Rallador de verduras y escurridor de acero inoxidable al por mayor. El juego 3 en 1 de acero inoxidable para rallar y escurrir verduras es una soluci\u00f3n de cocina vers\u00e1til y pr\u00e1ctica dise\u00f1ada para las necesidades modernas de preparaci\u00f3n de alimentos. Combinando las funciones de rallado, lavado y escurrido en un dise\u00f1o integrado, este utensilio de cocina multiusos ayuda a agilizar las tareas culinarias diarias tanto en cocinas dom\u00e9sticas como comerciales.<\/p>\n<h2>Set de acero inoxidable para rallar y escurrir verduras Caracter\u00edsticas\u00a0<\/h2>\n<p data-pm-slice=\"0 0 []\"><strong>Construcci\u00f3n de acero inoxidable de primera calidad:<\/strong> Fabricado en acero inoxidable duradero, que garantiza una gran resistencia a la oxidaci\u00f3n, la deformaci\u00f3n y el desgaste diario, adecuado para un uso prolongado en la cocina.<\/p>\n<p><strong>Dise\u00f1o multifuncional 3 en 1:<\/strong> Integra las funciones de rallado, lavado y escurrido en un solo utensilio, mejorando la eficiencia en la cocina y reduciendo la necesidad de utilizar varios utensilios.<\/p>\n<p><strong>Estructura ergon\u00f3mica y pr\u00e1ctica:<\/strong> Dise\u00f1ado para facilitar su uso en la preparaci\u00f3n diaria de alimentos, por lo que es adecuado tanto para cocinas dom\u00e9sticas como para entornos profesionales de servicios alimentarios.<\/p>\n<p><strong>Personalizaci\u00f3n OEM\/ODM disponible:<\/strong> Como proveedor directo de f\u00e1brica, ofrecemos opciones de personalizaci\u00f3n completas, incluidas las modificaciones de marca, embalaje y dise\u00f1o del producto.<\/p>\n<p>\n<script src=\"chrome-extension:\/\/fpelahbljekknahkcaegamhcndkfpfnc\/iFrame.js\" type=\"text\/javascript\"><\/script><\/p>","protected":false},"featured_media":5926,"comment_status":"closed","ping_status":"closed","template":"","meta":{"_acf_changed":false},"product_brand":[],"product_cat":[52,65],"product_tag":[],"class_list":{"0":"post-5925","1":"product","2":"type-product","3":"status-publish","4":"has-post-thumbnail","6":"product_cat-kitchen-utensils","7":"product_cat-kitchen-strainer-and-colander","9":"first","10":"instock","11":"shipping-taxable","12":"product-type-simple"},"acf":[],"_links":{"self":[{"href":"https:\/\/www.purecook.com\/es\/wp-json\/wp\/v2\/product\/5925","targetHints":{"allow":["GET"]}}],"collection":[{"href":"https:\/\/www.purecook.com\/es\/wp-json\/wp\/v2\/product"}],"about":[{"href":"https:\/\/www.purecook.com\/es\/wp-json\/wp\/v2\/types\/product"}],"replies":[{"embeddable":true,"href":"https:\/\/www.purecook.com\/es\/wp-json\/wp\/v2\/comments?post=5925"}],"wp:featuredmedia":[{"embeddable":true,"href":"https:\/\/www.purecook.com\/es\/wp-json\/wp\/v2\/media\/5926"}],"wp:attachment":[{"href":"https:\/\/www.purecook.com\/es\/wp-json\/wp\/v2\/media?parent=5925"}],"wp:term":[{"taxonomy":"product_brand","embeddable":true,"href":"https:\/\/www.purecook.com\/es\/wp-json\/wp\/v2\/product_brand?post=5925"},{"taxonomy":"product_cat","embeddable":true,"href":"https:\/\/www.purecook.com\/es\/wp-json\/wp\/v2\/product_cat?post=5925"},{"taxonomy":"product_tag","embeddable":true,"href":"https:\/\/www.purecook.com\/es\/wp-json\/wp\/v2\/product_tag?post=5925"}],"curies":[{"name":"wp","href":"https:\/\/api.w.org\/{rel}","templated":true}]}}