{"id":624,"date":"2024-04-09T09:08:31","date_gmt":"2024-04-09T01:08:31","guid":{"rendered":"https:\/\/purecook.com\/?post_type=product&#038;p=624"},"modified":"2025-04-27T17:44:14","modified_gmt":"2025-04-27T09:44:14","slug":"wholesale-cooking-pots-set","status":"publish","type":"product","link":"https:\/\/www.purecook.com\/es\/product\/wholesale-cooking-pots-set\/","title":{"rendered":"Juego de ollas de acero inoxidable con revestimiento cer\u00e1mico al por mayor"},"content":{"rendered":"<div class=\"wp-block-columns is-layout-flex wp-container-core-columns-is-layout-9d6595d7 wp-block-columns-is-layout-flex\">\n<div class=\"wp-block-column is-layout-flow wp-block-column-is-layout-flow\">\n<h3 class=\"wp-block-heading\">Par\u00e1metros del juego de ollas<\/h3>\n\n\n\n<p>-N\u00famero de modelo:C1C1<br>-Material: acero inoxidable<br>-Grosor normal: 0,5 mm.<br>-Tapa:Tapas de cristal con anillo de silicona<br>-Fondo:Fondo s\u00e1ndwich de inducci\u00f3n (SUS+2mm Alu+SUS)<br>-Logotipo:serigraf\u00eda\/grabado l\u00e1ser\/sello en relieve<br>-Asa y pomo de la tapa: acero inoxidable<br>-Incluye:Sart\u00e9n,Olla con vapor,Cazuela,Olla sopera<br>-Tama\u00f1o de la sart\u00e9n:15,5*.<em>9,5 cm <\/em><br><em>-Sopa con vaporera:19.2<\/em>*10.5cm<br>-Cacerola:21.5*<em>8,5 cm <\/em><br><em>-Olla sopera:23,8<\/em>*13.5cm<br>-MOQ:1000sets<\/p>\n<\/div>\n\n\n\n<div class=\"wp-block-column is-layout-flow wp-block-column-is-layout-flow\">\n<h3 class=\"wp-block-heading\">Juego de ollas de acero inoxidable personalizadas<\/h3>\n\n\n\n<p>Eleve su negocio de catering con nuestras ilimitadas opciones de personalizaci\u00f3n y nuestros innovadores dise\u00f1os.<\/p>\n\n\n\n<p>-Color:Beige\/Verde\/Rosa<br>-Material:Acero inoxidable SUS#201\/304\/410\/430<br>-Mango a su estilo<br>-Tama\u00f1o de la sart\u00e9n:16cm\/18cm<br>-Tama\u00f1o de la cacerola\uff1a22cm\/24cm<br>-Logotipo: personalice el logotipo de su marca<br>-Embalaje: caja de color, buz\u00f3n, etc.<br><a href=\"https:\/\/www.purecook.com\/es\/custom-solution\/\" target=\"_blank\" rel=\"noreferrer noopener\"><strong><a href=\"https:\/\/www.purecook.com\/es\/custom-solution\/\" target=\"_blank\" rel=\"noreferrer noopener\">-Soluciones personalizadas OEM y ODM<\/a><\/strong><\/a><\/p>\n<\/div>\n<\/div>\n\n\n\n<div class=\"wp-block-columns is-layout-flex wp-container-core-columns-is-layout-9d6595d7 wp-block-columns-is-layout-flex\">\n<div class=\"wp-block-column is-layout-flow wp-block-column-is-layout-flow\">\n<figure class=\"wp-block-image size-full\"><img decoding=\"async\" width=\"800\" height=\"800\" src=\"https:\/\/purecook.com\/wp-content\/uploads\/2024\/04\/customize-cookware.webp\" alt=\"personalizar utensilios de cocina\" class=\"wp-image-635\" srcset=\"https:\/\/www.purecook.com\/wp-content\/uploads\/2024\/04\/customize-cookware.webp 800w, https:\/\/www.purecook.com\/wp-content\/uploads\/2024\/04\/customize-cookware-300x300.webp 300w, https:\/\/www.purecook.com\/wp-content\/uploads\/2024\/04\/customize-cookware-150x150.webp 150w, https:\/\/www.purecook.com\/wp-content\/uploads\/2024\/04\/customize-cookware-768x768.webp 768w, https:\/\/www.purecook.com\/wp-content\/uploads\/2024\/04\/customize-cookware-600x600.webp 600w, https:\/\/www.purecook.com\/wp-content\/uploads\/2024\/04\/customize-cookware-100x100.webp 100w\" sizes=\"(max-width: 800px) 100vw, 800px\" \/><\/figure>\n\n\n\n<figure class=\"wp-block-image size-full\"><img decoding=\"async\" width=\"800\" height=\"800\" src=\"https:\/\/purecook.com\/wp-content\/uploads\/2024\/04\/custom-cookware-1.webp\" alt=\"bater\u00eda de cocina a medida\" class=\"wp-image-634\" srcset=\"https:\/\/www.purecook.com\/wp-content\/uploads\/2024\/04\/custom-cookware-1.webp 800w, https:\/\/www.purecook.com\/wp-content\/uploads\/2024\/04\/custom-cookware-1-300x300.webp 300w, https:\/\/www.purecook.com\/wp-content\/uploads\/2024\/04\/custom-cookware-1-150x150.webp 150w, https:\/\/www.purecook.com\/wp-content\/uploads\/2024\/04\/custom-cookware-1-768x768.webp 768w, https:\/\/www.purecook.com\/wp-content\/uploads\/2024\/04\/custom-cookware-1-600x600.webp 600w, https:\/\/www.purecook.com\/wp-content\/uploads\/2024\/04\/custom-cookware-1-100x100.webp 100w\" sizes=\"(max-width: 800px) 100vw, 800px\" \/><\/figure>\n<\/div>\n\n\n\n<div class=\"wp-block-column is-layout-flow wp-block-column-is-layout-flow\">\n<figure class=\"wp-block-image size-full\"><img decoding=\"async\" width=\"750\" height=\"1279\" src=\"https:\/\/purecook.com\/wp-content\/uploads\/2024\/04\/cookware-custom-solution.webp\" alt=\"utensilios de cocina soluci\u00f3n personalizada\" class=\"wp-image-633\" srcset=\"https:\/\/www.purecook.com\/wp-content\/uploads\/2024\/04\/cookware-custom-solution.webp 750w, https:\/\/www.purecook.com\/wp-content\/uploads\/2024\/04\/cookware-custom-solution-176x300.webp 176w, https:\/\/www.purecook.com\/wp-content\/uploads\/2024\/04\/cookware-custom-solution-600x1023.webp 600w\" sizes=\"(max-width: 750px) 100vw, 750px\" \/><\/figure>\n<\/div>\n<\/div>","protected":false},"excerpt":{"rendered":"<p>Juego de ollas al por mayor,Este juego de ollas est\u00e1 hecho de materiales no t\u00f3xicos respetuosos con el medio ambiente y seguros con excelente conductividad t\u00e9rmica, aspecto hermoso y duradero, y es muy adecuado para uso dom\u00e9stico.<\/p>\n<h3>Caracter\u00edsticas y ventajas del juego de ollas:<\/h3>\n<p>1)Materiales no t\u00f3xicos, seguros y respetuosos con el medio ambiente<\/p>\n<p>2)Conductividad t\u00e9rmica superior para una cocci\u00f3n perfecta<\/p>\n<p>3)Limpieza y mantenimiento sin esfuerzo<\/p>\n<p>4)Resistencia avanzada a la corrosi\u00f3n para una cocina higi\u00e9nica<\/p>\n<p>5)Revolucionario recubrimiento cer\u00e1mico por pulverizaci\u00f3n a alta temperatura, est\u00e9ticamente agradable y duradero<\/p>\n<p>6)Colores\/materiales\/tama\u00f1os\/mango personalizables para adaptarse a su estilo<\/p>\n<p>7)Sin PFOA<\/p>","protected":false},"featured_media":627,"comment_status":"closed","ping_status":"closed","template":"","meta":{"_acf_changed":false},"product_brand":[],"product_cat":[24,69],"product_tag":[98],"class_list":{"0":"post-624","1":"product","2":"type-product","3":"status-publish","4":"has-post-thumbnail","6":"product_cat-cookware","7":"product_cat-cookware-sets","8":"product_tag-wholesale-home-cookware","10":"first","11":"instock","12":"shipping-taxable","13":"product-type-simple"},"acf":[],"_links":{"self":[{"href":"https:\/\/www.purecook.com\/es\/wp-json\/wp\/v2\/product\/624","targetHints":{"allow":["GET"]}}],"collection":[{"href":"https:\/\/www.purecook.com\/es\/wp-json\/wp\/v2\/product"}],"about":[{"href":"https:\/\/www.purecook.com\/es\/wp-json\/wp\/v2\/types\/product"}],"replies":[{"embeddable":true,"href":"https:\/\/www.purecook.com\/es\/wp-json\/wp\/v2\/comments?post=624"}],"wp:featuredmedia":[{"embeddable":true,"href":"https:\/\/www.purecook.com\/es\/wp-json\/wp\/v2\/media\/627"}],"wp:attachment":[{"href":"https:\/\/www.purecook.com\/es\/wp-json\/wp\/v2\/media?parent=624"}],"wp:term":[{"taxonomy":"product_brand","embeddable":true,"href":"https:\/\/www.purecook.com\/es\/wp-json\/wp\/v2\/product_brand?post=624"},{"taxonomy":"product_cat","embeddable":true,"href":"https:\/\/www.purecook.com\/es\/wp-json\/wp\/v2\/product_cat?post=624"},{"taxonomy":"product_tag","embeddable":true,"href":"https:\/\/www.purecook.com\/es\/wp-json\/wp\/v2\/product_tag?post=624"}],"curies":[{"name":"wp","href":"https:\/\/api.w.org\/{rel}","templated":true}]}}