{"id":820,"date":"2024-04-12T16:34:55","date_gmt":"2024-04-12T08:34:55","guid":{"rendered":"https:\/\/purecook.com\/?post_type=product&#038;p=820"},"modified":"2026-02-27T18:02:57","modified_gmt":"2026-02-27T10:02:57","slug":"ceramic-coated-cookware-set-wholesale","status":"publish","type":"product","link":"https:\/\/www.purecook.com\/es\/product\/ceramic-coated-cookware-set-wholesale\/","title":{"rendered":"Mayorista Bater\u00eda de Cocina de Cer\u00e1mica Ecol\u00f3gica"},"content":{"rendered":"<div class=\"wp-block-columns is-layout-flex wp-container-core-columns-is-layout-9d6595d7 wp-block-columns-is-layout-flex\">\n<div class=\"wp-block-column is-layout-flow wp-block-column-is-layout-flow\">\n<h3 class=\"wp-block-heading\">Par\u00e1metros de la bater\u00eda de cocina<\/h3>\n\n\n\n<p>-<strong>N\u00famero de modelo: Marina<\/strong><br>-Material: acero inoxidable<br>-Grosor normal: 0,5 mm<br>-Tapa: Tapas de cristal<br>-Fondo: Inducci\u00f3n Fondo s\u00e1ndwich (SUS+1mm Alu+SUS)<br>-Logotipo: serigraf\u00eda\/grabado l\u00e1ser\/sello en relieve<br>-Asa y pomo de la tapa: Madera de haya<br>-Incluye: Sart\u00e9n(1.5L),Olla(5L),Olla(2.5L),Olla(2L),Olla(2.5L)<br>-Sart\u00e9n (1.5L) tama\u00f1o: 16*9cm<br>-Tama\u00f1o de la olla (5L): 24*13cm<br>-Tama\u00f1o de la olla (2.5L): 20*11cm<br>-Pote de sopa (2L) tama\u00f1o: 18*10cm<br>-Caldera (2.5L) tama\u00f1o: 24*8cm<br>-Cantidad m\u00e1xima: 1000 juegos<\/p>\n<\/div>\n\n\n\n<div class=\"wp-block-column is-layout-flow wp-block-column-is-layout-flow\">\n<h3 class=\"wp-block-heading\">Opciones de personalizaci\u00f3n de la bater\u00eda de cocina<\/h3>\n\n\n\n<p>Eleve su negocio de catering con nuestras ilimitadas opciones de personalizaci\u00f3n y nuestros innovadores dise\u00f1os.<\/p>\n\n\n\n<p>-Color: Beige\/otro color personalizado<br>-Material: SUS#201\/304\/410\/430<br>-Mango para adaptarse a su estilo.<br>-Logotipo: personalice el logotipo de su marca.<br>-Embalaje: caja de color\/caja de cart\u00f3n, etc.<br><strong><a href=\"https:\/\/www.purecook.com\/es\/custom-solution\/\" target=\"_blank\" rel=\"noreferrer noopener\">-Soluciones personalizadas OEM y ODM <\/a><\/strong><\/p>\n\n\n\n<div class=\"wp-block-columns is-layout-flex wp-container-core-columns-is-layout-9d6595d7 wp-block-columns-is-layout-flex\">\n<div class=\"wp-block-column is-layout-flow wp-block-column-is-layout-flow\">\n<div class=\"wp-block-columns is-layout-flex wp-container-core-columns-is-layout-9d6595d7 wp-block-columns-is-layout-flex\">\n<div class=\"wp-block-column is-layout-flow wp-block-column-is-layout-flow\"><\/div>\n<\/div>\n<\/div>\n<\/div>\n\n\n\n<p><\/p>\n\n\n\n<p><\/p>\n\n\n\n<p><\/p>\n<\/div>\n<\/div>\n\n\n\n<div class=\"wp-block-columns is-layout-flex wp-container-core-columns-is-layout-9d6595d7 wp-block-columns-is-layout-flex\">\n<div class=\"wp-block-column is-layout-flow wp-block-column-is-layout-flow\">\n<figure class=\"wp-block-image size-full is-resized\"><img decoding=\"async\" width=\"800\" height=\"800\" src=\"https:\/\/purecook.com\/wp-content\/uploads\/2024\/04\/bulk-cookware-set.webp\" alt=\"juego de ollas a granel\" class=\"wp-image-822\" style=\"width:416px;height:auto\" srcset=\"https:\/\/www.purecook.com\/wp-content\/uploads\/2024\/04\/bulk-cookware-set.webp 800w, https:\/\/www.purecook.com\/wp-content\/uploads\/2024\/04\/bulk-cookware-set-300x300.webp 300w, https:\/\/www.purecook.com\/wp-content\/uploads\/2024\/04\/bulk-cookware-set-150x150.webp 150w, https:\/\/www.purecook.com\/wp-content\/uploads\/2024\/04\/bulk-cookware-set-768x768.webp 768w, https:\/\/www.purecook.com\/wp-content\/uploads\/2024\/04\/bulk-cookware-set-600x600.webp 600w, https:\/\/www.purecook.com\/wp-content\/uploads\/2024\/04\/bulk-cookware-set-100x100.webp 100w\" sizes=\"(max-width: 800px) 100vw, 800px\" \/><\/figure>\n\n\n\n<figure class=\"wp-block-image size-full is-resized\"><img decoding=\"async\" width=\"800\" height=\"800\" src=\"https:\/\/purecook.com\/wp-content\/uploads\/2024\/04\/wholesale-custom-cookware.webp\" alt=\"venta al por mayor de utensilios de cocina a medida\" class=\"wp-image-823\" style=\"width:417px;height:auto\" srcset=\"https:\/\/www.purecook.com\/wp-content\/uploads\/2024\/04\/wholesale-custom-cookware.webp 800w, https:\/\/www.purecook.com\/wp-content\/uploads\/2024\/04\/wholesale-custom-cookware-300x300.webp 300w, https:\/\/www.purecook.com\/wp-content\/uploads\/2024\/04\/wholesale-custom-cookware-150x150.webp 150w, https:\/\/www.purecook.com\/wp-content\/uploads\/2024\/04\/wholesale-custom-cookware-768x768.webp 768w, https:\/\/www.purecook.com\/wp-content\/uploads\/2024\/04\/wholesale-custom-cookware-600x600.webp 600w, https:\/\/www.purecook.com\/wp-content\/uploads\/2024\/04\/wholesale-custom-cookware-100x100.webp 100w\" sizes=\"(max-width: 800px) 100vw, 800px\" \/><\/figure>\n<\/div>\n\n\n\n<div class=\"wp-block-column is-layout-flow wp-block-column-is-layout-flow\">\n<figure class=\"wp-block-image size-full\"><img decoding=\"async\" width=\"750\" height=\"1368\" src=\"https:\/\/purecook.com\/wp-content\/uploads\/2024\/04\/cookware-design-detail-1.webp\" alt=\"\" class=\"wp-image-825\" srcset=\"https:\/\/www.purecook.com\/wp-content\/uploads\/2024\/04\/cookware-design-detail-1.webp 750w, https:\/\/www.purecook.com\/wp-content\/uploads\/2024\/04\/cookware-design-detail-1-164x300.webp 164w, https:\/\/www.purecook.com\/wp-content\/uploads\/2024\/04\/cookware-design-detail-1-600x1094.webp 600w\" sizes=\"(max-width: 750px) 100vw, 750px\" \/><\/figure>\n<\/div>\n<\/div>","protected":false},"excerpt":{"rendered":"<p>La bater\u00eda de cocina est\u00e1 hecha de acero inoxidable de alta calidad, que tiene una excelente resistencia a la corrosi\u00f3n y resistencia al calor. Usando la capa de cer\u00e1mica, hermosa y no f\u00e1cil pegarse a la comida.<\/p>\n<h3>Caracter\u00edsticas y ventajas de la bater\u00eda de cocina<\/h3>\n<p>1)Material ecol\u00f3gico: El uso de madera de haya para los mangos no s\u00f3lo es sostenible y duradero, sino que tambi\u00e9n ofrece un agarre c\u00f3modo y reduce la conducci\u00f3n del calor para un uso m\u00e1s seguro.<\/p>\n<p>2)Acero inoxidable de alta calidad: La bater\u00eda de cocina est\u00e1 hecha de acero inoxidable de alto est\u00e1ndar, lo que garantiza la seguridad alimentaria, excelente resistencia a la corrosi\u00f3n y resistencia al calor.<\/p>\n<p>3)Dise\u00f1o vers\u00e1til: El juego incluye varios tama\u00f1os y formas de utensilios de cocina para satisfacer diferentes necesidades culinarias, como fre\u00edr, hervir y guisar.<\/p>\n<p>4)Eficiencia energ\u00e9tica: Los materiales y el dise\u00f1o de calidad superior garantizan una distribuci\u00f3n uniforme del calor para cocinar con mayor eficiencia energ\u00e9tica.<\/p>\n<p>5)Eficiencia energ\u00e9tica: Los materiales y el dise\u00f1o de calidad superior garantizan una distribuci\u00f3n uniforme del calor para cocinar con mayor eficiencia energ\u00e9tica.<\/p>\n<p>6)Colores\/materiales\/tama\u00f1os personalizables para adaptarse a su estilo.<\/p>\n<p>7)Sin PFOA.<\/p>\n<p>\n<script src=\"chrome-extension:\/\/fpelahbljekknahkcaegamhcndkfpfnc\/iFrame.js\" type=\"text\/javascript\"><\/script><\/p>","protected":false},"featured_media":834,"comment_status":"open","ping_status":"closed","template":"","meta":{"_acf_changed":false},"product_brand":[],"product_cat":[24,69],"product_tag":[98],"class_list":{"0":"post-820","1":"product","2":"type-product","3":"status-publish","4":"has-post-thumbnail","6":"product_cat-cookware","7":"product_cat-cookware-sets","8":"product_tag-wholesale-home-cookware","10":"first","11":"instock","12":"shipping-taxable","13":"product-type-simple"},"acf":[],"_links":{"self":[{"href":"https:\/\/www.purecook.com\/es\/wp-json\/wp\/v2\/product\/820","targetHints":{"allow":["GET"]}}],"collection":[{"href":"https:\/\/www.purecook.com\/es\/wp-json\/wp\/v2\/product"}],"about":[{"href":"https:\/\/www.purecook.com\/es\/wp-json\/wp\/v2\/types\/product"}],"replies":[{"embeddable":true,"href":"https:\/\/www.purecook.com\/es\/wp-json\/wp\/v2\/comments?post=820"}],"wp:featuredmedia":[{"embeddable":true,"href":"https:\/\/www.purecook.com\/es\/wp-json\/wp\/v2\/media\/834"}],"wp:attachment":[{"href":"https:\/\/www.purecook.com\/es\/wp-json\/wp\/v2\/media?parent=820"}],"wp:term":[{"taxonomy":"product_brand","embeddable":true,"href":"https:\/\/www.purecook.com\/es\/wp-json\/wp\/v2\/product_brand?post=820"},{"taxonomy":"product_cat","embeddable":true,"href":"https:\/\/www.purecook.com\/es\/wp-json\/wp\/v2\/product_cat?post=820"},{"taxonomy":"product_tag","embeddable":true,"href":"https:\/\/www.purecook.com\/es\/wp-json\/wp\/v2\/product_tag?post=820"}],"curies":[{"name":"wp","href":"https:\/\/api.w.org\/{rel}","templated":true}]}}