{"id":866,"date":"2024-04-12T09:23:11","date_gmt":"2024-04-12T01:23:11","guid":{"rendered":"https:\/\/purecook.com\/?post_type=product&#038;p=866"},"modified":"2025-04-27T17:43:24","modified_gmt":"2025-04-27T09:43:24","slug":"customizable-fryer-pot-wholesale","status":"publish","type":"product","link":"https:\/\/www.purecook.com\/es\/product\/customizable-fryer-pot-wholesale\/","title":{"rendered":"Olla freidora antiadherente personalizable con term\u00f3metro al por mayor"},"content":{"rendered":"<div class=\"wp-block-columns is-layout-flex wp-container-core-columns-is-layout-9d6595d7 wp-block-columns-is-layout-flex\">\n<div class=\"wp-block-column is-layout-flow wp-block-column-is-layout-flow\">\n<h2 class=\"wp-block-heading\">Par\u00e1metros de la olla freidora<\/h2>\n\n\n\n<p>Material del cuerpo:0,5 mm SS201\/SS304<br>Material del anillo de la tapa: 0.5mm SS201<br>Cubierta de la tapa:0,7 mm SS201<br>Fondo:SS201\/SS304+1mm Alu.+0.5mm SS430 Alto pulido espejo interior y pulido espejo exterior.<br>Esmalte mate inferior.<br>Logotipo de Custome en el cuerpo y la parte inferior.<br>Con term\u00f3metro de aceite<br><strong>Tipo 1:<\/strong><br>Tama\u00f1o:20 cm,2,2l<br>Tama\u00f1o de la caja de color:25\u00d710,8\u00d721,7 cm<br>Peso neto: 800 g <br>G.W.:1000g<br><strong>Tipo 2:<\/strong><br>Tama\u00f1o:24 cm,3,4L<br>Color Tama\u00f1o de la caja:26,8\u00d711,8\u00d725,8 cm<br>N.W.:1040g <br>G.W.:1300g<br><strong>Tipo 3:<\/strong><br>Tama\u00f1o:28 cm, 4,2L<br>Tama\u00f1o de la caja de color: 29,3\u00d711,9\u00d729,4 cm<br>N.W.:1380g <br>G.W.:1600g<br><br><\/p>\n<\/div>\n\n\n\n<div class=\"wp-block-column is-layout-flow wp-block-column-is-layout-flow\">\n<h2 class=\"wp-block-heading\">Olla freidora a medida<\/h2>\n\n\n\n<p>Eleve su negocio de catering con nuestras ilimitadas opciones de personalizaci\u00f3n y nuestros innovadores dise\u00f1os.<\/p>\n\n\n\n<p>Materials:SUS#201\/304<br>Tipo:tipo1\/tipo2\/tipo3<br>Embalaje:cart\u00f3n\/caja de color<br><strong><a href=\"https:\/\/www.purecook.com\/es\/custom-solution\/\" target=\"_blank\" rel=\"noreferrer noopener\">-Soluciones personalizadas OEM y ODM<\/a><\/strong><br><\/p>\n<\/div>\n<\/div>\n\n\n\n<div class=\"wp-block-columns is-layout-flex wp-container-core-columns-is-layout-9d6595d7 wp-block-columns-is-layout-flex\">\n<div class=\"wp-block-column is-layout-flow wp-block-column-is-layout-flow\">\n<figure class=\"wp-block-image size-full\"><img decoding=\"async\" width=\"800\" height=\"800\" src=\"https:\/\/purecook.com\/wp-content\/uploads\/2024\/04\/wholesale-custom-Fryer-cookware-manufacturer-.webp\" alt=\"mayorista de utensilios de cocina para freidora\" class=\"wp-image-873\" srcset=\"https:\/\/www.purecook.com\/wp-content\/uploads\/2024\/04\/wholesale-custom-Fryer-cookware-manufacturer-.webp 800w, https:\/\/www.purecook.com\/wp-content\/uploads\/2024\/04\/wholesale-custom-Fryer-cookware-manufacturer--300x300.webp 300w, https:\/\/www.purecook.com\/wp-content\/uploads\/2024\/04\/wholesale-custom-Fryer-cookware-manufacturer--150x150.webp 150w, https:\/\/www.purecook.com\/wp-content\/uploads\/2024\/04\/wholesale-custom-Fryer-cookware-manufacturer--768x768.webp 768w, https:\/\/www.purecook.com\/wp-content\/uploads\/2024\/04\/wholesale-custom-Fryer-cookware-manufacturer--600x600.webp 600w, https:\/\/www.purecook.com\/wp-content\/uploads\/2024\/04\/wholesale-custom-Fryer-cookware-manufacturer--100x100.webp 100w\" sizes=\"(max-width: 800px) 100vw, 800px\" \/><\/figure>\n\n\n\n<figure class=\"wp-block-image size-full\"><img decoding=\"async\" width=\"750\" height=\"1381\" src=\"https:\/\/purecook.com\/wp-content\/uploads\/2024\/04\/cookware-wholesaler-bulk-fryer-supplies.webp\" alt=\"mayorista de utensilios de cocina suministros para freidoras a granel\" class=\"wp-image-871\" srcset=\"https:\/\/www.purecook.com\/wp-content\/uploads\/2024\/04\/cookware-wholesaler-bulk-fryer-supplies.webp 750w, https:\/\/www.purecook.com\/wp-content\/uploads\/2024\/04\/cookware-wholesaler-bulk-fryer-supplies-163x300.webp 163w, https:\/\/www.purecook.com\/wp-content\/uploads\/2024\/04\/cookware-wholesaler-bulk-fryer-supplies-600x1105.webp 600w\" sizes=\"(max-width: 750px) 100vw, 750px\" \/><\/figure>\n<\/div>\n\n\n\n<div class=\"wp-block-column is-layout-flow wp-block-column-is-layout-flow\">\n<figure class=\"wp-block-image size-full\"><img decoding=\"async\" width=\"800\" height=\"800\" src=\"https:\/\/purecook.com\/wp-content\/uploads\/2024\/04\/cookware-manufacturer-wholesale-custom-Fryer-supplies.webp\" alt=\"fabricante de utensilios de cocina al por mayor personalizados Freidora suministros\" class=\"wp-image-870\" srcset=\"https:\/\/www.purecook.com\/wp-content\/uploads\/2024\/04\/cookware-manufacturer-wholesale-custom-Fryer-supplies.webp 800w, https:\/\/www.purecook.com\/wp-content\/uploads\/2024\/04\/cookware-manufacturer-wholesale-custom-Fryer-supplies-300x300.webp 300w, https:\/\/www.purecook.com\/wp-content\/uploads\/2024\/04\/cookware-manufacturer-wholesale-custom-Fryer-supplies-150x150.webp 150w, https:\/\/www.purecook.com\/wp-content\/uploads\/2024\/04\/cookware-manufacturer-wholesale-custom-Fryer-supplies-768x768.webp 768w, https:\/\/www.purecook.com\/wp-content\/uploads\/2024\/04\/cookware-manufacturer-wholesale-custom-Fryer-supplies-600x600.webp 600w, https:\/\/www.purecook.com\/wp-content\/uploads\/2024\/04\/cookware-manufacturer-wholesale-custom-Fryer-supplies-100x100.webp 100w\" sizes=\"(max-width: 800px) 100vw, 800px\" \/><\/figure>\n\n\n\n<figure class=\"wp-block-image size-full\"><img decoding=\"async\" width=\"750\" height=\"1250\" src=\"https:\/\/purecook.com\/wp-content\/uploads\/2024\/04\/bulk-custom-Fryer-wholesale-.webp\" alt=\"freidora personalizada al por mayor\" class=\"wp-image-868\" srcset=\"https:\/\/www.purecook.com\/wp-content\/uploads\/2024\/04\/bulk-custom-Fryer-wholesale-.webp 750w, https:\/\/www.purecook.com\/wp-content\/uploads\/2024\/04\/bulk-custom-Fryer-wholesale--180x300.webp 180w, https:\/\/www.purecook.com\/wp-content\/uploads\/2024\/04\/bulk-custom-Fryer-wholesale--600x1000.webp 600w\" sizes=\"(max-width: 750px) 100vw, 750px\" \/><\/figure>\n<\/div>\n<\/div>\n\n\n\n<p><\/p>","protected":false},"excerpt":{"rendered":"<p>Purecook al por mayor olla freidora antiadherente.La olla freidora adopta un sistema de calentamiento eficiente, que garantiza una distribuci\u00f3n uniforme del calor y una velocidad de cocci\u00f3n m\u00e1s r\u00e1pida. Los filtros pueden drenar el exceso de aceite, haciendo la comida m\u00e1s deliciosa y saludable.<\/p>\n<h3>Caracter\u00edsticas y ventajas de la olla freidora<\/h3>\n<p>1)Innovadora funci\u00f3n de olla doble: Experimente la comodidad de fre\u00edr y asar simult\u00e1neamente con nuestro dise\u00f1o de doble compartimento, perfecto para crear diversas delicias culinarias de una sola vez.<\/p>\n<p>2)Revestimiento antiadherente personalizable: Adapte la superficie antiadherente a sus preferencias, garantizando la liberaci\u00f3n de los alimentos sin esfuerzo y un proceso de limpieza sencillo despu\u00e9s de cada uso.<\/p>\n<p>3)Opci\u00f3n de cocina saludable: El compartimento colador de aceite integrado permite que el exceso de aceite se escurra de los alimentos, promoviendo pr\u00e1cticas de cocina m\u00e1s saludables.<\/p>\n<p>4)Construcci\u00f3n de acero inoxidable de primera calidad: Construida con acero inoxidable de alta calidad, esta freidora presenta una durabilidad y resistencia al desgaste excepcionales, lo que garantiza una larga vida \u00fatil como compa\u00f1era de cocina.<\/p>\n<p>5)Sistema de calentamiento eficiente: Dise\u00f1ado para una distribuci\u00f3n r\u00e1pida y uniforme del calor, reduciendo los tiempos de cocci\u00f3n y mejorando la infusi\u00f3n del sabor.<\/p>\n<p>6)Modos de cocci\u00f3n vers\u00e1tiles: Tanto si le apetece pollo frito crujiente como verduras rehogadas, nuestra freidora satisface todos los gustos con sus modos de cocci\u00f3n adaptables.<\/p>\n<p>7)Dise\u00f1o elegante: Con su elegante aspecto de acero inoxidable, este electrodom\u00e9stico no s\u00f3lo es una potencia en la cocina, sino que tambi\u00e9n a\u00f1ade un toque de sofisticaci\u00f3n a su encimera.<\/p>\n<p>8)Perfecta para uso dom\u00e9stico y profesional: Adecuada tanto para chefs dom\u00e9sticos como para profesionales culinarios, esta freidora est\u00e1 dise\u00f1ada para satisfacer las exigencias de cualquier entorno de cocina.<\/p>\n<p><a href=\"https:\/\/www.purecook.com\/es\/categoria-de-productos\/kitchen-utensils\/oil-pot\/\" target=\"_blank\" rel=\"noopener\"><strong>Descubra productos relacionados para olla freidora - ollas de aceite filtrables<\/strong><\/a><\/p>","protected":false},"featured_media":872,"comment_status":"open","ping_status":"closed","template":"","meta":{"_acf_changed":false},"product_brand":[],"product_cat":[24,72],"product_tag":[98],"class_list":{"0":"post-866","1":"product","2":"type-product","3":"status-publish","4":"has-post-thumbnail","6":"product_cat-cookware","7":"product_cat-fryer-pots","8":"product_tag-wholesale-home-cookware","10":"first","11":"instock","12":"shipping-taxable","13":"product-type-simple"},"acf":[],"_links":{"self":[{"href":"https:\/\/www.purecook.com\/es\/wp-json\/wp\/v2\/product\/866","targetHints":{"allow":["GET"]}}],"collection":[{"href":"https:\/\/www.purecook.com\/es\/wp-json\/wp\/v2\/product"}],"about":[{"href":"https:\/\/www.purecook.com\/es\/wp-json\/wp\/v2\/types\/product"}],"replies":[{"embeddable":true,"href":"https:\/\/www.purecook.com\/es\/wp-json\/wp\/v2\/comments?post=866"}],"wp:featuredmedia":[{"embeddable":true,"href":"https:\/\/www.purecook.com\/es\/wp-json\/wp\/v2\/media\/872"}],"wp:attachment":[{"href":"https:\/\/www.purecook.com\/es\/wp-json\/wp\/v2\/media?parent=866"}],"wp:term":[{"taxonomy":"product_brand","embeddable":true,"href":"https:\/\/www.purecook.com\/es\/wp-json\/wp\/v2\/product_brand?post=866"},{"taxonomy":"product_cat","embeddable":true,"href":"https:\/\/www.purecook.com\/es\/wp-json\/wp\/v2\/product_cat?post=866"},{"taxonomy":"product_tag","embeddable":true,"href":"https:\/\/www.purecook.com\/es\/wp-json\/wp\/v2\/product_tag?post=866"}],"curies":[{"name":"wp","href":"https:\/\/api.w.org\/{rel}","templated":true}]}}