{"id":887,"date":"2024-04-12T11:11:50","date_gmt":"2024-04-12T03:11:50","guid":{"rendered":"https:\/\/purecook.com\/?post_type=product&#038;p=887"},"modified":"2025-12-04T15:16:16","modified_gmt":"2025-12-04T07:16:16","slug":"stainless-steel-food-storage-container-wholesale","status":"publish","type":"product","link":"https:\/\/www.purecook.com\/es\/product\/stainless-steel-food-storage-container-wholesale\/","title":{"rendered":"Recipiente de Almacenamiento de Alimentos Exquisito con Seguridad para Microondas al Por Mayor"},"content":{"rendered":"<div class=\"wp-block-columns is-layout-flex wp-container-core-columns-is-layout-9d6595d7 wp-block-columns-is-layout-flex\">\n<div class=\"wp-block-column is-layout-flow wp-block-column-is-layout-flow\">\n<h2 class=\"wp-block-heading\">Par\u00e1metros del contenedor de alimentos<\/h2>\n\n\n\n<p>Materiales:ss304\/ss201 <br>Grosor:06mm\uff1b<br>con tapa de cristal de silicona\uff1b<br>Artesan\u00eda exterior: electr\u00f3lisis interior y exterior<br>SKU:700\/1200\/1900\/1000\/1800\/3000ml<br>700ML:15,9x<em>12<\/em>x4,6 cm<br>1200ML:19,5x<em>14.8<\/em>x5.1cm<br>1900ML:23,6x<em>18.2<\/em>x5,5 cm<br>1000ML:15,9x<em>12<\/em>x7cm<br>1800ML:19,5x<em>14.8<\/em>x8cm<br>3000ML:23,6<em>1\u00d78.4<\/em>x90cm<\/p>\n<\/div>\n\n\n\n<div class=\"wp-block-column is-layout-flow wp-block-column-is-layout-flow\">\n<h2 class=\"wp-block-heading\">Recipiente a medida para alimentos<\/h2>\n\n\n\n<p>Eleve su negocio de catering con nuestras ilimitadas opciones de personalizaci\u00f3n y nuestros innovadores dise\u00f1os.<\/p>\n\n\n\n<p>Materiales: ss304\/ss201 <br>Embalaje: cart\u00f3n\/caja de color<br><a href=\"https:\/\/www.purecook.com\/es\/custom-solution\/\" data-type=\"link\" data-id=\"https:\/\/purecook.com\/custom-solution\/\" target=\"_blank\" rel=\"noopener\"><\/a><strong><strong><a href=\"https:\/\/www.purecook.com\/es\/custom-solution\/\" target=\"_blank\" rel=\"noreferrer noopener\">Soluciones de envases alimentarios personalizados OEM y ODM <\/a><\/strong><\/strong><\/p>\n<\/div>\n<\/div>\n\n\n\n<div class=\"wp-block-columns is-layout-flex wp-container-core-columns-is-layout-9d6595d7 wp-block-columns-is-layout-flex\">\n<div class=\"wp-block-column is-layout-flow wp-block-column-is-layout-flow\">\n<figure class=\"wp-block-image size-full\"><img decoding=\"async\" width=\"800\" height=\"800\" src=\"https:\/\/purecook.com\/wp-content\/uploads\/2024\/04\/kitchenware-manufacturer-wholesale-food-storage-container.webp\" alt=\"fabricante de utensilios de cocina al por mayor recipiente de almacenamiento de alimentos\" class=\"wp-image-894\" srcset=\"https:\/\/www.purecook.com\/wp-content\/uploads\/2024\/04\/kitchenware-manufacturer-wholesale-food-storage-container.webp 800w, https:\/\/www.purecook.com\/wp-content\/uploads\/2024\/04\/kitchenware-manufacturer-wholesale-food-storage-container-300x300.webp 300w, https:\/\/www.purecook.com\/wp-content\/uploads\/2024\/04\/kitchenware-manufacturer-wholesale-food-storage-container-150x150.webp 150w, https:\/\/www.purecook.com\/wp-content\/uploads\/2024\/04\/kitchenware-manufacturer-wholesale-food-storage-container-768x768.webp 768w, https:\/\/www.purecook.com\/wp-content\/uploads\/2024\/04\/kitchenware-manufacturer-wholesale-food-storage-container-600x600.webp 600w, https:\/\/www.purecook.com\/wp-content\/uploads\/2024\/04\/kitchenware-manufacturer-wholesale-food-storage-container-100x100.webp 100w\" sizes=\"(max-width: 800px) 100vw, 800px\" \/><\/figure>\n\n\n\n<figure class=\"wp-block-image size-full\"><img decoding=\"async\" width=\"800\" height=\"800\" src=\"https:\/\/purecook.com\/wp-content\/uploads\/2024\/04\/kitchenware-manufacturer-wholesale-food-storage-container-supplies.webp\" alt=\"fabricante de utensilios de cocina al por mayor suministros de contenedores de almacenamiento de alimentos\" class=\"wp-image-893\" srcset=\"https:\/\/www.purecook.com\/wp-content\/uploads\/2024\/04\/kitchenware-manufacturer-wholesale-food-storage-container-supplies.webp 800w, https:\/\/www.purecook.com\/wp-content\/uploads\/2024\/04\/kitchenware-manufacturer-wholesale-food-storage-container-supplies-300x300.webp 300w, https:\/\/www.purecook.com\/wp-content\/uploads\/2024\/04\/kitchenware-manufacturer-wholesale-food-storage-container-supplies-150x150.webp 150w, https:\/\/www.purecook.com\/wp-content\/uploads\/2024\/04\/kitchenware-manufacturer-wholesale-food-storage-container-supplies-768x768.webp 768w, https:\/\/www.purecook.com\/wp-content\/uploads\/2024\/04\/kitchenware-manufacturer-wholesale-food-storage-container-supplies-600x600.webp 600w, https:\/\/www.purecook.com\/wp-content\/uploads\/2024\/04\/kitchenware-manufacturer-wholesale-food-storage-container-supplies-100x100.webp 100w\" sizes=\"(max-width: 800px) 100vw, 800px\" \/><\/figure>\n<\/div>\n\n\n\n<div class=\"wp-block-column is-layout-flow wp-block-column-is-layout-flow\">\n<figure class=\"wp-block-image size-full\"><img decoding=\"async\" width=\"800\" height=\"800\" src=\"https:\/\/purecook.com\/wp-content\/uploads\/2024\/04\/kitchenware-factory-custom-food-storage-container-supplies.webp\" alt=\"f\u00e1brica de utensilios de cocina suministros de contenedores de almacenamiento de alimentos personalizados\" class=\"wp-image-890\" srcset=\"https:\/\/www.purecook.com\/wp-content\/uploads\/2024\/04\/kitchenware-factory-custom-food-storage-container-supplies.webp 800w, https:\/\/www.purecook.com\/wp-content\/uploads\/2024\/04\/kitchenware-factory-custom-food-storage-container-supplies-300x300.webp 300w, https:\/\/www.purecook.com\/wp-content\/uploads\/2024\/04\/kitchenware-factory-custom-food-storage-container-supplies-150x150.webp 150w, https:\/\/www.purecook.com\/wp-content\/uploads\/2024\/04\/kitchenware-factory-custom-food-storage-container-supplies-768x768.webp 768w, https:\/\/www.purecook.com\/wp-content\/uploads\/2024\/04\/kitchenware-factory-custom-food-storage-container-supplies-600x600.webp 600w, https:\/\/www.purecook.com\/wp-content\/uploads\/2024\/04\/kitchenware-factory-custom-food-storage-container-supplies-100x100.webp 100w\" sizes=\"(max-width: 800px) 100vw, 800px\" \/><\/figure>\n\n\n\n<figure class=\"wp-block-image size-full\"><img decoding=\"async\" width=\"800\" height=\"800\" src=\"https:\/\/purecook.com\/wp-content\/uploads\/2024\/04\/kitchenware-manufacturer-wholesale-food-storage-container-3.webp\" alt=\"fabricante de utensilios de cocina al por mayor recipiente de almacenamiento de alimentos (3)\" class=\"wp-image-892\" srcset=\"https:\/\/www.purecook.com\/wp-content\/uploads\/2024\/04\/kitchenware-manufacturer-wholesale-food-storage-container-3.webp 800w, https:\/\/www.purecook.com\/wp-content\/uploads\/2024\/04\/kitchenware-manufacturer-wholesale-food-storage-container-3-300x300.webp 300w, https:\/\/www.purecook.com\/wp-content\/uploads\/2024\/04\/kitchenware-manufacturer-wholesale-food-storage-container-3-150x150.webp 150w, https:\/\/www.purecook.com\/wp-content\/uploads\/2024\/04\/kitchenware-manufacturer-wholesale-food-storage-container-3-768x768.webp 768w, https:\/\/www.purecook.com\/wp-content\/uploads\/2024\/04\/kitchenware-manufacturer-wholesale-food-storage-container-3-600x600.webp 600w, https:\/\/www.purecook.com\/wp-content\/uploads\/2024\/04\/kitchenware-manufacturer-wholesale-food-storage-container-3-100x100.webp 100w\" sizes=\"(max-width: 800px) 100vw, 800px\" \/><\/figure>\n<\/div>\n<\/div>","protected":false},"excerpt":{"rendered":"<p>Purecook vende al por mayor recipientes de acero inoxidable para almacenar alimentos. El contenedor de almacenamiento de alimentos es muy utilizado, adecuado para almacenar comidas, sobras y otros alimentos. Con tecnolog\u00eda de sellado avanzada, puede mantener la frescura de los alimentos durante mucho tiempo y se puede utilizar en microondas para calentar c\u00f3modamente los alimentos.<\/p>\n<h2>Caracter\u00edsticas del contenedor de alimentos<\/h2>\n<p>1)Tecnolog\u00eda de sellado avanzada: Con un anillo de sellado de silicona personalizable, este recipiente proporciona un cierre herm\u00e9tico para mantener la frescura, el sabor y el valor nutricional de sus alimentos.<\/p>\n<p>2)Apto para microondas: Dise\u00f1ado para ser apto para microondas (sin la tapa), esta caja permite recalentar c\u00f3modamente, a\u00f1adiendo versatilidad a sus rutinas de almacenamiento y preparaci\u00f3n de alimentos.<\/p>\n<p>3)Uso vers\u00e1til: Este recipiente es perfecto para una gran variedad de necesidades de almacenamiento, desde refrigerar sobras hasta marinar alimentos o preparar comidas para llevar.<\/p>\n<p>4)Resistencia a la temperatura: Soporta una amplia gama de temperaturas, apto para su uso en frigor\u00edficos, congeladores e incluso hornos (sin la tapa), ofreciendo una comodidad sin igual.<\/p>\n<p>5)F\u00e1cil de limpiar: Los componentes aptos para lavavajillas garantizan una limpieza sin complicaciones y mantienen la higiene, ya que tanto el recipiente de acero inoxidable como la tapa de cristal son f\u00e1ciles de lavar.<\/p>\n<p>6)Elegante y funcional: El dise\u00f1o moderno y la tapa transparente no s\u00f3lo realzan la est\u00e9tica de su cocina, sino que tambi\u00e9n le permiten identificar r\u00e1pidamente el contenido sin necesidad de abrir la caja.<\/p>","protected":false},"featured_media":894,"comment_status":"open","ping_status":"closed","template":"","meta":{"_acf_changed":false},"product_brand":[],"product_cat":[25,51],"product_tag":[],"class_list":{"0":"post-887","1":"product","2":"type-product","3":"status-publish","4":"has-post-thumbnail","6":"product_cat-food-storage","7":"product_cat-dinnerware","9":"first","10":"instock","11":"shipping-taxable","12":"product-type-simple"},"acf":[],"_links":{"self":[{"href":"https:\/\/www.purecook.com\/es\/wp-json\/wp\/v2\/product\/887","targetHints":{"allow":["GET"]}}],"collection":[{"href":"https:\/\/www.purecook.com\/es\/wp-json\/wp\/v2\/product"}],"about":[{"href":"https:\/\/www.purecook.com\/es\/wp-json\/wp\/v2\/types\/product"}],"replies":[{"embeddable":true,"href":"https:\/\/www.purecook.com\/es\/wp-json\/wp\/v2\/comments?post=887"}],"wp:featuredmedia":[{"embeddable":true,"href":"https:\/\/www.purecook.com\/es\/wp-json\/wp\/v2\/media\/894"}],"wp:attachment":[{"href":"https:\/\/www.purecook.com\/es\/wp-json\/wp\/v2\/media?parent=887"}],"wp:term":[{"taxonomy":"product_brand","embeddable":true,"href":"https:\/\/www.purecook.com\/es\/wp-json\/wp\/v2\/product_brand?post=887"},{"taxonomy":"product_cat","embeddable":true,"href":"https:\/\/www.purecook.com\/es\/wp-json\/wp\/v2\/product_cat?post=887"},{"taxonomy":"product_tag","embeddable":true,"href":"https:\/\/www.purecook.com\/es\/wp-json\/wp\/v2\/product_tag?post=887"}],"curies":[{"name":"wp","href":"https:\/\/api.w.org\/{rel}","templated":true}]}}