{"id":896,"date":"2024-04-12T16:29:23","date_gmt":"2024-04-12T08:29:23","guid":{"rendered":"https:\/\/purecook.com\/?post_type=product&#038;p=896"},"modified":"2024-06-03T18:18:59","modified_gmt":"2024-06-03T10:18:59","slug":"wholesale-stainless-steel-kettle","status":"publish","type":"product","link":"https:\/\/www.purecook.com\/es\/product\/wholesale-stainless-steel-kettle\/","title":{"rendered":"Mayorista Hervidor de Acero Inoxidable de Alta Calidad Apto para Varios Tipos de Estufas"},"content":{"rendered":"<div class=\"wp-block-columns is-layout-flex wp-container-core-columns-is-layout-9d6595d7 wp-block-columns-is-layout-flex\">\n<div class=\"wp-block-column is-layout-flow wp-block-column-is-layout-flow\">\n<h2 class=\"wp-block-heading\">Par\u00e1metros de la caldera de acero inoxidable<\/h2>\n\n\n\n<p>Material:Acero inoxidable 304<\/p>\n<\/div>\n\n\n\n<div class=\"wp-block-column is-layout-flow wp-block-column-is-layout-flow\">\n<h2 class=\"wp-block-heading\">Hervidor de acero inoxidable a medida<\/h2>\n\n\n\n<p>Eleve su negocio de catering con nuestras ilimitadas opciones de personalizaci\u00f3n y nuestros innovadores dise\u00f1os.<\/p>\n\n\n\n<p>Embalaje:caja de color\/cart\u00f3n<br><a href=\"https:\/\/www.purecook.com\/es\/custom-solution\/\" data-type=\"link\" data-id=\"https:\/\/purecook.com\/custom-solution\/\" target=\"_blank\" rel=\"noopener\"><strong><strong><a href=\"https:\/\/www.purecook.com\/es\/custom-solution\/\" target=\"_blank\" rel=\"noreferrer noopener\">-Soluciones personalizadas OEM y ODM <\/a><\/strong><\/strong><\/a><br><\/p>\n<\/div>\n<\/div>\n\n\n\n<div class=\"wp-block-columns is-layout-flex wp-container-core-columns-is-layout-9d6595d7 wp-block-columns-is-layout-flex\">\n<div class=\"wp-block-column is-layout-flow wp-block-column-is-layout-flow\">\n<figure class=\"wp-block-image size-full\"><img decoding=\"async\" width=\"750\" height=\"1237\" src=\"https:\/\/purecook.com\/wp-content\/uploads\/2024\/04\/bulk-kettle-supplies-kettle-factory.webp\" alt=\"suministros para hervidores a granel f\u00e1brica de hervidores\" class=\"wp-image-897\" srcset=\"https:\/\/www.purecook.com\/wp-content\/uploads\/2024\/04\/bulk-kettle-supplies-kettle-factory.webp 750w, https:\/\/www.purecook.com\/wp-content\/uploads\/2024\/04\/bulk-kettle-supplies-kettle-factory-182x300.webp 182w, https:\/\/www.purecook.com\/wp-content\/uploads\/2024\/04\/bulk-kettle-supplies-kettle-factory-600x990.webp 600w\" sizes=\"(max-width: 750px) 100vw, 750px\" \/><\/figure>\n<\/div>\n\n\n\n<div class=\"wp-block-column is-layout-flow wp-block-column-is-layout-flow\">\n<figure class=\"wp-block-image size-full\"><img decoding=\"async\" width=\"750\" height=\"980\" src=\"https:\/\/purecook.com\/wp-content\/uploads\/2024\/04\/wholesale-custom-kettle-kettle-manufacturer.webp\" alt=\"fabricante al por mayor de teteras personalizadas\" class=\"wp-image-902\" srcset=\"https:\/\/www.purecook.com\/wp-content\/uploads\/2024\/04\/wholesale-custom-kettle-kettle-manufacturer.webp 750w, https:\/\/www.purecook.com\/wp-content\/uploads\/2024\/04\/wholesale-custom-kettle-kettle-manufacturer-230x300.webp 230w, https:\/\/www.purecook.com\/wp-content\/uploads\/2024\/04\/wholesale-custom-kettle-kettle-manufacturer-600x784.webp 600w\" sizes=\"(max-width: 750px) 100vw, 750px\" \/><\/figure>\n<\/div>\n<\/div>","protected":false},"excerpt":{"rendered":"<p>Bienvenido a comprar la tetera de acero inoxidable de venta directa de f\u00e1brica.La parte inferior de la tetera adopta un dise\u00f1o compuesto, que puede adaptarse a varias estufas y est\u00e1 equipada con una rejilla filtrante para filtrar las hojas de t\u00e9.<\/p>\n<h2>Caracter\u00edsticas y ventajas del hervidor de acero inoxidable<\/h2>\n<p>1)Material de acero inoxidable 304: Hecho de acero inoxidable 304, tiene una excelente resistencia a la corrosi\u00f3n y durabilidad, lo que garantiza que el producto no se oxida ni se corroe para el uso a largo plazo.<\/p>\n<p>2)Dise\u00f1o compuesto del fondo del horno: El fondo del horno adopta un dise\u00f1o compuesto, que puede adaptarse a varias herramientas de horno sin ser exigente con los tipos de herramientas de horno, haciendo que la caldera sea m\u00e1s vers\u00e1til.<\/p>\n<p>3) Acero inoxidable de calidad alimentaria: Hecho de acero inoxidable espesado de grado alimenticio, seguro e higi\u00e9nico, y resistente y duradero, no producir\u00e1 ning\u00fan olor o sustancias nocivas despu\u00e9s de su uso a largo plazo.<\/p>\n<p>4)Equipado con pantalla de filtro de t\u00e9: Dise\u00f1ado con una pantalla de filtro de t\u00e9 dedicado, puede filtrar f\u00e1cilmente el t\u00e9 y otras impurezas.<\/p>\n<p>5)No se deforma f\u00e1cilmente: Tiene buena estabilidad y resistencia a la deformaci\u00f3n, e incluso bajo alta temperatura o presi\u00f3n, no se deformar\u00e1, manteniendo la forma y el rendimiento de la caldera.<\/p>\n<p>6)Acero inoxidable de alta calidad: Hecho de materiales de acero inoxidable de alta calidad, con textura delicada, artesan\u00eda exquisita, aspecto hermoso y durabilidad.<\/p>\n<p>7)F\u00e1cil de limpiar: Con una superficie lisa y material de acero inoxidable, es f\u00e1cil de limpiar y puede limpiar r\u00e1pida y f\u00e1cilmente el hervidor, manteni\u00e9ndolo higi\u00e9nico y limpio.<\/p>","protected":false},"featured_media":898,"comment_status":"open","ping_status":"closed","template":"","meta":{"_acf_changed":false},"product_brand":[],"product_cat":[26,52],"product_tag":[],"class_list":{"0":"post-896","1":"product","2":"type-product","3":"status-publish","4":"has-post-thumbnail","6":"product_cat-kettle","7":"product_cat-kitchen-utensils","9":"first","10":"instock","11":"shipping-taxable","12":"product-type-simple"},"acf":[],"_links":{"self":[{"href":"https:\/\/www.purecook.com\/es\/wp-json\/wp\/v2\/product\/896","targetHints":{"allow":["GET"]}}],"collection":[{"href":"https:\/\/www.purecook.com\/es\/wp-json\/wp\/v2\/product"}],"about":[{"href":"https:\/\/www.purecook.com\/es\/wp-json\/wp\/v2\/types\/product"}],"replies":[{"embeddable":true,"href":"https:\/\/www.purecook.com\/es\/wp-json\/wp\/v2\/comments?post=896"}],"wp:featuredmedia":[{"embeddable":true,"href":"https:\/\/www.purecook.com\/es\/wp-json\/wp\/v2\/media\/898"}],"wp:attachment":[{"href":"https:\/\/www.purecook.com\/es\/wp-json\/wp\/v2\/media?parent=896"}],"wp:term":[{"taxonomy":"product_brand","embeddable":true,"href":"https:\/\/www.purecook.com\/es\/wp-json\/wp\/v2\/product_brand?post=896"},{"taxonomy":"product_cat","embeddable":true,"href":"https:\/\/www.purecook.com\/es\/wp-json\/wp\/v2\/product_cat?post=896"},{"taxonomy":"product_tag","embeddable":true,"href":"https:\/\/www.purecook.com\/es\/wp-json\/wp\/v2\/product_tag?post=896"}],"curies":[{"name":"wp","href":"https:\/\/api.w.org\/{rel}","templated":true}]}}