{"id":1994,"date":"2024-05-16T11:40:31","date_gmt":"2024-05-16T03:40:31","guid":{"rendered":"https:\/\/purecook.com\/?post_type=product&#038;p=1994"},"modified":"2025-04-27T17:41:35","modified_gmt":"2025-04-27T09:41:35","slug":"wholesale-non-stick-honeycomb-frying-pan-non-toxic-and-easy-to-clean","status":"publish","type":"product","link":"https:\/\/www.purecook.com\/fr\/product\/wholesale-non-stick-honeycomb-frying-pan-non-toxic-and-easy-to-clean\/","title":{"rendered":"Po\u00eale \u00e0 frire antiadh\u00e9sive en nid d'abeille, non toxique et facile \u00e0 nettoyer"},"content":{"rendered":"<div class=\"wp-block-columns is-layout-flex wp-container-core-columns-is-layout-9d6595d7 wp-block-columns-is-layout-flex\">\n<div class=\"wp-block-column is-layout-flow wp-block-column-is-layout-flow\">\n<h3 class=\"wp-block-heading\">Param\u00e8tres de la po\u00eale \u00e0 frire Honeycomb<\/h3>\n\n\n\n<p><strong>Num\u00e9ro de mod\u00e8le : tcjg1<\/strong><br>Mat\u00e9riau : acier triple couche (SUS304 + ALU + SUS430)<br>Couverture : pas de couverture<br>\u00c9paisseur normale : 2,3 mm<br>Sp\u00e9cifications : 22 cm\/24 cm\/26 cm\/28 cm\/30 cm<br>Logo : s\u00e9rigraphie\/gravure laser\/estampage en relief<br>MOQ:120sets<\/p>\n<\/div>\n\n\n\n<div class=\"wp-block-column is-layout-flow wp-block-column-is-layout-flow\">\n<h3 class=\"wp-block-heading\">Po\u00eale \u00e0 frire alv\u00e9ol\u00e9e personnalis\u00e9e<\/h3>\n\n\n\n<p>Logo:personnalisez le logo de votre marque<br>emballage : bo\u00eete de couleur\/carton, etc.<br>Les po\u00eales \u00e0 frire sont souvent vendues sans couvercle. Si vous avez besoin d'un couvercle, vous pouvez le personnaliser. <br>Les bo\u00eetes de couleurs personnalis\u00e9es doivent \u00eatre au nombre de plus de 1 000 par mod\u00e8le.<br><strong><a href=\"https:\/\/www.purecook.com\/fr\/custom-solution\/\" target=\"_blank\" rel=\"noreferrer noopener\">Solutions personnalis\u00e9es OEM et ODM<\/a><\/strong><\/p>\n<\/div>\n<\/div>\n\n\n\n<div class=\"wp-block-columns is-layout-flex wp-container-core-columns-is-layout-9d6595d7 wp-block-columns-is-layout-flex\">\n<div class=\"wp-block-column is-layout-flow wp-block-column-is-layout-flow\">\n<figure class=\"wp-block-image size-full\"><img decoding=\"async\" width=\"800\" height=\"800\" src=\"https:\/\/purecook.com\/wp-content\/uploads\/2024\/05\/honeycomb-frying-Pan-7.webp\" alt=\"Po\u00eale \u00e0 frire en nid d&#039;abeille (7)\" class=\"wp-image-2000\" srcset=\"https:\/\/www.purecook.com\/wp-content\/uploads\/2024\/05\/honeycomb-frying-Pan-7.webp 800w, https:\/\/www.purecook.com\/wp-content\/uploads\/2024\/05\/honeycomb-frying-Pan-7-300x300.webp 300w, https:\/\/www.purecook.com\/wp-content\/uploads\/2024\/05\/honeycomb-frying-Pan-7-150x150.webp 150w, https:\/\/www.purecook.com\/wp-content\/uploads\/2024\/05\/honeycomb-frying-Pan-7-768x768.webp 768w, https:\/\/www.purecook.com\/wp-content\/uploads\/2024\/05\/honeycomb-frying-Pan-7-600x600.webp 600w, https:\/\/www.purecook.com\/wp-content\/uploads\/2024\/05\/honeycomb-frying-Pan-7-100x100.webp 100w\" sizes=\"(max-width: 800px) 100vw, 800px\" \/><\/figure>\n<\/div>\n\n\n\n<div class=\"wp-block-column is-layout-flow wp-block-column-is-layout-flow\">\n<figure class=\"wp-block-image size-full\"><img decoding=\"async\" width=\"800\" height=\"800\" src=\"https:\/\/purecook.com\/wp-content\/uploads\/2024\/05\/honeycomb-frying-Pan-2.webp\" alt=\"Po\u00eale \u00e0 frire alv\u00e9ol\u00e9e (2)\" class=\"wp-image-1996\" srcset=\"https:\/\/www.purecook.com\/wp-content\/uploads\/2024\/05\/honeycomb-frying-Pan-2.webp 800w, https:\/\/www.purecook.com\/wp-content\/uploads\/2024\/05\/honeycomb-frying-Pan-2-300x300.webp 300w, https:\/\/www.purecook.com\/wp-content\/uploads\/2024\/05\/honeycomb-frying-Pan-2-150x150.webp 150w, https:\/\/www.purecook.com\/wp-content\/uploads\/2024\/05\/honeycomb-frying-Pan-2-768x768.webp 768w, https:\/\/www.purecook.com\/wp-content\/uploads\/2024\/05\/honeycomb-frying-Pan-2-600x600.webp 600w, https:\/\/www.purecook.com\/wp-content\/uploads\/2024\/05\/honeycomb-frying-Pan-2-100x100.webp 100w\" sizes=\"(max-width: 800px) 100vw, 800px\" \/><\/figure>\n<\/div>\n<\/div>","protected":false},"excerpt":{"rendered":"<p>Fabriqu\u00e9e en trois couches d'acier inoxydable, elle a une bonne conductivit\u00e9 thermique et chauffe uniform\u00e9ment, ce qui vous permet de cuisiner de d\u00e9licieux repas. Ne colle pas aux aliments, facile \u00e0 nettoyer, convient \u00e0 la maison, aux restaurants et \u00e0 d'autres endroits.<\/p>\n<h2>Caract\u00e9ristique de la po\u00eale \u00e0 frire Honeycomb<\/h2>\n<p>Acier inoxydable haut de gamme : la po\u00eale est compos\u00e9e de plusieurs couches (sus304+ alu+sus430) afin de garantir sa durabilit\u00e9, sa r\u00e9sistance \u00e0 la corrosion et un excellent transfert de chaleur pour un chauffage rapide et des r\u00e9sultats de cuisson homog\u00e8nes.<\/p>\n<p>facilit\u00e9 antiadh\u00e9sive : fabriqu\u00e9 \u00e0 partir d'un rev\u00eatement antiadh\u00e9sif de haute qualit\u00e9, respectueux de l'environnement et non toxique, il est facile \u00e0 cuisiner et \u00e0 nettoyer, emp\u00eache les aliments de coller et garantit une surface de cuisson impeccable \u00e0 chaque utilisation.<\/p>\n<p>poign\u00e9e renforc\u00e9e : la poign\u00e9e est fix\u00e9e \u00e0 l'aide de rivets, confortable et s\u00fbre, robuste et durable, difficile \u00e0 desserrer.<\/p>\n<p>Convient \u00e0 de multiples sc\u00e9narios : disponible en plusieurs tailles, cette po\u00eale est parfaite pour une utilisation au restaurant ou \u00e0 la maison, id\u00e9ale pour cuisiner des plats gastronomiques. Que vous d\u00e9gustiez un repas confortablement install\u00e9 chez vous ou que vous cuisiniez dans une cuisine professionnelle, elle r\u00e9pondra \u00e0 vos besoins.<\/p>\n<p>Multifonctionnel et facile \u00e0 transporter : ce r\u00e9chaud est l\u00e9ger et portable, adapt\u00e9 \u00e0 divers environnements, des cuisines int\u00e9rieures aux campings en plein air, vous permettant de cuisiner des plats gastronomiques \u00e0 tout moment, n'importe o\u00f9 et de n'importe quelle mani\u00e8re.<\/p>","protected":false},"featured_media":1998,"comment_status":"closed","ping_status":"closed","template":"","meta":{"_acf_changed":false},"product_brand":[],"product_cat":[24,71],"product_tag":[98],"class_list":{"0":"post-1994","1":"product","2":"type-product","3":"status-publish","4":"has-post-thumbnail","6":"product_cat-cookware","7":"product_cat-frying-pan","8":"product_tag-wholesale-home-cookware","10":"first","11":"instock","12":"shipping-taxable","13":"product-type-simple"},"acf":[],"_links":{"self":[{"href":"https:\/\/www.purecook.com\/fr\/wp-json\/wp\/v2\/product\/1994","targetHints":{"allow":["GET"]}}],"collection":[{"href":"https:\/\/www.purecook.com\/fr\/wp-json\/wp\/v2\/product"}],"about":[{"href":"https:\/\/www.purecook.com\/fr\/wp-json\/wp\/v2\/types\/product"}],"replies":[{"embeddable":true,"href":"https:\/\/www.purecook.com\/fr\/wp-json\/wp\/v2\/comments?post=1994"}],"wp:featuredmedia":[{"embeddable":true,"href":"https:\/\/www.purecook.com\/fr\/wp-json\/wp\/v2\/media\/1998"}],"wp:attachment":[{"href":"https:\/\/www.purecook.com\/fr\/wp-json\/wp\/v2\/media?parent=1994"}],"wp:term":[{"taxonomy":"product_brand","embeddable":true,"href":"https:\/\/www.purecook.com\/fr\/wp-json\/wp\/v2\/product_brand?post=1994"},{"taxonomy":"product_cat","embeddable":true,"href":"https:\/\/www.purecook.com\/fr\/wp-json\/wp\/v2\/product_cat?post=1994"},{"taxonomy":"product_tag","embeddable":true,"href":"https:\/\/www.purecook.com\/fr\/wp-json\/wp\/v2\/product_tag?post=1994"}],"curies":[{"name":"wp","href":"https:\/\/api.w.org\/{rel}","templated":true}]}}