{"id":2016,"date":"2024-05-16T14:18:54","date_gmt":"2024-05-16T06:18:54","guid":{"rendered":"https:\/\/purecook.com\/?post_type=product&#038;p=2016"},"modified":"2025-08-14T16:56:05","modified_gmt":"2025-08-14T08:56:05","slug":"wholesale-food-containers","status":"publish","type":"product","link":"https:\/\/www.purecook.com\/fr\/product\/wholesale-food-containers\/","title":{"rendered":"R\u00e9cipients alimentaires en gros en acier inoxydable de haute qualit\u00e9"},"content":{"rendered":"<div class=\"wp-block-columns is-layout-flex wp-container-core-columns-is-layout-9d6595d7 wp-block-columns-is-layout-flex\">\n<div class=\"wp-block-column is-layout-flow wp-block-column-is-layout-flow\">\n<h3 class=\"wp-block-heading\">Param\u00e8tres des conteneurs alimentaires<\/h3>\n\n\n\n<p><strong>Num\u00e9ro de mod\u00e8le : ch1<\/strong><br>Mat\u00e9riau : acier inoxydable\uff08SUS#304\uff09<br>Capuchon : capuchon en plastique ou capuchon en plastique avec anneau en silicone<br>Sp\u00e9cifications : 450-10800 ml<br>Finition : mate<br>Couleur : couleur acier<\/p>\n<\/div>\n\n\n\n<div class=\"wp-block-column is-layout-flow wp-block-column-is-layout-flow\">\n<h3 class=\"wp-block-heading\">Type de r\u00e9cipient alimentaire<\/h3>\n\n\n\n<p>No.1:14\u00d710.5\u00d75cm 450ml GW:140g<br>No.2:18\u00d712.2\u00d717cm 1000ml GW:225g<br>No.3:21\u00d714.6\u00d78cm 1500ml GW:310g<br>No.4:25\u00d717.5\u00d710.5cm 2500ml GW:450g<br>No.5:28.5\u00d720\u00d729cm 3800mI GW:570g<br>No.6:32\u00d723\u00d710cm 5500ml GW:780g<br>No.7:35.5\u00d725\u00d711cm 7800ml GW:920g<br>No.8:40\u00d729\u00d712cm 10800ml GW:1200g<\/p>\n<\/div>\n<\/div>\n\n\n\n<div class=\"wp-block-columns is-layout-flex wp-container-core-columns-is-layout-9d6595d7 wp-block-columns-is-layout-flex\">\n<div class=\"wp-block-column is-layout-flow wp-block-column-is-layout-flow\">\n<h3 class=\"wp-block-heading\">R\u00e9cipients alimentaires sur mesure<\/h3>\n\n\n\n<p>Logo : personnalisez le logo de votre marque.<br>Emballage : bo\u00eete de couleur\/carton, etc.<br><strong><a href=\"https:\/\/www.purecook.com\/fr\/custom-solution\/\" target=\"_blank\" rel=\"noreferrer noopener\">Solutions personnalis\u00e9es OEM et ODM<\/a><\/strong><\/p>\n<\/div>\n\n\n\n<div class=\"wp-block-column is-layout-flow wp-block-column-is-layout-flow\"><\/div>\n<\/div>\n\n\n\n<div class=\"wp-block-columns is-layout-flex wp-container-core-columns-is-layout-9d6595d7 wp-block-columns-is-layout-flex\">\n<div class=\"wp-block-column is-layout-flow wp-block-column-is-layout-flow\">\n<figure class=\"wp-block-image size-full\"><img decoding=\"async\" width=\"800\" height=\"800\" src=\"https:\/\/purecook.com\/wp-content\/uploads\/2024\/05\/wholesale-food-containers-2.webp\" alt=\"conteneurs alimentaires en gros\" class=\"wp-image-2019\" srcset=\"https:\/\/www.purecook.com\/wp-content\/uploads\/2024\/05\/wholesale-food-containers-2.webp 800w, https:\/\/www.purecook.com\/wp-content\/uploads\/2024\/05\/wholesale-food-containers-2-300x300.webp 300w, https:\/\/www.purecook.com\/wp-content\/uploads\/2024\/05\/wholesale-food-containers-2-150x150.webp 150w, https:\/\/www.purecook.com\/wp-content\/uploads\/2024\/05\/wholesale-food-containers-2-768x768.webp 768w, https:\/\/www.purecook.com\/wp-content\/uploads\/2024\/05\/wholesale-food-containers-2-600x600.webp 600w, https:\/\/www.purecook.com\/wp-content\/uploads\/2024\/05\/wholesale-food-containers-2-100x100.webp 100w\" sizes=\"(max-width: 800px) 100vw, 800px\" \/><\/figure>\n<\/div>\n\n\n\n<div class=\"wp-block-column is-layout-flow wp-block-column-is-layout-flow\">\n<figure class=\"wp-block-image size-full\"><img decoding=\"async\" width=\"800\" height=\"800\" src=\"https:\/\/purecook.com\/wp-content\/uploads\/2024\/05\/wholesale-food-containers-4.webp\" alt=\"conteneurs alimentaires en gros\" class=\"wp-image-2021\" srcset=\"https:\/\/www.purecook.com\/wp-content\/uploads\/2024\/05\/wholesale-food-containers-4.webp 800w, https:\/\/www.purecook.com\/wp-content\/uploads\/2024\/05\/wholesale-food-containers-4-300x300.webp 300w, https:\/\/www.purecook.com\/wp-content\/uploads\/2024\/05\/wholesale-food-containers-4-150x150.webp 150w, https:\/\/www.purecook.com\/wp-content\/uploads\/2024\/05\/wholesale-food-containers-4-768x768.webp 768w, https:\/\/www.purecook.com\/wp-content\/uploads\/2024\/05\/wholesale-food-containers-4-600x600.webp 600w, https:\/\/www.purecook.com\/wp-content\/uploads\/2024\/05\/wholesale-food-containers-4-100x100.webp 100w\" sizes=\"(max-width: 800px) 100vw, 800px\" \/><\/figure>\n<\/div>\n<\/div>","protected":false},"excerpt":{"rendered":"<p>L'acier inoxydable est durable et r\u00e9sistant \u00e0 la corrosion, et convient aux restaurants commerciaux, aux cuisines familiales, aux h\u00f4tels et \u00e0 d'autres endroits. Les contenants en acier inoxydable sont durables et r\u00e9sistants \u00e0 la corrosion. Ils conviennent aux restaurants commerciaux, aux cuisines domestiques, aux h\u00f4tels et \u00e0 d'autres endroits.<\/p>\n<h2>Caract\u00e9ristiques et avantages des conteneurs alimentaires<\/h2>\n<p><strong>\u00c9tanch\u00e9it\u00e9 :<\/strong> Les aliments ne fuient pas et sont isol\u00e9s de l'environnement ext\u00e9rieur.<\/p>\n<p><strong>Nettoyage facile :<\/strong> Fabriqu\u00e9 en acier inoxydable de haute qualit\u00e9, avec une surface lisse et tr\u00e8s facile \u00e0 nettoyer.<\/p>\n<p><strong>Lavable au lave-vaisselle :<\/strong> Le nettoyage manuel n'est pas n\u00e9cessaire, le nettoyage \u00e0 la machine est plus efficace.<\/p>\n<p><strong>Empilable et intelligent :<\/strong> Les bo\u00eetes \u00e0 lunch empilables en acier inoxydable vous permettent d'\u00e9conomiser de l'argent et de l'espace tout en facilitant l'acc\u00e8s des enfants aux collations, aux d\u00e9jeuners et aux repas sur le pouce. Les petites bo\u00eetes \u00e0 bento sont parfaites comme bo\u00eetes \u00e0 lunch ou pour une glaci\u00e8re ou un pique-nique !<\/p>\n<p><strong>Pas d'odeur particuli\u00e8re :<\/strong> Fabriqu\u00e9 en acier inoxydable de qualit\u00e9 alimentaire, l'acier inoxydable r\u00e9siste au sel et aux acides et ne r\u00e9agit pas avec les aliments.<\/p>\n<p><strong>Sans BPA<\/strong><\/p>\n<p>Parfait pour les r\u00e9unions de famille et d'amis. Pour un pique-nique, des restes, ou encore comme contenant de voyage. Puisque vous pouvez les faire \u00e9clater n'importe o\u00f9 ! Sac \u00e0 dos, sac \u00e0 lunch !<\/p>","protected":false},"featured_media":2018,"comment_status":"closed","ping_status":"closed","template":"","meta":{"_acf_changed":false},"product_brand":[],"product_cat":[25,51],"product_tag":[],"class_list":{"0":"post-2016","1":"product","2":"type-product","3":"status-publish","4":"has-post-thumbnail","6":"product_cat-food-storage","7":"product_cat-dinnerware","9":"first","10":"instock","11":"shipping-taxable","12":"product-type-simple"},"acf":[],"_links":{"self":[{"href":"https:\/\/www.purecook.com\/fr\/wp-json\/wp\/v2\/product\/2016","targetHints":{"allow":["GET"]}}],"collection":[{"href":"https:\/\/www.purecook.com\/fr\/wp-json\/wp\/v2\/product"}],"about":[{"href":"https:\/\/www.purecook.com\/fr\/wp-json\/wp\/v2\/types\/product"}],"replies":[{"embeddable":true,"href":"https:\/\/www.purecook.com\/fr\/wp-json\/wp\/v2\/comments?post=2016"}],"wp:featuredmedia":[{"embeddable":true,"href":"https:\/\/www.purecook.com\/fr\/wp-json\/wp\/v2\/media\/2018"}],"wp:attachment":[{"href":"https:\/\/www.purecook.com\/fr\/wp-json\/wp\/v2\/media?parent=2016"}],"wp:term":[{"taxonomy":"product_brand","embeddable":true,"href":"https:\/\/www.purecook.com\/fr\/wp-json\/wp\/v2\/product_brand?post=2016"},{"taxonomy":"product_cat","embeddable":true,"href":"https:\/\/www.purecook.com\/fr\/wp-json\/wp\/v2\/product_cat?post=2016"},{"taxonomy":"product_tag","embeddable":true,"href":"https:\/\/www.purecook.com\/fr\/wp-json\/wp\/v2\/product_tag?post=2016"}],"curies":[{"name":"wp","href":"https:\/\/api.w.org\/{rel}","templated":true}]}}